{"id":67631,"date":"2020-06-27T00:00:00","date_gmt":"2020-06-26T22:00:00","guid":{"rendered":"https:\/\/test.sp-ps.ch\/assemblee-des-delegue-e-s-numerique\/"},"modified":"2020-06-27T00:00:00","modified_gmt":"2020-06-26T22:00:00","slug":"assemblee-des-delegue-e-s-numerique","status":"publish","type":"page","link":"https:\/\/staging.sp-ps.ch\/fr\/assemblee-des-delegue-e-s-numerique\/","title":{"rendered":"Assembl\u00e9e des d\u00e9l\u00e9gu\u00e9-e-s num\u00e9rique"},"content":{"rendered":"\t\t<div data-elementor-type=\"wp-post\" data-elementor-id=\"67631\" class=\"elementor elementor-67631 elementor-67218\" data-elementor-post-type=\"page\">\n\t\t\t\t\t\t<section class=\"elementor-section elementor-top-section elementor-element elementor-element-62f6b50001b8b elementor-section-boxed elementor-section-height-default elementor-section-height-default\" data-id=\"62f6b50001b8b\" data-element_type=\"section\" data-e-type=\"section\" data-settings=\"{&quot;jet_parallax_layout_list&quot;:[],&quot;background_background&quot;:&quot;classic&quot;}\">\n\t\t\t\t\t\t<div class=\"elementor-container elementor-column-gap-wide\">\n\t\t\t\t\t<div class=\"elementor-column elementor-col-100 elementor-top-column elementor-element elementor-element-62f6b50001b8c\" data-id=\"62f6b50001b8c\" data-element_type=\"column\" data-e-type=\"column\">\n\t\t\t<div class=\"elementor-widget-wrap elementor-element-populated\">\n\t\t\t\t\t\t<div class=\"elementor-element elementor-element-62f6b50001afe elementor-widget elementor-widget-heading\" data-id=\"62f6b50001afe\" data-element_type=\"widget\" data-e-type=\"widget\" data-widget_type=\"heading.default\">\n\t\t\t\t<div class=\"elementor-widget-container\">\n\t\t\t\t\t<h1 class=\"elementor-heading-title elementor-size-default\">Assembl\u00e9e des d\u00e9l\u00e9gu\u00e9-e-s num\u00e9rique<\/h1>\t\t\t\t<\/div>\n\t\t\t\t<\/div>\n\t\t\t\t<div class=\"elementor-element elementor-element-62f6b50001b72 elementor-widget elementor-widget-jet-breadcrumbs\" data-id=\"62f6b50001b72\" data-element_type=\"widget\" data-e-type=\"widget\" data-widget_type=\"jet-breadcrumbs.default\">\n\t\t\t\t<div class=\"elementor-widget-container\">\n\t\t\t\t\t<div class=\"elementor-jet-breadcrumbs jet-blocks\">\n\t\t<div class=\"jet-breadcrumbs\">\n\t\t<div class=\"jet-breadcrumbs__content\">\n\t\t<div class=\"jet-breadcrumbs__wrap\">\n\t\t<\/div>\n\t\t<\/div>\n\t\t<\/div><\/div>\t\t\t\t<\/div>\n\t\t\t\t<\/div>\n\t\t\t\t\t<\/div>\n\t\t<\/div>\n\t\t\t\t\t<\/div>\n\t\t<\/section>\n\t\t\t\t<section class=\"elementor-section elementor-top-section elementor-element elementor-element-62f6b50001b8e elementor-section-boxed elementor-section-height-default elementor-section-height-default\" data-id=\"62f6b50001b8e\" data-element_type=\"section\" data-e-type=\"section\" data-settings=\"{&quot;jet_parallax_layout_list&quot;:[]}\">\n\t\t\t\t\t\t<div class=\"elementor-container elementor-column-gap-default\">\n\t\t\t\t\t<div class=\"elementor-column elementor-col-100 elementor-top-column elementor-element elementor-element-62f6b50001b8f\" data-id=\"62f6b50001b8f\" data-element_type=\"column\" data-e-type=\"column\">\n\t\t\t<div class=\"elementor-widget-wrap elementor-element-populated\">\n\t\t\t\t\t\t<div class=\"elementor-element elementor-element-62f6b50001b90 elementor-widget elementor-widget-spacer\" data-id=\"62f6b50001b90\" data-element_type=\"widget\" data-e-type=\"widget\" data-widget_type=\"spacer.default\">\n\t\t\t\t<div class=\"elementor-widget-container\">\n\t\t\t\t\t\t\t<div class=\"elementor-spacer\">\n\t\t\t<div class=\"elementor-spacer-inner\"><\/div>\n\t\t<\/div>\n\t\t\t\t\t\t<\/div>\n\t\t\t\t<\/div>\n\t\t\t\t\t<\/div>\n\t\t<\/div>\n\t\t\t\t\t<\/div>\n\t\t<\/section>\n\t\t\t\t<section class=\"elementor-section elementor-top-section elementor-element elementor-element-62f6b50001b92 elementor-section-boxed elementor-section-height-default elementor-section-height-default\" data-id=\"62f6b50001b92\" data-element_type=\"section\" data-e-type=\"section\" data-settings=\"{&quot;jet_parallax_layout_list&quot;:[]}\">\n\t\t\t\t\t\t<div class=\"elementor-container elementor-column-gap-no\">\n\t\t\t\t\t<div class=\"elementor-column elementor-col-100 elementor-top-column elementor-element elementor-element-62f6b50001b93\" data-id=\"62f6b50001b93\" data-element_type=\"column\" data-e-type=\"column\">\n\t\t\t<div class=\"elementor-widget-wrap elementor-element-populated\">\n\t\t\t\t\t\t<div class=\"elementor-element elementor-element-62f6b4ffbe846 elementor-widget elementor-widget-text-editor\" data-id=\"62f6b4ffbe846\" data-element_type=\"widget\" data-e-type=\"widget\" data-widget_type=\"text-editor.default\">\n\t\t\t\t<div class=\"elementor-widget-container\">\n\t\t\t\t\t\t\t\t\t<p>Samedi, 27 juin 2020, 10h00 &#8211; 12h30<p><strong>Diffusion en langue originale:<\/strong><\/p><div class=\"lyte-wrapper\" style=\"width:420px;max-width:100%;margin:5px;\"><div class=\"lyMe hidef\" id=\"WYL_ChK1Jji65d4\"><div id=\"lyte_ChK1Jji65d4\" data-src=\"https:\/\/staging.sp-ps.ch\/youtubeLyteCache.php?origThumbUrl=%2F%2Fi.ytimg.com%2Fvi%2FChK1Jji65d4%2Fhqdefault.jpg\" class=\"pL\"><div class=\"tC\"><div class=\"tT\"><\/div><\/div><div class=\"play\"><\/div><div class=\"ctrl\"><div class=\"Lctrl\"><\/div><div class=\"Rctrl\"><\/div><\/div><\/div><noscript><a href=\"https:\/\/youtu.be\/ChK1Jji65d4\" rel=\"nofollow\"><img fetchpriority=\"high\" decoding=\"async\" src=\"https:\/\/staging.sp-ps.ch\/youtubeLyteCache.php?origThumbUrl=https%3A%2F%2Fi.ytimg.com%2Fvi%2FChK1Jji65d4%2F0.jpg\" alt=\"YouTube video thumbnail\" width=\"420\" height=\"216\" \/><br \/>Lire cette vid\u00e9o sur YouTube<\/a><\/noscript><\/div><\/div><div class=\"lL\" style=\"max-width:100%;width:420px;margin:5px;\"><\/div><\/p><p><strong>Diffusion en fran&ccedil;ais:<\/strong><\/p><div class=\"lyte-wrapper\" style=\"width:420px;max-width:100%;margin:5px;\"><div class=\"lyMe hidef\" id=\"WYL_uxMg8nC-Seg\"><div id=\"lyte_uxMg8nC-Seg\" data-src=\"https:\/\/staging.sp-ps.ch\/youtubeLyteCache.php?origThumbUrl=%2F%2Fi.ytimg.com%2Fvi%2FuxMg8nC-Seg%2Fhqdefault.jpg\" class=\"pL\"><div class=\"tC\"><div class=\"tT\"><\/div><\/div><div class=\"play\"><\/div><div class=\"ctrl\"><div class=\"Lctrl\"><\/div><div class=\"Rctrl\"><\/div><\/div><\/div><noscript><a href=\"https:\/\/youtu.be\/uxMg8nC-Seg\" rel=\"nofollow\"><img decoding=\"async\" src=\"https:\/\/staging.sp-ps.ch\/youtubeLyteCache.php?origThumbUrl=https%3A%2F%2Fi.ytimg.com%2Fvi%2FuxMg8nC-Seg%2F0.jpg\" alt=\"YouTube video thumbnail\" width=\"420\" height=\"216\" \/><br \/>Lire cette vid\u00e9o sur YouTube<\/a><\/noscript><\/div><\/div><div class=\"lL\" style=\"max-width:100%;width:420px;margin:5px;\"><\/div><\/p><p>&nbsp;<\/p><\/p>\n\t\t\t\t\t\t\t\t<\/div>\n\t\t\t\t<\/div>\n\t\t\t\t<div class=\"elementor-element elementor-element-62f6b4ffe51a0 elementor-widget elementor-widget-spps_button_list\" data-id=\"62f6b4ffe51a0\" data-element_type=\"widget\" data-e-type=\"widget\" data-widget_type=\"spps_button_list.default\">\n\t\t\t\t<div class=\"elementor-widget-container\">\n\t\t\t\t\t<div class=\"button-list-wrapper wrapper-spacing-small  \"><div class=\"button-list-title\"><h3>Documentation finale<\/h3><\/div><div class=\"button-list-container\"><div class=\"button-list-items\"><div class=\"button-list-item\"><div class=\"button-wrapper \"><a href=\"https:\/\/docs.google.com\/forms\/d\/e\/1FAIpQLSf5GK7berxro4ZTbTny8z7aImD_V-NskOb3T1GJdk5Mt2J_lA\/viewform\"  target=\"_self\" class=\"button-link button-link-default\" >Demande de prise de parole (d\u2019ici au vendredi 26 juin \u00e0 22h00)<span class=\"button-media-date\">21.04.2026<\/span><\/a><\/div><\/div><div class=\"button-list-item\"><div class=\"button-wrapper \"><a href=\"https:\/\/staging.sp-ps.ch\/wp-content\/uploads\/2020\/06\/schlussdokumentation_f_6.pdf\"  target=\"_self\" class=\"button-link button-link-default\" >Documentation finale<span class=\"button-media-date\">21.04.2026<\/span><\/a><\/div><\/div><div class=\"button-list-item\"><div class=\"button-wrapper \"><a href=\"https:\/\/staging.sp-ps.ch\/wp-content\/uploads\/2020\/06\/instruktionen_f.pdf\"  target=\"_self\" class=\"button-link button-link-default\" >Livret d'instructions <span class=\"button-media-date\">21.04.2026<\/span><\/a><\/div><\/div><div class=\"button-list-item\"><div class=\"button-wrapper \"><a href=\"https:\/\/staging.sp-ps.ch\/wp-content\/uploads\/2020\/06\/dv_protokoll_30112019_def_2.pdf\"  target=\"_self\" class=\"button-link button-link-default\" >Proc\u00e8s-verbal de l\u2019Assembl\u00e9e des d\u00e9l\u00e9gu\u00e9-e-s du 30 novembre 2019 \u00e0 Berne<span class=\"button-media-date\">21.04.2026<\/span><\/a><\/div><\/div><\/div><\/div><\/div>\t\t\t\t<\/div>\n\t\t\t\t<\/div>\n\t\t\t\t<div class=\"elementor-element elementor-element-62f6b4fff2075 elementor-widget elementor-widget-spps_button_list\" data-id=\"62f6b4fff2075\" data-element_type=\"widget\" data-e-type=\"widget\" data-widget_type=\"spps_button_list.default\">\n\t\t\t\t<div class=\"elementor-widget-container\">\n\t\t\t\t\t<div class=\"button-list-wrapper wrapper-spacing-small  \"><div class=\"button-list-title\"><h3>Relations presse<\/h3><\/div><div class=\"button-list-container\"><div class=\"button-list-items\"><div class=\"button-list-item\"><div class=\"button-wrapper \"><a href=\"https:\/\/staging.sp-ps.ch\/wp-content\/uploads\/2020\/06\/200619_medieneinladung_dv_27._juni_2020_fr_gbo.pdf\"  target=\"_self\" class=\"button-link button-link-default\" >Invitation \u00e0 la presse<span class=\"button-media-date\">21.04.2026<\/span><\/a><\/div><\/div><\/div><\/div><\/div>\t\t\t\t<\/div>\n\t\t\t\t<\/div>\n\t\t\t\t\t<\/div>\n\t\t<\/div>\n\t\t\t\t\t<\/div>\n\t\t<\/section>\n\t\t\t\t<\/div>\n\t\t","protected":false},"excerpt":{"rendered":"","protected":false},"author":1,"featured_media":65467,"parent":0,"menu_order":0,"comment_status":"open","ping_status":"closed","template":"","meta":{"footnotes":""},"class_list":["post-67631","page","type-page","status-publish","has-post-thumbnail","hentry"],"_links":{"self":[{"href":"https:\/\/staging.sp-ps.ch\/fr\/wp-json\/wp\/v2\/pages\/67631","targetHints":{"allow":["GET"]}}],"collection":[{"href":"https:\/\/staging.sp-ps.ch\/fr\/wp-json\/wp\/v2\/pages"}],"about":[{"href":"https:\/\/staging.sp-ps.ch\/fr\/wp-json\/wp\/v2\/types\/page"}],"author":[{"embeddable":true,"href":"https:\/\/staging.sp-ps.ch\/fr\/wp-json\/wp\/v2\/users\/1"}],"replies":[{"embeddable":true,"href":"https:\/\/staging.sp-ps.ch\/fr\/wp-json\/wp\/v2\/comments?post=67631"}],"version-history":[{"count":0,"href":"https:\/\/staging.sp-ps.ch\/fr\/wp-json\/wp\/v2\/pages\/67631\/revisions"}],"wp:featuredmedia":[{"embeddable":true,"href":"https:\/\/staging.sp-ps.ch\/fr\/wp-json\/wp\/v2\/media\/65467"}],"wp:attachment":[{"href":"https:\/\/staging.sp-ps.ch\/fr\/wp-json\/wp\/v2\/media?parent=67631"}],"curies":[{"name":"wp","href":"https:\/\/api.w.org\/{rel}","templated":true}]}}