{"id":67639,"date":"2016-04-16T00:00:00","date_gmt":"2016-04-15T22:00:00","guid":{"rendered":"https:\/\/test.sp-ps.ch\/la-chaux-de-fonds\/"},"modified":"2016-04-16T00:00:00","modified_gmt":"2016-04-15T22:00:00","slug":"la-chaux-de-fonds","status":"publish","type":"page","link":"https:\/\/staging.sp-ps.ch\/fr\/la-chaux-de-fonds\/","title":{"rendered":"La Chaux-de-Fonds"},"content":{"rendered":"\t\t<div data-elementor-type=\"wp-post\" data-elementor-id=\"67639\" class=\"elementor elementor-67639 elementor-67224\" data-elementor-post-type=\"page\">\n\t\t\t\t\t\t<section class=\"elementor-section elementor-top-section elementor-element elementor-element-62f6b514d4145 elementor-section-boxed elementor-section-height-default elementor-section-height-default\" data-id=\"62f6b514d4145\" data-element_type=\"section\" data-e-type=\"section\" data-settings=\"{&quot;jet_parallax_layout_list&quot;:[],&quot;background_background&quot;:&quot;classic&quot;}\">\n\t\t\t\t\t\t<div class=\"elementor-container elementor-column-gap-wide\">\n\t\t\t\t\t<div class=\"elementor-column elementor-col-100 elementor-top-column elementor-element elementor-element-62f6b514d4146\" data-id=\"62f6b514d4146\" data-element_type=\"column\" data-e-type=\"column\">\n\t\t\t<div class=\"elementor-widget-wrap elementor-element-populated\">\n\t\t\t\t\t\t<div class=\"elementor-element elementor-element-62f6b514d40c0 elementor-widget elementor-widget-heading\" data-id=\"62f6b514d40c0\" data-element_type=\"widget\" data-e-type=\"widget\" data-widget_type=\"heading.default\">\n\t\t\t\t<div class=\"elementor-widget-container\">\n\t\t\t\t\t<h1 class=\"elementor-heading-title elementor-size-default\">La Chaux-de-Fonds<\/h1>\t\t\t\t<\/div>\n\t\t\t\t<\/div>\n\t\t\t\t<div class=\"elementor-element elementor-element-62f6b514d412e elementor-widget elementor-widget-jet-breadcrumbs\" data-id=\"62f6b514d412e\" data-element_type=\"widget\" data-e-type=\"widget\" data-widget_type=\"jet-breadcrumbs.default\">\n\t\t\t\t<div class=\"elementor-widget-container\">\n\t\t\t\t\t<div class=\"elementor-jet-breadcrumbs jet-blocks\">\n\t\t<div class=\"jet-breadcrumbs\">\n\t\t<div class=\"jet-breadcrumbs__content\">\n\t\t<div class=\"jet-breadcrumbs__wrap\">\n\t\t<\/div>\n\t\t<\/div>\n\t\t<\/div><\/div>\t\t\t\t<\/div>\n\t\t\t\t<\/div>\n\t\t\t\t\t<\/div>\n\t\t<\/div>\n\t\t\t\t\t<\/div>\n\t\t<\/section>\n\t\t\t\t<section class=\"elementor-section elementor-top-section elementor-element elementor-element-62f6b514d4147 elementor-section-boxed elementor-section-height-default elementor-section-height-default\" data-id=\"62f6b514d4147\" data-element_type=\"section\" data-e-type=\"section\" data-settings=\"{&quot;jet_parallax_layout_list&quot;:[]}\">\n\t\t\t\t\t\t<div class=\"elementor-container elementor-column-gap-default\">\n\t\t\t\t\t<div class=\"elementor-column elementor-col-100 elementor-top-column elementor-element elementor-element-62f6b514d4148\" data-id=\"62f6b514d4148\" data-element_type=\"column\" data-e-type=\"column\">\n\t\t\t<div class=\"elementor-widget-wrap elementor-element-populated\">\n\t\t\t\t\t\t<div class=\"elementor-element elementor-element-62f6b514d4149 elementor-widget elementor-widget-spacer\" data-id=\"62f6b514d4149\" data-element_type=\"widget\" data-e-type=\"widget\" data-widget_type=\"spacer.default\">\n\t\t\t\t<div class=\"elementor-widget-container\">\n\t\t\t\t\t\t\t<div class=\"elementor-spacer\">\n\t\t\t<div class=\"elementor-spacer-inner\"><\/div>\n\t\t<\/div>\n\t\t\t\t\t\t<\/div>\n\t\t\t\t<\/div>\n\t\t\t\t\t<\/div>\n\t\t<\/div>\n\t\t\t\t\t<\/div>\n\t\t<\/section>\n\t\t\t\t<section class=\"elementor-section elementor-top-section elementor-element elementor-element-62f6b514d414a elementor-section-boxed elementor-section-height-default elementor-section-height-default\" data-id=\"62f6b514d414a\" data-element_type=\"section\" data-e-type=\"section\" data-settings=\"{&quot;jet_parallax_layout_list&quot;:[]}\">\n\t\t\t\t\t\t<div class=\"elementor-container elementor-column-gap-no\">\n\t\t\t\t\t<div class=\"elementor-column elementor-col-100 elementor-top-column elementor-element elementor-element-62f6b514d414b\" data-id=\"62f6b514d414b\" data-element_type=\"column\" data-e-type=\"column\">\n\t\t\t<div class=\"elementor-widget-wrap elementor-element-populated\">\n\t\t\t\t\t\t<div class=\"elementor-element elementor-element-62f6b514320b9 elementor-widget elementor-widget-text-editor\" data-id=\"62f6b514320b9\" data-element_type=\"widget\" data-e-type=\"widget\" data-widget_type=\"text-editor.default\">\n\t\t\t\t<div class=\"elementor-widget-container\">\n\t\t\t\t\t\t\t\t\t<p>Samedi, 16 avril, 10h45<br>Usine &eacute;lectrique,&nbsp;Rue Numa-Droz 174, La Chaux-de-Fonds<\/p>\n\t\t\t\t\t\t\t\t<\/div>\n\t\t\t\t<\/div>\n\t\t\t\t<div class=\"elementor-element elementor-element-62f6b51466ed1 elementor-widget elementor-widget-spps_button_list\" data-id=\"62f6b51466ed1\" data-element_type=\"widget\" data-e-type=\"widget\" data-widget_type=\"spps_button_list.default\">\n\t\t\t\t<div class=\"elementor-widget-container\">\n\t\t\t\t\t<div class=\"button-list-wrapper wrapper-spacing-small  \"><div class=\"button-list-title\"><h3>Documents<\/h3><\/div><div class=\"button-list-container\"><div class=\"button-list-items\"><div class=\"button-list-item\"><div class=\"button-wrapper \"><a href=\"https:\/\/staging.sp-ps.ch\/wp-content\/uploads\/2016\/04\/tischvorlage_roadmap_f_1.pdf\"  target=\"_self\" class=\"button-link button-link-default\" >Documentation distribu\u00e9e sur place 'Feuille de route UE'<span class=\"button-media-date\">21.04.2026<\/span><\/a><\/div><\/div><div class=\"button-list-item\"><div class=\"button-wrapper \"><a href=\"https:\/\/staging.sp-ps.ch\/wp-content\/uploads\/2016\/04\/tischvorlage_1_f.pdf\"  target=\"_self\" class=\"button-link button-link-default\" >Documentation distribu\u00e9e sur place 1<span class=\"button-media-date\">21.04.2026<\/span><\/a><\/div><\/div><div class=\"button-list-item\"><div class=\"button-wrapper \"><a href=\"https:\/\/staging.sp-ps.ch\/wp-content\/uploads\/2016\/04\/versandheft_f_def_1.pdf\"  target=\"_self\" class=\"button-link button-link-default\" >Invitation AD La Chaux-de-Fonds du 16.04.2016 (en PDF)<span class=\"button-media-date\">21.04.2026<\/span><\/a><\/div><\/div><div class=\"button-list-item\"><div class=\"button-wrapper \"><a href=\"https:\/\/staging.sp-ps.ch\/wp-content\/uploads\/2016\/04\/protokoll_dv_05122015.pdf\"  target=\"_self\" class=\"button-link button-link-default\" >Proc\u00e8s-verbal AD Saint-Gall du 05.12.2015<span class=\"button-media-date\">21.04.2026<\/span><\/a><\/div><\/div><\/div><\/div><\/div>\t\t\t\t<\/div>\n\t\t\t\t<\/div>\n\t\t\t\t<div class=\"elementor-element elementor-element-62f6b5148e7cc elementor-widget elementor-widget-spps_button_list\" data-id=\"62f6b5148e7cc\" data-element_type=\"widget\" data-e-type=\"widget\" data-widget_type=\"spps_button_list.default\">\n\t\t\t\t<div class=\"elementor-widget-container\">\n\t\t\t\t\t<div class=\"button-list-wrapper wrapper-spacing-small  \"><div class=\"button-list-title\"><h3>R\u00e9solutions, propositions<\/h3><\/div><div class=\"button-list-container\"><div class=\"button-list-items\"><div class=\"button-list-item\"><div class=\"button-wrapper \"><a href=\"https:\/\/staging.sp-ps.ch\/wp-content\/uploads\/2016\/04\/massnahmeplan_internetpapier_verabschiedet_f.pdf\"  target=\"_self\" class=\"button-link button-link-default\" >Papier sur Internet<span class=\"button-media-date\">21.04.2026<\/span><\/a><\/div><\/div><div class=\"button-list-item\"><div class=\"button-wrapper \"><a href=\"https:\/\/staging.sp-ps.ch\/wp-content\/uploads\/2016\/04\/vaterschaftsurlaub_verabschiedet_f.pdf\"  target=\"_self\" class=\"button-link button-link-default\" >Pour une politique \u00e9galitaire et familiale progressiste<span class=\"button-media-date\">21.04.2026<\/span><\/a><\/div><\/div><div class=\"button-list-item\"><div class=\"button-wrapper \"><a href=\"https:\/\/staging.sp-ps.ch\/wp-content\/uploads\/2016\/04\/blattler_et_al_verabschiedet_f.pdf\"  target=\"_self\" class=\"button-link button-link-default\" >R\u00e9f\u00e9rendum contre la nouvelle loi LSCPT<span class=\"button-media-date\">21.04.2026<\/span><\/a><\/div><\/div><\/div><\/div><\/div>\t\t\t\t<\/div>\n\t\t\t\t<\/div>\n\t\t\t\t<div class=\"elementor-element elementor-element-62f6b5149b5de elementor-widget elementor-widget-spps_button_list\" data-id=\"62f6b5149b5de\" data-element_type=\"widget\" data-e-type=\"widget\" data-widget_type=\"spps_button_list.default\">\n\t\t\t\t<div class=\"elementor-widget-container\">\n\t\t\t\t\t<div class=\"button-list-wrapper wrapper-spacing-small  \"><div class=\"button-list-title\"><h3>Prise de position <\/h3><\/div><div class=\"button-list-container\"><div class=\"button-list-items\"><div class=\"button-list-item\"><div class=\"button-wrapper \"><a href=\"https:\/\/staging.sp-ps.ch\/wp-content\/uploads\/2016\/04\/roadmap_verabschiedet_f.pdf\"  target=\"_self\" class=\"button-link button-link-default\" >Feuille de route: la Suisse a besoin de relations stables et harmonieuses avec l'UE<span class=\"button-media-date\">21.04.2026<\/span><\/a><\/div><\/div><\/div><\/div><\/div>\t\t\t\t<\/div>\n\t\t\t\t<\/div>\n\t\t\t\t<div class=\"elementor-element elementor-element-62f6b514a8751 elementor-widget elementor-widget-spps_button_list\" data-id=\"62f6b514a8751\" data-element_type=\"widget\" data-e-type=\"widget\" data-widget_type=\"spps_button_list.default\">\n\t\t\t\t<div class=\"elementor-widget-container\">\n\t\t\t\t\t<div class=\"button-list-wrapper wrapper-spacing-small  \"><div class=\"button-list-title\"><h3>Links<\/h3><\/div><div class=\"button-list-container\"><div class=\"button-list-items\"><div class=\"button-list-item\"><div class=\"button-wrapper \"><a href=\"https:\/\/staging.sp-ps.ch\/wp-content\/uploads\/2016\/04\/rede_dv_levrat_1.pdf\"  target=\"_self\" class=\"button-link button-link-default\" >Discours de Christian Levrat, pr\u00e9sident du PS Suisse<span class=\"button-media-date\">21.04.2026<\/span><\/a><\/div><\/div><div class=\"button-list-item\"><div class=\"button-wrapper \"><a href=\"http:\/\/www.ejpd.admin.ch\/ejpd\/fr\/home\/aktuell\/reden---interviews\/reden\/2016\/2016-04-16.html\"  target=\"_self\" class=\"button-link button-link-default\" >Discours de Simonetta Sommaruga<span class=\"button-media-date\">21.04.2026<\/span><\/a><\/div><\/div><\/div><\/div><\/div>\t\t\t\t<\/div>\n\t\t\t\t<\/div>\n\t\t\t\t<div class=\"elementor-element elementor-element-62f6b514d011b elementor-widget elementor-widget-spps_button_list\" data-id=\"62f6b514d011b\" data-element_type=\"widget\" data-e-type=\"widget\" data-widget_type=\"spps_button_list.default\">\n\t\t\t\t<div class=\"elementor-widget-container\">\n\t\t\t\t\t<div class=\"button-list-wrapper wrapper-spacing-small  \"><div class=\"button-list-title\"><h3>Autres papiers d\u00e9j\u00e0 approuv\u00e9s sur ce th\u00e8me<\/h3><\/div><div class=\"button-list-container\"><div class=\"button-list-items\"><div class=\"button-list-item\"><div class=\"button-wrapper \"><a href=\"https:\/\/staging.sp-ps.ch\/wp-content\/uploads\/2016\/04\/mise_en_oeuvre_de_lart_121a_cst_def_adopte_par_lad_0_0.pdf\"  target=\"_self\" class=\"button-link button-link-default\" >Art. 121 a Cst.: Propositions du PS en vue du d\u00e9bat sur la mise en oeuvre (2014)<span class=\"button-media-date\">21.04.2026<\/span><\/a><\/div><\/div><div class=\"button-list-item\"><div class=\"button-wrapper \"><a href=\"https:\/\/staging.sp-ps.ch\/wp-content\/uploads\/2016\/04\/ps_faconner-ue_fr_1.pdf\"  target=\"_self\" class=\"button-link button-link-default\" >Fa\u00e7onner l\u2019Europe ensemble: pour plus d'UE, pour une UE meilleure, pour une UE sociale (2016)<span class=\"button-media-date\">21.04.2026<\/span><\/a><\/div><\/div><div class=\"button-list-item\"><div class=\"button-wrapper \"><a href=\"https:\/\/staging.sp-ps.ch\/wp-content\/uploads\/2016\/04\/2006-07-17_europa-plattform-f_0.pdf\"  target=\"_self\" class=\"button-link button-link-default\" >Nouvelle plate-forme europ\u00e9enne (2006)<span class=\"button-media-date\">21.04.2026<\/span><\/a><\/div><\/div><\/div><\/div><\/div>\t\t\t\t<\/div>\n\t\t\t\t<\/div>\n\t\t\t\t\t<\/div>\n\t\t<\/div>\n\t\t\t\t\t<\/div>\n\t\t<\/section>\n\t\t\t\t<\/div>\n\t\t","protected":false},"excerpt":{"rendered":"","protected":false},"author":1,"featured_media":65657,"parent":0,"menu_order":0,"comment_status":"open","ping_status":"closed","template":"","meta":{"footnotes":""},"class_list":["post-67639","page","type-page","status-publish","has-post-thumbnail","hentry"],"_links":{"self":[{"href":"https:\/\/staging.sp-ps.ch\/fr\/wp-json\/wp\/v2\/pages\/67639","targetHints":{"allow":["GET"]}}],"collection":[{"href":"https:\/\/staging.sp-ps.ch\/fr\/wp-json\/wp\/v2\/pages"}],"about":[{"href":"https:\/\/staging.sp-ps.ch\/fr\/wp-json\/wp\/v2\/types\/page"}],"author":[{"embeddable":true,"href":"https:\/\/staging.sp-ps.ch\/fr\/wp-json\/wp\/v2\/users\/1"}],"replies":[{"embeddable":true,"href":"https:\/\/staging.sp-ps.ch\/fr\/wp-json\/wp\/v2\/comments?post=67639"}],"version-history":[{"count":0,"href":"https:\/\/staging.sp-ps.ch\/fr\/wp-json\/wp\/v2\/pages\/67639\/revisions"}],"wp:featuredmedia":[{"embeddable":true,"href":"https:\/\/staging.sp-ps.ch\/fr\/wp-json\/wp\/v2\/media\/65657"}],"wp:attachment":[{"href":"https:\/\/staging.sp-ps.ch\/fr\/wp-json\/wp\/v2\/media?parent=67639"}],"curies":[{"name":"wp","href":"https:\/\/api.w.org\/{rel}","templated":true}]}}