{"id":67654,"date":"2014-09-28T00:00:00","date_gmt":"2014-09-27T22:00:00","guid":{"rendered":"https:\/\/test.sp-ps.ch\/transmettre-les-valeurs-du-ps-suisse-par-lintermediaire-dun-legs\/"},"modified":"2025-07-15T16:51:35","modified_gmt":"2025-07-15T14:51:35","slug":"transmettre-les-valeurs-du-ps-suisse-par-lintermediaire-dun-legs","status":"publish","type":"page","link":"https:\/\/staging.sp-ps.ch\/fr\/faire-un-don\/transmettre-les-valeurs-du-ps-suisse-par-lintermediaire-dun-legs\/","title":{"rendered":"Transmettre les valeurs du PS Suisse \u2013 par l\u2019interm\u00e9diaire d\u2019un legs"},"content":{"rendered":"\t\t<div data-elementor-type=\"wp-post\" data-elementor-id=\"67654\" class=\"elementor elementor-67654 elementor-67183\" data-elementor-post-type=\"page\">\n\t\t\t\t\t\t<section class=\"elementor-section elementor-top-section elementor-element elementor-element-62f6b533585ec elementor-section-boxed elementor-section-height-default elementor-section-height-default\" data-id=\"62f6b533585ec\" data-element_type=\"section\" data-e-type=\"section\" data-settings=\"{&quot;jet_parallax_layout_list&quot;:[],&quot;background_background&quot;:&quot;classic&quot;}\">\n\t\t\t\t\t\t<div class=\"elementor-container elementor-column-gap-wide\">\n\t\t\t\t\t<div class=\"elementor-column elementor-col-100 elementor-top-column elementor-element elementor-element-62f6b533585ed\" data-id=\"62f6b533585ed\" data-element_type=\"column\" data-e-type=\"column\">\n\t\t\t<div class=\"elementor-widget-wrap elementor-element-populated\">\n\t\t\t\t\t\t<div class=\"elementor-element elementor-element-62f6b5335853d elementor-widget elementor-widget-heading\" data-id=\"62f6b5335853d\" data-element_type=\"widget\" data-e-type=\"widget\" data-widget_type=\"heading.default\">\n\t\t\t\t<div class=\"elementor-widget-container\">\n\t\t\t\t\t<h1 class=\"elementor-heading-title elementor-size-default\">Transmettre les valeurs du PS Suisse \u2013 par l\u2019interm\u00e9diaire d\u2019un legs<\/h1>\t\t\t\t<\/div>\n\t\t\t\t<\/div>\n\t\t\t\t<div class=\"elementor-element elementor-element-62f6b533585cf elementor-widget elementor-widget-jet-breadcrumbs\" data-id=\"62f6b533585cf\" data-element_type=\"widget\" data-e-type=\"widget\" data-widget_type=\"jet-breadcrumbs.default\">\n\t\t\t\t<div class=\"elementor-widget-container\">\n\t\t\t\t\t<div class=\"elementor-jet-breadcrumbs jet-blocks\">\n\t\t<div class=\"jet-breadcrumbs\">\n\t\t<div class=\"jet-breadcrumbs__content\">\n\t\t<div class=\"jet-breadcrumbs__wrap\">\n\t\t<\/div>\n\t\t<\/div>\n\t\t<\/div><\/div>\t\t\t\t<\/div>\n\t\t\t\t<\/div>\n\t\t\t\t<div class=\"elementor-element elementor-element-62f6b533585e9 elementor-widget__width-initial elementor-widget elementor-widget-text-editor\" data-id=\"62f6b533585e9\" data-element_type=\"widget\" data-e-type=\"widget\" data-widget_type=\"text-editor.default\">\n\t\t\t\t<div class=\"elementor-widget-container\">\n\t\t\t\t\t\t\t\t\tEn r\u00e9glant vos derni\u00e8res volont\u00e9s suffisamment t\u00f4t, vous agirez de mani\u00e8re autod\u00e9termin\u00e9e et montrerez votre sens des responsabilit\u00e9s \u2013 non seulement pour vous-m\u00eame, mais aussi envers vos proches. Le testament, le mandat pour cause d\u2019inaptitude et les directives anticip\u00e9es sont autant de moyens d\u2019assurer votre subsistance et celle des personnes qui vous sont ch\u00e8res.\t\t\t\t\t\t\t\t<\/div>\n\t\t\t\t<\/div>\n\t\t\t\t\t<\/div>\n\t\t<\/div>\n\t\t\t\t\t<\/div>\n\t\t<\/section>\n\t\t\t\t<section class=\"elementor-section elementor-top-section elementor-element elementor-element-0202e32 elementor-section-full_width elementor-section-height-min-height elementor-section-height-default elementor-section-items-middle\" data-id=\"0202e32\" data-element_type=\"section\" data-e-type=\"section\" data-settings=\"{&quot;jet_parallax_layout_list&quot;:[]}\">\n\t\t\t\t\t\t<div class=\"elementor-container elementor-column-gap-no\">\n\t\t\t\t\t<div class=\"elementor-column elementor-col-100 elementor-top-column elementor-element elementor-element-2f84723\" data-id=\"2f84723\" data-element_type=\"column\" data-e-type=\"column\">\n\t\t\t<div class=\"elementor-widget-wrap elementor-element-populated\">\n\t\t\t\t\t\t<div class=\"elementor-element elementor-element-2513001 elementor-widget elementor-widget-image\" data-id=\"2513001\" data-element_type=\"widget\" data-e-type=\"widget\" data-widget_type=\"image.default\">\n\t\t\t\t<div class=\"elementor-widget-container\">\n\t\t\t\t\t\t\t\t\t\t\t\t\t\t\t<img fetchpriority=\"high\" decoding=\"async\" width=\"1920\" height=\"900\" src=\"https:\/\/staging.sp-ps.ch\/wp-content\/uploads\/2022\/08\/Testmentratgeber_Header_fr.png\" class=\"attachment-full size-full wp-image-72545\" alt=\"\" srcset=\"https:\/\/staging.sp-ps.ch\/wp-content\/uploads\/2022\/08\/Testmentratgeber_Header_fr.png 1920w, https:\/\/staging.sp-ps.ch\/wp-content\/uploads\/2022\/08\/Testmentratgeber_Header_fr-300x141.png 300w, https:\/\/staging.sp-ps.ch\/wp-content\/uploads\/2022\/08\/Testmentratgeber_Header_fr-1024x480.png 1024w, https:\/\/staging.sp-ps.ch\/wp-content\/uploads\/2022\/08\/Testmentratgeber_Header_fr-768x360.png 768w, https:\/\/staging.sp-ps.ch\/wp-content\/uploads\/2022\/08\/Testmentratgeber_Header_fr-1536x720.png 1536w\" sizes=\"(max-width: 1920px) 100vw, 1920px\" \/>\t\t\t\t\t\t\t\t\t\t\t\t\t\t\t<\/div>\n\t\t\t\t<\/div>\n\t\t\t\t\t<\/div>\n\t\t<\/div>\n\t\t\t\t\t<\/div>\n\t\t<\/section>\n\t\t\t\t<section class=\"elementor-section elementor-top-section elementor-element elementor-element-62f6b533585f3 elementor-section-boxed elementor-section-height-default elementor-section-height-default\" data-id=\"62f6b533585f3\" data-element_type=\"section\" data-e-type=\"section\" data-settings=\"{&quot;jet_parallax_layout_list&quot;:[]}\">\n\t\t\t\t\t\t<div class=\"elementor-container elementor-column-gap-wide\">\n\t\t\t\t\t<div class=\"elementor-column elementor-col-100 elementor-top-column elementor-element elementor-element-62f6b533585f4\" data-id=\"62f6b533585f4\" data-element_type=\"column\" data-e-type=\"column\">\n\t\t\t<div class=\"elementor-widget-wrap elementor-element-populated\">\n\t\t\t\t\t\t<div class=\"elementor-element elementor-element-3208d91 elementor-widget elementor-widget-spacer\" data-id=\"3208d91\" data-element_type=\"widget\" data-e-type=\"widget\" data-widget_type=\"spacer.default\">\n\t\t\t\t<div class=\"elementor-widget-container\">\n\t\t\t\t\t\t\t<div class=\"elementor-spacer\">\n\t\t\t<div class=\"elementor-spacer-inner\"><\/div>\n\t\t<\/div>\n\t\t\t\t\t\t<\/div>\n\t\t\t\t<\/div>\n\t\t\t\t<div class=\"elementor-element elementor-element-62f6b533470e6 elementor-widget elementor-widget-text-editor\" data-id=\"62f6b533470e6\" data-element_type=\"widget\" data-e-type=\"widget\" data-widget_type=\"text-editor.default\">\n\t\t\t\t<div class=\"elementor-widget-container\">\n\t\t\t\t\t\t\t\t\t<p>La mise par \u00e9crit de vos \u00ab derni\u00e8res volont\u00e9s \u00bb dans un testament vous permettra de faire figurer au nombre de vos h\u00e9ritier-\u00e8res votre famille et vos ami-e-s et de d\u00e9terminer ce que deviendront vos biens personnels apr\u00e8s votre d\u00e9c\u00e8s. Ce que l\u2019on appelle la \u00ab quotit\u00e9 disponible \u00bb vous donnera en outre la possibilit\u00e9 de soutenir financi\u00e8rement des organismes\/organisations comme le PS, dont vous partagez les valeurs et dont les id\u00e9aux ont beaucoup compt\u00e9 pour vous tout au long de votre vie.<\/p><p>Un mandat pour cause d\u2019inaptitude et des directives anticip\u00e9es vous permettront de prendre des dispositions importantes pour que vos proches et vos ami-e-s connaissent votre volont\u00e9 pour le cas o\u00f9 vous ne seriez temporairement plus en capacit\u00e9 de l\u2019exprimer.<\/p><p>Autant de raisons \u00e9videntes de vous occuper \u00e0 temps de vos derni\u00e8res volont\u00e9s \u2013 et mieux vaut le faire aujourd\u2019hui que demain. Si vous souhaitez savoir comment r\u00e9diger un testament, ce qui doit figurer dans un mandat pour cause d\u2019inaptitude et ce \u00e0 quoi vous devez penser au moment de r\u00e9diger des directives anticip\u00e9es, consultez notre guide testamentaire, intitul\u00e9 \u00ab\u00a0Transmettre ses valeurs\u00a0\u00bb.<\/p><p>N\u2019h\u00e9sitez pas \u00e0 le commander d\u00e8s aujourd\u2019hui gratuitement et sans engagement aupr\u00e8s du\u00a0PS\u00a0Suisse.<\/p>\t\t\t\t\t\t\t\t<\/div>\n\t\t\t\t<\/div>\n\t\t\t\t<div class=\"elementor-element elementor-element-2168bf3 elementor-widget elementor-widget-spps_call_to_action\" data-id=\"2168bf3\" data-element_type=\"widget\" data-e-type=\"widget\" data-widget_type=\"spps_call_to_action.default\">\n\t\t\t\t<div class=\"elementor-widget-container\">\n\t\t\t\t\t<div class=\"call-to-action-wrapper  \" style=\"background:#E4002B\" ><div class=\"call-to-action-title\"><h2>Commander le guide sur le testament<\/h2><\/div><div class=\"call-to-action-container\"><div class=\"call-to-action-text\"><p>Notre guide gratuit \u00ab Transmettre ses valeurs \u00bb r\u00e9pond aux principales questions sur le testament et montre comment tenir compte du PS.<\/p><\/div><div class=\"call-to-action-buttons call-to-action-buttons-left\"><div class=\"button-wrapper \"><a href=\"https:\/\/staging.sp-ps.ch\/fr\/faire-un-don\/transmettre-les-valeurs-du-ps-suisse-par-lintermediaire-dun-legs\/commander-le-guide-sur-le-testament\/\"  target=\"_self\" class=\"button-link button-link-default\"  style='color:#E4002B' onMouseOver=\"this.style.color='white';this.style.background='#E4002B'\" onMouseOut=\"this.style.color='#E4002B';this.style.background='#EBEBEB'\">Commander d\u00e8s maintenant<\/a><\/div><\/div><\/div><\/div>\t\t\t\t<\/div>\n\t\t\t\t<\/div>\n\t\t\t\t<div class=\"elementor-element elementor-element-62f6b5335442f elementor-widget elementor-widget-spps_button_list\" data-id=\"62f6b5335442f\" data-element_type=\"widget\" data-e-type=\"widget\" data-widget_type=\"spps_button_list.default\">\n\t\t\t\t<div class=\"elementor-widget-container\">\n\t\t\t\t\t<div class=\"button-list-wrapper wrapper-spacing-small  \"><div class=\"button-list-title\"><h3>Plus d'informations<\/h3><\/div><div class=\"button-list-container\"><div class=\"button-list-items\"><div class=\"button-list-item\"><div class=\"button-wrapper \"><a href=\"https:\/\/staging.sp-ps.ch\/wp-content\/uploads\/2014\/09\/flyer_fr-web.pdf\"  target=\"_self\" class=\"button-link button-link-download\" >Bulletin de commande en format PDF<span class=\"button-media-date\">18.04.2026<\/span><\/a><\/div><\/div><div class=\"button-list-item\"><div class=\"button-wrapper \"><a href=\"https:\/\/staging.sp-ps.ch\/wp-content\/uploads\/2025\/07\/FR_digitaler_Nachlass.pdf\"  target=\"_blank\" class=\"button-link button-link-download\" >La succession num\u00e9rique<span class=\"button-media-date\">18.04.2026<\/span><\/a><\/div><\/div><div class=\"button-list-item\"><div class=\"button-wrapper \"><a href=\"https:\/\/staging.sp-ps.ch\/wp-content\/uploads\/2025\/07\/FR_Patchwork.pdf\"  target=\"_blank\" class=\"button-link button-link-download\" >L\u00e9guer \u00e9quitablement dans les familles recompos\u00e9es<span class=\"button-media-date\">18.04.2026<\/span><\/a><\/div><\/div><div class=\"button-list-item\"><div class=\"button-wrapper \"><a href=\"https:\/\/staging.sp-ps.ch\/fr\/faire-un-don\/transmettre-les-valeurs-du-ps-suisse-par-lintermediaire-dun-legs\/questions-frequentes\/\"  target=\"_self\" class=\"button-link button-link-default\" >Questions fr\u00e9quentes<span class=\"button-media-date\">15.08.2022<\/span><\/a><\/div><\/div><\/div><\/div><\/div>\t\t\t\t<\/div>\n\t\t\t\t<\/div>\n\t\t\t\t<div class=\"elementor-element elementor-element-930be40 elementor-widget elementor-widget-spps_person_grid\" data-id=\"930be40\" data-element_type=\"widget\" data-e-type=\"widget\" data-widget_type=\"spps_person_grid.default\">\n\t\t\t\t<div class=\"elementor-widget-container\">\n\t\t\t\t\t<div class=\"button-list-wrapper wrapper-spacing-default\"><div class=\"button-list-title\"><h2>Contact<\/h2><\/div><div class=\"button-list-container\"><div class=\"button-list-text\"><p>Regula-Sibylle Schweizer, responsable de legs, se tient \u00e0 votre disposition pour un \u00e9change personnalis\u00e9.\u00a0<\/p><\/div><div class=\"persons persons-grid-1\"><div class=\"persons-items\"><div class=\"persons-item\"><div class=\"person-container\"><div class=\"person-portrait\"><a href=\"https:\/\/staging.sp-ps.ch\/fr\/person\/regula-sibylle-schweizer\/\"><img decoding=\"async\" src=\"https:\/\/staging.sp-ps.ch\/wp-content\/uploads\/2020\/09\/DSC_0887_quadratisch-600x600.jpg?v=1661332736\" alt=\"Regula-Sibylle Schweizer\" loading=\"lazy\"><\/a><\/div><div class=\"person-content\"><a href=\"https:\/\/staging.sp-ps.ch\/fr\/person\/regula-sibylle-schweizer\/\" class=\"person-name\"><p><strong>Regula-Sibylle Schweizer<\/strong><\/p><\/a><p class=\"person-position\">Recherche de fonds &amp; Responsable des legs &amp; du groupe 2027<\/p><ul class=\"person-kontakt list-pills list-pills-grey\"><li><a href=\"tel:+41313296987\">+41 31 329 69 87<\/a><\/li><li><a href=\"mailto:regula.schweizer@spschweiz.ch\">E-Mail<\/a><\/li><\/ul><\/div><\/div><\/div><\/div><\/div><\/div><\/div>\t\t\t\t<\/div>\n\t\t\t\t<\/div>\n\t\t\t\t\t<\/div>\n\t\t<\/div>\n\t\t\t\t\t<\/div>\n\t\t<\/section>\n\t\t\t\t<\/div>\n\t\t","protected":false},"excerpt":{"rendered":"<p>En r\u00e9glant vos derni\u00e8res volont\u00e9s suffisamment t\u00f4t, vous agirez de mani\u00e8re autod\u00e9termin\u00e9e et montrerez votre sens des responsabilit\u00e9s \u2013 non seulement pour vous-m\u00eame, mais aussi envers vos proches. Le testament, le mandat pour cause d\u2019inaptitude et les directives anticip\u00e9es sont autant de moyens d\u2019assurer votre subsistance et celle des personnes qui vous sont ch\u00e8res.<\/p>\n","protected":false},"author":1,"featured_media":65756,"parent":30422,"menu_order":0,"comment_status":"open","ping_status":"closed","template":"","meta":{"footnotes":""},"class_list":["post-67654","page","type-page","status-publish","has-post-thumbnail","hentry"],"_links":{"self":[{"href":"https:\/\/staging.sp-ps.ch\/fr\/wp-json\/wp\/v2\/pages\/67654","targetHints":{"allow":["GET"]}}],"collection":[{"href":"https:\/\/staging.sp-ps.ch\/fr\/wp-json\/wp\/v2\/pages"}],"about":[{"href":"https:\/\/staging.sp-ps.ch\/fr\/wp-json\/wp\/v2\/types\/page"}],"author":[{"embeddable":true,"href":"https:\/\/staging.sp-ps.ch\/fr\/wp-json\/wp\/v2\/users\/1"}],"replies":[{"embeddable":true,"href":"https:\/\/staging.sp-ps.ch\/fr\/wp-json\/wp\/v2\/comments?post=67654"}],"version-history":[{"count":27,"href":"https:\/\/staging.sp-ps.ch\/fr\/wp-json\/wp\/v2\/pages\/67654\/revisions"}],"predecessor-version":[{"id":165361,"href":"https:\/\/staging.sp-ps.ch\/fr\/wp-json\/wp\/v2\/pages\/67654\/revisions\/165361"}],"up":[{"embeddable":true,"href":"https:\/\/staging.sp-ps.ch\/fr\/wp-json\/wp\/v2\/pages\/30422"}],"wp:featuredmedia":[{"embeddable":true,"href":"https:\/\/staging.sp-ps.ch\/fr\/wp-json\/wp\/v2\/media\/65756"}],"wp:attachment":[{"href":"https:\/\/staging.sp-ps.ch\/fr\/wp-json\/wp\/v2\/media?parent=67654"}],"curies":[{"name":"wp","href":"https:\/\/api.w.org\/{rel}","templated":true}]}}