{"id":80851,"date":"2022-09-28T16:36:24","date_gmt":"2022-09-28T14:36:24","guid":{"rendered":"https:\/\/staging.sp-ps.ch\/parti\/ps-60\/ps60-galerie-de-photos-de-la-conference-dautomne-2022\/"},"modified":"2022-09-28T17:02:55","modified_gmt":"2022-09-28T15:02:55","slug":"ps60-galerie-de-photos-de-la-conference-dautomne-2022","status":"publish","type":"page","link":"https:\/\/staging.sp-ps.ch\/fr\/parti\/ps-60\/ps60-galerie-de-photos-de-la-conference-dautomne-2022\/","title":{"rendered":"PS60+ Galerie de photos de la conf\u00e9rence d&#8217;automne 2022"},"content":{"rendered":"\t\t<div data-elementor-type=\"wp-page\" data-elementor-id=\"80851\" class=\"elementor elementor-80851 elementor-80804\" data-elementor-post-type=\"page\">\n\t\t\t\t\t\t<section class=\"elementor-section elementor-top-section elementor-element elementor-element-64fe285c elementor-section-boxed elementor-section-height-default elementor-section-height-default\" data-id=\"64fe285c\" data-element_type=\"section\" data-e-type=\"section\" data-settings=\"{&quot;jet_parallax_layout_list&quot;:[]}\">\n\t\t\t\t\t\t<div class=\"elementor-container elementor-column-gap-default\">\n\t\t\t\t\t<div class=\"elementor-column elementor-col-100 elementor-top-column elementor-element elementor-element-3c7d3df9\" data-id=\"3c7d3df9\" data-element_type=\"column\" data-e-type=\"column\">\n\t\t\t<div class=\"elementor-widget-wrap elementor-element-populated\">\n\t\t\t\t\t\t<div class=\"elementor-element elementor-element-50d010cd elementor-widget elementor-widget-text-editor\" data-id=\"50d010cd\" data-element_type=\"widget\" data-e-type=\"widget\" data-widget_type=\"text-editor.default\">\n\t\t\t\t<div class=\"elementor-widget-container\">\n\t\t\t\t\t\t\t\t\t<figure><figure><img decoding=\"async\" src=\"https:\/\/staging.sp-ps.ch\/wp-content\/uploads\/2022\/09\/1-SP60HK2022-Yonnec-Polet-mit-Podiumsgaesten-2.jpg\" alt=\"\" \/><figcaption>Yonnec Polet avec les invit\u00e9s du panel<\/figcaption><\/figure><figure><img decoding=\"async\" src=\"https:\/\/staging.sp-ps.ch\/wp-content\/uploads\/2022\/09\/2-SP60HK2022-Petros-Mavromichalis-2.jpg\" alt=\"Petros Mavromichalis, EU-Botschafter in der Schweiz\" \/><figcaption>Petros Mavromichalis, ambassadeur de l&#8217;UE en Suisse<\/figcaption><\/figure><figure><img decoding=\"async\" src=\"https:\/\/staging.sp-ps.ch\/wp-content\/uploads\/2022\/09\/3-La-Suisse-doit-se-de\u0301cider-2.jpg\" alt=\"Die Schweiz muss sich entscheiden\" \/><figcaption>&#8220;La Suisse doit se d\u00e9cider&#8221;<\/figcaption><\/figure><figure><img decoding=\"async\" src=\"https:\/\/staging.sp-ps.ch\/wp-content\/uploads\/2022\/09\/4-Ruth-Dreifuss-mit-Podiumsgaesten-2.jpg\" alt=\"\" \/>Ruth Dreifuss avec les invit\u00e9s du panel<\/figure><figure><img decoding=\"async\" src=\"https:\/\/staging.sp-ps.ch\/wp-content\/uploads\/2022\/09\/5-Micheline-Calmy-Rey-redet-aus-dem-Publikum-2.jpg\" alt=\"Micheline Calmy-Rey redet aus dem Publikum\" \/><figcaption>Micheline Calmy-Rey s&#8217;exprime en tant que participante<\/figcaption><\/figure><figure><img decoding=\"async\" src=\"https:\/\/staging.sp-ps.ch\/wp-content\/uploads\/2022\/09\/6-SP60HK2022-Blick-ins-Publikum-Nachmittag-2.jpg\" alt=\"\" \/><figcaption>Vue sur le public l&#8217;apr\u00e8s-midi<\/figcaption><\/figure><figure><img decoding=\"async\" src=\"https:\/\/staging.sp-ps.ch\/wp-content\/uploads\/2022\/09\/SP60HK2022Porfs-Epiney-u-Schwok.jpeg\" alt=\"\" \/><figcaption>Les professeur-e-s Epiney et Schwok<\/figcaption><\/figure><figure><img decoding=\"async\" src=\"https:\/\/staging.sp-ps.ch\/wp-content\/uploads\/2022\/09\/SP60HK2022-Von-Publikum-auf-Podium.jpeg\" alt=\"\" \/><figcaption>Vue du public sur le panel<\/figcaption><\/figure><figure><img decoding=\"async\" src=\"https:\/\/staging.sp-ps.ch\/wp-content\/uploads\/2022\/09\/SP60HK2022-Podium-ho\u0308rt-Jon-zu.jpeg\" alt=\"\" \/><figcaption>Les participants au panel \u00e9coutent Jon Pult<\/figcaption><\/figure><figure><img decoding=\"async\" src=\"https:\/\/staging.sp-ps.ch\/wp-content\/uploads\/2022\/09\/SP60HK2022-Carlo-Sommaruga.jpeg\" alt=\"\" \/><figcaption>Carlo Sommaruga<\/figcaption><\/figure><figure><img decoding=\"async\" src=\"https:\/\/staging.sp-ps.ch\/wp-content\/uploads\/2022\/09\/SP60HK2022-Jon-Pult.jpeg\" alt=\"\" \/><figcaption>Jon Pult<\/figcaption><\/figure><\/figure>\t\t\t\t\t\t\t\t<\/div>\n\t\t\t\t<\/div>\n\t\t\t\t\t<\/div>\n\t\t<\/div>\n\t\t\t\t\t<\/div>\n\t\t<\/section>\n\t\t\t\t<\/div>\n\t\t","protected":false},"excerpt":{"rendered":"<p>Yonnec Polet avec les invit\u00e9s du panel Petros Mavromichalis, ambassadeur de l&#8217;UE en Suisse &#8220;La Suisse doit se d\u00e9cider&#8221; Ruth Dreifuss avec les invit\u00e9s du panel Micheline Calmy-Rey s&#8217;exprime en [&hellip;]<\/p>\n","protected":false},"author":21,"featured_media":0,"parent":30479,"menu_order":2,"comment_status":"closed","ping_status":"closed","template":"","meta":{"footnotes":""},"class_list":["post-80851","page","type-page","status-publish","hentry"],"_links":{"self":[{"href":"https:\/\/staging.sp-ps.ch\/fr\/wp-json\/wp\/v2\/pages\/80851","targetHints":{"allow":["GET"]}}],"collection":[{"href":"https:\/\/staging.sp-ps.ch\/fr\/wp-json\/wp\/v2\/pages"}],"about":[{"href":"https:\/\/staging.sp-ps.ch\/fr\/wp-json\/wp\/v2\/types\/page"}],"author":[{"embeddable":true,"href":"https:\/\/staging.sp-ps.ch\/fr\/wp-json\/wp\/v2\/users\/21"}],"replies":[{"embeddable":true,"href":"https:\/\/staging.sp-ps.ch\/fr\/wp-json\/wp\/v2\/comments?post=80851"}],"version-history":[{"count":10,"href":"https:\/\/staging.sp-ps.ch\/fr\/wp-json\/wp\/v2\/pages\/80851\/revisions"}],"predecessor-version":[{"id":80871,"href":"https:\/\/staging.sp-ps.ch\/fr\/wp-json\/wp\/v2\/pages\/80851\/revisions\/80871"}],"up":[{"embeddable":true,"href":"https:\/\/staging.sp-ps.ch\/fr\/wp-json\/wp\/v2\/pages\/30479"}],"wp:attachment":[{"href":"https:\/\/staging.sp-ps.ch\/fr\/wp-json\/wp\/v2\/media?parent=80851"}],"curies":[{"name":"wp","href":"https:\/\/api.w.org\/{rel}","templated":true}]}}