{"id":84711,"date":"2022-11-09T09:59:39","date_gmt":"2022-11-09T08:59:39","guid":{"rendered":"https:\/\/staging.sp-ps.ch\/?page_id=84711"},"modified":"2023-09-02T11:13:56","modified_gmt":"2023-09-02T09:13:56","slug":"egalite","status":"publish","type":"page","link":"https:\/\/staging.sp-ps.ch\/fr\/egalite\/","title":{"rendered":"L\u2019\u00e9galit\u00e9, enfin !"},"content":{"rendered":"\t\t<div data-elementor-type=\"wp-page\" data-elementor-id=\"84711\" class=\"elementor elementor-84711 elementor-83357\" data-elementor-post-type=\"page\">\n\t\t\t\t\t\t<section class=\"elementor-section elementor-top-section elementor-element elementor-element-28714db elementor-section-boxed elementor-section-height-default elementor-section-height-default\" data-id=\"28714db\" data-element_type=\"section\" data-e-type=\"section\" data-settings=\"{&quot;jet_parallax_layout_list&quot;:[],&quot;background_background&quot;:&quot;classic&quot;}\">\n\t\t\t\t\t\t<div class=\"elementor-container elementor-column-gap-wide\">\n\t\t\t\t\t<div class=\"elementor-column elementor-col-100 elementor-top-column elementor-element elementor-element-0d4b10d\" data-id=\"0d4b10d\" data-element_type=\"column\" data-e-type=\"column\">\n\t\t\t<div class=\"elementor-widget-wrap elementor-element-populated\">\n\t\t\t\t\t\t<div class=\"elementor-element elementor-element-df3bd5f elementor-widget elementor-widget-heading\" data-id=\"df3bd5f\" data-element_type=\"widget\" data-e-type=\"widget\" data-widget_type=\"heading.default\">\n\t\t\t\t<div class=\"elementor-widget-container\">\n\t\t\t\t\t<h1 class=\"elementor-heading-title elementor-size-default\">L\u2019\u00e9galit\u00e9, enfin ! <\/h1>\t\t\t\t<\/div>\n\t\t\t\t<\/div>\n\t\t\t\t<div class=\"elementor-element elementor-element-6bf6af7 elementor-widget elementor-widget-jet-breadcrumbs\" data-id=\"6bf6af7\" data-element_type=\"widget\" data-e-type=\"widget\" data-widget_type=\"jet-breadcrumbs.default\">\n\t\t\t\t<div class=\"elementor-widget-container\">\n\t\t\t\t\t<div class=\"elementor-jet-breadcrumbs jet-blocks\">\n\t\t<div class=\"jet-breadcrumbs\">\n\t\t<div class=\"jet-breadcrumbs__content\">\n\t\t<div class=\"jet-breadcrumbs__wrap\">\n\t\t<\/div>\n\t\t<\/div>\n\t\t<\/div><\/div>\t\t\t\t<\/div>\n\t\t\t\t<\/div>\n\t\t\t\t<div class=\"elementor-element elementor-element-ffdc929 elementor-widget__width-initial elementor-widget elementor-widget-text-editor\" data-id=\"ffdc929\" data-element_type=\"widget\" data-e-type=\"widget\" data-widget_type=\"text-editor.default\">\n\t\t\t\t<div class=\"elementor-widget-container\">\n\t\t\t\t\t\t\t\t\t<p>Nous prenons parti pour l\u2019\u00e9galit\u00e9 de mani\u00e8re concr\u00e8te. L\u2019\u00e9galit\u00e9, c\u2019est le droit de tout le monde \u00e0 \u00eatre trait\u00e9 de la m\u00eame mani\u00e8re.\u00a0<\/p>\t\t\t\t\t\t\t\t<\/div>\n\t\t\t\t<\/div>\n\t\t\t\t\t<\/div>\n\t\t<\/div>\n\t\t\t\t\t<\/div>\n\t\t<\/section>\n\t\t\t\t<section class=\"elementor-section elementor-top-section elementor-element elementor-element-0b76ae2 elementor-section-boxed elementor-section-height-default elementor-section-height-default\" data-id=\"0b76ae2\" data-element_type=\"section\" data-e-type=\"section\" data-settings=\"{&quot;jet_parallax_layout_list&quot;:[]}\">\n\t\t\t\t\t\t<div class=\"elementor-container elementor-column-gap-default\">\n\t\t\t\t\t<div class=\"elementor-column elementor-col-100 elementor-top-column elementor-element elementor-element-e7893a7\" data-id=\"e7893a7\" data-element_type=\"column\" data-e-type=\"column\">\n\t\t\t<div class=\"elementor-widget-wrap elementor-element-populated\">\n\t\t\t\t\t\t<div class=\"elementor-element elementor-element-7cc3a83 elementor-widget__width-auto elementor-widget elementor-widget-image\" data-id=\"7cc3a83\" data-element_type=\"widget\" data-e-type=\"widget\" data-widget_type=\"image.default\">\n\t\t\t\t<div class=\"elementor-widget-container\">\n\t\t\t\t\t\t\t\t\t\t\t\t\t\t\t<img fetchpriority=\"high\" decoding=\"async\" width=\"800\" height=\"450\" src=\"https:\/\/staging.sp-ps.ch\/wp-content\/uploads\/2023\/09\/Gleichstellung_1920x1080px_FR-1024x576.png\" class=\"attachment-large size-large wp-image-111100\" alt=\"\" srcset=\"https:\/\/staging.sp-ps.ch\/wp-content\/uploads\/2023\/09\/Gleichstellung_1920x1080px_FR-1024x576.png 1024w, https:\/\/staging.sp-ps.ch\/wp-content\/uploads\/2023\/09\/Gleichstellung_1920x1080px_FR-300x169.png 300w, https:\/\/staging.sp-ps.ch\/wp-content\/uploads\/2023\/09\/Gleichstellung_1920x1080px_FR-768x432.png 768w, https:\/\/staging.sp-ps.ch\/wp-content\/uploads\/2023\/09\/Gleichstellung_1920x1080px_FR-1536x864.png 1536w, https:\/\/staging.sp-ps.ch\/wp-content\/uploads\/2023\/09\/Gleichstellung_1920x1080px_FR.png 1920w\" sizes=\"(max-width: 800px) 100vw, 800px\" \/>\t\t\t\t\t\t\t\t\t\t\t\t\t\t\t<\/div>\n\t\t\t\t<\/div>\n\t\t\t\t\t<\/div>\n\t\t<\/div>\n\t\t\t\t\t<\/div>\n\t\t<\/section>\n\t\t\t\t<section class=\"elementor-section elementor-top-section elementor-element elementor-element-6020657 elementor-section-boxed elementor-section-height-default elementor-section-height-default\" data-id=\"6020657\" data-element_type=\"section\" data-e-type=\"section\" data-settings=\"{&quot;jet_parallax_layout_list&quot;:[]}\">\n\t\t\t\t\t\t<div class=\"elementor-container elementor-column-gap-default\">\n\t\t\t\t\t<div class=\"elementor-column elementor-col-100 elementor-top-column elementor-element elementor-element-e04f150\" data-id=\"e04f150\" data-element_type=\"column\" data-e-type=\"column\">\n\t\t\t<div class=\"elementor-widget-wrap\">\n\t\t\t\t\t\t\t<\/div>\n\t\t<\/div>\n\t\t\t\t\t<\/div>\n\t\t<\/section>\n\t\t\t\t<section class=\"elementor-section elementor-top-section elementor-element elementor-element-6175471 elementor-section-boxed elementor-section-height-default elementor-section-height-default\" data-id=\"6175471\" data-element_type=\"section\" data-e-type=\"section\" data-settings=\"{&quot;jet_parallax_layout_list&quot;:[]}\">\n\t\t\t\t\t\t<div class=\"elementor-container elementor-column-gap-default\">\n\t\t\t\t\t<div class=\"elementor-column elementor-col-100 elementor-top-column elementor-element elementor-element-7f366f0\" data-id=\"7f366f0\" data-element_type=\"column\" data-e-type=\"column\">\n\t\t\t<div class=\"elementor-widget-wrap elementor-element-populated\">\n\t\t\t\t\t\t<div class=\"elementor-element elementor-element-606d355 elementor-widget elementor-widget-spps_button_list\" data-id=\"606d355\" data-element_type=\"widget\" data-e-type=\"widget\" data-widget_type=\"spps_button_list.default\">\n\t\t\t\t<div class=\"elementor-widget-container\">\n\t\t\t\t\t<div class=\"button-list-wrapper   \"><div class=\"button-list-title\"><h2>La raison de notre engagement<\/h2><\/div><div class=\"button-list-container\"><div class=\"button-list-text\"><p>Gr\u00e2ce au mouvement f\u00e9ministe, les moeurs progressent au sein de notre soci\u00e9t\u00e9. Toutefois, ces progr\u00e8s sont loin d\u2019\u00eatre suffisants et ces changements extr\u00eamement lents remettent les in\u00e9galit\u00e9s au premier plan dans de nombreux cas. En atteste la situation financi\u00e8re actuelle des femmes : elle est encore nettement inf\u00e9rieure \u00e0 celle des hommes.<\/p><p>Tandis que les parents s\u2019\u00e9chinent \u00e0 concilier vie familiale et vie professionnelle, les jeunes femmes et les personnes queer subissent encore le sexisme, entre autres formes de violences. Notre soci\u00e9t\u00e9 n\u2019a de loin pas atteint les objectifs que nous attendons d\u2019elle. L\u2019\u00e9galit\u00e9 est l\u2019affaire de toutes et tous, et la raison premi\u00e8re de notre engagement.<\/p><\/div><\/div><\/div>\t\t\t\t<\/div>\n\t\t\t\t<\/div>\n\t\t\t\t<div class=\"elementor-element elementor-element-653fb13 elementor-widget elementor-widget-spps_call_to_action\" data-id=\"653fb13\" data-element_type=\"widget\" data-e-type=\"widget\" data-widget_type=\"spps_call_to_action.default\">\n\t\t\t\t<div class=\"elementor-widget-container\">\n\t\t\t\t\t<div class=\"call-to-action-wrapper  \" style=\"background:#E4002B\" ><div class=\"call-to-action-title\"><h2>Notre initiative pour les cr\u00e8ches<\/h2><\/div><div class=\"call-to-action-container\"><div class=\"call-to-action-text\"><p>Pour de nombreuses familles, trouver une place de cr\u00e8che de qualit\u00e9 et \u00e0 un co\u00fbt abordable est une mission compliqu\u00e9e, voire impossible. Afin d\u2019y rem\u00e9dier, ce sont majoritairement les femmes qui abandonnent (temporairement ou d\u00e9finitivement) leur activit\u00e9 professionnelle pour s\u2019occuper des enfants. L\u2019initiative pour\u00a0les cr\u00e8ches veut changer la donne. Elle garantit un nombre suffisant de places en cr\u00e8ches et des tarifs accessibles, pour un meilleur \u00e9quilibre entre vie familiale et vie professionnelle.<\/p><p>Parall\u00e8lement, l\u2019initiative pour les cr\u00e8ches veille aussi \u00e0 de bonnes conditions de travail et \u00e0 des salaires \u00e9quitables pour le personnel des structures d\u2019accueil. Nous voulons que le travail en cr\u00e8che, effectu\u00e9 principalement par des femmes,\u00a0 surtout celui des femmes, surrepr\u00e9sent\u00e9es \u2013 soit pris au s\u00e9rieux et r\u00e9mun\u00e9r\u00e9 \u00e0<br \/>sa juste valeur. Car sans les cr\u00e8ches et leur personnel, l\u2019\u00e9conomie s\u2019effondrerait.<\/p><\/div><div class=\"call-to-action-buttons call-to-action-buttons-left\"><div class=\"button-wrapper \"><a href=\"https:\/\/creches-de-qualite.ch\/\"  target=\"_self\" class=\"button-link button-link-default\"  style='color:#E4002B' onMouseOver=\"this.style.color='white';this.style.background='#E4002B'\" onMouseOut=\"this.style.color='#E4002B';this.style.background='#EBEBEB'\">Savoir plus<\/a><\/div><\/div><\/div><\/div>\t\t\t\t<\/div>\n\t\t\t\t<\/div>\n\t\t\t\t<div class=\"elementor-element elementor-element-c9afd79 elementor-widget elementor-widget-spps_title_text\" data-id=\"c9afd79\" data-element_type=\"widget\" data-e-type=\"widget\" data-widget_type=\"spps_title_text.default\">\n\t\t\t\t<div class=\"elementor-widget-container\">\n\t\t\t\t\t<div class=\"title-text-wrapper \"><div class=\"title-text-title\"><h2>Bons salaires et rentes d\u00e9centes pour toutes et tous<\/h2><\/div><div class=\"title-text-container\"><div class=\"title-text-text\"><p>La pand\u00e9mie de COVID-19 nous l\u2019a rappel\u00e9 : la contribution des personnels soignant, \u00e9ducatif et de vente de d\u00e9tail est essentielle pour le bon fonctionnement de notre soci\u00e9t\u00e9. Ces employ\u00e9-es doivent \u00eatre reconnu-es \u2013 et surtout r\u00e9mun\u00e9r\u00e9-es \u2013 en cons\u00e9quence. Quant aux m\u00e9tiers majoritairement f\u00e9minins, ils doivent aussi \u00eatre revaloris\u00e9s. Nous voulons une soci\u00e9t\u00e9 o\u00f9 le salaire et les rentes ne d\u00e9pendent pas du genre. Une protection efficace s\u2019impose aussi contre la pr\u00e9carit\u00e9 chez les personnes \u00e2g\u00e9es, qui touche d\u2019autant plus s\u00e9v\u00e8rement les femmes car leurs rentes sont inf\u00e9rieures \u00e0 celles des hommes \u00e0 hauteur d\u2019un tiers. Nous voulons assurer une retraite digne \u00e0 l\u2019ensemble de nos ain\u00e9-es. Concr\u00e8tement, cette protection doit se traduire par des salaires honn\u00eates ainsi qu\u2019un partage \u00e9quitable des charges familiales. Nous exigeons donc une AVS lucide qui prend en compte le travail familial et le travail \u00e0 temps partiel, non pas un syst\u00e8me qui pi\u00e8ge les femmes dans la pauvret\u00e9.<\/p><\/div><\/div><\/div>\t\t\t\t<\/div>\n\t\t\t\t<\/div>\n\t\t\t\t\t<\/div>\n\t\t<\/div>\n\t\t\t\t\t<\/div>\n\t\t<\/section>\n\t\t\t\t<section class=\"elementor-section elementor-top-section elementor-element elementor-element-e486656 elementor-section-boxed elementor-section-height-default elementor-section-height-default\" data-id=\"e486656\" data-element_type=\"section\" data-e-type=\"section\" data-settings=\"{&quot;jet_parallax_layout_list&quot;:[]}\">\n\t\t\t\t\t\t<div class=\"elementor-container elementor-column-gap-default\">\n\t\t\t\t\t<div class=\"elementor-column elementor-col-100 elementor-top-column elementor-element elementor-element-ce4cb55\" data-id=\"ce4cb55\" data-element_type=\"column\" data-e-type=\"column\">\n\t\t\t<div class=\"elementor-widget-wrap elementor-element-populated\">\n\t\t\t\t\t\t<div class=\"elementor-element elementor-element-3584146 elementor-widget elementor-widget-spps_title_text\" data-id=\"3584146\" data-element_type=\"widget\" data-e-type=\"widget\" data-widget_type=\"spps_title_text.default\">\n\t\t\t\t<div class=\"elementor-widget-container\">\n\t\t\t\t\t<div class=\"title-text-wrapper \"><div class=\"title-text-title\"><h2>Plus de temps pour les parents<\/h2><\/div><div class=\"title-text-container\"><div class=\"title-text-text\"><p>Parce qu\u2019elles et ils sont au travail, les parents de Suisse sont s\u00e9par\u00e9-es de leurs enfants jusqu\u2019\u00e0 70 heures par semaine. Ces taux ne sont ni raisonnables, ni judicieux. Pour y rem\u00e9dier, des cr\u00e8ches g\u00e9n\u00e9ralis\u00e9es et abordables, une r\u00e9duction du temps de travail et l\u2019introduction d\u2019un cong\u00e9 parental sont des imp\u00e9ratifs.<\/p><\/div><\/div><\/div>\t\t\t\t<\/div>\n\t\t\t\t<\/div>\n\t\t\t\t\t<\/div>\n\t\t<\/div>\n\t\t\t\t\t<\/div>\n\t\t<\/section>\n\t\t\t\t<section class=\"elementor-section elementor-top-section elementor-element elementor-element-3e64fee elementor-section-boxed elementor-section-height-default elementor-section-height-default\" data-id=\"3e64fee\" data-element_type=\"section\" data-e-type=\"section\" data-settings=\"{&quot;jet_parallax_layout_list&quot;:[]}\">\n\t\t\t\t\t\t<div class=\"elementor-container elementor-column-gap-default\">\n\t\t\t\t\t<div class=\"elementor-column elementor-col-100 elementor-top-column elementor-element elementor-element-f81dd01\" data-id=\"f81dd01\" data-element_type=\"column\" data-e-type=\"column\">\n\t\t\t<div class=\"elementor-widget-wrap\">\n\t\t\t\t\t\t\t<\/div>\n\t\t<\/div>\n\t\t\t\t\t<\/div>\n\t\t<\/section>\n\t\t\t\t<section class=\"elementor-section elementor-top-section elementor-element elementor-element-ec49bb0 elementor-section-boxed elementor-section-height-default elementor-section-height-default\" data-id=\"ec49bb0\" data-element_type=\"section\" data-e-type=\"section\" data-settings=\"{&quot;jet_parallax_layout_list&quot;:[]}\">\n\t\t\t\t\t\t<div class=\"elementor-container elementor-column-gap-default\">\n\t\t\t\t\t<div class=\"elementor-column elementor-col-100 elementor-top-column elementor-element elementor-element-daef1b6\" data-id=\"daef1b6\" data-element_type=\"column\" data-e-type=\"column\">\n\t\t\t<div class=\"elementor-widget-wrap elementor-element-populated\">\n\t\t\t\t\t\t<div class=\"elementor-element elementor-element-ae5db2c elementor-widget elementor-widget-spps_title_text\" data-id=\"ae5db2c\" data-element_type=\"widget\" data-e-type=\"widget\" data-widget_type=\"spps_title_text.default\">\n\t\t\t\t<div class=\"elementor-widget-container\">\n\t\t\t\t\t<div class=\"title-text-wrapper \"><div class=\"title-text-title\"><h2>Mettre fin aux violences<\/h2><\/div><div class=\"title-text-container\"><div class=\"title-text-text\"><p>Le PS Suisse lutte pour une soci\u00e9t\u00e9 d\u00e9barrass\u00e9e du sexisme ordinaire et des discriminations envers les personnes queer. Personne ne devrait avoir peur ou se sentir en danger sur son lieu de travail, sur le chemin de la maison ou \u00e0 l\u2019int\u00e9rieur de celle-ci. Afin d\u2019y rem\u00e9dier, davantage de pr\u00e9vention ainsi qu\u2019un meilleur soutien aux personnes concern\u00e9es sont n\u00e9cessaires. Quant aux violences sexuelles, elles n\u2019ont pas leur place nulle part ! Une reconnaissance concr\u00e8te de celles-ci doit \u00eatre introduite, enfin, dans notre droit p\u00e9nal. Nous demandons une r\u00e9vision de la loi, en accord avec la v\u00e9ritable d\u00e9finition du consentement : \u00ab seul un oui est un oui \u00bb.<\/p><\/div><\/div><\/div>\t\t\t\t<\/div>\n\t\t\t\t<\/div>\n\t\t\t\t\t<\/div>\n\t\t<\/div>\n\t\t\t\t\t<\/div>\n\t\t<\/section>\n\t\t\t\t<section class=\"elementor-section elementor-top-section elementor-element elementor-element-655f003 elementor-section-boxed elementor-section-height-default elementor-section-height-default\" data-id=\"655f003\" data-element_type=\"section\" data-e-type=\"section\" data-settings=\"{&quot;jet_parallax_layout_list&quot;:[]}\">\n\t\t\t\t\t\t<div class=\"elementor-container elementor-column-gap-default\">\n\t\t\t\t\t<div class=\"elementor-column elementor-col-100 elementor-top-column elementor-element elementor-element-dd8075a\" data-id=\"dd8075a\" data-element_type=\"column\" data-e-type=\"column\">\n\t\t\t<div class=\"elementor-widget-wrap\">\n\t\t\t\t\t\t\t<\/div>\n\t\t<\/div>\n\t\t\t\t\t<\/div>\n\t\t<\/section>\n\t\t\t\t<section class=\"elementor-section elementor-top-section elementor-element elementor-element-e7313c5 elementor-section-boxed elementor-section-height-default elementor-section-height-default\" data-id=\"e7313c5\" data-element_type=\"section\" data-e-type=\"section\" data-settings=\"{&quot;jet_parallax_layout_list&quot;:[]}\">\n\t\t\t\t\t\t<div class=\"elementor-container elementor-column-gap-default\">\n\t\t\t\t\t<div class=\"elementor-column elementor-col-100 elementor-top-column elementor-element elementor-element-0ed5047\" data-id=\"0ed5047\" data-element_type=\"column\" data-e-type=\"column\">\n\t\t\t<div class=\"elementor-widget-wrap elementor-element-populated\">\n\t\t\t\t\t\t<div class=\"elementor-element elementor-element-8e1f7b1 elementor-widget elementor-widget-spps_title_text\" data-id=\"8e1f7b1\" data-element_type=\"widget\" data-e-type=\"widget\" data-widget_type=\"spps_title_text.default\">\n\t\t\t\t<div class=\"elementor-widget-container\">\n\t\t\t\t\t<div class=\"title-text-wrapper \"><div class=\"title-text-title\"><h2>Le respect plut\u00f4t que la haine<\/h2><\/div><div class=\"title-text-container\"><div class=\"title-text-text\"><p>Finalement, nous nous engageons pour une soci\u00e9t\u00e9 qui respecte toutes les diversit\u00e9s, de fa\u00e7on \u00e9gale. Oui, le \u00ab mariage pour toutes et tous \u00bb est une avanc\u00e9e historique pour notre soci\u00e9t\u00e9. Toutefois, tant que les familles et les personnes queer ne seront pas enti\u00e8rement prot\u00e9g\u00e9es, tant que l\u2019homophobie et la transphobie seront \u00e0 l\u2019ordre du jour, nous continuerons de mener le combat. Que cela soit au travail, lors des sorties ou dans la vieillesse, les in\u00e9galit\u00e9s touchent l\u2019ensemble de notre quotidien. C\u2019est pourquoi nous devons assumer, ensemble, la responsabilit\u00e9 d\u2019un avenir dans lequel l\u2019\u00e9galit\u00e9 deviendra enfin une r\u00e9alit\u00e9.<\/p><\/div><\/div><\/div>\t\t\t\t<\/div>\n\t\t\t\t<\/div>\n\t\t\t\t<div class=\"elementor-element elementor-element-62dcf48 elementor-widget elementor-widget-spps_call_to_action\" data-id=\"62dcf48\" data-element_type=\"widget\" data-e-type=\"widget\" data-widget_type=\"spps_call_to_action.default\">\n\t\t\t\t<div class=\"elementor-widget-container\">\n\t\t\t\t\t<div class=\"call-to-action-wrapper  \" style=\"background:#E4002B\" ><div class=\"call-to-action-title\"><h2>Nous prenons parti pour une Suisse solidaire.<\/h2><\/div><div class=\"call-to-action-container\"><div class=\"call-to-action-text\"><p>Court, concis &amp; clair : informe-toi sur nos principaux th\u00e8mes pour les \u00e9lections au Conseil national et au Conseil des \u00c9tats de 2023.<\/p><\/div><div class=\"call-to-action-buttons call-to-action-buttons-left\"><div class=\"button-wrapper \"><a href=\"https:\/\/staging.sp-ps.ch\/wp-content\/uploads\/2022\/11\/230425_SPS_Wahlplattform_Broschure_A5_FR_ONLINE.pdf\"  target=\"_self\" class=\"button-link button-link-download\"  style='color:#E4002B' onMouseOver=\"this.style.color='white';this.style.background='#E4002B'\" onMouseOut=\"this.style.color='#E4002B';this.style.background='#EBEBEB'\">Plateforme \u00e9lectorale 2023<\/a><\/div><\/div><\/div><\/div>\t\t\t\t<\/div>\n\t\t\t\t<\/div>\n\t\t\t\t\t<\/div>\n\t\t<\/div>\n\t\t\t\t\t<\/div>\n\t\t<\/section>\n\t\t\t\t<section class=\"elementor-section elementor-top-section elementor-element elementor-element-25f8ded elementor-section-boxed elementor-section-height-default elementor-section-height-default\" data-id=\"25f8ded\" data-element_type=\"section\" data-e-type=\"section\" data-settings=\"{&quot;jet_parallax_layout_list&quot;:[]}\">\n\t\t\t\t\t\t<div class=\"elementor-container elementor-column-gap-default\">\n\t\t\t\t\t<div class=\"elementor-column elementor-col-100 elementor-top-column elementor-element elementor-element-b1b98f5\" data-id=\"b1b98f5\" data-element_type=\"column\" data-e-type=\"column\">\n\t\t\t<div class=\"elementor-widget-wrap\">\n\t\t\t\t\t\t\t<\/div>\n\t\t<\/div>\n\t\t\t\t\t<\/div>\n\t\t<\/section>\n\t\t\t\t<\/div>\n\t\t","protected":false},"excerpt":{"rendered":"<p>L\u2019\u00e9galit\u00e9, enfin ! Nous prenons parti pour l\u2019\u00e9galit\u00e9 de mani\u00e8re concr\u00e8te. L\u2019\u00e9galit\u00e9, c\u2019est le droit de tout le monde \u00e0 \u00eatre trait\u00e9 de la m\u00eame mani\u00e8re.\u00a0 La raison de notre [&hellip;]<\/p>\n","protected":false},"author":50,"featured_media":0,"parent":0,"menu_order":0,"comment_status":"closed","ping_status":"closed","template":"","meta":{"footnotes":""},"class_list":["post-84711","page","type-page","status-publish","hentry"],"_links":{"self":[{"href":"https:\/\/staging.sp-ps.ch\/fr\/wp-json\/wp\/v2\/pages\/84711","targetHints":{"allow":["GET"]}}],"collection":[{"href":"https:\/\/staging.sp-ps.ch\/fr\/wp-json\/wp\/v2\/pages"}],"about":[{"href":"https:\/\/staging.sp-ps.ch\/fr\/wp-json\/wp\/v2\/types\/page"}],"author":[{"embeddable":true,"href":"https:\/\/staging.sp-ps.ch\/fr\/wp-json\/wp\/v2\/users\/50"}],"replies":[{"embeddable":true,"href":"https:\/\/staging.sp-ps.ch\/fr\/wp-json\/wp\/v2\/comments?post=84711"}],"version-history":[{"count":29,"href":"https:\/\/staging.sp-ps.ch\/fr\/wp-json\/wp\/v2\/pages\/84711\/revisions"}],"predecessor-version":[{"id":111379,"href":"https:\/\/staging.sp-ps.ch\/fr\/wp-json\/wp\/v2\/pages\/84711\/revisions\/111379"}],"wp:attachment":[{"href":"https:\/\/staging.sp-ps.ch\/fr\/wp-json\/wp\/v2\/media?parent=84711"}],"curies":[{"name":"wp","href":"https:\/\/api.w.org\/{rel}","templated":true}]}}