{"id":84726,"date":"2022-11-09T10:53:40","date_gmt":"2022-11-09T09:53:40","guid":{"rendered":"https:\/\/staging.sp-ps.ch\/?page_id=84726"},"modified":"2022-11-09T12:02:50","modified_gmt":"2022-11-09T11:02:50","slug":"services-publics","status":"publish","type":"page","link":"https:\/\/staging.sp-ps.ch\/fr\/services-publics\/","title":{"rendered":"Services publics"},"content":{"rendered":"\t\t<div data-elementor-type=\"wp-page\" data-elementor-id=\"84726\" class=\"elementor elementor-84726 elementor-83436\" data-elementor-post-type=\"page\">\n\t\t\t\t\t\t<section class=\"elementor-section elementor-top-section elementor-element elementor-element-aeecb40 elementor-section-boxed elementor-section-height-default elementor-section-height-default\" data-id=\"aeecb40\" data-element_type=\"section\" data-e-type=\"section\" data-settings=\"{&quot;jet_parallax_layout_list&quot;:[],&quot;background_background&quot;:&quot;classic&quot;}\">\n\t\t\t\t\t\t<div class=\"elementor-container elementor-column-gap-wide\">\n\t\t\t\t\t<div class=\"elementor-column elementor-col-100 elementor-top-column elementor-element elementor-element-0d52dae\" data-id=\"0d52dae\" data-element_type=\"column\" data-e-type=\"column\">\n\t\t\t<div class=\"elementor-widget-wrap elementor-element-populated\">\n\t\t\t\t\t\t<div class=\"elementor-element elementor-element-e4be868 elementor-widget elementor-widget-heading\" data-id=\"e4be868\" data-element_type=\"widget\" data-e-type=\"widget\" data-widget_type=\"heading.default\">\n\t\t\t\t<div class=\"elementor-widget-container\">\n\t\t\t\t\t<h1 class=\"elementor-heading-title elementor-size-default\">Services publics<\/h1>\t\t\t\t<\/div>\n\t\t\t\t<\/div>\n\t\t\t\t<div class=\"elementor-element elementor-element-3f7c9fa elementor-widget elementor-widget-jet-breadcrumbs\" data-id=\"3f7c9fa\" data-element_type=\"widget\" data-e-type=\"widget\" data-widget_type=\"jet-breadcrumbs.default\">\n\t\t\t\t<div class=\"elementor-widget-container\">\n\t\t\t\t\t<div class=\"elementor-jet-breadcrumbs jet-blocks\">\n\t\t<div class=\"jet-breadcrumbs\">\n\t\t<div class=\"jet-breadcrumbs__content\">\n\t\t<div class=\"jet-breadcrumbs__wrap\">\n\t\t<\/div>\n\t\t<\/div>\n\t\t<\/div><\/div>\t\t\t\t<\/div>\n\t\t\t\t<\/div>\n\t\t\t\t<div class=\"elementor-element elementor-element-a4a01af elementor-widget__width-initial elementor-widget elementor-widget-text-editor\" data-id=\"a4a01af\" data-element_type=\"widget\" data-e-type=\"widget\" data-widget_type=\"text-editor.default\">\n\t\t\t\t<div class=\"elementor-widget-container\">\n\t\t\t\t\t\t\t\t\t<p>Ce qui fait la Suisse : des services publics forts. Nous prenons parti pour le renforcement des services publics et la d\u00e9fense de l\u2019int\u00e9r\u00eat g\u00e9n\u00e9ral.<\/p>\t\t\t\t\t\t\t\t<\/div>\n\t\t\t\t<\/div>\n\t\t\t\t\t<\/div>\n\t\t<\/div>\n\t\t\t\t\t<\/div>\n\t\t<\/section>\n\t\t\t\t<section class=\"elementor-section elementor-top-section elementor-element elementor-element-f94e3f5 elementor-section-boxed elementor-section-height-default elementor-section-height-default\" data-id=\"f94e3f5\" data-element_type=\"section\" data-e-type=\"section\" data-settings=\"{&quot;jet_parallax_layout_list&quot;:[]}\">\n\t\t\t\t\t\t<div class=\"elementor-container elementor-column-gap-default\">\n\t\t\t\t\t<div class=\"elementor-column elementor-col-100 elementor-top-column elementor-element elementor-element-aff53b4\" data-id=\"aff53b4\" data-element_type=\"column\" data-e-type=\"column\">\n\t\t\t<div class=\"elementor-widget-wrap elementor-element-populated\">\n\t\t\t\t\t\t\t<\/div>\n\t\t<\/div>\n\t\t\t\t\t<\/div>\n\t\t<\/section>\n\t\t\t\t<section class=\"elementor-section elementor-top-section elementor-element elementor-element-5260560 elementor-section-boxed elementor-section-height-default elementor-section-height-default\" data-id=\"5260560\" data-element_type=\"section\" data-e-type=\"section\" data-settings=\"{&quot;jet_parallax_layout_list&quot;:[]}\">\n\t\t\t\t\t\t<div class=\"elementor-container elementor-column-gap-default\">\n\t\t\t\t\t<div class=\"elementor-column elementor-col-100 elementor-top-column elementor-element elementor-element-b9a7359\" data-id=\"b9a7359\" data-element_type=\"column\" data-e-type=\"column\">\n\t\t\t<div class=\"elementor-widget-wrap elementor-element-populated\">\n\t\t\t\t\t\t<div class=\"elementor-element elementor-element-0f4e7e8 elementor-widget elementor-widget-spps_button_list\" data-id=\"0f4e7e8\" data-element_type=\"widget\" data-e-type=\"widget\" data-widget_type=\"spps_button_list.default\">\n\t\t\t\t<div class=\"elementor-widget-container\">\n\t\t\t\t\t<div class=\"button-list-wrapper   \"><div class=\"button-list-title\"><h2>La raison de notre engagement<\/h2><\/div><div class=\"button-list-container\"><div class=\"button-list-text\"><p>Au quotidien, nous buvons de l\u2019eau, consommons de l\u2019\u00e9lectricit\u00e9, prenons le train et regardons la t\u00e9l\u00e9vision. Nous allons ou sommes all\u00e9-es \u00e0 l\u2019\u00e9cole, nous avons peut-\u00eatre v\u00e9cu une hospitalisation ou eu recours \u00e0 des soins. En bref, nous b\u00e9n\u00e9ficions toutes et tous de services publics de qualit\u00e9 et ce, quotidiennement. Les infrastructures de service public doivent non seulement servir, mais aussi appartenir \u00e0 la communaut\u00e9.<\/p><p>Malheureusement, ce mod\u00e8le est menac\u00e9 par les volont\u00e9s de privatisation et de lib\u00e9ralisation. Les grandes multinationales ne d\u00e9sirent pas des services publics pour toutes et tous, mais des avantages r\u00e9serv\u00e9s \u00e0 quelques privil\u00e9gi\u00e9-es. Nous ne pouvons pas tol\u00e9rer que nos infrastructures publiques soient brad\u00e9es au profit de fonds souverains ou investisseurs \u00e9trangers. Un sol en mains publiques permettrait des loyers abordables. Et des h\u00f4pitaux publics garantissent que la sant\u00e9 reste accessibles \u00e0 toutes et tous et ne devienne pas un luxe. C\u2019est pourquoi nous devons renforcer le meilleur atout de la Suisse : nos services publics.<\/p><\/div><\/div><\/div>\t\t\t\t<\/div>\n\t\t\t\t<\/div>\n\t\t\t\t\t<\/div>\n\t\t<\/div>\n\t\t\t\t\t<\/div>\n\t\t<\/section>\n\t\t\t\t<section class=\"elementor-section elementor-top-section elementor-element elementor-element-87a50b6 elementor-section-boxed elementor-section-height-default elementor-section-height-default\" data-id=\"87a50b6\" data-element_type=\"section\" data-e-type=\"section\" data-settings=\"{&quot;jet_parallax_layout_list&quot;:[]}\">\n\t\t\t\t\t\t<div class=\"elementor-container elementor-column-gap-default\">\n\t\t\t\t\t<div class=\"elementor-column elementor-col-100 elementor-top-column elementor-element elementor-element-dec9ae4\" data-id=\"dec9ae4\" data-element_type=\"column\" data-e-type=\"column\">\n\t\t\t<div class=\"elementor-widget-wrap elementor-element-populated\">\n\t\t\t\t\t\t<div class=\"elementor-element elementor-element-d619912 elementor-widget elementor-widget-spps_title_text\" data-id=\"d619912\" data-element_type=\"widget\" data-e-type=\"widget\" data-widget_type=\"spps_title_text.default\">\n\t\t\t\t<div class=\"elementor-widget-container\">\n\t\t\t\t\t<div class=\"title-text-wrapper \"><div class=\"title-text-title\"><h3>Les besoins de la population comme priorit\u00e9<\/h3><\/div><div class=\"title-text-container\"><div class=\"title-text-text\"><p>En Suisse, l\u2019excellente qualit\u00e9 de nos services publics, des transports publics, de La Poste et des t\u00e9l\u00e9communications, de l\u2019approvisionnement en \u00e9nergie et en eau mais aussi de l\u2019AVS, de l\u2019\u00e9cole obligatoire ou encore du syst\u00e8me de sant\u00e9 n\u2019est plus \u00e0 prouver. Ces acquis permettent un acc\u00e8s aux services de base sur tout le territoire, ind\u00e9pendamment de l\u00e0 o\u00f9 l\u2019on habite et des moyens dont on dispose. Des services publics au service de l\u2019int\u00e9r\u00eat g\u00e9n\u00e9ral garantissent l\u2019approvisionnement de base, jusque dans les r\u00e9gions p\u00e9riph\u00e9riques.<\/p><p>Nous voulons que la garde des enfants, le syst\u00e8me de sant\u00e9 ou encore l\u2019approvisionnement en \u00e9nergie soient orient\u00e9s sur les besoins de la population, et non pas sur les profits. Toutefois, nous ne voulons pas seulement d\u00e9fendre le mod\u00e8le existant. Nous voulons aussi le renforcer. Nous nous battons pour plus de cr\u00e8ches et un meilleur soutien aux personnes \u00e2g\u00e9es. Nous voulons \u00e9galement inscrire les services publics dans l\u2019avenir : les infrastructures num\u00e9riques de demain, elles non plus, ne doivent pas tomber entre des mains priv\u00e9es.<\/p><\/div><\/div><\/div>\t\t\t\t<\/div>\n\t\t\t\t<\/div>\n\t\t\t\t\t<\/div>\n\t\t<\/div>\n\t\t\t\t\t<\/div>\n\t\t<\/section>\n\t\t\t\t<section class=\"elementor-section elementor-top-section elementor-element elementor-element-bb3cd9c elementor-section-boxed elementor-section-height-default elementor-section-height-default\" data-id=\"bb3cd9c\" data-element_type=\"section\" data-e-type=\"section\" data-settings=\"{&quot;jet_parallax_layout_list&quot;:[]}\">\n\t\t\t\t\t\t<div class=\"elementor-container elementor-column-gap-default\">\n\t\t\t\t\t<div class=\"elementor-column elementor-col-100 elementor-top-column elementor-element elementor-element-89a974f\" data-id=\"89a974f\" data-element_type=\"column\" data-e-type=\"column\">\n\t\t\t<div class=\"elementor-widget-wrap elementor-element-populated\">\n\t\t\t\t\t\t<div class=\"elementor-element elementor-element-d58152c elementor-widget elementor-widget-spps_title_text\" data-id=\"d58152c\" data-element_type=\"widget\" data-e-type=\"widget\" data-widget_type=\"spps_title_text.default\">\n\t\t\t\t<div class=\"elementor-widget-container\">\n\t\t\t\t\t<div class=\"title-text-wrapper \"><div class=\"title-text-title\"><h3>Tout le monde doit faire sa part<\/h3><\/div><div class=\"title-text-container\"><div class=\"title-text-text\"><p>Les grands groupes, les actionnaires et tous les principaux acteurs de l\u2019\u00e9conomie ont le devoir de contribuer au financement du service public. Tandis que les milliardaires s\u2019ach\u00e8tent des partis et des m\u00e9dias, notre soci\u00e9t\u00e9 manque de ressources pour de bonnes conditions de travail, ainsi que la formation du personnel soignant et du corps enseignant : cette situation est inacceptable.<\/p><p>Afin de payer moins d\u2019imp\u00f4ts, les grandes multinationales s\u2019offrent un acc\u00e8s au Parlement et menacent de quitter le territoire quand leurs b\u00e9n\u00e9fices sont menac\u00e9s : leur pouvoir a pris une ampleur d\u00e9mesur\u00e9e. Nous ne pouvons d\u00e9cemment pas permettre un tel chantage \u00e0 la d\u00e9mocratie au sein de notre soci\u00e9t\u00e9. Cet important d\u00e9s\u00e9quilibre entrave le progr\u00e8s et met en danger notre pr\u00e9cieux service public.<\/p><\/div><\/div><\/div>\t\t\t\t<\/div>\n\t\t\t\t<\/div>\n\t\t\t\t\t<\/div>\n\t\t<\/div>\n\t\t\t\t\t<\/div>\n\t\t<\/section>\n\t\t\t\t<\/div>\n\t\t","protected":false},"excerpt":{"rendered":"<p>Services publics Ce qui fait la Suisse : des services publics forts. Nous prenons parti pour le renforcement des services publics et la d\u00e9fense de l\u2019int\u00e9r\u00eat g\u00e9n\u00e9ral. La raison de [&hellip;]<\/p>\n","protected":false},"author":50,"featured_media":0,"parent":0,"menu_order":0,"comment_status":"closed","ping_status":"closed","template":"","meta":{"footnotes":""},"class_list":["post-84726","page","type-page","status-publish","hentry"],"_links":{"self":[{"href":"https:\/\/staging.sp-ps.ch\/fr\/wp-json\/wp\/v2\/pages\/84726","targetHints":{"allow":["GET"]}}],"collection":[{"href":"https:\/\/staging.sp-ps.ch\/fr\/wp-json\/wp\/v2\/pages"}],"about":[{"href":"https:\/\/staging.sp-ps.ch\/fr\/wp-json\/wp\/v2\/types\/page"}],"author":[{"embeddable":true,"href":"https:\/\/staging.sp-ps.ch\/fr\/wp-json\/wp\/v2\/users\/50"}],"replies":[{"embeddable":true,"href":"https:\/\/staging.sp-ps.ch\/fr\/wp-json\/wp\/v2\/comments?post=84726"}],"version-history":[{"count":10,"href":"https:\/\/staging.sp-ps.ch\/fr\/wp-json\/wp\/v2\/pages\/84726\/revisions"}],"predecessor-version":[{"id":84751,"href":"https:\/\/staging.sp-ps.ch\/fr\/wp-json\/wp\/v2\/pages\/84726\/revisions\/84751"}],"wp:attachment":[{"href":"https:\/\/staging.sp-ps.ch\/fr\/wp-json\/wp\/v2\/media?parent=84726"}],"curies":[{"name":"wp","href":"https:\/\/api.w.org\/{rel}","templated":true}]}}