{"id":84734,"date":"2022-11-09T11:32:40","date_gmt":"2022-11-09T10:32:40","guid":{"rendered":"https:\/\/staging.sp-ps.ch\/?page_id=84734"},"modified":"2022-11-09T12:01:51","modified_gmt":"2022-11-09T11:01:51","slug":"justice-globale","status":"publish","type":"page","link":"https:\/\/staging.sp-ps.ch\/fr\/justice-globale\/","title":{"rendered":"Justice globale"},"content":{"rendered":"\t\t<div data-elementor-type=\"wp-page\" data-elementor-id=\"84734\" class=\"elementor elementor-84734 elementor-83471\" data-elementor-post-type=\"page\">\n\t\t\t\t\t\t<section class=\"elementor-section elementor-top-section elementor-element elementor-element-dfee89c elementor-section-boxed elementor-section-height-default elementor-section-height-default\" data-id=\"dfee89c\" data-element_type=\"section\" data-e-type=\"section\" data-settings=\"{&quot;jet_parallax_layout_list&quot;:[],&quot;background_background&quot;:&quot;classic&quot;}\">\n\t\t\t\t\t\t<div class=\"elementor-container elementor-column-gap-wide\">\n\t\t\t\t\t<div class=\"elementor-column elementor-col-100 elementor-top-column elementor-element elementor-element-91bd892\" data-id=\"91bd892\" data-element_type=\"column\" data-e-type=\"column\">\n\t\t\t<div class=\"elementor-widget-wrap elementor-element-populated\">\n\t\t\t\t\t\t<div class=\"elementor-element elementor-element-0a139c8 elementor-widget elementor-widget-heading\" data-id=\"0a139c8\" data-element_type=\"widget\" data-e-type=\"widget\" data-widget_type=\"heading.default\">\n\t\t\t\t<div class=\"elementor-widget-container\">\n\t\t\t\t\t<h1 class=\"elementor-heading-title elementor-size-default\">Justice globale<\/h1>\t\t\t\t<\/div>\n\t\t\t\t<\/div>\n\t\t\t\t<div class=\"elementor-element elementor-element-e995eae elementor-widget elementor-widget-jet-breadcrumbs\" data-id=\"e995eae\" data-element_type=\"widget\" data-e-type=\"widget\" data-widget_type=\"jet-breadcrumbs.default\">\n\t\t\t\t<div class=\"elementor-widget-container\">\n\t\t\t\t\t<div class=\"elementor-jet-breadcrumbs jet-blocks\">\n\t\t<div class=\"jet-breadcrumbs\">\n\t\t<div class=\"jet-breadcrumbs__content\">\n\t\t<div class=\"jet-breadcrumbs__wrap\">\n\t\t<\/div>\n\t\t<\/div>\n\t\t<\/div><\/div>\t\t\t\t<\/div>\n\t\t\t\t<\/div>\n\t\t\t\t<div class=\"elementor-element elementor-element-cdd5565 elementor-widget__width-initial elementor-widget elementor-widget-text-editor\" data-id=\"cdd5565\" data-element_type=\"widget\" data-e-type=\"widget\" data-widget_type=\"text-editor.default\">\n\t\t\t\t<div class=\"elementor-widget-container\">\n\t\t\t\t\t\t\t\t\t<p>Nous prenons parti pour la paix, la justice globale et la coh\u00e9sion europ\u00e9enne.<\/p>\t\t\t\t\t\t\t\t<\/div>\n\t\t\t\t<\/div>\n\t\t\t\t\t<\/div>\n\t\t<\/div>\n\t\t\t\t\t<\/div>\n\t\t<\/section>\n\t\t\t\t<section class=\"elementor-section elementor-top-section elementor-element elementor-element-2291ddd elementor-section-boxed elementor-section-height-default elementor-section-height-default\" data-id=\"2291ddd\" data-element_type=\"section\" data-e-type=\"section\" data-settings=\"{&quot;jet_parallax_layout_list&quot;:[]}\">\n\t\t\t\t\t\t<div class=\"elementor-container elementor-column-gap-default\">\n\t\t\t\t\t<div class=\"elementor-column elementor-col-100 elementor-top-column elementor-element elementor-element-300ed61\" data-id=\"300ed61\" data-element_type=\"column\" data-e-type=\"column\">\n\t\t\t<div class=\"elementor-widget-wrap elementor-element-populated\">\n\t\t\t\t\t\t\t<\/div>\n\t\t<\/div>\n\t\t\t\t\t<\/div>\n\t\t<\/section>\n\t\t\t\t<section class=\"elementor-section elementor-top-section elementor-element elementor-element-d782130 elementor-section-boxed elementor-section-height-default elementor-section-height-default\" data-id=\"d782130\" data-element_type=\"section\" data-e-type=\"section\" data-settings=\"{&quot;jet_parallax_layout_list&quot;:[]}\">\n\t\t\t\t\t\t<div class=\"elementor-container elementor-column-gap-default\">\n\t\t\t\t\t<div class=\"elementor-column elementor-col-100 elementor-top-column elementor-element elementor-element-795f321\" data-id=\"795f321\" data-element_type=\"column\" data-e-type=\"column\">\n\t\t\t<div class=\"elementor-widget-wrap elementor-element-populated\">\n\t\t\t\t\t\t<div class=\"elementor-element elementor-element-6989d00 elementor-widget elementor-widget-spps_title_text\" data-id=\"6989d00\" data-element_type=\"widget\" data-e-type=\"widget\" data-widget_type=\"spps_title_text.default\">\n\t\t\t\t<div class=\"elementor-widget-container\">\n\t\t\t\t\t<div class=\"title-text-wrapper \"><div class=\"title-text-title\"><h2>La raison de notre engagement<\/h2><\/div><div class=\"title-text-container\"><div class=\"title-text-text\"><p>La Suisse est situ\u00e9e au coeur de l\u2019Europe et elle en fait partie. Les d\u00e9fis europ\u00e9ens sont \u00e9galement les n\u00f4tres. Nous ne pouvons pas r\u00e9soudre des probl\u00e8mes globaux en faisant cavalier seul et nous refusons donc le cloisonnement et l\u2019isolement. Nous ne pouvons pas fermer les yeux sur les pers\u00e9cutions, la faim et la guerre au-del\u00e0 de nos fronti\u00e8res. Contraints \u00e0 la fuite, des \u00eatres humains ont besoin de notre aide : nous voulons la fournir \u00e0 toutes celles et ceux pour qui elle est n\u00e9cessaire. Nous nous engageons pour plus de coh\u00e9sion au niveau europ\u00e9en, pour une coexistence pacifique et solidaire avec nos pays voisins.<\/p><p>Lorsque nous parlons de justice, nous devons aussi parler de la responsabilit\u00e9 de la Suisse. La Suisse est certes un petit pays, mais les immenses fortunes qu\u2018elle abrite font d\u2018elle une puissance \u00e9conomique mondiale de premier plan. De grands groupes \u00e9nerg\u00e9tiques et d\u02bcinnombrables si\u00e8ges sociaux de multinationales ont trouv\u00e9 refuge en Suisse, attir\u00e9s par une politique fiscale avantageuse pour eux. Cette situation encourage des pratiques douteuses, au d\u00e9triment de la population et de l\u2019environnement. Ces nombreux groupes parlent de responsabilit\u00e9s, sans pour autant les assumer \u2013 il est de notori\u00e9t\u00e9 publique que nombre d\u2019affaires faites en Suisse, dont une minorit\u00e9 retire d\u2019immenses b\u00e9n\u00e9fices, sont peu reluisantes.<\/p><\/div><\/div><\/div>\t\t\t\t<\/div>\n\t\t\t\t<\/div>\n\t\t\t\t\t<\/div>\n\t\t<\/div>\n\t\t\t\t\t<\/div>\n\t\t<\/section>\n\t\t\t\t<section class=\"elementor-section elementor-top-section elementor-element elementor-element-5a91d1b elementor-section-boxed elementor-section-height-default elementor-section-height-default\" data-id=\"5a91d1b\" data-element_type=\"section\" data-e-type=\"section\" data-settings=\"{&quot;jet_parallax_layout_list&quot;:[]}\">\n\t\t\t\t\t\t<div class=\"elementor-container elementor-column-gap-default\">\n\t\t\t\t\t<div class=\"elementor-column elementor-col-100 elementor-top-column elementor-element elementor-element-1f30421\" data-id=\"1f30421\" data-element_type=\"column\" data-e-type=\"column\">\n\t\t\t<div class=\"elementor-widget-wrap elementor-element-populated\">\n\t\t\t\t\t\t<div class=\"elementor-element elementor-element-6f6e4ea elementor-widget elementor-widget-spps_title_text\" data-id=\"6f6e4ea\" data-element_type=\"widget\" data-e-type=\"widget\" data-widget_type=\"spps_title_text.default\">\n\t\t\t\t<div class=\"elementor-widget-container\">\n\t\t\t\t\t<div class=\"title-text-wrapper \"><div class=\"title-text-title\"><h2>Comment atteindre notre objectif<\/h2><\/div><div class=\"title-text-container\"><div class=\"title-text-text\"><p>Nous voulons faire de la Suisse l\u2019avocate du droit international.<\/p><\/div><\/div><\/div>\t\t\t\t<\/div>\n\t\t\t\t<\/div>\n\t\t\t\t\t<\/div>\n\t\t<\/div>\n\t\t\t\t\t<\/div>\n\t\t<\/section>\n\t\t\t\t<section class=\"elementor-section elementor-top-section elementor-element elementor-element-edd7b24 elementor-section-boxed elementor-section-height-default elementor-section-height-default\" data-id=\"edd7b24\" data-element_type=\"section\" data-e-type=\"section\" data-settings=\"{&quot;jet_parallax_layout_list&quot;:[]}\">\n\t\t\t\t\t\t<div class=\"elementor-container elementor-column-gap-default\">\n\t\t\t\t\t<div class=\"elementor-column elementor-col-100 elementor-top-column elementor-element elementor-element-7979cd4\" data-id=\"7979cd4\" data-element_type=\"column\" data-e-type=\"column\">\n\t\t\t<div class=\"elementor-widget-wrap elementor-element-populated\">\n\t\t\t\t\t\t<div class=\"elementor-element elementor-element-a116fa4 elementor-widget elementor-widget-spps_title_text\" data-id=\"a116fa4\" data-element_type=\"widget\" data-e-type=\"widget\" data-widget_type=\"spps_title_text.default\">\n\t\t\t\t<div class=\"elementor-widget-container\">\n\t\t\t\t\t<div class=\"title-text-wrapper \"><div class=\"title-text-title\"><h3>Rester aux c\u00f4t\u00e9s de la population<\/h3><\/div><div class=\"title-text-container\"><div class=\"title-text-text\"><p>Nous voulons que la Suisse soit un lieu s\u00fbr pour les personnes forc\u00e9es de fuir leur pays. Nous voulons \u00e9galement lutter contre ce qui les poussent \u00e0 prendre la route. La lutte contre la pauvret\u00e9 et la faim doit aussi \u00eatre renforc\u00e9e. Il est temps de mettre fin aux accords douteux qui nous encha\u00eenent aux autocrates tels que Vladimir Poutine. Les milliards des oligarques doivent \u00eatre neutralis\u00e9s. Le commerce des mati\u00e8res premi\u00e8res en Suisse doit \u00eatre soumis \u00e0 des r\u00e8gles claires, en faveur des personnes et non des profits. Les droits humains doivent revenir et rester au centre des accords commerciaux, et au coeur des pr\u00e9occupations.<\/p><\/div><\/div><\/div>\t\t\t\t<\/div>\n\t\t\t\t<\/div>\n\t\t\t\t\t<\/div>\n\t\t<\/div>\n\t\t\t\t\t<\/div>\n\t\t<\/section>\n\t\t\t\t<section class=\"elementor-section elementor-top-section elementor-element elementor-element-482f69d elementor-section-boxed elementor-section-height-default elementor-section-height-default\" data-id=\"482f69d\" data-element_type=\"section\" data-e-type=\"section\" data-settings=\"{&quot;jet_parallax_layout_list&quot;:[]}\">\n\t\t\t\t\t\t<div class=\"elementor-container elementor-column-gap-default\">\n\t\t\t\t\t<div class=\"elementor-column elementor-col-100 elementor-top-column elementor-element elementor-element-a99646c\" data-id=\"a99646c\" data-element_type=\"column\" data-e-type=\"column\">\n\t\t\t<div class=\"elementor-widget-wrap elementor-element-populated\">\n\t\t\t\t\t\t<div class=\"elementor-element elementor-element-0fced68 elementor-widget elementor-widget-spps_title_text\" data-id=\"0fced68\" data-element_type=\"widget\" data-e-type=\"widget\" data-widget_type=\"spps_title_text.default\">\n\t\t\t\t<div class=\"elementor-widget-container\">\n\t\t\t\t\t<div class=\"title-text-wrapper \"><div class=\"title-text-title\"><h3>Les multinationales doivent, enfin, assumer leurs responsabilit\u00e9s<\/h3><\/div><div class=\"title-text-container\"><div class=\"title-text-text\"><p>Nous voulons un mod\u00e8le \u00e9conomique qui les y oblige. Nous voulons une \u00e9conomie au service de la soci\u00e9t\u00e9, pas l\u2019inverse. Nous voulons une Suisse qui d\u00e9fend le commerce \u00e9quitable, ainsi qu\u2019une place financi\u00e8re durable. Nous nous engageons pour l\u2019imp\u00f4t minimum mondial de l\u2019OCDE, car il est temps d\u2019en finir avec les paradis fiscaux et leurs ravages.<\/p><\/div><\/div><\/div>\t\t\t\t<\/div>\n\t\t\t\t<\/div>\n\t\t\t\t\t<\/div>\n\t\t<\/div>\n\t\t\t\t\t<\/div>\n\t\t<\/section>\n\t\t\t\t<section class=\"elementor-section elementor-top-section elementor-element elementor-element-56b7b3e elementor-section-boxed elementor-section-height-default elementor-section-height-default\" data-id=\"56b7b3e\" data-element_type=\"section\" data-e-type=\"section\" data-settings=\"{&quot;jet_parallax_layout_list&quot;:[]}\">\n\t\t\t\t\t\t<div class=\"elementor-container elementor-column-gap-default\">\n\t\t\t\t\t<div class=\"elementor-column elementor-col-100 elementor-top-column elementor-element elementor-element-fbc63d7\" data-id=\"fbc63d7\" data-element_type=\"column\" data-e-type=\"column\">\n\t\t\t<div class=\"elementor-widget-wrap elementor-element-populated\">\n\t\t\t\t\t\t<div class=\"elementor-element elementor-element-34e2faf elementor-widget elementor-widget-spps_title_text\" data-id=\"34e2faf\" data-element_type=\"widget\" data-e-type=\"widget\" data-widget_type=\"spps_title_text.default\">\n\t\t\t\t<div class=\"elementor-widget-container\">\n\t\t\t\t\t<div class=\"title-text-wrapper \"><div class=\"title-text-title\"><h3>La paix, plut\u00f4t que le r\u00e9armement<\/h3><\/div><div class=\"title-text-container\"><div class=\"title-text-text\"><p>Le monde n\u2019a pas besoin de r\u00e9armement, mais de paix. C\u2019est en son nom que nous nous engageons, car la paix est un bien collectif que l\u2019on ne pourra pas obtenir sans coop\u00e9ration globale. Notre t\u00e2che est de renforcer la d\u00e9mocratie et la soci\u00e9t\u00e9 civile, mais aussi de renforcer les institutions internationales de l\u2019UE et de l\u2019ONU. Nous nous engageons pour la paix.<\/p><\/div><\/div><\/div>\t\t\t\t<\/div>\n\t\t\t\t<\/div>\n\t\t\t\t\t<\/div>\n\t\t<\/div>\n\t\t\t\t\t<\/div>\n\t\t<\/section>\n\t\t\t\t<section class=\"elementor-section elementor-top-section elementor-element elementor-element-f354131 elementor-section-boxed elementor-section-height-default elementor-section-height-default\" data-id=\"f354131\" data-element_type=\"section\" data-e-type=\"section\" data-settings=\"{&quot;jet_parallax_layout_list&quot;:[]}\">\n\t\t\t\t\t\t<div class=\"elementor-container elementor-column-gap-default\">\n\t\t\t\t\t<div class=\"elementor-column elementor-col-100 elementor-top-column elementor-element elementor-element-31f0fe4\" data-id=\"31f0fe4\" data-element_type=\"column\" data-e-type=\"column\">\n\t\t\t<div class=\"elementor-widget-wrap elementor-element-populated\">\n\t\t\t\t\t\t<div class=\"elementor-element elementor-element-d4109ae elementor-widget elementor-widget-spps_button_list\" data-id=\"d4109ae\" data-element_type=\"widget\" data-e-type=\"widget\" data-widget_type=\"spps_button_list.default\">\n\t\t\t\t<div class=\"elementor-widget-container\">\n\t\t\t\t\t<div class=\"button-list-wrapper   \"><div class=\"button-list-title\"><h3>Des solutions communes aux probl\u00e8mes communs<\/h3><\/div><div class=\"button-list-container\"><div class=\"button-list-text\"><p>En mati\u00e8re de politique europ\u00e9enne, nous voulons une voix forte et audible pour la Suisse. Notre objectif est une Europe pacifique, d\u00e9mocratique, sociale et \u00e9cologique. Nous voulons participer \u00e0 son d\u00e9veloppement, dans l\u2019int\u00e9r\u00eat de toutes et tous ses habitant- es, \u00e0 l\u2019int\u00e9rieur comme \u00e0 l\u2019ext\u00e9rieur de nos fronti\u00e8res. C\u2019est pourquoi le PS Suisse s\u2019engage pour de meilleures relations entre la Suisse et l\u2019Union europ\u00e9enne. Seules des solutions communes r\u00e9soudront les probl\u00e8mes communs. N\u00e9goci\u00e9e intelligemment, une adh\u00e9sion \u00e0 l\u2019UE \u2013 malgr\u00e9 ses lacunes en mati\u00e8re de justice sociale - reste la meilleure des options pour la Suisse. C\u2019est pourquoi le PS Suisse collabore d\u00e9j\u00e0 avec ses partis fr\u00e8res pour une Europe sociale et \u00e9cologique.<\/p><\/div><\/div><\/div>\t\t\t\t<\/div>\n\t\t\t\t<\/div>\n\t\t\t\t\t<\/div>\n\t\t<\/div>\n\t\t\t\t\t<\/div>\n\t\t<\/section>\n\t\t\t\t<\/div>\n\t\t","protected":false},"excerpt":{"rendered":"<p>Justice globale Nous prenons parti pour la paix, la justice globale et la coh\u00e9sion europ\u00e9enne. La raison de notre engagement La Suisse est situ\u00e9e au coeur de l\u2019Europe et elle [&hellip;]<\/p>\n","protected":false},"author":50,"featured_media":0,"parent":0,"menu_order":0,"comment_status":"closed","ping_status":"closed","template":"","meta":{"footnotes":""},"class_list":["post-84734","page","type-page","status-publish","hentry"],"_links":{"self":[{"href":"https:\/\/staging.sp-ps.ch\/fr\/wp-json\/wp\/v2\/pages\/84734","targetHints":{"allow":["GET"]}}],"collection":[{"href":"https:\/\/staging.sp-ps.ch\/fr\/wp-json\/wp\/v2\/pages"}],"about":[{"href":"https:\/\/staging.sp-ps.ch\/fr\/wp-json\/wp\/v2\/types\/page"}],"author":[{"embeddable":true,"href":"https:\/\/staging.sp-ps.ch\/fr\/wp-json\/wp\/v2\/users\/50"}],"replies":[{"embeddable":true,"href":"https:\/\/staging.sp-ps.ch\/fr\/wp-json\/wp\/v2\/comments?post=84734"}],"version-history":[{"count":13,"href":"https:\/\/staging.sp-ps.ch\/fr\/wp-json\/wp\/v2\/pages\/84734\/revisions"}],"predecessor-version":[{"id":84748,"href":"https:\/\/staging.sp-ps.ch\/fr\/wp-json\/wp\/v2\/pages\/84734\/revisions\/84748"}],"wp:attachment":[{"href":"https:\/\/staging.sp-ps.ch\/fr\/wp-json\/wp\/v2\/media?parent=84734"}],"curies":[{"name":"wp","href":"https:\/\/api.w.org\/{rel}","templated":true}]}}