{"id":90474,"date":"2023-03-03T15:42:48","date_gmt":"2023-03-03T14:42:48","guid":{"rendered":"https:\/\/staging.sp-ps.ch\/?page_id=90474"},"modified":"2025-06-23T17:37:05","modified_gmt":"2025-06-23T15:37:05","slug":"personnes-de-confiance","status":"publish","type":"page","link":"https:\/\/staging.sp-ps.ch\/fr\/personnes-de-confiance\/","title":{"rendered":"Personnes de confiance"},"content":{"rendered":"\t\t<div data-elementor-type=\"wp-page\" data-elementor-id=\"90474\" class=\"elementor elementor-90474\" data-elementor-post-type=\"page\">\n\t\t\t\t\t\t<section class=\"elementor-section elementor-top-section elementor-element elementor-element-8b99ad9 elementor-section-boxed elementor-section-height-default elementor-section-height-default\" data-id=\"8b99ad9\" data-element_type=\"section\" data-e-type=\"section\" data-settings=\"{&quot;jet_parallax_layout_list&quot;:[],&quot;background_background&quot;:&quot;classic&quot;}\">\n\t\t\t\t\t\t<div class=\"elementor-container elementor-column-gap-wide\">\n\t\t\t\t\t<div class=\"elementor-column elementor-col-100 elementor-top-column elementor-element elementor-element-f9aee72\" data-id=\"f9aee72\" data-element_type=\"column\" data-e-type=\"column\">\n\t\t\t<div class=\"elementor-widget-wrap elementor-element-populated\">\n\t\t\t\t\t\t<div class=\"elementor-element elementor-element-4d478a7 elementor-widget elementor-widget-heading\" data-id=\"4d478a7\" data-element_type=\"widget\" data-e-type=\"widget\" data-widget_type=\"heading.default\">\n\t\t\t\t<div class=\"elementor-widget-container\">\n\t\t\t\t\t<h1 class=\"elementor-heading-title elementor-size-default\">R\u00e9seau de personnes de confiance<\/h1>\t\t\t\t<\/div>\n\t\t\t\t<\/div>\n\t\t\t\t<div class=\"elementor-element elementor-element-8ebb827 elementor-widget elementor-widget-jet-breadcrumbs\" data-id=\"8ebb827\" data-element_type=\"widget\" data-e-type=\"widget\" data-widget_type=\"jet-breadcrumbs.default\">\n\t\t\t\t<div class=\"elementor-widget-container\">\n\t\t\t\t\t<div class=\"elementor-jet-breadcrumbs jet-blocks\">\n\t\t<div class=\"jet-breadcrumbs\">\n\t\t<div class=\"jet-breadcrumbs__content\">\n\t\t<div class=\"jet-breadcrumbs__wrap\">\n\t\t<\/div>\n\t\t<\/div>\n\t\t<\/div><\/div>\t\t\t\t<\/div>\n\t\t\t\t<\/div>\n\t\t\t\t<div class=\"elementor-element elementor-element-a0bba0c elementor-widget__width-initial elementor-widget elementor-widget-text-editor\" data-id=\"a0bba0c\" data-element_type=\"widget\" data-e-type=\"widget\" data-widget_type=\"text-editor.default\">\n\t\t\t\t<div class=\"elementor-widget-container\">\n\t\t\t\t\t\t\t\t\t<p><strong>Des remarques sur ta couleur de peau ont \u00e9t\u00e9 prononc\u00e9es lors d\u2019une manifestation du parti\u00a0? On t\u2019a fait des avances \u00e0 caract\u00e8re sexuel lors d\u2019une action de stand\u00a0? Une personne s\u2019adresse \u00e0 toi en utilisant d\u00e9lib\u00e9r\u00e9ment un ou des pronoms incorrects\u00a0? Quelqu\u2019un t\u2019a trait\u00e9-e avec d\u00e9dain parce que tu vis avec un handicap\u00a0? On te refuse un poste parce que tu es enceinte\u00a0? \u00c0 tout cela, nous disons\u00a0: stop\u00a0! Toute forme de harc\u00e8lement et de discrimination est fondamentalement incompatible avec les valeurs d\u00e9fendues par le\u00a0PS\u00a0Suisse. En tant que personnes de confiance, nous sommes \u00e0 ta disposition si tu as besoin de soutien.<\/strong><\/p><p><strong>\u00a0<\/strong><\/p>\t\t\t\t\t\t\t\t<\/div>\n\t\t\t\t<\/div>\n\t\t\t\t\t<\/div>\n\t\t<\/div>\n\t\t\t\t\t<\/div>\n\t\t<\/section>\n\t\t\t\t<section class=\"elementor-section elementor-top-section elementor-element elementor-element-98dfaaf elementor-section-boxed elementor-section-height-default elementor-section-height-default\" data-id=\"98dfaaf\" data-element_type=\"section\" data-e-type=\"section\" data-settings=\"{&quot;jet_parallax_layout_list&quot;:[]}\">\n\t\t\t\t\t\t<div class=\"elementor-container elementor-column-gap-default\">\n\t\t\t\t\t<div class=\"elementor-column elementor-col-100 elementor-top-column elementor-element elementor-element-cadb836\" data-id=\"cadb836\" data-element_type=\"column\" data-e-type=\"column\">\n\t\t\t<div class=\"elementor-widget-wrap elementor-element-populated\">\n\t\t\t\t\t\t<div class=\"elementor-element elementor-element-fefbd21 elementor-widget-tablet__width-initial elementor-widget elementor-widget-spps_button_list\" data-id=\"fefbd21\" data-element_type=\"widget\" data-e-type=\"widget\" data-widget_type=\"spps_button_list.default\">\n\t\t\t\t<div class=\"elementor-widget-container\">\n\t\t\t\t\t<div class=\"button-list-wrapper wrapper-spacing-default  \"><div class=\"button-list-title\"><h2>R\u00e9seau de personnes de confiance - contre la discrimination et le harc\u00e8lement sexuel, y compris dans notre parti !<\/h2><\/div><div class=\"button-list-container\"><div class=\"button-list-text\"><p>Le\u00a0PS\u00a0Suisse ne tol\u00e8re pas que ses membres, ses collaborateurs\/trices ou d\u2019autres personnes associ\u00e9es au parti soient discrimin\u00e9-es ou harcel\u00e9-es sexuellement sous quelque forme que ce soit, ni qu\u2019ils\/elles se rendent eux-m\u00eames\/elles-m\u00eames coupables de tels comportements.<\/p><p>Afin de pouvoir r\u00e9agir de mani\u00e8re appropri\u00e9e aux cas de discrimination et de harc\u00e8lement au sein du parti, le PS\u00a0Suisse a mis en place le \u00ab\u00a0r\u00e9seau de personnes de confiance\u00a0\u00bb. Celui-ci est compos\u00e9 de sept \u00e0 neuf personnes. Notre mission est d\u2019\u00e9couter les personnes concern\u00e9es, de leur apporter un soutien sp\u00e9cialis\u00e9 et de trouver avec elles la meilleure fa\u00e7on de proc\u00e9der. Nous, les personnes de confiance, devons nous garder de prendre des mesures qui n\u2019ont pas \u00e9t\u00e9 d\u00e9finies d\u2019entente avec vous, les personnes concern\u00e9es. En tant que personne de confiance, chacun-e de nous est soumis-e au secret professionnel et se r\u00e9cuse en cas de conflit d\u2019int\u00e9r\u00eats pendant l\u2019entretien-consultation. En tant que personnes concern\u00e9es, vous pouvez \u00e0 tout moment intenter une action en justice. Nous, les personnes de confiance, sommes de tous les sexes. Vous pouvez vous adresser \u00e0 nous en allemand, fran\u00e7ais et italien.<\/p><h3><strong>Directive contre le harc\u00e8lement sexuel et la discrimination<\/strong><\/h3><p>En\u00a02021, la Conf\u00e9rence de coordination des partis et organes cantonaux de l\u2019\u00e9poque a \u00e9dict\u00e9 une directive contre la discrimination et le harc\u00e8lement sexuel au sein du PS\u00a0Suisse. Ce r\u00e8glement s\u2019applique aux membres et aux sympathisant-es de notre parti. Il s\u2019\u00e9tend \u00e0 la conduite des un-es envers les autres et envers les personnes tierces \u2013 donc, par exemple, envers les employ\u00e9-es du parti. La directive \u00e9nonce des convictions fondamentales\u00a0: toute forme de harc\u00e8lement et de discrimination est fondamentalement incompatible avec les valeurs d\u00e9fendues par le\u00a0PS\u00a0Suisse. Toute personne a le droit de vivre sa vie sans \u00eatre victime de harc\u00e8lement sexuel ni de discrimination d\u2019aucune sorte, ind\u00e9pendamment de son \u00e2ge, de son identit\u00e9 de genre, de son orientation sexuelle, de son \u00e9ventuel handicap, de sa religion, de son apparence physique, de son origine ethnique ou de toute autre caract\u00e9ristique.<\/p><h3><strong>Un soutien professionnel<\/strong><\/h3><p>Nous, les personnes de confiance, sommes encadr\u00e9-es en arri\u00e8re-plan par des sp\u00e9cialistes, nomm\u00e9ment Katharina Jeger et Martin Hengartner. En tant que personnes de confiance, nous pouvons nous entretenir avec ces trois personnes en toute confidentialit\u00e9 dans les cas difficiles (supervision). En outre, Katharina et Martin organisent des s\u00e9ances d\u2019intervision (\u00e9change entre les personnes de confiance) et des formations continues sp\u00e9cialis\u00e9es. Il et elles initient les nouvelles personnes de confiance.<\/p><p>Katharina Jeger et Martin Hengartner ont d\u00e9j\u00e0 conseill\u00e9 diff\u00e9rentes entreprises et nous font profiter de leur exp\u00e9rience en tant que personnes de confiance internes et externes.\u00a0<\/p><p>Le r\u00e9seau de personnes de confiance est coordonn\u00e9 par Laura Riget\u00a0: <a href=\"mailto:laura.riget@spschweiz.ch\">laura.riget@spschweiz.ch<\/a><\/p><\/div><div class=\"button-list-items\"><div class=\"button-list-item\"><div class=\"button-wrapper \"><a href=\"https:\/\/staging.sp-ps.ch\/wp-content\/uploads\/2022\/11\/Directive_Discrimination_Harcelement_SPS_2021_F.pdf\"  target=\"_self\" class=\"button-link button-link-download\" >Directive contre la discrimination et le harc\u00e8lement sexuel au sein du PS Suisse (2021)<span class=\"button-media-date\">18.04.2026<\/span><\/a><\/div><\/div><\/div><\/div><\/div>\t\t\t\t<\/div>\n\t\t\t\t<\/div>\n\t\t\t\t\t<\/div>\n\t\t<\/div>\n\t\t\t\t\t<\/div>\n\t\t<\/section>\n\t\t\t\t<section class=\"elementor-section elementor-top-section elementor-element elementor-element-3334c2c elementor-section-boxed elementor-section-height-default elementor-section-height-default\" data-id=\"3334c2c\" data-element_type=\"section\" data-e-type=\"section\" data-settings=\"{&quot;jet_parallax_layout_list&quot;:[]}\">\n\t\t\t\t\t\t<div class=\"elementor-container elementor-column-gap-default\">\n\t\t\t\t\t<div class=\"elementor-column elementor-col-100 elementor-top-column elementor-element elementor-element-11a9577\" data-id=\"11a9577\" data-element_type=\"column\" data-e-type=\"column\">\n\t\t\t<div class=\"elementor-widget-wrap elementor-element-populated\">\n\t\t\t\t\t\t<div class=\"elementor-element elementor-element-f6f4030 elementor-widget elementor-widget-spps_person_grid\" data-id=\"f6f4030\" data-element_type=\"widget\" data-e-type=\"widget\" data-widget_type=\"spps_person_grid.default\">\n\t\t\t\t<div class=\"elementor-widget-container\">\n\t\t\t\t\t<div class=\"button-list-wrapper wrapper-spacing-small\"><div class=\"button-list-title\"><h3>Le r\u00e9seau de personnes de confiance<\/h3><\/div><div class=\"button-list-container\"><div class=\"button-list-text\"><p>Vous trouverez ici vos interlocuteur-trices - nous sommes \u00e0 votre disposition.<\/p><\/div><div class=\"persons persons-grid-2\"><div class=\"persons-items\"><div class=\"persons-item\"><div class=\"person-container\"><div class=\"person-portrait\"><a href=\"https:\/\/staging.sp-ps.ch\/fr\/person\/yvonne-apiyo-braendle-amolo\/\"><img decoding=\"async\" src=\"https:\/\/staging.sp-ps.ch\/wp-content\/uploads\/2019\/08\/yellow-mellow_Apiyo-600x600.jpg?v=1678384826\" alt=\"Yvonne Apiyo Br\u00e4ndle-Amolo\" loading=\"lazy\"><\/a><\/div><div class=\"person-content\"><a href=\"https:\/\/staging.sp-ps.ch\/fr\/person\/yvonne-apiyo-braendle-amolo\/\" class=\"person-name\"><p><strong>Yvonne Apiyo Br\u00e4ndle-Amolo<\/strong><\/p><\/a><p class=\"person-position\">PS Migrant-es Zurich, D\u00e9l\u00e9gu\u00e9e au Conseil du parti<\/p><ul class=\"person-kontakt list-pills list-pills-grey\"><li><a href=\"mailto:yamolo@hotmail.com\">E-Mail<\/a><\/li><\/ul><\/div><\/div><\/div><div class=\"persons-item\"><div class=\"person-container\"><div class=\"person-portrait\"><a href=\"https:\/\/staging.sp-ps.ch\/fr\/person\/pia-engler\/\"><img decoding=\"async\" src=\"https:\/\/staging.sp-ps.ch\/wp-content\/uploads\/2024\/10\/Pia_Engler_cropped-600x600.jpg?v=1727948507\" alt=\"Pia Engler\" loading=\"lazy\"><\/a><\/div><div class=\"person-content\"><a href=\"https:\/\/staging.sp-ps.ch\/fr\/person\/pia-engler\/\" class=\"person-name\"><p><strong>Pia Engler<\/strong><\/p><\/a><p class=\"person-position\">Membre du PS Lucerne et d\u00e9put\u00e9e<\/p><ul class=\"person-kontakt list-pills list-pills-grey\"><li><a href=\"mailto:pia_engler@bluewin.ch\">E-Mail<\/a><\/li><\/ul><\/div><\/div><\/div><div class=\"persons-item\"><div class=\"person-container\"><div class=\"person-portrait\"><a href=\"https:\/\/staging.sp-ps.ch\/fr\/person\/mia-jenni\/\"><img decoding=\"async\" src=\"https:\/\/staging.sp-ps.ch\/wp-content\/uploads\/2022\/06\/mia_quadrat-2-600x600.jpg?v=1659529638\" alt=\"Mia Jenni\" loading=\"lazy\"><\/a><\/div><div class=\"person-content\"><a href=\"https:\/\/staging.sp-ps.ch\/fr\/person\/mia-jenni\/\" class=\"person-name\"><p><strong>Mia Jenni<\/strong><\/p><\/a><p class=\"person-position\">Secr\u00e9tariat PS queer (elle)<\/p><ul class=\"person-kontakt list-pills list-pills-grey\"><li><a href=\"tel:+41313296996\">+41 31 329 69 96<\/a><\/li><li><a href=\"mailto:mia.jenni@spschweiz.ch\">E-Mail<\/a><\/li><\/ul><\/div><\/div><\/div><div class=\"persons-item\"><div class=\"person-container\"><div class=\"person-portrait\"><a href=\"https:\/\/staging.sp-ps.ch\/fr\/person\/nils-jocher-2\/\"><img decoding=\"async\" src=\"https:\/\/staging.sp-ps.ch\/wp-content\/uploads\/2024\/02\/spfrenkendorf_weissheimer-9476_Nils_Jocher-600x600.jpg?v=1706781574\" alt=\"Nils Jocher (er\/ihn)\" loading=\"lazy\"><\/a><\/div><div class=\"person-content\"><a href=\"https:\/\/staging.sp-ps.ch\/fr\/person\/nils-jocher-2\/\" class=\"person-name\"><p><strong>Nils Jocher (er\/ihn)<\/strong><\/p><\/a><p class=\"person-position\">Pr\u00e9sident du PS B\u00e2le-Campagne<\/p><ul class=\"person-kontakt list-pills list-pills-grey\"><li><a href=\"mailto:nils.jocher@sp-bl.ch\">E-Mail<\/a><\/li><\/ul><\/div><\/div><\/div><div class=\"persons-item\"><div class=\"person-container\"><div class=\"person-portrait\"><a href=\"https:\/\/staging.sp-ps.ch\/fr\/person\/gina-la-mantia\/\"><img decoding=\"async\" src=\"https:\/\/staging.sp-ps.ch\/wp-content\/uploads\/2019\/11\/DSCF4584_quadrat-600x600.jpg?v=1708351778\" alt=\"Gina La Mantia\" loading=\"lazy\"><\/a><\/div><div class=\"person-content\"><a href=\"https:\/\/staging.sp-ps.ch\/fr\/person\/gina-la-mantia\/\" class=\"person-name\"><p><strong>Gina La Mantia<\/strong><\/p><\/a><p class=\"person-position\">Formation &amp; organisation du parti &amp; Secr\u00e9tariat PS International<\/p><ul class=\"person-kontakt list-pills list-pills-grey\"><li><a href=\"tel:+41315122708\">+41 31 512 27 08<\/a><\/li><li><a href=\"mailto:gina.lamantia@spschweiz.ch\">E-Mail<\/a><\/li><\/ul><\/div><\/div><\/div><\/div><\/div><\/div><\/div>\t\t\t\t<\/div>\n\t\t\t\t<\/div>\n\t\t\t\t\t<\/div>\n\t\t<\/div>\n\t\t\t\t\t<\/div>\n\t\t<\/section>\n\t\t\t\t<\/div>\n\t\t","protected":false},"excerpt":{"rendered":"<p>R\u00e9seau de personnes de confiance Des remarques sur ta couleur de peau ont \u00e9t\u00e9 prononc\u00e9es lors d\u2019une manifestation du parti\u00a0? On t\u2019a fait des avances \u00e0 caract\u00e8re sexuel lors d\u2019une [&hellip;]<\/p>\n","protected":false},"author":64,"featured_media":0,"parent":0,"menu_order":0,"comment_status":"closed","ping_status":"closed","template":"","meta":{"footnotes":""},"class_list":["post-90474","page","type-page","status-publish","hentry"],"_links":{"self":[{"href":"https:\/\/staging.sp-ps.ch\/fr\/wp-json\/wp\/v2\/pages\/90474","targetHints":{"allow":["GET"]}}],"collection":[{"href":"https:\/\/staging.sp-ps.ch\/fr\/wp-json\/wp\/v2\/pages"}],"about":[{"href":"https:\/\/staging.sp-ps.ch\/fr\/wp-json\/wp\/v2\/types\/page"}],"author":[{"embeddable":true,"href":"https:\/\/staging.sp-ps.ch\/fr\/wp-json\/wp\/v2\/users\/64"}],"replies":[{"embeddable":true,"href":"https:\/\/staging.sp-ps.ch\/fr\/wp-json\/wp\/v2\/comments?post=90474"}],"version-history":[{"count":62,"href":"https:\/\/staging.sp-ps.ch\/fr\/wp-json\/wp\/v2\/pages\/90474\/revisions"}],"predecessor-version":[{"id":163922,"href":"https:\/\/staging.sp-ps.ch\/fr\/wp-json\/wp\/v2\/pages\/90474\/revisions\/163922"}],"wp:attachment":[{"href":"https:\/\/staging.sp-ps.ch\/fr\/wp-json\/wp\/v2\/media?parent=90474"}],"curies":[{"name":"wp","href":"https:\/\/api.w.org\/{rel}","templated":true}]}}