{"id":91136,"date":"2023-02-13T15:21:15","date_gmt":"2023-02-13T14:21:15","guid":{"rendered":"https:\/\/staging.sp-ps.ch\/nos-positions\/dossiers-a-z\/droits-humains-democratie-et-justice\/"},"modified":"2025-09-15T08:27:49","modified_gmt":"2025-09-15T06:27:49","slug":"droits-humains-democratie-et-justice","status":"publish","type":"page","link":"https:\/\/staging.sp-ps.ch\/fr\/nos-positions\/dossiers-a-z\/droits-humains-democratie-et-justice\/","title":{"rendered":"Droits humains, d\u00e9mocratie et justice"},"content":{"rendered":"\t\t<div data-elementor-type=\"wp-page\" data-elementor-id=\"91136\" class=\"elementor elementor-91136 elementor-16733\" data-elementor-post-type=\"page\">\n\t\t\t\t\t\t<section class=\"elementor-section elementor-top-section elementor-element elementor-element-ab349e7 elementor-section-boxed elementor-section-height-default elementor-section-height-default\" data-id=\"ab349e7\" data-element_type=\"section\" data-e-type=\"section\" data-settings=\"{&quot;jet_parallax_layout_list&quot;:[],&quot;background_background&quot;:&quot;classic&quot;}\">\n\t\t\t\t\t\t<div class=\"elementor-container elementor-column-gap-wide\">\n\t\t\t\t\t<div class=\"elementor-column elementor-col-100 elementor-top-column elementor-element elementor-element-0088a7a\" data-id=\"0088a7a\" data-element_type=\"column\" data-e-type=\"column\">\n\t\t\t<div class=\"elementor-widget-wrap elementor-element-populated\">\n\t\t\t\t\t\t<div class=\"elementor-element elementor-element-1078b59 elementor-widget elementor-widget-heading\" data-id=\"1078b59\" data-element_type=\"widget\" data-e-type=\"widget\" data-widget_type=\"heading.default\">\n\t\t\t\t<div class=\"elementor-widget-container\">\n\t\t\t\t\t<h1 class=\"elementor-heading-title elementor-size-default\">Droits humains,  d\u00e9mocratie et justice<\/h1>\t\t\t\t<\/div>\n\t\t\t\t<\/div>\n\t\t\t\t<div class=\"elementor-element elementor-element-003b9dc elementor-widget elementor-widget-jet-breadcrumbs\" data-id=\"003b9dc\" data-element_type=\"widget\" data-e-type=\"widget\" data-widget_type=\"jet-breadcrumbs.default\">\n\t\t\t\t<div class=\"elementor-widget-container\">\n\t\t\t\t\t<div class=\"elementor-jet-breadcrumbs jet-blocks\">\n\t\t<div class=\"jet-breadcrumbs\">\n\t\t<div class=\"jet-breadcrumbs__content\">\n\t\t<div class=\"jet-breadcrumbs__wrap\">\n\t\t<\/div>\n\t\t<\/div>\n\t\t<\/div><\/div>\t\t\t\t<\/div>\n\t\t\t\t<\/div>\n\t\t\t\t<div class=\"elementor-element elementor-element-23b9e68 elementor-widget__width-initial elementor-widget elementor-widget-text-editor\" data-id=\"23b9e68\" data-element_type=\"widget\" data-e-type=\"widget\" data-widget_type=\"text-editor.default\">\n\t\t\t\t<div class=\"elementor-widget-container\">\n\t\t\t\t\t\t\t\t\t<p>Le PS s&#8217;engage avec conviction pour que ce ne soit pas la loi du plus fort qui pr\u00e9domine, car l&#8217;\u00c9tat de droit et la d\u00e9mocratie constituent les fondements de notre \u00c9tat.<\/p>\n\t\t\t\t\t\t\t\t<\/div>\n\t\t\t\t<\/div>\n\t\t\t\t\t<\/div>\n\t\t<\/div>\n\t\t\t\t\t<\/div>\n\t\t<\/section>\n\t\t\t\t<section class=\"elementor-section elementor-top-section elementor-element elementor-element-9b7c0f2 elementor-section-full_width elementor-section-height-min-height elementor-section-height-default elementor-section-items-middle\" data-id=\"9b7c0f2\" data-element_type=\"section\" data-e-type=\"section\" data-settings=\"{&quot;jet_parallax_layout_list&quot;:[]}\">\n\t\t\t\t\t\t<div class=\"elementor-container elementor-column-gap-no\">\n\t\t\t\t\t<div class=\"elementor-column elementor-col-100 elementor-top-column elementor-element elementor-element-29b146c\" data-id=\"29b146c\" data-element_type=\"column\" data-e-type=\"column\">\n\t\t\t<div class=\"elementor-widget-wrap elementor-element-populated\">\n\t\t\t\t\t\t<div class=\"elementor-element elementor-element-f45b571 elementor-widget elementor-widget-image\" data-id=\"f45b571\" data-element_type=\"widget\" data-e-type=\"widget\" data-widget_type=\"image.default\">\n\t\t\t\t<div class=\"elementor-widget-container\">\n\t\t\t\t\t\t\t\t\t\t\t\t\t\t\t<img fetchpriority=\"high\" decoding=\"async\" width=\"2400\" height=\"1600\" src=\"https:\/\/staging.sp-ps.ch\/wp-content\/uploads\/2022\/06\/tingey-injury-law-firm-veNb0DDegzE-unsplash.jpg\" class=\"attachment-full size-full wp-image-14433\" alt=\"\" srcset=\"https:\/\/staging.sp-ps.ch\/wp-content\/uploads\/2022\/06\/tingey-injury-law-firm-veNb0DDegzE-unsplash.jpg 2400w, https:\/\/staging.sp-ps.ch\/wp-content\/uploads\/2022\/06\/tingey-injury-law-firm-veNb0DDegzE-unsplash-300x200.jpg 300w, https:\/\/staging.sp-ps.ch\/wp-content\/uploads\/2022\/06\/tingey-injury-law-firm-veNb0DDegzE-unsplash-1024x683.jpg 1024w, https:\/\/staging.sp-ps.ch\/wp-content\/uploads\/2022\/06\/tingey-injury-law-firm-veNb0DDegzE-unsplash-768x512.jpg 768w, https:\/\/staging.sp-ps.ch\/wp-content\/uploads\/2022\/06\/tingey-injury-law-firm-veNb0DDegzE-unsplash-1536x1024.jpg 1536w, https:\/\/staging.sp-ps.ch\/wp-content\/uploads\/2022\/06\/tingey-injury-law-firm-veNb0DDegzE-unsplash-2048x1365.jpg 2048w\" sizes=\"(max-width: 2400px) 100vw, 2400px\" \/>\t\t\t\t\t\t\t\t\t\t\t\t\t\t\t<\/div>\n\t\t\t\t<\/div>\n\t\t\t\t\t<\/div>\n\t\t<\/div>\n\t\t\t\t\t<\/div>\n\t\t<\/section>\n\t\t\t\t<section class=\"elementor-section elementor-top-section elementor-element elementor-element-b18eea7 elementor-section-boxed elementor-section-height-default elementor-section-height-default\" data-id=\"b18eea7\" data-element_type=\"section\" data-e-type=\"section\" data-settings=\"{&quot;jet_parallax_layout_list&quot;:[]}\">\n\t\t\t\t\t\t<div class=\"elementor-container elementor-column-gap-default\">\n\t\t\t\t\t<div class=\"elementor-column elementor-col-100 elementor-top-column elementor-element elementor-element-13813cb\" data-id=\"13813cb\" data-element_type=\"column\" data-e-type=\"column\">\n\t\t\t<div class=\"elementor-widget-wrap elementor-element-populated\">\n\t\t\t\t\t\t<div class=\"elementor-element elementor-element-8e664ea elementor-widget elementor-widget-spps_button_list\" data-id=\"8e664ea\" data-element_type=\"widget\" data-e-type=\"widget\" data-widget_type=\"spps_button_list.default\">\n\t\t\t\t<div class=\"elementor-widget-container\">\n\t\t\t\t\t<div class=\"button-list-wrapper wrapper-spacing-default  \"><div class=\"button-list-title\"><h2>Droits humains, d\u00e9mocratie et justice<\/h2><\/div><div class=\"button-list-container\"><div class=\"button-list-text\"><p>La d\u00e9mocratie directe et l'\u00c9tat de droit constituent les fondements de notre pays et ne vont pas l\u2019un sans l\u2019autre. Le PS se bat contre la loi du plus fort et pour la protection de l'\u00c9tat de droit et des droits humains. Nous nous engageons pour le renforcement de la d\u00e9mocratie directe et d\u00e9fendons un \u00c9tat de droit bas\u00e9 sur l'\u00e9galit\u00e9, la libert\u00e9 et la solidarit\u00e9. Un droit international qui fonctionne en g\u00e9n\u00e9ral et une protection internationale des droits humains efficace en particulier sont dans l'int\u00e9r\u00eat du petit \u00c9tat qu'est la Suisse. Ils prot\u00e8gent les habitantes et habitants de notre pays contre l'arbitraire de l'\u00c9tat et les minorit\u00e9s contre les discriminations de la majorit\u00e9. C'est pourquoi la Suisse doit \u00e9galement pr\u00e9server et d\u00e9fendre la protection internationale des droits humains.<\/p>\n<p>&nbsp;<\/p>\n<h3>Le PS Suisse \u00e9met les revendications suivantes\u00a0:<\/h3>\n<ul style ='list-style: none;'>\n<li style =\"background-image:url('https:\/\/staging.sp-ps.ch\/wp-content\/plugins\/elementor\/assets\/images\/placeholder.png'); background-size:0px;\">La garantie de la participation politique pour toutes et tous \u2013 en particulier pour les personnes en situation de handicap ;<\/li>\n<li style =\"background-image:url('https:\/\/staging.sp-ps.ch\/wp-content\/plugins\/elementor\/assets\/images\/placeholder.png'); background-size:0px;\">L'acc\u00e8s \u00e0 la justice pour toutes et tous les justiciables : la voie vers les tribunaux suisses doit \u00eatre ouverte \u00e0 tout le monde, ind\u00e9pendamment de leurs capacit\u00e9s financi\u00e8res ;<\/li>\n<li style =\"background-image:url('https:\/\/staging.sp-ps.ch\/wp-content\/plugins\/elementor\/assets\/images\/placeholder.png'); background-size:0px;\">Un engagement cons\u00e9quent contre tous les affaiblissements de la protection nationale et internationale des droits fondamentaux et des droits humains.<\/li>\n<\/ul>\n<\/div><\/div><\/div>\t\t\t\t<\/div>\n\t\t\t\t<\/div>\n\t\t\t\t<div class=\"elementor-element elementor-element-f8a15bc elementor-widget elementor-widget-spps_button_list\" data-id=\"f8a15bc\" data-element_type=\"widget\" data-e-type=\"widget\" data-widget_type=\"spps_button_list.default\">\n\t\t\t\t<div class=\"elementor-widget-container\">\n\t\t\t\t\t<div class=\"button-list-wrapper wrapper-spacing-small  \"><div class=\"button-list-title\"><h3>R\u00e9solutions<\/h3><\/div><div class=\"button-list-container\"><div class=\"button-list-items\"><div class=\"button-list-item\"><div class=\"button-wrapper \"><a href=\"https:\/\/staging.sp-ps.ch\/wp-content\/uploads\/2026\/03\/Combattre-l_antisemitisme-avec-determination_en-passant-des-paroles-aux-actes-concrets.pdf\"  target=\"_self\" class=\"button-link button-link-download\" >Combattre l\u2019antis\u00e9mitisme avec d\u00e9termination, en passant des paroles aux actes concrets (2026)<span class=\"button-media-date\">04.03.2026<\/span><\/a><\/div><\/div><div class=\"button-list-item\"><div class=\"button-wrapper \"><a href=\"https:\/\/staging.sp-ps.ch\/wp-content\/uploads\/2026\/03\/Pour-une-veritable-autodetermination_contre-le-racisme-antimusulman.pdf\"  target=\"_self\" class=\"button-link button-link-download\" >Pour une v\u00e9ritable autod\u00e9termination \u2013 contre le racisme antimusulman. Une r\u00e9solution pour l\u2019\u00e9galit\u00e9, la libert\u00e9 religieuse et la non-discrimination (2026)<span class=\"button-media-date\">04.03.2026<\/span><\/a><\/div><\/div><div class=\"button-list-item\"><div class=\"button-wrapper \"><a href=\"https:\/\/staging.sp-ps.ch\/wp-content\/uploads\/2025\/10\/Pour-la-paix-au-Proche-Orient.pdf\"  target=\"_self\" class=\"button-link button-link-download\" >Pour la paix au Proche Orient (2025)<span class=\"button-media-date\">28.10.2025<\/span><\/a><\/div><\/div><div class=\"button-list-item\"><div class=\"button-wrapper \"><a href=\"https:\/\/staging.sp-ps.ch\/wp-content\/uploads\/2025\/10\/Resolution-sur-la-situation-a-Sri-Lanka.pdf\"  target=\"_self\" class=\"button-link button-link-download\" >R\u00e9solution sur la situation \u00e0 Sri Lanka (2025)<span class=\"button-media-date\">28.10.2025<\/span><\/a><\/div><\/div><div class=\"button-list-item\"><div class=\"button-wrapper \"><a href=\"https:\/\/staging.sp-ps.ch\/wp-content\/uploads\/2025\/10\/Soins-de-sante-pour-les-personnes-TRANS.pdf\"  target=\"_self\" class=\"button-link button-link-download\" >Soins de sant\u00e9 pour les personnes TRANS (2025)<span class=\"button-media-date\">28.10.2025<\/span><\/a><\/div><\/div><div class=\"button-list-item button-list-item-hidden\"><div class=\"button-wrapper \"><a href=\"https:\/\/staging.sp-ps.ch\/wp-content\/uploads\/2025\/10\/La-fuite-nest-pas-un-crime.pdf\"  target=\"_self\" class=\"button-link button-link-download\" >La fuite n\u2019est pas un crime (2025)<span class=\"button-media-date\">28.10.2025<\/span><\/a><\/div><\/div><div class=\"button-list-item button-list-item-hidden\"><div class=\"button-wrapper \"><a href=\"https:\/\/staging.sp-ps.ch\/wp-content\/uploads\/2025\/02\/Pour-un-droit-de-la-nationalite-moderne.pdf\"  target=\"_self\" class=\"button-link button-link-download\" >Pour un droit de la nationalit\u00e9 moderne (2025)<span class=\"button-media-date\">24.02.2025<\/span><\/a><\/div><\/div><\/div><div class=\"button-list-more\"><div class=\"button-wrapper button-wrapper-right\"><a href=\"#\" class=\"button-link button-link-open button-link-toggle-on\" data-button-list-toggle>Plus<\/a><a href=\"#\" class=\"button-link button-link-close button-link-toggle-off\" data-button-list-toggle>Fermer<\/a><\/div><\/div><\/div><\/div>\t\t\t\t<\/div>\n\t\t\t\t<\/div>\n\t\t\t\t<div class=\"elementor-element elementor-element-e2a653e elementor-widget elementor-widget-spps_button_list\" data-id=\"e2a653e\" data-element_type=\"widget\" data-e-type=\"widget\" data-widget_type=\"spps_button_list.default\">\n\t\t\t\t<div class=\"elementor-widget-container\">\n\t\t\t\t\t<div class=\"button-list-wrapper wrapper-spacing-small  \"><div class=\"button-list-title\"><h3>Prises de position<\/h3><\/div><div class=\"button-list-container\"><div class=\"button-list-items\"><div class=\"button-list-item\"><div class=\"button-wrapper \"><a href=\"https:\/\/staging.sp-ps.ch\/wp-content\/uploads\/2023\/05\/Nichts-ueber-uns-ohne-uns.-Inklusion-jetzt-2025.pdf\"  target=\"_self\" class=\"button-link button-link-download\" >Rien sur nous sans nous. L\u2019inclusion maintenant\u2009! (2025)<span class=\"button-media-date\">12.03.2025<\/span><\/a><\/div><\/div><\/div><\/div><\/div>\t\t\t\t<\/div>\n\t\t\t\t<\/div>\n\t\t\t\t<div class=\"elementor-element elementor-element-1e65da7 elementor-widget elementor-widget-spps_button_list\" data-id=\"1e65da7\" data-element_type=\"widget\" data-e-type=\"widget\" data-widget_type=\"spps_button_list.default\">\n\t\t\t\t<div class=\"elementor-widget-container\">\n\t\t\t\t\t<div class=\"button-list-wrapper wrapper-spacing-small  \"><div class=\"button-list-title\"><h3>Consultations<\/h3><\/div><div class=\"button-list-container\"><div class=\"button-list-items\"><div class=\"button-list-item\"><div class=\"button-wrapper \"><a href=\"https:\/\/staging.sp-ps.ch\/wp-content\/uploads\/2026\/02\/2026-02-05-Vernehmlassungantwort-der-SP-Schweiz_VO-Aenderungen-Einschraenkung-Reisefreiheit.pdf\"  target=\"_self\" class=\"button-link button-link-download\" >Modification Ordonnances relatifs aux restrictions de voyage \u00e0 l'\u00e9tranger (2026) &#091;en allemand&#093;<span class=\"button-media-date\">05.02.2026<\/span><\/a><\/div><\/div><div class=\"button-list-item\"><div class=\"button-wrapper \"><a href=\"https:\/\/staging.sp-ps.ch\/wp-content\/uploads\/2025\/04\/2025-04-02-Vernehmlassungsantwort-SP-Schweiz_Folter.pdf\"  target=\"_self\" class=\"button-link button-link-download\" >IvIv.pa. Flach. Torture dans le catalogue des infractions (2025) &#091;en allemand&#093;<span class=\"button-media-date\">02.04.2025<\/span><\/a><\/div><\/div><\/div><\/div><\/div>\t\t\t\t<\/div>\n\t\t\t\t<\/div>\n\t\t\t\t\t<\/div>\n\t\t<\/div>\n\t\t\t\t\t<\/div>\n\t\t<\/section>\n\t\t\t\t<\/div>\n\t\t","protected":false},"excerpt":{"rendered":"<p>Droits humains, d\u00e9mocratie et justice Le PS s&#8217;engage avec conviction pour que ce ne soit pas la loi du plus fort qui pr\u00e9domine, car l&#8217;\u00c9tat de droit et la d\u00e9mocratie [&hellip;]<\/p>\n","protected":false},"author":1,"featured_media":0,"parent":17197,"menu_order":10,"comment_status":"closed","ping_status":"closed","template":"","meta":{"footnotes":""},"class_list":["post-91136","page","type-page","status-publish","hentry"],"_links":{"self":[{"href":"https:\/\/staging.sp-ps.ch\/fr\/wp-json\/wp\/v2\/pages\/91136","targetHints":{"allow":["GET"]}}],"collection":[{"href":"https:\/\/staging.sp-ps.ch\/fr\/wp-json\/wp\/v2\/pages"}],"about":[{"href":"https:\/\/staging.sp-ps.ch\/fr\/wp-json\/wp\/v2\/types\/page"}],"author":[{"embeddable":true,"href":"https:\/\/staging.sp-ps.ch\/fr\/wp-json\/wp\/v2\/users\/1"}],"replies":[{"embeddable":true,"href":"https:\/\/staging.sp-ps.ch\/fr\/wp-json\/wp\/v2\/comments?post=91136"}],"version-history":[{"count":13,"href":"https:\/\/staging.sp-ps.ch\/fr\/wp-json\/wp\/v2\/pages\/91136\/revisions"}],"predecessor-version":[{"id":168663,"href":"https:\/\/staging.sp-ps.ch\/fr\/wp-json\/wp\/v2\/pages\/91136\/revisions\/168663"}],"up":[{"embeddable":true,"href":"https:\/\/staging.sp-ps.ch\/fr\/wp-json\/wp\/v2\/pages\/17197"}],"wp:attachment":[{"href":"https:\/\/staging.sp-ps.ch\/fr\/wp-json\/wp\/v2\/media?parent=91136"}],"curies":[{"name":"wp","href":"https:\/\/api.w.org\/{rel}","templated":true}]}}