{"id":91937,"date":"2023-02-27T11:28:07","date_gmt":"2023-02-27T10:28:07","guid":{"rendered":"https:\/\/staging.sp-ps.ch\/nos-positions\/dossiers-a-z\/democratie-economique\/"},"modified":"2023-05-31T14:53:46","modified_gmt":"2023-05-31T12:53:46","slug":"democratie-economique","status":"publish","type":"page","link":"https:\/\/staging.sp-ps.ch\/fr\/nos-positions\/dossiers-a-z\/democratie-economique\/","title":{"rendered":"D\u00e9mocratie \u00e9conomique"},"content":{"rendered":"\t\t<div data-elementor-type=\"wp-page\" data-elementor-id=\"91937\" class=\"elementor elementor-91937 elementor-16719\" data-elementor-post-type=\"page\">\n\t\t\t\t\t\t<section class=\"elementor-section elementor-top-section elementor-element elementor-element-1f1a492 elementor-section-boxed elementor-section-height-default elementor-section-height-default\" data-id=\"1f1a492\" data-element_type=\"section\" data-e-type=\"section\" data-settings=\"{&quot;jet_parallax_layout_list&quot;:[],&quot;background_background&quot;:&quot;classic&quot;}\">\n\t\t\t\t\t\t<div class=\"elementor-container elementor-column-gap-wide\">\n\t\t\t\t\t<div class=\"elementor-column elementor-col-100 elementor-top-column elementor-element elementor-element-7e8d64d\" data-id=\"7e8d64d\" data-element_type=\"column\" data-e-type=\"column\">\n\t\t\t<div class=\"elementor-widget-wrap elementor-element-populated\">\n\t\t\t\t\t\t<div class=\"elementor-element elementor-element-cb8e472 elementor-widget elementor-widget-heading\" data-id=\"cb8e472\" data-element_type=\"widget\" data-e-type=\"widget\" data-widget_type=\"heading.default\">\n\t\t\t\t<div class=\"elementor-widget-container\">\n\t\t\t\t\t<h1 class=\"elementor-heading-title elementor-size-default\">D\u00e9mocratie \u00e9conomique<\/h1>\t\t\t\t<\/div>\n\t\t\t\t<\/div>\n\t\t\t\t<div class=\"elementor-element elementor-element-b9d6f5b elementor-widget elementor-widget-jet-breadcrumbs\" data-id=\"b9d6f5b\" data-element_type=\"widget\" data-e-type=\"widget\" data-widget_type=\"jet-breadcrumbs.default\">\n\t\t\t\t<div class=\"elementor-widget-container\">\n\t\t\t\t\t<div class=\"elementor-jet-breadcrumbs jet-blocks\">\n\t\t<div class=\"jet-breadcrumbs\">\n\t\t<div class=\"jet-breadcrumbs__content\">\n\t\t<div class=\"jet-breadcrumbs__wrap\">\n\t\t<\/div>\n\t\t<\/div>\n\t\t<\/div><\/div>\t\t\t\t<\/div>\n\t\t\t\t<\/div>\n\t\t\t\t<div class=\"elementor-element elementor-element-43c4216 elementor-widget__width-initial elementor-widget elementor-widget-text-editor\" data-id=\"43c4216\" data-element_type=\"widget\" data-e-type=\"widget\" data-widget_type=\"text-editor.default\">\n\t\t\t\t<div class=\"elementor-widget-container\">\n\t\t\t\t\t\t\t\t\t<p><strong>Avec la d\u00e9mocratie \u00e9conomique, nous revendiquons ce qui est selon nous le c\u0153ur d\u2019une politique socialiste : reconna\u00eetre les \u00eatres humains dans leur dignit\u00e9 et leur autod\u00e9termination. Autrement dit, reconna\u00eetre que ce ne sont pas seulement quelques privil\u00e9gi\u00e9-es, mais nous toutes et tous qui pouvons et devons d\u00e9cider de la mani\u00e8re dont nous voulons vivre ensemble. Il va de soi que ce principe ne doit pas s\u2019arr\u00eater \u00e0 \u00ab\u00a0l\u2019\u00e9conomie\u00a0\u00bb.<\/strong><\/p>\n\t\t\t\t\t\t\t\t<\/div>\n\t\t\t\t<\/div>\n\t\t\t\t\t<\/div>\n\t\t<\/div>\n\t\t\t\t\t<\/div>\n\t\t<\/section>\n\t\t\t\t<section class=\"elementor-section elementor-top-section elementor-element elementor-element-cf077e6 elementor-section-full_width elementor-section-height-min-height elementor-section-height-default elementor-section-items-middle\" data-id=\"cf077e6\" data-element_type=\"section\" data-e-type=\"section\" data-settings=\"{&quot;jet_parallax_layout_list&quot;:[]}\">\n\t\t\t\t\t\t<div class=\"elementor-container elementor-column-gap-no\">\n\t\t\t\t\t<div class=\"elementor-column elementor-col-100 elementor-top-column elementor-element elementor-element-10430b1\" data-id=\"10430b1\" data-element_type=\"column\" data-e-type=\"column\">\n\t\t\t<div class=\"elementor-widget-wrap elementor-element-populated\">\n\t\t\t\t\t\t<div class=\"elementor-element elementor-element-f7e6d59 elementor-widget elementor-widget-image\" data-id=\"f7e6d59\" data-element_type=\"widget\" data-e-type=\"widget\" data-widget_type=\"image.default\">\n\t\t\t\t<div class=\"elementor-widget-container\">\n\t\t\t\t\t\t\t\t\t\t\t\t\t\t\t<img fetchpriority=\"high\" decoding=\"async\" width=\"2400\" height=\"1599\" src=\"https:\/\/staging.sp-ps.ch\/wp-content\/uploads\/2022\/06\/marcin-jozwiak-kGoPcmpPT7c-unsplash.jpg\" class=\"attachment-full size-full wp-image-14426\" alt=\"\" srcset=\"https:\/\/staging.sp-ps.ch\/wp-content\/uploads\/2022\/06\/marcin-jozwiak-kGoPcmpPT7c-unsplash.jpg 2400w, https:\/\/staging.sp-ps.ch\/wp-content\/uploads\/2022\/06\/marcin-jozwiak-kGoPcmpPT7c-unsplash-300x200.jpg 300w, https:\/\/staging.sp-ps.ch\/wp-content\/uploads\/2022\/06\/marcin-jozwiak-kGoPcmpPT7c-unsplash-1024x682.jpg 1024w, https:\/\/staging.sp-ps.ch\/wp-content\/uploads\/2022\/06\/marcin-jozwiak-kGoPcmpPT7c-unsplash-768x512.jpg 768w, https:\/\/staging.sp-ps.ch\/wp-content\/uploads\/2022\/06\/marcin-jozwiak-kGoPcmpPT7c-unsplash-1536x1023.jpg 1536w, https:\/\/staging.sp-ps.ch\/wp-content\/uploads\/2022\/06\/marcin-jozwiak-kGoPcmpPT7c-unsplash-2048x1364.jpg 2048w\" sizes=\"(max-width: 2400px) 100vw, 2400px\" \/>\t\t\t\t\t\t\t\t\t\t\t\t\t\t\t<\/div>\n\t\t\t\t<\/div>\n\t\t\t\t\t<\/div>\n\t\t<\/div>\n\t\t\t\t\t<\/div>\n\t\t<\/section>\n\t\t\t\t<section class=\"elementor-section elementor-top-section elementor-element elementor-element-d78b815 elementor-section-boxed elementor-section-height-default elementor-section-height-default\" data-id=\"d78b815\" data-element_type=\"section\" data-e-type=\"section\" data-settings=\"{&quot;jet_parallax_layout_list&quot;:[]}\">\n\t\t\t\t\t\t<div class=\"elementor-container elementor-column-gap-wide\">\n\t\t\t\t\t<div class=\"elementor-column elementor-col-100 elementor-top-column elementor-element elementor-element-7d60414\" data-id=\"7d60414\" data-element_type=\"column\" data-e-type=\"column\">\n\t\t\t<div class=\"elementor-widget-wrap elementor-element-populated\">\n\t\t\t\t\t\t<div class=\"elementor-element elementor-element-35bd240 elementor-widget elementor-widget-spps_button_list\" data-id=\"35bd240\" data-element_type=\"widget\" data-e-type=\"widget\" data-widget_type=\"spps_button_list.default\">\n\t\t\t\t<div class=\"elementor-widget-container\">\n\t\t\t\t\t<div class=\"button-list-wrapper wrapper-spacing-default  \"><div class=\"button-list-title\"><h2>Democratisation de l'\u00e9conomie<\/h2><\/div><div class=\"button-list-container\"><div class=\"button-list-text\"><p>Le capitalisme mondialis\u00e9 conduit de plus en plus \u00e0 un contr\u00f4le de la politique par l\u2019\u00e9conomie. L\u2019\u00c9tat perd du pouvoir, la d\u00e9mocratie perd du terrain et la privatisation des biens publics se poursuit. Le rythme des \u00e9volutions sociales est de plus en plus donn\u00e9 par les march\u00e9s financiers internationaux. Nous voulons que l\u2019\u00eatre humain ne soit pas au service de l\u2019\u00e9conomie, mais que l\u2019\u00e9conomie soit au service de l\u2019\u00eatre humain. Nous voulons une \u00e9conomie qui soit au service d\u2019une vie digne, qui pr\u00e9serve les bases naturelles de la vie et qui favorise la cohabitation de toutes et tous dans une soci\u00e9t\u00e9 ouverte et d\u00e9mocratique. Nous sommes donc convaincu-es qu\u2019il est grand temps de d\u00e9mocratiser l'\u00e9conomie.<\/p>\n<\/div><\/div><\/div>\t\t\t\t<\/div>\n\t\t\t\t<\/div>\n\t\t\t\t<div class=\"elementor-element elementor-element-e272737 elementor-widget elementor-widget-spps_button_list\" data-id=\"e272737\" data-element_type=\"widget\" data-e-type=\"widget\" data-widget_type=\"spps_button_list.default\">\n\t\t\t\t<div class=\"elementor-widget-container\">\n\t\t\t\t\t<div class=\"button-list-wrapper   \"><div class=\"button-list-title\"><h2>Plus d'informations<\/h2><\/div><div class=\"button-list-container\"><div class=\"button-list-items\"><div class=\"button-list-item\"><div class=\"button-wrapper \"><a href=\" https:\/\/www.youtube.com\/watch?v=ZfaFriFAz1k\"  target=\"_self\" class=\"button-link button-link-default\" > Lien au documentaire<span class=\"button-media-date\">18.04.2026<\/span><\/a><\/div><\/div><div class=\"button-list-item\"><div class=\"button-wrapper \"><a href=\"https:\/\/wirtschaftsdemokratie.ch\/\"  target=\"_self\" class=\"button-link button-link-default\" >Site internet &#34;D\u00e9mocratie \u00e9conomique&#34;<span class=\"button-media-date\">18.04.2026<\/span><\/a><\/div><\/div><\/div><\/div><\/div>\t\t\t\t<\/div>\n\t\t\t\t<\/div>\n\t\t\t\t<div class=\"elementor-element elementor-element-dc3ef76 elementor-widget elementor-widget-spps_button_list\" data-id=\"dc3ef76\" data-element_type=\"widget\" data-e-type=\"widget\" data-widget_type=\"spps_button_list.default\">\n\t\t\t\t<div class=\"elementor-widget-container\">\n\t\t\t\t\t<div class=\"button-list-wrapper wrapper-spacing-default  \"><div class=\"button-list-title\"><h2>Documents<\/h2><\/div><div class=\"button-list-container\"><div class=\"button-list-items\"><div class=\"button-list-item\"><div class=\"button-wrapper \"><a href=\"https:\/\/staging.sp-ps.ch\/wp-content\/uploads\/2022\/06\/broschuere_lokale_commons_inhalt_f_web.pdf\"  target=\"_self\" class=\"button-link button-link-download\" >&#8220;Communs &#8211; Ensemble pour un monde solidaire et d\u00e9mocratique&#8221;<span class=\"button-media-date\">29.06.2022<\/span><\/a><\/div><\/div><div class=\"button-list-item\"><div class=\"button-wrapper \"><a href=\"https:\/\/staging.sp-ps.ch\/wp-content\/uploads\/2022\/06\/positionspapier_wirtschaftsdemokratie_definitiv_f_1.pdf\"  target=\"_self\" class=\"button-link button-link-download\" >Papier de position: d\u00e9mocratie \u00e9conomique<span class=\"button-media-date\">29.06.2022<\/span><\/a><\/div><\/div><div class=\"button-list-item\"><div class=\"button-wrapper \"><a href=\"https:\/\/staging.sp-ps.ch\/wp-content\/uploads\/2022\/06\/plan_daction_democratie_economique.pdf\"  target=\"_self\" class=\"button-link button-link-download\" >Plan d&#8217;action: d\u00e9mocratie \u00e9conomique<span class=\"button-media-date\">29.06.2022<\/span><\/a><\/div><\/div><div class=\"button-list-item\"><div class=\"button-wrapper \"><a href=\"https:\/\/staging.sp-ps.ch\/wp-content\/uploads\/2022\/06\/sp-parteiprogramm_definitiv-de_0.pdf\"  target=\"_self\" class=\"button-link button-link-download\" >Programme du Parti (2010) en PDF<span class=\"button-media-date\">29.06.2022<\/span><\/a><\/div><\/div><\/div><\/div><\/div>\t\t\t\t<\/div>\n\t\t\t\t<\/div>\n\t\t\t\t<div class=\"elementor-element elementor-element-b6dfebf elementor-widget elementor-widget-global elementor-global-29880 elementor-global-29866 elementor-widget-spps_call_to_action\" data-id=\"b6dfebf\" data-element_type=\"widget\" data-e-type=\"widget\" data-widget_type=\"spps_call_to_action.default\">\n\t\t\t\t<div class=\"elementor-widget-container\">\n\t\t\t\t\t<div class=\"call-to-action-wrapper wrapper-spacing-default \" style=\"background:#E4002B\" ><div class=\"call-to-action-title\"><h2>S'engager<\/h2><\/div><div class=\"call-to-action-container\"><div class=\"call-to-action-text\"><p>Deviens membre du PS Suisse d\u00e8s aujourd'hui.<\/p><\/div><div class=\"call-to-action-buttons call-to-action-buttons-left\"><div class=\"button-wrapper \"><a href=\"https:\/\/staging.sp-ps.ch\/fr\/devenir-membre\"  target=\"_blank\" class=\"button-link button-link-default\"  style='color:#E4002B' onMouseOver=\"this.style.color='white';this.style.background='#E4002B'\" onMouseOut=\"this.style.color='#E4002B';this.style.background='#EBEBEB'\">Continuer<\/a><\/div><\/div><\/div><\/div>\t\t\t\t<\/div>\n\t\t\t\t<\/div>\n\t\t\t\t\t<\/div>\n\t\t<\/div>\n\t\t\t\t\t<\/div>\n\t\t<\/section>\n\t\t\t\t<\/div>\n\t\t","protected":false},"excerpt":{"rendered":"<p>D\u00e9mocratie \u00e9conomique Avec la d\u00e9mocratie \u00e9conomique, nous revendiquons ce qui est selon nous le c\u0153ur d\u2019une politique socialiste : reconna\u00eetre les \u00eatres humains dans leur dignit\u00e9 et leur autod\u00e9termination. Autrement [&hellip;]<\/p>\n","protected":false},"author":1,"featured_media":0,"parent":17197,"menu_order":16,"comment_status":"closed","ping_status":"closed","template":"","meta":{"footnotes":""},"class_list":["post-91937","page","type-page","status-publish","hentry"],"_links":{"self":[{"href":"https:\/\/staging.sp-ps.ch\/fr\/wp-json\/wp\/v2\/pages\/91937","targetHints":{"allow":["GET"]}}],"collection":[{"href":"https:\/\/staging.sp-ps.ch\/fr\/wp-json\/wp\/v2\/pages"}],"about":[{"href":"https:\/\/staging.sp-ps.ch\/fr\/wp-json\/wp\/v2\/types\/page"}],"author":[{"embeddable":true,"href":"https:\/\/staging.sp-ps.ch\/fr\/wp-json\/wp\/v2\/users\/1"}],"replies":[{"embeddable":true,"href":"https:\/\/staging.sp-ps.ch\/fr\/wp-json\/wp\/v2\/comments?post=91937"}],"version-history":[{"count":18,"href":"https:\/\/staging.sp-ps.ch\/fr\/wp-json\/wp\/v2\/pages\/91937\/revisions"}],"predecessor-version":[{"id":100696,"href":"https:\/\/staging.sp-ps.ch\/fr\/wp-json\/wp\/v2\/pages\/91937\/revisions\/100696"}],"up":[{"embeddable":true,"href":"https:\/\/staging.sp-ps.ch\/fr\/wp-json\/wp\/v2\/pages\/17197"}],"wp:attachment":[{"href":"https:\/\/staging.sp-ps.ch\/fr\/wp-json\/wp\/v2\/media?parent=91937"}],"curies":[{"name":"wp","href":"https:\/\/api.w.org\/{rel}","templated":true}]}}