{"id":92370,"date":"2023-02-25T17:42:16","date_gmt":"2023-02-25T16:42:16","guid":{"rendered":"https:\/\/staging.sp-ps.ch\/website-administratives\/"},"modified":"2025-08-05T13:32:01","modified_gmt":"2025-08-05T11:32:01","slug":"administratif","status":"publish","type":"page","link":"https:\/\/staging.sp-ps.ch\/fr\/guide-site-web\/administratif\/","title":{"rendered":"Site web &#8211; affaires administratives"},"content":{"rendered":"\t\t<div data-elementor-type=\"wp-page\" data-elementor-id=\"92370\" class=\"elementor elementor-92370 elementor-92278\" data-elementor-post-type=\"page\">\n\t\t\t\t\t\t<section class=\"elementor-section elementor-top-section elementor-element elementor-element-ae7be64 elementor-section-boxed elementor-section-height-default elementor-section-height-default\" data-id=\"ae7be64\" data-element_type=\"section\" data-e-type=\"section\" data-settings=\"{&quot;jet_parallax_layout_list&quot;:[]}\">\n\t\t\t\t\t\t<div class=\"elementor-container elementor-column-gap-default\">\n\t\t\t\t\t<div class=\"elementor-column elementor-col-100 elementor-top-column elementor-element elementor-element-51367a7\" data-id=\"51367a7\" data-element_type=\"column\" data-e-type=\"column\">\n\t\t\t<div class=\"elementor-widget-wrap\">\n\t\t\t\t\t\t\t<\/div>\n\t\t<\/div>\n\t\t\t\t\t<\/div>\n\t\t<\/section>\n\t\t\t\t<section class=\"elementor-section elementor-top-section elementor-element elementor-element-9c216cc elementor-section-boxed elementor-section-height-default elementor-section-height-default\" data-id=\"9c216cc\" data-element_type=\"section\" data-e-type=\"section\" data-settings=\"{&quot;jet_parallax_layout_list&quot;:[]}\">\n\t\t\t\t\t\t<div class=\"elementor-container elementor-column-gap-default\">\n\t\t\t\t\t<div class=\"elementor-column elementor-col-100 elementor-top-column elementor-element elementor-element-6ac89e7\" data-id=\"6ac89e7\" data-element_type=\"column\" data-e-type=\"column\">\n\t\t\t<div class=\"elementor-widget-wrap elementor-element-populated\">\n\t\t\t\t\t\t<div class=\"elementor-element elementor-element-5832401 elementor-widget elementor-widget-spps_button_list\" data-id=\"5832401\" data-element_type=\"widget\" data-e-type=\"widget\" data-widget_type=\"spps_button_list.default\">\n\t\t\t\t<div class=\"elementor-widget-container\">\n\t\t\t\t\t<div class=\"button-list-wrapper wrapper-spacing-default  \"><div class=\"button-list-title\"><h2>Offre de site web aux partis cantonaux et aux sections<\/h2><\/div><div class=\"button-list-container\"><div class=\"button-list-text\"><p>En 2022, le PS Suisse est pass\u00e9 \u00e0 une nouvelle solution de site web et propose \u00e9galement cette plateforme aux sections et aux partis cantonaux. La plateforme est bas\u00e9e sur le CMS open source WordPress.<\/p><h3><strong>Offre<\/strong><\/h3><p>Le PS Suisse cr\u00e9e pour les partis cantonaux et les sections une instance autonome sur le mod\u00e8le du site Internet du PS Suisse. Elle met \u00e0 disposition des documents \u00e9crits, des vid\u00e9os et des formations. Les partis cantonaux et les sections sont eux-m\u00eames responsables de la mise \u00e0 jour du contenu. Les partis cantonaux et les sections ne profitent pas seulement d'un design clair et bien structur\u00e9 et d'une diversit\u00e9 de fonctionnalit\u00e9s. Ils peuvent \u00e9galement \u00e9conomiser des co\u00fbts, car plusieurs sites utilisent le m\u00eame h\u00e9bergeur, les d\u00e9veloppements, les correctifs et les mises \u00e0 jour de s\u00e9curit\u00e9 profitent \u00e0 tous et le support est valable pour tous les sites.<\/p><h3>Proc\u00e9dure \u00e0 suivre<\/h3><p><strong>1. Le parti cantonal ou la section s'informe sur l'offre.<\/strong><\/p><p>Les co\u00fbts s'\u00e9l\u00e8vent par <strong>section<\/strong> :<br \/>100 CHF pour les sections comptant 50 membres ou plus (au moment de la facturation)<br \/>50 CHF pour les sections de moins de 50 membres.<\/p><p>Les frais pour les <strong>partis cantonaux<\/strong> :<br \/>500 CHF pour les partis cantonaux comptant plus de 1000 membres<br \/>400 CHF pour les partis cantonaux comptant entre 300 et 999 membres<br \/>300 CHF pour les partis cantonaux comptant jusqu'\u00e0 299 membres.<\/p><p>Le domaine peut \u00e9galement \u00eatre obtenu via le PS Suisse pour 20 CHF par an. En plus du domaine, il est \u00e9galement possible de commander des comptes e-mail. La premi\u00e8re adresse e-mail est gratuite chez notre fournisseur d'acc\u00e8s, ensuite des frais sont factur\u00e9s et nous les r\u00e9percutons.<\/p><p>La facturation a lieu en automne pour tous les sites web qui ont \u00e9t\u00e9 command\u00e9s jusqu'\u00e0 ce moment-l\u00e0, sur la base du nombre de membres au moment de la facturation.<\/p><p>Des informations d\u00e9taill\u00e9es sur la plate-forme sont disponibles ici :<\/p><\/div><div class=\"button-list-items\"><div class=\"button-list-item\"><div class=\"button-wrapper \"><a href=\"https:\/\/staging.sp-ps.ch\/fr\/guide-site-web\/\"  target=\"_self\" class=\"button-link button-link-default\" >Guide pour le site web<span class=\"button-media-date\">18.04.2026<\/span><\/a><\/div><\/div><\/div><\/div><\/div>\t\t\t\t<\/div>\n\t\t\t\t<\/div>\n\t\t\t\t<div class=\"elementor-element elementor-element-0dda07c elementor-widget elementor-widget-spps_button_list\" data-id=\"0dda07c\" data-element_type=\"widget\" data-e-type=\"widget\" data-widget_type=\"spps_button_list.default\">\n\t\t\t\t<div class=\"elementor-widget-container\">\n\t\t\t\t\t<div class=\"button-list-wrapper   \"><div class=\"button-list-container\"><div class=\"button-list-text\"><p><strong>2. le parti cantonal ou la section commande le site web.<\/strong><\/p><p>Le site web peut \u00eatre command\u00e9 \u00e0 l'aide de ce formulaire en ligne :<\/p><\/div><div class=\"button-list-items\"><div class=\"button-list-item\"><div class=\"button-wrapper \"><a href=\"https:\/\/staging.sp-ps.ch\/fr\/site-web-pour-les-sections\"  target=\"_self\" class=\"button-link button-link-default\" >Formulaire de commande du site web<span class=\"button-media-date\">17.04.2024<\/span><\/a><\/div><\/div><\/div><\/div><\/div>\t\t\t\t<\/div>\n\t\t\t\t<\/div>\n\t\t\t\t<div class=\"elementor-element elementor-element-b300ffb elementor-widget elementor-widget-spps_title_text\" data-id=\"b300ffb\" data-element_type=\"widget\" data-e-type=\"widget\" data-widget_type=\"spps_title_text.default\">\n\t\t\t\t<div class=\"elementor-widget-container\">\n\t\t\t\t\t<div class=\"title-text-wrapper \"><div class=\"title-text-container\"><div class=\"title-text-text\"><p><strong>3. le PS suisse cr\u00e9e une structure de base du site web.<\/strong><\/p><p>Cette ossature ressemble \u00e0 peu pr\u00e8s \u00e0 <a href=\"https:\/\/vorlage-be.spschweiz.ch\/\">cette page ici<\/a>.<\/p><p><strong>4. le parti cantonal ou la section cr\u00e9e ou reprend le contenu du site web<\/strong>.<\/p><p>Le menu, la page d'accueil, etc. peuvent notamment \u00eatre adapt\u00e9s. Si un parti cantonal ou une section ne souhaite pas effectuer ce travail lui-m\u00eame, il est possible de demander une offre \u00e0 PR24 pour ce travail.<\/p><p><strong>5. reprise de contenus en vrac<\/strong>.<\/p><p>En cas de grandes quantit\u00e9s de contenus dans le m\u00eame format (p. ex. communiqu\u00e9s de presse ou entr\u00e9es d'agenda), le PS Suisse v\u00e9rifie si une importation automatique est possible et effectue cette importation.<\/p><p><strong>6. Going-Live<\/strong><\/p><p>D\u00e8s que le parti cantonal ou la section valide le site web, le domaine peut \u00eatre configur\u00e9 de mani\u00e8re \u00e0 pointer vers le nouveau site web. Si le domaine est command\u00e9 via le PS, cela se fait tout seul. Si la gestion du domaine reste aupr\u00e8s de la section ou du parti cantonal, celui-ci doit si possible proc\u00e9der au changement en m\u00eame temps que le PS Suisse configure le site web en cons\u00e9quence.<\/p><h3>Assistance<\/h3><p>Si une recherche sur Google ne donne rien, il y a souvent une personne de contact au sein du parti cantonal qui peut aider. Le meilleur moyen de contacter le service d'assistance du PS Suisse est de remplir ce formulaire :<\/p><\/div><\/div><\/div>\t\t\t\t<\/div>\n\t\t\t\t<\/div>\n\t\t\t\t<div class=\"elementor-element elementor-element-aff8f82 elementor-widget elementor-widget-spps_button_list\" data-id=\"aff8f82\" data-element_type=\"widget\" data-e-type=\"widget\" data-widget_type=\"spps_button_list.default\">\n\t\t\t\t<div class=\"elementor-widget-container\">\n\t\t\t\t\t<div class=\"button-list-wrapper   \"><div class=\"button-list-container\"><div class=\"button-list-items\"><div class=\"button-list-item\"><div class=\"button-wrapper \"><a href=\"https:\/\/staging.sp-ps.ch\/support-website\"  target=\"_self\" class=\"button-link button-link-default\" >Formulaire de soutien pour le site web<span class=\"button-media-date\">17.04.2024<\/span><\/a><\/div><\/div><\/div><\/div><\/div>\t\t\t\t<\/div>\n\t\t\t\t<\/div>\n\t\t\t\t\t<\/div>\n\t\t<\/div>\n\t\t\t\t\t<\/div>\n\t\t<\/section>\n\t\t\t\t<\/div>\n\t\t","protected":false},"excerpt":{"rendered":"<p>Offre de site web aux partis cantonaux et aux sections En 2022, le PS Suisse est pass\u00e9 \u00e0 une nouvelle solution de site web et propose \u00e9galement cette plateforme aux [&hellip;]<\/p>\n","protected":false},"author":4,"featured_media":0,"parent":130079,"menu_order":0,"comment_status":"closed","ping_status":"closed","template":"","meta":{"footnotes":""},"class_list":["post-92370","page","type-page","status-publish","hentry"],"_links":{"self":[{"href":"https:\/\/staging.sp-ps.ch\/fr\/wp-json\/wp\/v2\/pages\/92370","targetHints":{"allow":["GET"]}}],"collection":[{"href":"https:\/\/staging.sp-ps.ch\/fr\/wp-json\/wp\/v2\/pages"}],"about":[{"href":"https:\/\/staging.sp-ps.ch\/fr\/wp-json\/wp\/v2\/types\/page"}],"author":[{"embeddable":true,"href":"https:\/\/staging.sp-ps.ch\/fr\/wp-json\/wp\/v2\/users\/4"}],"replies":[{"embeddable":true,"href":"https:\/\/staging.sp-ps.ch\/fr\/wp-json\/wp\/v2\/comments?post=92370"}],"version-history":[{"count":20,"href":"https:\/\/staging.sp-ps.ch\/fr\/wp-json\/wp\/v2\/pages\/92370\/revisions"}],"predecessor-version":[{"id":166357,"href":"https:\/\/staging.sp-ps.ch\/fr\/wp-json\/wp\/v2\/pages\/92370\/revisions\/166357"}],"up":[{"embeddable":true,"href":"https:\/\/staging.sp-ps.ch\/fr\/wp-json\/wp\/v2\/pages\/130079"}],"wp:attachment":[{"href":"https:\/\/staging.sp-ps.ch\/fr\/wp-json\/wp\/v2\/media?parent=92370"}],"curies":[{"name":"wp","href":"https:\/\/api.w.org\/{rel}","templated":true}]}}