{"id":96232,"date":"2023-04-05T13:31:06","date_gmt":"2023-04-05T11:31:06","guid":{"rendered":"https:\/\/staging.sp-ps.ch\/nos-positions\/dossiers-a-z\/transparence-et-lobbying\/"},"modified":"2023-04-05T13:31:30","modified_gmt":"2023-04-05T11:31:30","slug":"transparence-et-lobbying","status":"publish","type":"page","link":"https:\/\/staging.sp-ps.ch\/fr\/nos-positions\/dossiers-a-z\/transparence-et-lobbying\/","title":{"rendered":"Transparence et lobbying"},"content":{"rendered":"\t\t<div data-elementor-type=\"wp-page\" data-elementor-id=\"96232\" class=\"elementor elementor-96232 elementor-16738\" data-elementor-post-type=\"page\">\n\t\t\t\t\t\t<section class=\"elementor-section elementor-top-section elementor-element elementor-element-b25d6c1 elementor-section-boxed elementor-section-height-default elementor-section-height-default\" data-id=\"b25d6c1\" data-element_type=\"section\" data-e-type=\"section\" data-settings=\"{&quot;jet_parallax_layout_list&quot;:[],&quot;background_background&quot;:&quot;classic&quot;}\">\n\t\t\t\t\t\t<div class=\"elementor-container elementor-column-gap-wide\">\n\t\t\t\t\t<div class=\"elementor-column elementor-col-100 elementor-top-column elementor-element elementor-element-9130540\" data-id=\"9130540\" data-element_type=\"column\" data-e-type=\"column\">\n\t\t\t<div class=\"elementor-widget-wrap elementor-element-populated\">\n\t\t\t\t\t\t<div class=\"elementor-element elementor-element-ee61398 elementor-widget elementor-widget-heading\" data-id=\"ee61398\" data-element_type=\"widget\" data-e-type=\"widget\" data-widget_type=\"heading.default\">\n\t\t\t\t<div class=\"elementor-widget-container\">\n\t\t\t\t\t<h1 class=\"elementor-heading-title elementor-size-default\">Transparence et lobbying<\/h1>\t\t\t\t<\/div>\n\t\t\t\t<\/div>\n\t\t\t\t<div class=\"elementor-element elementor-element-3566f85 elementor-widget elementor-widget-jet-breadcrumbs\" data-id=\"3566f85\" data-element_type=\"widget\" data-e-type=\"widget\" data-widget_type=\"jet-breadcrumbs.default\">\n\t\t\t\t<div class=\"elementor-widget-container\">\n\t\t\t\t\t<div class=\"elementor-jet-breadcrumbs jet-blocks\">\n\t\t<div class=\"jet-breadcrumbs\">\n\t\t<div class=\"jet-breadcrumbs__content\">\n\t\t<div class=\"jet-breadcrumbs__wrap\">\n\t\t<\/div>\n\t\t<\/div>\n\t\t<\/div><\/div>\t\t\t\t<\/div>\n\t\t\t\t<\/div>\n\t\t\t\t<div class=\"elementor-element elementor-element-d2f385a elementor-widget__width-initial elementor-widget elementor-widget-text-editor\" data-id=\"d2f385a\" data-element_type=\"widget\" data-e-type=\"widget\" data-widget_type=\"text-editor.default\">\n\t\t\t\t<div class=\"elementor-widget-container\">\n\t\t\t\t\t\t\t\t\t<p>Qui gouverne la Suisse ? Pas les lobbyistes ni les riches \u2013 c&#8217;est pour cela que nous nous battons. Et pour cela, il faut de la transparence dans le financement de la politique.<\/p>\n\t\t\t\t\t\t\t\t<\/div>\n\t\t\t\t<\/div>\n\t\t\t\t\t<\/div>\n\t\t<\/div>\n\t\t\t\t\t<\/div>\n\t\t<\/section>\n\t\t\t\t<section class=\"elementor-section elementor-top-section elementor-element elementor-element-4fa6b5f elementor-section-full_width elementor-section-height-min-height elementor-section-height-default elementor-section-items-middle\" data-id=\"4fa6b5f\" data-element_type=\"section\" data-e-type=\"section\" data-settings=\"{&quot;jet_parallax_layout_list&quot;:[]}\">\n\t\t\t\t\t\t<div class=\"elementor-container elementor-column-gap-no\">\n\t\t\t\t\t<div class=\"elementor-column elementor-col-100 elementor-top-column elementor-element elementor-element-58655ca\" data-id=\"58655ca\" data-element_type=\"column\" data-e-type=\"column\">\n\t\t\t<div class=\"elementor-widget-wrap elementor-element-populated\">\n\t\t\t\t\t\t<div class=\"elementor-element elementor-element-03161a0 elementor-widget elementor-widget-image\" data-id=\"03161a0\" data-element_type=\"widget\" data-e-type=\"widget\" data-widget_type=\"image.default\">\n\t\t\t\t<div class=\"elementor-widget-container\">\n\t\t\t\t\t\t\t\t\t\t\t\t\t\t\t<img fetchpriority=\"high\" decoding=\"async\" width=\"2400\" height=\"1600\" src=\"https:\/\/staging.sp-ps.ch\/wp-content\/uploads\/2022\/06\/frederic-koberl-g25k43O8_wk-unsplash.jpg\" class=\"attachment-full size-full wp-image-14436\" alt=\"\" srcset=\"https:\/\/staging.sp-ps.ch\/wp-content\/uploads\/2022\/06\/frederic-koberl-g25k43O8_wk-unsplash.jpg 2400w, https:\/\/staging.sp-ps.ch\/wp-content\/uploads\/2022\/06\/frederic-koberl-g25k43O8_wk-unsplash-300x200.jpg 300w, https:\/\/staging.sp-ps.ch\/wp-content\/uploads\/2022\/06\/frederic-koberl-g25k43O8_wk-unsplash-1024x683.jpg 1024w, https:\/\/staging.sp-ps.ch\/wp-content\/uploads\/2022\/06\/frederic-koberl-g25k43O8_wk-unsplash-768x512.jpg 768w, https:\/\/staging.sp-ps.ch\/wp-content\/uploads\/2022\/06\/frederic-koberl-g25k43O8_wk-unsplash-1536x1024.jpg 1536w, https:\/\/staging.sp-ps.ch\/wp-content\/uploads\/2022\/06\/frederic-koberl-g25k43O8_wk-unsplash-2048x1365.jpg 2048w\" sizes=\"(max-width: 2400px) 100vw, 2400px\" \/>\t\t\t\t\t\t\t\t\t\t\t\t\t\t\t<\/div>\n\t\t\t\t<\/div>\n\t\t\t\t\t<\/div>\n\t\t<\/div>\n\t\t\t\t\t<\/div>\n\t\t<\/section>\n\t\t\t\t<section class=\"elementor-section elementor-top-section elementor-element elementor-element-af9442d elementor-section-boxed elementor-section-height-default elementor-section-height-default\" data-id=\"af9442d\" data-element_type=\"section\" data-e-type=\"section\" data-settings=\"{&quot;jet_parallax_layout_list&quot;:[]}\">\n\t\t\t\t\t\t<div class=\"elementor-container elementor-column-gap-default\">\n\t\t\t\t\t<div class=\"elementor-column elementor-col-100 elementor-top-column elementor-element elementor-element-7362b18\" data-id=\"7362b18\" data-element_type=\"column\" data-e-type=\"column\">\n\t\t\t<div class=\"elementor-widget-wrap elementor-element-populated\">\n\t\t\t\t\t\t<div class=\"elementor-element elementor-element-c46e810 elementor-widget elementor-widget-spps_button_list\" data-id=\"c46e810\" data-element_type=\"widget\" data-e-type=\"widget\" data-widget_type=\"spps_button_list.default\">\n\t\t\t\t<div class=\"elementor-widget-container\">\n\t\t\t\t\t<div class=\"button-list-wrapper wrapper-spacing-default  \"><div class=\"button-list-title\"><h2>Transparence et lobbyisme<\/h2><\/div><div class=\"button-list-container\"><div class=\"button-list-text\"><p>Une plus grande transparence dans le financement de la politique favorise la formation de l'opinion et renforce la confiance de la population envers la politique et la d\u00e9mocratie directe. Gr\u00e2ce au PS et \u00e0 ses alli\u00e9-es, les grandes donatrices et les grands donateurs pour les \u00e9lections et les votations au niveau national doivent d\u00e9sormais \u00eatre mentionn\u00e9-es publiquement pour la premi\u00e8re fois. C'est un pas important dans la bonne direction : mais le lobbyisme en politique a besoin de beaucoup plus de transparence !<\/p>\n<h3>Le PS Suisse \u00e9met donc les revendications suivantes\u00a0:<\/h3>\n<ul style ='list-style: none;'>\n<li style =\"background-image:url('https:\/\/staging.sp-ps.ch\/wp-content\/plugins\/elementor\/assets\/images\/placeholder.png'); background-size:0px;\">Les parlementaires doivent rendre publics les flux financiers li\u00e9s \u00e0 leurs int\u00e9r\u00eats respectifs ;<\/li>\n<li style =\"background-image:url('https:\/\/staging.sp-ps.ch\/wp-content\/plugins\/elementor\/assets\/images\/placeholder.png'); background-size:0px;\">Une accr\u00e9ditation officielle et ouverte \u00e0 tou-tes les lobbyistes pour le Palais f\u00e9d\u00e9ral. Le syst\u00e8me des badges pour lobbyistes gr\u00e2ce \u00e0 des contacts personnels avec les membres du Parlement n'est plus adapt\u00e9 \u00e0 notre \u00e9poque ;<\/li>\n<li style =\"background-image:url('https:\/\/staging.sp-ps.ch\/wp-content\/plugins\/elementor\/assets\/images\/placeholder.png'); background-size:0px;\">Les parlementaires devront \u00e0 l'avenir r\u00e9v\u00e9ler s'ils acceptent des voyages de lobbies, d'associations ou d'organisations gouvernementales.<\/li>\n<\/ul>\n<\/div><\/div><\/div>\t\t\t\t<\/div>\n\t\t\t\t<\/div>\n\t\t\t\t\t<\/div>\n\t\t<\/div>\n\t\t\t\t\t<\/div>\n\t\t<\/section>\n\t\t\t\t<\/div>\n\t\t","protected":false},"excerpt":{"rendered":"<p>Transparence et lobbying Qui gouverne la Suisse ? Pas les lobbyistes ni les riches \u2013 c&#8217;est pour cela que nous nous battons. Et pour cela, il faut de la transparence [&hellip;]<\/p>\n","protected":false},"author":1,"featured_media":0,"parent":17197,"menu_order":14,"comment_status":"closed","ping_status":"closed","template":"","meta":{"footnotes":""},"class_list":["post-96232","page","type-page","status-publish","hentry"],"_links":{"self":[{"href":"https:\/\/staging.sp-ps.ch\/fr\/wp-json\/wp\/v2\/pages\/96232","targetHints":{"allow":["GET"]}}],"collection":[{"href":"https:\/\/staging.sp-ps.ch\/fr\/wp-json\/wp\/v2\/pages"}],"about":[{"href":"https:\/\/staging.sp-ps.ch\/fr\/wp-json\/wp\/v2\/types\/page"}],"author":[{"embeddable":true,"href":"https:\/\/staging.sp-ps.ch\/fr\/wp-json\/wp\/v2\/users\/1"}],"replies":[{"embeddable":true,"href":"https:\/\/staging.sp-ps.ch\/fr\/wp-json\/wp\/v2\/comments?post=96232"}],"version-history":[{"count":3,"href":"https:\/\/staging.sp-ps.ch\/fr\/wp-json\/wp\/v2\/pages\/96232\/revisions"}],"predecessor-version":[{"id":96235,"href":"https:\/\/staging.sp-ps.ch\/fr\/wp-json\/wp\/v2\/pages\/96232\/revisions\/96235"}],"up":[{"embeddable":true,"href":"https:\/\/staging.sp-ps.ch\/fr\/wp-json\/wp\/v2\/pages\/17197"}],"wp:attachment":[{"href":"https:\/\/staging.sp-ps.ch\/fr\/wp-json\/wp\/v2\/media?parent=96232"}],"curies":[{"name":"wp","href":"https:\/\/api.w.org\/{rel}","templated":true}]}}