{"id":96240,"date":"2023-04-05T13:57:32","date_gmt":"2023-04-05T11:57:32","guid":{"rendered":"https:\/\/staging.sp-ps.ch\/nos-positions\/dossiers-a-z\/agriculture\/"},"modified":"2023-08-22T15:23:51","modified_gmt":"2023-08-22T13:23:51","slug":"agriculture","status":"publish","type":"page","link":"https:\/\/staging.sp-ps.ch\/fr\/nos-positions\/dossiers-a-z\/agriculture\/","title":{"rendered":"Agriculture"},"content":{"rendered":"\t\t<div data-elementor-type=\"wp-page\" data-elementor-id=\"96240\" class=\"elementor elementor-96240 elementor-16711\" data-elementor-post-type=\"page\">\n\t\t\t\t\t\t<section class=\"elementor-section elementor-top-section elementor-element elementor-element-ebf43fe elementor-section-boxed elementor-section-height-default elementor-section-height-default\" data-id=\"ebf43fe\" data-element_type=\"section\" data-e-type=\"section\" data-settings=\"{&quot;jet_parallax_layout_list&quot;:[],&quot;background_background&quot;:&quot;classic&quot;}\">\n\t\t\t\t\t\t<div class=\"elementor-container elementor-column-gap-wide\">\n\t\t\t\t\t<div class=\"elementor-column elementor-col-100 elementor-top-column elementor-element elementor-element-fa1cc5b\" data-id=\"fa1cc5b\" data-element_type=\"column\" data-e-type=\"column\">\n\t\t\t<div class=\"elementor-widget-wrap elementor-element-populated\">\n\t\t\t\t\t\t<div class=\"elementor-element elementor-element-456e44d elementor-widget elementor-widget-heading\" data-id=\"456e44d\" data-element_type=\"widget\" data-e-type=\"widget\" data-widget_type=\"heading.default\">\n\t\t\t\t<div class=\"elementor-widget-container\">\n\t\t\t\t\t<h1 class=\"elementor-heading-title elementor-size-default\">Agriculture<\/h1>\t\t\t\t<\/div>\n\t\t\t\t<\/div>\n\t\t\t\t<div class=\"elementor-element elementor-element-ed49825 elementor-widget elementor-widget-jet-breadcrumbs\" data-id=\"ed49825\" data-element_type=\"widget\" data-e-type=\"widget\" data-widget_type=\"jet-breadcrumbs.default\">\n\t\t\t\t<div class=\"elementor-widget-container\">\n\t\t\t\t\t<div class=\"elementor-jet-breadcrumbs jet-blocks\">\n\t\t<div class=\"jet-breadcrumbs\">\n\t\t<div class=\"jet-breadcrumbs__content\">\n\t\t<div class=\"jet-breadcrumbs__wrap\">\n\t\t<\/div>\n\t\t<\/div>\n\t\t<\/div><\/div>\t\t\t\t<\/div>\n\t\t\t\t<\/div>\n\t\t\t\t<div class=\"elementor-element elementor-element-1d40375 elementor-widget__width-initial elementor-widget elementor-widget-text-editor\" data-id=\"1d40375\" data-element_type=\"widget\" data-e-type=\"widget\" data-widget_type=\"text-editor.default\">\n\t\t\t\t<div class=\"elementor-widget-container\">\n\t\t\t\t\t\t\t\t\t<p>L\u2019agriculture \u00e0 laquelle nous aspirons doit respecter les limites \u00e9cologiques. Nous devons donc encourager la production biologique et int\u00e9gr\u00e9e. Pour le bien de l\u2019\u00eatre humain, de l\u2019animal et de la plan\u00e8te, car notre alimentation et notre agriculture sont responsables de plus d\u2019un quart des \u00e9missions de gaz \u00e0 effet de serre dans le monde.<\/p>\n\t\t\t\t\t\t\t\t<\/div>\n\t\t\t\t<\/div>\n\t\t\t\t\t<\/div>\n\t\t<\/div>\n\t\t\t\t\t<\/div>\n\t\t<\/section>\n\t\t\t\t<section class=\"elementor-section elementor-top-section elementor-element elementor-element-b1e9454 elementor-section-full_width elementor-section-height-min-height elementor-section-height-default elementor-section-items-middle\" data-id=\"b1e9454\" data-element_type=\"section\" data-e-type=\"section\" data-settings=\"{&quot;jet_parallax_layout_list&quot;:[]}\">\n\t\t\t\t\t\t<div class=\"elementor-container elementor-column-gap-no\">\n\t\t\t\t\t<div class=\"elementor-column elementor-col-100 elementor-top-column elementor-element elementor-element-5435b51\" data-id=\"5435b51\" data-element_type=\"column\" data-e-type=\"column\">\n\t\t\t<div class=\"elementor-widget-wrap elementor-element-populated\">\n\t\t\t\t\t\t<div class=\"elementor-element elementor-element-82f66c7 elementor-widget elementor-widget-image\" data-id=\"82f66c7\" data-element_type=\"widget\" data-e-type=\"widget\" data-widget_type=\"image.default\">\n\t\t\t\t<div class=\"elementor-widget-container\">\n\t\t\t\t\t\t\t\t\t\t\t\t\t\t\t<img fetchpriority=\"high\" decoding=\"async\" width=\"1920\" height=\"1275\" src=\"https:\/\/staging.sp-ps.ch\/wp-content\/uploads\/2022\/06\/stijn-te-strake-UdhpcfImQ9Y-unsplash.jpg\" class=\"attachment-full size-full wp-image-14419\" alt=\"\" srcset=\"https:\/\/staging.sp-ps.ch\/wp-content\/uploads\/2022\/06\/stijn-te-strake-UdhpcfImQ9Y-unsplash.jpg 1920w, https:\/\/staging.sp-ps.ch\/wp-content\/uploads\/2022\/06\/stijn-te-strake-UdhpcfImQ9Y-unsplash-300x199.jpg 300w, https:\/\/staging.sp-ps.ch\/wp-content\/uploads\/2022\/06\/stijn-te-strake-UdhpcfImQ9Y-unsplash-1024x680.jpg 1024w, https:\/\/staging.sp-ps.ch\/wp-content\/uploads\/2022\/06\/stijn-te-strake-UdhpcfImQ9Y-unsplash-768x510.jpg 768w, https:\/\/staging.sp-ps.ch\/wp-content\/uploads\/2022\/06\/stijn-te-strake-UdhpcfImQ9Y-unsplash-1536x1020.jpg 1536w\" sizes=\"(max-width: 1920px) 100vw, 1920px\" \/>\t\t\t\t\t\t\t\t\t\t\t\t\t\t\t<\/div>\n\t\t\t\t<\/div>\n\t\t\t\t\t<\/div>\n\t\t<\/div>\n\t\t\t\t\t<\/div>\n\t\t<\/section>\n\t\t\t\t<section class=\"elementor-section elementor-top-section elementor-element elementor-element-4713420 elementor-section-boxed elementor-section-height-default elementor-section-height-default\" data-id=\"4713420\" data-element_type=\"section\" data-e-type=\"section\" data-settings=\"{&quot;jet_parallax_layout_list&quot;:[]}\">\n\t\t\t\t\t\t<div class=\"elementor-container elementor-column-gap-default\">\n\t\t\t\t\t<div class=\"elementor-column elementor-col-100 elementor-top-column elementor-element elementor-element-e531418\" data-id=\"e531418\" data-element_type=\"column\" data-e-type=\"column\">\n\t\t\t<div class=\"elementor-widget-wrap elementor-element-populated\">\n\t\t\t\t\t\t<div class=\"elementor-element elementor-element-2633139 elementor-widget elementor-widget-spps_button_list\" data-id=\"2633139\" data-element_type=\"widget\" data-e-type=\"widget\" data-widget_type=\"spps_button_list.default\">\n\t\t\t\t<div class=\"elementor-widget-container\">\n\t\t\t\t\t<div class=\"button-list-wrapper wrapper-spacing-default  \"><div class=\"button-list-title\"><h2>Agriculture<\/h2><\/div><div class=\"button-list-container\"><div class=\"button-list-text\"><p>Le PS veut une agriculture et une industrie alimentaire durables. La production alimentaire indig\u00e8ne doit \u00eatre adapt\u00e9e aux conditions locales et efficace en mati\u00e8re d\u2019utilisation des ressources. La pression sur les ressources naturelles ne doit pas augmenter. La production doit s\u2019inscrire dans les limites \u00e9cologiques.<\/p>\n<p>Le PS demande donc une politique agricole qui se concentre sur le d\u00e9veloppement et la promotion des syst\u00e8mes de production durables existants tels que le bio et la production int\u00e9gr\u00e9e (PI). La recherche, la formation et le conseil doivent \u00eatre orient\u00e9s en cons\u00e9quence. Dans le domaine du climat \u00e9galement, l\u2019agriculture doit apporter sa contribution \u00e0 la r\u00e9duction des \u00e9missions de gaz \u00e0 effet de serre. Au niveau mondial, les \u00e9missions de gaz \u00e0 effet de serre du secteur agroalimentaire repr\u00e9sentent plus d\u2019un quart des \u00e9missions totales lib\u00e9r\u00e9es et contribuent ainsi de mani\u00e8re d\u00e9terminante au changement climatique.<\/p>\n<p>Le secteur agroalimentaire suisse a lui aussi une grande responsabilit\u00e9 dans la protection du climat. Une bonne gestion des sols agricoles peut m\u00eame agir comme un puits de carbone (s\u00e9questration du CO2 par la formation d\u2019humus), ce qu\u2019il convient d\u2019encourager en cons\u00e9quence. Par ailleurs, les mesures de protection du climat doivent \u00e9galement s\u2019appliquer \u00e0 la consommation, parall\u00e8lement \u00e0 l\u2019agriculture, par exemple par des campagnes d\u2019information et par la promotion d\u2019une alimentation locale et saisonni\u00e8re.<\/p>\n<h4>\u00a0<\/h4>\n<h4>Le PS Suisse \u00e9met les revendications suivantes :\u00a0<\/h4>\n<p>&nbsp;<\/p>\n<ul style ='list-style: none;'>\n<li style =\"background-image:url('https:\/\/staging.sp-ps.ch\/wp-content\/plugins\/elementor\/assets\/images\/placeholder.png'); background-size:0px;\"><strong>Les exigences en mati\u00e8re de protection des plantes doivent \u00eatre renforc\u00e9es.<\/strong> C\u2019est pourquoi nous demandons une taxe d\u2019incitation sur les pesticides et la suppression du taux r\u00e9duit de TVA sur ceux-ci.<\/li>\n<li style =\"background-image:url('https:\/\/staging.sp-ps.ch\/wp-content\/plugins\/elementor\/assets\/images\/placeholder.png'); background-size:0px;\"><strong>En ce qui concerne la commercialisation locale<\/strong>, la Conf\u00e9d\u00e9ration doit s'engager davantage en faveur de meilleures conditions-cadres pour les organisations sectorielles de commercialisation directe. La Conf\u00e9d\u00e9ration doit \u00e0 l'avenir mieux documenter l'\u00e9volution des salaires des agriculteur-trices et, le cas \u00e9ch\u00e9ant, proposer des mesures.<\/li>\n<li style =\"background-image:url('https:\/\/staging.sp-ps.ch\/wp-content\/plugins\/elementor\/assets\/images\/placeholder.png'); background-size:0px;\"><strong>La prolongation du moratoire sur le g\u00e9nie g\u00e9n\u00e9tique<\/strong> doit \u00eatre encore prolong\u00e9e et les nouveaux proc\u00e9d\u00e9s de g\u00e9nie g\u00e9n\u00e9tique doivent \u00eatre soumis \u00e0 la Loi sur le g\u00e9nie g\u00e9n\u00e9tique. Le moratoire sur les cultures de l\u2019agriculture suisse est une caract\u00e9ristique importante et unique qui a fait ses preuves.<\/li>\n<\/ul>\n<\/div><\/div><\/div>\t\t\t\t<\/div>\n\t\t\t\t<\/div>\n\t\t\t\t\t<\/div>\n\t\t<\/div>\n\t\t\t\t\t<\/div>\n\t\t<\/section>\n\t\t\t\t<section class=\"elementor-section elementor-top-section elementor-element elementor-element-2cc4901 elementor-section-boxed elementor-section-height-default elementor-section-height-default\" data-id=\"2cc4901\" data-element_type=\"section\" data-e-type=\"section\" data-settings=\"{&quot;jet_parallax_layout_list&quot;:[]}\">\n\t\t\t\t\t\t<div class=\"elementor-container elementor-column-gap-default\">\n\t\t\t\t\t<div class=\"elementor-column elementor-col-100 elementor-top-column elementor-element elementor-element-9be7bb3\" data-id=\"9be7bb3\" data-element_type=\"column\" data-e-type=\"column\">\n\t\t\t<div class=\"elementor-widget-wrap elementor-element-populated\">\n\t\t\t\t\t\t<div class=\"elementor-element elementor-element-8f63d38 elementor-widget elementor-widget-spps_button_list\" data-id=\"8f63d38\" data-element_type=\"widget\" data-e-type=\"widget\" data-widget_type=\"spps_button_list.default\">\n\t\t\t\t<div class=\"elementor-widget-container\">\n\t\t\t\t\t<div class=\"button-list-wrapper wrapper-spacing-default  \"><div class=\"button-list-title\"><h2>Consultations<\/h2><\/div><div class=\"button-list-container\"><div class=\"button-list-items\"><div class=\"button-list-item\"><div class=\"button-wrapper \"><a href=\"https:\/\/staging.sp-ps.ch\/wp-content\/uploads\/2025\/12\/2025-12-07-Vernehmlassungsantwort-der-SP-Schweiz-Indirekter-Gegenentwurf-Stopfleber-Initiative.pdf\"  target=\"_self\" class=\"button-link button-link-download\" >Contre-projet indirect \u00e0 l\u2019initiative foie gras (2025) &#091;en allemand&#093;<span class=\"button-media-date\">01.12.2025<\/span><\/a><\/div><\/div><div class=\"button-list-item\"><div class=\"button-wrapper \"><a href=\"https:\/\/staging.sp-ps.ch\/wp-content\/uploads\/2024\/11\/2024-11-21-Vernehmlassungsantwort-der-SP-Schweiz-Ind-Gegenvorschlag-Pelz-Initiative.pdf\"  target=\"_self\" class=\"button-link button-link-download\" >Contre-projet indirect \u00e0 l\u2019initiative fourrure (2024) &#091;en allemand&#093;<span class=\"button-media-date\">21.11.2024<\/span><\/a><\/div><\/div><div class=\"button-list-item\"><div class=\"button-wrapper \"><a href=\"https:\/\/staging.sp-ps.ch\/wp-content\/uploads\/2024\/07\/2024-07-10-Vernehmlassungsantwort-der-SP-Schweiz-Deklarationspflicht-und-Einfuhrverbote.pdf\"  target=\"_self\" class=\"button-link button-link-download\" >Importation, du transit et exportation d\u2019animaux et de produits animaux (2024) &#091;en allemand&#093;<span class=\"button-media-date\">29.07.2024<\/span><\/a><\/div><\/div><div class=\"button-list-item\"><div class=\"button-wrapper \"><a href=\"https:\/\/staging.sp-ps.ch\/wp-content\/uploads\/2024\/01\/2024-01-05-Vernehmlassungsantwort-der-SP-Schweiz-LwG-Mo-19.3445-angemess.-Entschaedigung-im-Scheidungsfall.pdf\"  target=\"_self\" class=\"button-link button-link-download\" >Indemnisation de le-la conjoint(e) d\u2019un exploitant agricole en cas de divorce (2024) &#091;en allemand&#093;<span class=\"button-media-date\">08.01.2024<\/span><\/a><\/div><\/div><div class=\"button-list-item\"><div class=\"button-wrapper \"><a href=\"https:\/\/staging.sp-ps.ch\/wp-content\/uploads\/2024\/01\/2024-01-05-Vernehmlassungsantwort-der-SP-Schweiz-LwG-Mo-19.3445-angemess.-Entschaedigung-im-Scheidungsfall-1.pdf\"  target=\"_self\" class=\"button-link button-link-download\" >Indemnisation de le-la conjoint(e) d\u2019un exploitant agricole en cas de divorce (2024) &#091;en allemand&#093;<span class=\"button-media-date\">08.01.2024<\/span><\/a><\/div><\/div><div class=\"button-list-item\"><div class=\"button-wrapper \"><a href=\"https:\/\/staging.sp-ps.ch\/wp-content\/uploads\/2025\/01\/2025-01-09-SP_Vernehmlassungsantwort_BGBB.pdf\"  target=\"_self\" class=\"button-link button-link-download\" >Modification loi f\u00e9d\u00e9rale droit foncier rural (2025) &#091;en allemand&#093;<span class=\"button-media-date\">13.01.2025<\/span><\/a><\/div><\/div><div class=\"button-list-item\"><div class=\"button-wrapper \"><a href=\"https:\/\/staging.sp-ps.ch\/wp-content\/uploads\/2024\/04\/2024-03-29-Vernehmlassungsantwort-SP-Schweiz-Totalrevision-der-PSMV-002.pdf\"  target=\"_self\" class=\"button-link button-link-download\" >Ordonnance sur les produits phytosanitaires et sur les \u00e9moluments de l\u2019OSAV (2024) &#091;en allemand&#093;<span class=\"button-media-date\">15.04.2024<\/span><\/a><\/div><\/div><div class=\"button-list-item\"><div class=\"button-wrapper \"><a href=\"https:\/\/staging.sp-ps.ch\/wp-content\/uploads\/2024\/03\/2025-03-14-Vernehmlassungsantwort-der-SP-Schweiz-Aenderung-Verordnung-Tierschutz.pdf\"  target=\"_self\" class=\"button-link button-link-download\" >Ordonnances dans le domaine de la protection des animaux (2024) &#091;en allemand&#093;<span class=\"button-media-date\">18.03.2024<\/span><\/a><\/div><\/div><div class=\"button-list-item\"><div class=\"button-wrapper \"><a href=\"https:\/\/staging.sp-ps.ch\/wp-content\/uploads\/2024\/10\/2024-01-24-SP-Stellungnahme-Landwirtschaftlicher-Zahlungsrahmen-2026-2029.pdf\"  target=\"_self\" class=\"button-link button-link-download\" >Plafonds des d\u00e9penses agricoles 2026-2029 (2024) &#091;en allemand&#093;<span class=\"button-media-date\">28.10.2024<\/span><\/a><\/div><\/div><div class=\"button-list-item\"><div class=\"button-wrapper \"><a href=\"https:\/\/staging.sp-ps.ch\/wp-content\/uploads\/2025\/08\/2025-08-17-Vernehmlassungsantwort-der-SP-Schweiz_Weinreserve.pdf\"  target=\"_self\" class=\"button-link button-link-download\" >R\u00e9serve pour les vins suisses (2025) &#091;en allemand&#093;<span class=\"button-media-date\">18.08.2025<\/span><\/a><\/div><\/div><div class=\"button-list-item\"><div class=\"button-wrapper \"><a href=\"https:\/\/staging.sp-ps.ch\/wp-content\/uploads\/2024\/09\/2024-09-11-Vernehmlassungsantwort-der-SP-Schweiz-Revision-Bundesgesetz-Pflanzenzucht.pdf\"  target=\"_self\" class=\"button-link button-link-download\" >R\u00e9vision de la loi sur les brevets d\u2019invention (2024) &#091;en allemand&#093;<span class=\"button-media-date\">12.09.2024<\/span><\/a><\/div><\/div><div class=\"button-list-item\"><div class=\"button-wrapper \"><a href=\"https:\/\/staging.sp-ps.ch\/wp-content\/uploads\/2025\/05\/2025-05-03-Vernehmlassungsantwort-der-SP-Schweiz-_landw_Verordnungspaket2025_praesidium.pdf\"  target=\"_self\" class=\"button-link button-link-download\" >Train d'ordonnances agricoles (2025) &#091;en allemand&#093;<span class=\"button-media-date\">05.05.2025<\/span><\/a><\/div><\/div><div class=\"button-list-item\"><div class=\"button-wrapper \"><a href=\"https:\/\/staging.sp-ps.ch\/wp-content\/uploads\/2023\/05\/VL-Landw.-V-Paket-2023-003-1.pdf\"  target=\"_self\" class=\"button-link button-link-download\" >Train d\u2019ordonnances agricoles 2023 (2023) &#091;en allemand&#093;<span class=\"button-media-date\">05.05.2023<\/span><\/a><\/div><\/div><div class=\"button-list-item\"><div class=\"button-wrapper \"><a href=\"https:\/\/staging.sp-ps.ch\/wp-content\/uploads\/2024\/05\/2024-05-01-Vernehmlassungsantwort-SP-Schweiz-VL-Landw.-V-Paket-2024-AP22.pdf\"  target=\"_self\" class=\"button-link button-link-download\" >Train d\u2019ordonnances agricoles 2024 \/ Politique agricole 2022+ (2024) &#091;en allemand&#093;<span class=\"button-media-date\">07.05.2024<\/span><\/a><\/div><\/div><div class=\"button-list-item\"><div class=\"button-wrapper \"><a href=\"https:\/\/staging.sp-ps.ch\/wp-content\/uploads\/2024\/12\/2024-12-09-Vernehmlassungsantwort-der-SP-Schweiz_Pflanzenschutzmittel.pdf\"  target=\"_self\" class=\"button-link button-link-download\" >Une protection des plantes moderne (2024)<span class=\"button-media-date\">10.12.2024<\/span><\/a><\/div><\/div><\/div><\/div><\/div>\t\t\t\t<\/div>\n\t\t\t\t<\/div>\n\t\t\t\t\t<\/div>\n\t\t<\/div>\n\t\t\t\t\t<\/div>\n\t\t<\/section>\n\t\t\t\t<section class=\"elementor-section elementor-top-section elementor-element elementor-element-368a95f elementor-section-boxed elementor-section-height-default elementor-section-height-default\" data-id=\"368a95f\" data-element_type=\"section\" data-e-type=\"section\" data-settings=\"{&quot;jet_parallax_layout_list&quot;:[]}\">\n\t\t\t\t\t\t<div class=\"elementor-container elementor-column-gap-default\">\n\t\t\t\t\t<div class=\"elementor-column elementor-col-100 elementor-top-column elementor-element elementor-element-171bb6f\" data-id=\"171bb6f\" data-element_type=\"column\" data-e-type=\"column\">\n\t\t\t<div class=\"elementor-widget-wrap\">\n\t\t\t\t\t\t\t<\/div>\n\t\t<\/div>\n\t\t\t\t\t<\/div>\n\t\t<\/section>\n\t\t\t\t<section class=\"elementor-section elementor-top-section elementor-element elementor-element-d8dd251 elementor-section-boxed elementor-section-height-default elementor-section-height-default\" data-id=\"d8dd251\" data-element_type=\"section\" data-e-type=\"section\" data-settings=\"{&quot;jet_parallax_layout_list&quot;:[]}\">\n\t\t\t\t\t\t<div class=\"elementor-container elementor-column-gap-default\">\n\t\t\t\t\t<div class=\"elementor-column elementor-col-100 elementor-top-column elementor-element elementor-element-0cb9c4f\" data-id=\"0cb9c4f\" data-element_type=\"column\" data-e-type=\"column\">\n\t\t\t<div class=\"elementor-widget-wrap elementor-element-populated\">\n\t\t\t\t\t\t<div class=\"elementor-element elementor-element-1ccbbf4 elementor-widget elementor-widget-spps_call_to_action\" data-id=\"1ccbbf4\" data-element_type=\"widget\" data-e-type=\"widget\" data-widget_type=\"spps_call_to_action.default\">\n\t\t\t\t<div class=\"elementor-widget-container\">\n\t\t\t\t\t<div class=\"call-to-action-wrapper wrapper-spacing-default \" style=\"background:#E4002B\" ><div class=\"call-to-action-title\"><h2>Commissione th\u00e9matique \u00ab Politique agricole \u00bb<\/h2><\/div><div class=\"call-to-action-container\"><div class=\"call-to-action-text\"><p>Les commissions th\u00e9matiques d\u00e9veloppent les connaissances th\u00e9matiques sp\u00e9cifiques du parti. Elles coordonnent et soutiennent la politique du PS dans les domaines politiques essentiels - au niveau national, cantonal et communal.<\/p><p>Es-tu int\u00e9ress\u00e9(e) \u00e0 t'engager dans la commission th\u00e9matique \u00ab Politique agricole \u00bb ?<\/p><\/div><div class=\"call-to-action-buttons call-to-action-buttons-left\"><div class=\"button-wrapper \"><a href=\"https:\/\/staging.sp-ps.ch\/fr\/parti\/commissions-thematiques\/politique-agricole\/\"  target=\"_self\" class=\"button-link button-link-default\"  style='color:#E4002B' onMouseOver=\"this.style.color='white';this.style.background='#E4002B'\" onMouseOut=\"this.style.color='#E4002B';this.style.background='#EBEBEB'\">Plus d'informations sur la commission th\u00e9matique<\/a><\/div><\/div><\/div><\/div>\t\t\t\t<\/div>\n\t\t\t\t<\/div>\n\t\t\t\t\t<\/div>\n\t\t<\/div>\n\t\t\t\t\t<\/div>\n\t\t<\/section>\n\t\t\t\t<\/div>\n\t\t","protected":false},"excerpt":{"rendered":"<p>Agriculture L\u2019agriculture \u00e0 laquelle nous aspirons doit respecter les limites \u00e9cologiques. Nous devons donc encourager la production biologique et int\u00e9gr\u00e9e. Pour le bien de l\u2019\u00eatre humain, de l\u2019animal et de [&hellip;]<\/p>\n","protected":false},"author":1,"featured_media":0,"parent":17197,"menu_order":8,"comment_status":"closed","ping_status":"closed","template":"","meta":{"footnotes":""},"class_list":["post-96240","page","type-page","status-publish","hentry"],"_links":{"self":[{"href":"https:\/\/staging.sp-ps.ch\/fr\/wp-json\/wp\/v2\/pages\/96240","targetHints":{"allow":["GET"]}}],"collection":[{"href":"https:\/\/staging.sp-ps.ch\/fr\/wp-json\/wp\/v2\/pages"}],"about":[{"href":"https:\/\/staging.sp-ps.ch\/fr\/wp-json\/wp\/v2\/types\/page"}],"author":[{"embeddable":true,"href":"https:\/\/staging.sp-ps.ch\/fr\/wp-json\/wp\/v2\/users\/1"}],"replies":[{"embeddable":true,"href":"https:\/\/staging.sp-ps.ch\/fr\/wp-json\/wp\/v2\/comments?post=96240"}],"version-history":[{"count":15,"href":"https:\/\/staging.sp-ps.ch\/fr\/wp-json\/wp\/v2\/pages\/96240\/revisions"}],"predecessor-version":[{"id":109833,"href":"https:\/\/staging.sp-ps.ch\/fr\/wp-json\/wp\/v2\/pages\/96240\/revisions\/109833"}],"up":[{"embeddable":true,"href":"https:\/\/staging.sp-ps.ch\/fr\/wp-json\/wp\/v2\/pages\/17197"}],"wp:attachment":[{"href":"https:\/\/staging.sp-ps.ch\/fr\/wp-json\/wp\/v2\/media?parent=96240"}],"curies":[{"name":"wp","href":"https:\/\/api.w.org\/{rel}","templated":true}]}}