{"id":97011,"date":"2023-04-26T08:54:50","date_gmt":"2023-04-26T06:54:50","guid":{"rendered":"https:\/\/staging.sp-ps.ch\/?page_id=97011"},"modified":"2026-03-16T15:10:25","modified_gmt":"2026-03-16T14:10:25","slug":"les-succes-du-ps-pendant-la-legislature-actuelle","status":"publish","type":"page","link":"https:\/\/staging.sp-ps.ch\/fr\/faire-un-don\/les-succes-du-ps-pendant-la-legislature-actuelle\/","title":{"rendered":"Les succes du PS pendant la legislature actuelle"},"content":{"rendered":"\t\t<div data-elementor-type=\"wp-post\" data-elementor-id=\"97011\" class=\"elementor elementor-97011 elementor-97010\" data-elementor-post-type=\"page\">\n\t\t\t\t\t\t<section class=\"elementor-section elementor-top-section elementor-element elementor-element-62f6b11f03ee2 elementor-section-boxed elementor-section-height-default elementor-section-height-default\" data-id=\"62f6b11f03ee2\" data-element_type=\"section\" data-e-type=\"section\" data-settings=\"{&quot;jet_parallax_layout_list&quot;:[],&quot;background_background&quot;:&quot;classic&quot;}\">\n\t\t\t\t\t\t<div class=\"elementor-container elementor-column-gap-wide\">\n\t\t\t\t\t<div class=\"elementor-column elementor-col-100 elementor-top-column elementor-element elementor-element-62f6b11f03ee4\" data-id=\"62f6b11f03ee4\" data-element_type=\"column\" data-e-type=\"column\">\n\t\t\t<div class=\"elementor-widget-wrap elementor-element-populated\">\n\t\t\t\t\t\t<div class=\"elementor-element elementor-element-62f6b11f03e6b elementor-widget elementor-widget-heading\" data-id=\"62f6b11f03e6b\" data-element_type=\"widget\" data-e-type=\"widget\" data-widget_type=\"heading.default\">\n\t\t\t\t<div class=\"elementor-widget-container\">\n\t\t\t\t\t<h1 class=\"elementor-heading-title elementor-size-default\">Les succes du PS<\/h1>\t\t\t\t<\/div>\n\t\t\t\t<\/div>\n\t\t\t\t<div class=\"elementor-element elementor-element-62f6b11f03ed0 elementor-widget elementor-widget-jet-breadcrumbs\" data-id=\"62f6b11f03ed0\" data-element_type=\"widget\" data-e-type=\"widget\" data-widget_type=\"jet-breadcrumbs.default\">\n\t\t\t\t<div class=\"elementor-widget-container\">\n\t\t\t\t\t<div class=\"elementor-jet-breadcrumbs jet-blocks\">\n\t\t<div class=\"jet-breadcrumbs\">\n\t\t<div class=\"jet-breadcrumbs__content\">\n\t\t<div class=\"jet-breadcrumbs__wrap\">\n\t\t<\/div>\n\t\t<\/div>\n\t\t<\/div><\/div>\t\t\t\t<\/div>\n\t\t\t\t<\/div>\n\t\t\t\t<div class=\"elementor-element elementor-element-d298702 elementor-widget__width-initial elementor-widget elementor-widget-text-editor\" data-id=\"d298702\" data-element_type=\"widget\" data-e-type=\"widget\" data-widget_type=\"text-editor.default\">\n\t\t\t\t<div class=\"elementor-widget-container\">\n\t\t\t\t\t\t\t\t\t<p>Pour renforcer la Suisse sociale, nous avons besoin de succ\u00e8s en votation et de d\u00e9cisions progressistes au Parlement. C\u2019est ainsi que nous pourrons progresser ensemble\u2009: en mati\u00e8re de pouvoir d\u2019achat, de protection du climat et d\u2019\u00e9galit\u00e9.<\/p>\t\t\t\t\t\t\t\t<\/div>\n\t\t\t\t<\/div>\n\t\t\t\t\t<\/div>\n\t\t<\/div>\n\t\t\t\t\t<\/div>\n\t\t<\/section>\n\t\t\t\t<section class=\"elementor-section elementor-top-section elementor-element elementor-element-62f6b11f03ee6 elementor-section-boxed elementor-section-height-default elementor-section-height-default\" data-id=\"62f6b11f03ee6\" data-element_type=\"section\" data-e-type=\"section\" data-settings=\"{&quot;jet_parallax_layout_list&quot;:[]}\">\n\t\t\t\t\t\t<div class=\"elementor-container elementor-column-gap-wide\">\n\t\t\t\t\t<div class=\"elementor-column elementor-col-100 elementor-top-column elementor-element elementor-element-62f6b11f03ee7\" data-id=\"62f6b11f03ee7\" data-element_type=\"column\" data-e-type=\"column\">\n\t\t\t<div class=\"elementor-widget-wrap elementor-element-populated\">\n\t\t\t\t\t\t<div class=\"elementor-element elementor-element-890ad8a elementor-widget elementor-widget-spacer\" data-id=\"890ad8a\" data-element_type=\"widget\" data-e-type=\"widget\" data-widget_type=\"spacer.default\">\n\t\t\t\t<div class=\"elementor-widget-container\">\n\t\t\t\t\t\t\t<div class=\"elementor-spacer\">\n\t\t\t<div class=\"elementor-spacer-inner\"><\/div>\n\t\t<\/div>\n\t\t\t\t\t\t<\/div>\n\t\t\t\t<\/div>\n\t\t\t\t<div class=\"elementor-element elementor-element-d4c30b8 elementor-widget elementor-widget-spps_title_text\" data-id=\"d4c30b8\" data-element_type=\"widget\" data-e-type=\"widget\" data-widget_type=\"spps_title_text.default\">\n\t\t\t\t<div class=\"elementor-widget-container\">\n\t\t\t\t\t<div class=\"title-text-wrapper \"><div class=\"title-text-title\"><h2>L\u00e9gislature 2023-2027<\/h2><\/div><div class=\"title-text-container\"><\/div><\/div>\t\t\t\t<\/div>\n\t\t\t\t<\/div>\n\t\t\t\t<div class=\"elementor-element elementor-element-5447c46 elementor-widget elementor-widget-accordion\" data-id=\"5447c46\" data-element_type=\"widget\" data-e-type=\"widget\" data-widget_type=\"accordion.default\">\n\t\t\t\t<div class=\"elementor-widget-container\">\n\t\t\t\t\t\t\t<div class=\"elementor-accordion\">\n\t\t\t\t\t\t\t<div class=\"elementor-accordion-item\">\n\t\t\t\t\t<div id=\"elementor-tab-title-8831\" class=\"elementor-tab-title\" data-tab=\"1\" role=\"button\" aria-controls=\"elementor-tab-content-8831\" aria-expanded=\"false\">\n\t\t\t\t\t\t\t\t\t\t\t\t\t<span class=\"elementor-accordion-icon elementor-accordion-icon-left\" aria-hidden=\"true\">\n\t\t\t\t\t\t\t\t\t\t\t\t\t\t\t<span class=\"elementor-accordion-icon-closed\"><i class=\"fas fa-plus\"><\/i><\/span>\n\t\t\t\t\t\t\t\t<span class=\"elementor-accordion-icon-opened\"><i class=\"fas fa-minus\"><\/i><\/span>\n\t\t\t\t\t\t\t\t\t\t\t\t\t\t<\/span>\n\t\t\t\t\t\t\t\t\t\t\t\t<a class=\"elementor-accordion-title\" tabindex=\"0\">Dans les urnes :<\/a>\n\t\t\t\t\t<\/div>\n\t\t\t\t\t<div id=\"elementor-tab-content-8831\" class=\"elementor-tab-content elementor-clearfix\" data-tab=\"1\" role=\"region\" aria-labelledby=\"elementor-tab-title-8831\"><ul><li><p>Main dans la main avec les syndicats, le\u00a0PS a r\u00e9ussi \u00e0 imposer ses vues\u00a0: <strong>quelque 58\u00a0% des votant-es ont dit oui le 3\u00a0mars\u00a02024 \u00e0 l\u2019initiative pour une 13<sup>e<\/sup>\u00a0rente\u00a0AVS.<\/strong> Pour la premi\u00e8re fois, le peuple a approuv\u00e9 une initiative visant \u00e0 renforcer l\u2019AVS. La 13<sup>e<\/sup> rente\u00a0AVS sera vers\u00e9e \u00e0 partir de\u00a02026. La rente suppl\u00e9mentaire aidera \u00e0 compenser la perte de pouvoir d\u2019achat des retrait\u00e9-es. L\u2019initiative sur les rentes des Jeunes Lib\u00e9raux-Radicaux\u00a0(JLR) (rel\u00e8vement automatique de l\u2019\u00e2ge de la retraite) a \u00e9t\u00e9 clairement rejet\u00e9e par le peuple et les cantons.<\/p><\/li><li><p>Une nouvelle\u00a0\u00e9tape importante pour\u00a0une meilleure protection du climat et une plus grande s\u00e9curit\u00e9 d\u2019approvisionnement\u2009: <strong>la loi sur l\u2019\u00e9lectricit\u00e9 permet de d\u00e9velopper les \u00e9nergies renouvelables \u00e0 grande \u00e9chelle,<\/strong> notamment l\u2019\u00e9nergie solaire sur les b\u00e2timents et les infrastructures existants. Cette loi est une \u00e9tape importante pour se d\u00e9tacher enfin du p\u00e9trole et du gaz. <strong>Le 9\u00a0juin 2024, les citoyen-nes ont clairement accept\u00e9 la loi sur l\u2019\u00e9lectricit\u00e9,<\/strong> montrant ainsi qu\u2019il faut maintenant aller de l\u2019avant en mati\u00e8re de protection du climat.<\/p><\/li><li><p><strong>La r\u00e9forme LPP a \u00e9t\u00e9 rejet\u00e9e le 22 septembre 2024 par plus de 67% des votant-es. Ce r\u00e9sultat est une victoire pour le pouvoir d\u2019achat de la population.<\/strong> La population ne s\u2019est pas laiss\u00e9 berner par la campagne \u00e0 plusieurs millions du camp bourgeois et de l\u2019industrie de la finance et des assurances.<\/p><\/li><li><p><strong>Le non du peuple suisse, le 24\u00a0novembre\u00a02024, \u00e0 l\u2019extension des autoroutes est l\u2019indice d\u2019une volont\u00e9 claire\u2009: pour une meilleure protection du climat et pour davantage de transports publics. <\/strong>La premi\u00e8re pierre est pos\u00e9e en vue d\u2019un tournant depuis longtemps attendu dans le domaine des transports, comme le pr\u00e9voit l\u2019initiative pour un fonds climat du PS et des Vert-e-s. En plus de promouvoir les transports publics, il s\u2019agit maintenant d\u2019investir aussi dans la mobilit\u00e9 douce et des solutions de transport multimodales.<\/p><\/li><li><p>C\u2019est un verdict clair et un non \u00e0 la d\u00e9t\u00e9rioration du droit du bail\u2009: <strong>le rejet des deux projets de loi sur les loyers du 24\u00a0novembre\u00a02024.<\/strong> Le\u00a0PS va continuer de s\u2019engager en faveur des locataires. Il demande l\u2019introduction imm\u00e9diate d\u2019un moratoire sur les loyers, l\u2019obligation de contr\u00f4ler r\u00e9guli\u00e8rement les rendements pour les grands acteurs du march\u00e9 immobilier et la promotion de la construction de logements d\u2019utilit\u00e9 publique.<\/p><\/li><li><p><strong>Le 28 septembre, les \u00e9lecteurs et \u00e9lectrices suisses ont approuv\u00e9 une e-ID publique, s\u00e9curis\u00e9e, facultative et \u00e9conome en donn\u00e9es.<\/strong> Il s\u2019agit d\u2019une victoire pour les droits fondamentaux, le service public et la souverainet\u00e9 num\u00e9rique. Le vote montre \u00e9galement que la protection des donn\u00e9es est essentielle\u2009: des r\u00e9glementations claires sont d\u00e9sormais n\u00e9cessaires afin que les g\u00e9ants de la tech&#8217; tels que Meta, X ou Google respectent des directives contraignantes.<\/p><\/li><li><p><strong>Le 8 mars 2026, les \u00e9lectrices et \u00e9lecteurs ont tr\u00e8s clairement rejet\u00e9 l\u2019initiative anti-SSR \u2014 un engagement fort en faveur des m\u00e9dias ind\u00e9pendants.<\/strong> Le PS Suisse s\u2019est fermement oppos\u00e9 \u00e0 la tentative des milieux de droite d\u2019affaiblir la SSR. Il s\u2019agit d\u2019un refus clair du mod\u00e8le propos\u00e9 par les autocrates, tels que le pr\u00e9sident am\u00e9ricain Donald Trump. Ensemble, nous avons pu montrer que les m\u00e9dias ind\u00e9pendants sont le fondement d\u2019une d\u00e9mocratie qui fonctionne et qu\u2019ils sont particuli\u00e8rement importants \u00e0 une \u00e9poque o\u00f9 la d\u00e9sinformation et les fake news se multiplient.<\/p><\/li><li><p><strong>Le 8 mars 2026, la population a dit oui \u00e0 l\u2019imposition individuelle \u2014 un succ\u00e8s important pour l\u2019\u00e9galit\u00e9 et une revendication historique du PS.<\/strong> La p\u00e9nalisation fiscale du mariage est enfin supprim\u00e9e. Les personnes qui g\u00e9n\u00e8rent le revenu secondaire du m\u00e9nage \u2014 principalement les femmes \u2014 ne seront plus p\u00e9nalis\u00e9es. Le PS Suisse suivra de pr\u00e8s la mise en \u0153uvre dans les cantons et veillera \u00e0 ce que les all\u00e8gements fiscaux profitent aux personnes \u00e0 faibles et moyens revenus \u2014 et ne soient pas d\u00e9tourn\u00e9s au profit des plus hauts revenus.<\/p><\/li><\/ul><\/div>\n\t\t\t\t<\/div>\n\t\t\t\t\t\t\t<div class=\"elementor-accordion-item\">\n\t\t\t\t\t<div id=\"elementor-tab-title-8832\" class=\"elementor-tab-title\" data-tab=\"2\" role=\"button\" aria-controls=\"elementor-tab-content-8832\" aria-expanded=\"false\">\n\t\t\t\t\t\t\t\t\t\t\t\t\t<span class=\"elementor-accordion-icon elementor-accordion-icon-left\" aria-hidden=\"true\">\n\t\t\t\t\t\t\t\t\t\t\t\t\t\t\t<span class=\"elementor-accordion-icon-closed\"><i class=\"fas fa-plus\"><\/i><\/span>\n\t\t\t\t\t\t\t\t<span class=\"elementor-accordion-icon-opened\"><i class=\"fas fa-minus\"><\/i><\/span>\n\t\t\t\t\t\t\t\t\t\t\t\t\t\t<\/span>\n\t\t\t\t\t\t\t\t\t\t\t\t<a class=\"elementor-accordion-title\" tabindex=\"0\">Au Parlement :<\/a>\n\t\t\t\t\t<\/div>\n\t\t\t\t\t<div id=\"elementor-tab-content-8832\" class=\"elementor-tab-content elementor-clearfix\" data-tab=\"2\" role=\"region\" aria-labelledby=\"elementor-tab-title-8832\"><ul><li><p>Avec <strong>la taxe dite au tonnage<\/strong>, le centre-droit voulait introduire un nouveau privil\u00e8ge fiscal pour les compagnies maritimes et les groupes de n\u00e9goce de mati\u00e8res premi\u00e8res tels que Glencore. D\u00e8s l&#8217;examen en commission, le PS a annonc\u00e9 le lancement d&#8217;un r\u00e9f\u00e9rendum contre ce projet. Apr\u00e8s la nette d\u00e9faite sur la 13<sup>e<\/sup> rente AVS, les lobbyistes des associations \u00e9conomiques ont soudain eu froid dans le dos : par crainte d&#8217;un nouveau revers dans les urnes, elles et ils ont enterr\u00e9 le projet.<\/p><\/li><\/ul><\/div>\n\t\t\t\t<\/div>\n\t\t\t\t\t\t\t\t<\/div>\n\t\t\t\t\t\t<\/div>\n\t\t\t\t<\/div>\n\t\t\t\t<div class=\"elementor-element elementor-element-f99e06c elementor-widget elementor-widget-spacer\" data-id=\"f99e06c\" data-element_type=\"widget\" data-e-type=\"widget\" data-widget_type=\"spacer.default\">\n\t\t\t\t<div class=\"elementor-widget-container\">\n\t\t\t\t\t\t\t<div class=\"elementor-spacer\">\n\t\t\t<div class=\"elementor-spacer-inner\"><\/div>\n\t\t<\/div>\n\t\t\t\t\t\t<\/div>\n\t\t\t\t<\/div>\n\t\t\t\t<div class=\"elementor-element elementor-element-24b654e elementor-widget elementor-widget-spps_title_text\" data-id=\"24b654e\" data-element_type=\"widget\" data-e-type=\"widget\" data-widget_type=\"spps_title_text.default\">\n\t\t\t\t<div class=\"elementor-widget-container\">\n\t\t\t\t\t<div class=\"title-text-wrapper \"><div class=\"title-text-title\"><h2>L\u00e9gislature 2019-2023<\/h2><\/div><div class=\"title-text-container\"><div class=\"title-text-text\"><p>Au cours de la l\u00e9gislature 2019-2023, le PS Suisse a pu f\u00eater quelques succ\u00e8s notables, tant dans les urnes qu\u2019au Parlement.<\/p><\/div><\/div><\/div>\t\t\t\t<\/div>\n\t\t\t\t<\/div>\n\t\t\t\t<div class=\"elementor-element elementor-element-0c950bc elementor-widget elementor-widget-accordion\" data-id=\"0c950bc\" data-element_type=\"widget\" data-e-type=\"widget\" data-widget_type=\"accordion.default\">\n\t\t\t\t<div class=\"elementor-widget-container\">\n\t\t\t\t\t\t\t<div class=\"elementor-accordion\">\n\t\t\t\t\t\t\t<div class=\"elementor-accordion-item\">\n\t\t\t\t\t<div id=\"elementor-tab-title-1311\" class=\"elementor-tab-title\" data-tab=\"1\" role=\"button\" aria-controls=\"elementor-tab-content-1311\" aria-expanded=\"false\">\n\t\t\t\t\t\t\t\t\t\t\t\t\t<span class=\"elementor-accordion-icon elementor-accordion-icon-left\" aria-hidden=\"true\">\n\t\t\t\t\t\t\t\t\t\t\t\t\t\t\t<span class=\"elementor-accordion-icon-closed\"><i class=\"fas fa-plus\"><\/i><\/span>\n\t\t\t\t\t\t\t\t<span class=\"elementor-accordion-icon-opened\"><i class=\"fas fa-minus\"><\/i><\/span>\n\t\t\t\t\t\t\t\t\t\t\t\t\t\t<\/span>\n\t\t\t\t\t\t\t\t\t\t\t\t<a class=\"elementor-accordion-title\" tabindex=\"0\">Dans les urnes :<\/a>\n\t\t\t\t\t<\/div>\n\t\t\t\t\t<div id=\"elementor-tab-content-1311\" class=\"elementor-tab-content elementor-clearfix\" data-tab=\"1\" role=\"region\" aria-labelledby=\"elementor-tab-title-1311\"><ul>\n \t<li><p>Le\u00a0PS s\u2019est fortement engag\u00e9 en faveur d\u2019un droit matrimonial progressiste et de l\u2019\u00e9galit\u00e9 pour les couples de m\u00eame sexe. Il a \u00e9t\u00e9 en premi\u00e8re ligne dans la lutte pour l\u2019am\u00e9lioration des conditions de travail dans le secteur des soins. Le succ\u00e8s ne s\u2019est pas fait attendre\u00a0: le <strong>m<\/strong><strong>ariage pour toutes et tous <\/strong>et<strong> l\u2019initiative sur les soins infirmiers<\/strong> ont \u00e9t\u00e9 accept\u00e9s dans les urnes par une large majorit\u00e9 des votant-es.<\/li>\n \t<li><p>Par ailleurs, en faisant cavalier seul, le\u00a0PS a r\u00e9ussi \u00e0 trois reprises \u00e0 emp\u00eacher des modifications de loi qui n\u2019auraient profit\u00e9 qu\u2019aux grands groupes d\u2019entreprises et aux managers surpay\u00e9s, et cela au d\u00e9triment du pouvoir d\u2019achat de la population, d\u00e9j\u00e0 sous pression. <strong>L\u2019a<\/strong><strong>rnaque des d\u00e9ductions pour enfants, l\u2019arnaque de la suppression du droit de timbre<\/strong> et les <strong>projets de suppression de l\u2019imp\u00f4t anticip\u00e9 <\/strong>ont tous \u00e9t\u00e9 rejet\u00e9s par le peuple.<\/li>\n \t<li><p>Gr\u00e2ce au PS, <strong>la loi sur la protection du climat<\/strong> (contre-projet \u00e0 l&#8217;initiative sur les glaciers) a \u00e9t\u00e9 approuv\u00e9e par un OUI massif de la population en juin 2023. La population a clairement indiqu\u00e9 qu&#8217;elle souhaitait faire avancer la protection du climat par des investissements publics.<\/li>\n<\/ul><\/div>\n\t\t\t\t<\/div>\n\t\t\t\t\t\t\t<div class=\"elementor-accordion-item\">\n\t\t\t\t\t<div id=\"elementor-tab-title-1312\" class=\"elementor-tab-title\" data-tab=\"2\" role=\"button\" aria-controls=\"elementor-tab-content-1312\" aria-expanded=\"false\">\n\t\t\t\t\t\t\t\t\t\t\t\t\t<span class=\"elementor-accordion-icon elementor-accordion-icon-left\" aria-hidden=\"true\">\n\t\t\t\t\t\t\t\t\t\t\t\t\t\t\t<span class=\"elementor-accordion-icon-closed\"><i class=\"fas fa-plus\"><\/i><\/span>\n\t\t\t\t\t\t\t\t<span class=\"elementor-accordion-icon-opened\"><i class=\"fas fa-minus\"><\/i><\/span>\n\t\t\t\t\t\t\t\t\t\t\t\t\t\t<\/span>\n\t\t\t\t\t\t\t\t\t\t\t\t<a class=\"elementor-accordion-title\" tabindex=\"0\">Au Parlement :<\/a>\n\t\t\t\t\t<\/div>\n\t\t\t\t\t<div id=\"elementor-tab-content-1312\" class=\"elementor-tab-content elementor-clearfix\" data-tab=\"2\" role=\"region\" aria-labelledby=\"elementor-tab-title-1312\"><ul>\n \t<li><p>Gr\u00e2ce au\u00a0PS, des <strong>rentes-ponts\u00a0<\/strong>ont \u00e9t\u00e9 introduites <strong>pour les ch\u00f4meur-euses proches de l\u2019\u00e2ge de la retraite<\/strong>.<\/li>\n \t<li><p>Le <strong>contre-projet \u00e0 l\u2019initiative du\u00a0PS sur la transparence<\/strong> a permis \u00e0 la Suisse de se doter enfin, au niveau national, de r\u00e8gles de transparence incisives sur le financement des partis, des \u00e9lections et des votations.<\/li>\n \t<li><p>Lors de la <strong>pand\u00e9mie de COVID,<\/strong> le\u00a0PS s\u2019est d\u00e9men\u00e9 d\u00e8s le d\u00e9but, avec les associations sectorielles concern\u00e9es, les\u00a0PME et les travailleur-euses ind\u00e9pendant-es, pour trouver des solutions ad\u00e9quates tout en prot\u00e9geant la sant\u00e9 de la population.<\/li>\n \t<li><p>C\u2019est gr\u00e2ce \u00e0 la pression exerc\u00e9e par le\u00a0PS que la Suisse a adopt\u00e9 la grande majorit\u00e9 des sanctions de\u00a0l\u2019UE contre la Russie dans le contexte de la <strong>guerre d\u2019agression de Poutine contre l\u2019Ukraine<\/strong>.<\/li>\n \t<li><p>Gr\u00e2ce au\u00a0PS, la Conf\u00e9d\u00e9ration a d\u00e9cid\u00e9 d\u2019allouer, via la <strong>loi climat<\/strong>\u00a0(contre-projet \u00e0 l\u2019initiative pour les glaciers), 2\u00a0milliards de francs au remplacement des chauffages fossiles par des syst\u00e8mes fonctionnant aux renouvelables.<\/li>\n \t<li><p>\u00c0 la suite de l\u2019adoption du contre-projet \u00e0 <strong>l\u2019initiative correctrice<\/strong>, la Suisse n\u2019exportera plus d\u2019armes vers des pays qui violent syst\u00e9matiquement et gravement les droits humains, comme l\u2019Arabie saoudite.<\/li>\n \t<li><p>Gr\u00e2ce \u00e0 la t\u00e9nacit\u00e9 du\u00a0PS, il a \u00e9t\u00e9 possible d\u2019obtenir du Parlement la r\u00e9vision du droit p\u00e9nal en mati\u00e8re sexuelle\u00a0(m\u00eame si c\u2019est seulement la solution <strong>\u00ab un non est un non \u00bb<\/strong> qui a \u00e9t\u00e9 retenue).<\/li>\n<\/ul><\/div>\n\t\t\t\t<\/div>\n\t\t\t\t\t\t\t\t<\/div>\n\t\t\t\t\t\t<\/div>\n\t\t\t\t<\/div>\n\t\t\t\t<div class=\"elementor-element elementor-element-4b54969 elementor-widget elementor-widget-image\" data-id=\"4b54969\" data-element_type=\"widget\" data-e-type=\"widget\" data-widget_type=\"image.default\">\n\t\t\t\t<div class=\"elementor-widget-container\">\n\t\t\t\t\t\t\t\t\t\t\t\t\t\t\t<img fetchpriority=\"high\" decoding=\"async\" width=\"800\" height=\"534\" src=\"https:\/\/staging.sp-ps.ch\/wp-content\/uploads\/2023\/04\/Verrechnungssteuer-1024x683.jpeg\" class=\"attachment-large size-large wp-image-97685\" alt=\"\" srcset=\"https:\/\/staging.sp-ps.ch\/wp-content\/uploads\/2023\/04\/Verrechnungssteuer-1024x683.jpeg 1024w, https:\/\/staging.sp-ps.ch\/wp-content\/uploads\/2023\/04\/Verrechnungssteuer-300x200.jpeg 300w, https:\/\/staging.sp-ps.ch\/wp-content\/uploads\/2023\/04\/Verrechnungssteuer-768x512.jpeg 768w, https:\/\/staging.sp-ps.ch\/wp-content\/uploads\/2023\/04\/Verrechnungssteuer-1536x1025.jpeg 1536w, https:\/\/staging.sp-ps.ch\/wp-content\/uploads\/2023\/04\/Verrechnungssteuer-2048x1367.jpeg 2048w\" sizes=\"(max-width: 800px) 100vw, 800px\" \/>\t\t\t\t\t\t\t\t\t\t\t\t\t\t\t<\/div>\n\t\t\t\t<\/div>\n\t\t\t\t<div class=\"elementor-element elementor-element-63580d9 elementor-widget elementor-widget-spacer\" data-id=\"63580d9\" data-element_type=\"widget\" data-e-type=\"widget\" data-widget_type=\"spacer.default\">\n\t\t\t\t<div class=\"elementor-widget-container\">\n\t\t\t\t\t\t\t<div class=\"elementor-spacer\">\n\t\t\t<div class=\"elementor-spacer-inner\"><\/div>\n\t\t<\/div>\n\t\t\t\t\t\t<\/div>\n\t\t\t\t<\/div>\n\t\t\t\t<div class=\"elementor-element elementor-element-b3a89f4 elementor-widget elementor-widget-spps_call_to_action\" data-id=\"b3a89f4\" data-element_type=\"widget\" data-e-type=\"widget\" data-widget_type=\"spps_call_to_action.default\">\n\t\t\t\t<div class=\"elementor-widget-container\">\n\t\t\t\t\t<div class=\"call-to-action-wrapper wrapper-spacing-default \" style=\"background:#E4002B\" ><div class=\"call-to-action-title\"><h2>Participer<\/h2><\/div><div class=\"call-to-action-container\"><div class=\"call-to-action-text\"><p>Le PS prend parti pour une Suisse solidaire. Et s\u2019il a pu obtenir tous ces succ\u00e8s, c\u2019est gr\u00e2ce \u00e0 l\u2019engagement inestimable de nos plus de 30 000 membres et au pr\u00e9cieux soutien que nous re\u00e7evons annuellement de nos quelque 40 000 donateur-trices. Ces personnes soutiennent et portent notre politique. Alors, que vous inspirent ces lignes ? Vous aussi, vous souhaitez participer \u00e0 nos succ\u00e8s ?<\/p><\/div><div class=\"call-to-action-buttons call-to-action-buttons-left\"><div class=\"button-wrapper \"><a href=\"https:\/\/devenir-membre.sp-ps.ch\/\"  target=\"_self\" class=\"button-link button-link-default\"  style='color:#E4002B' onMouseOver=\"this.style.color='white';this.style.background='#E4002B'\" onMouseOut=\"this.style.color='#E4002B';this.style.background='#EBEBEB'\">Devenez membre du PS aujourd\u2019hui<\/a><\/div><div class=\"button-wrapper \"><a href=\"https:\/\/staging.sp-ps.ch\/fr\/faire-un-don\/\"  target=\"_self\" class=\"button-link button-link-default\"  style='color:#E4002B' onMouseOver=\"this.style.color='white';this.style.background='#E4002B'\" onMouseOut=\"this.style.color='#E4002B';this.style.background='#EBEBEB'\">Faire un don<\/a><\/div><\/div><\/div><\/div>\t\t\t\t<\/div>\n\t\t\t\t<\/div>\n\t\t\t\t\t<\/div>\n\t\t<\/div>\n\t\t\t\t\t<\/div>\n\t\t<\/section>\n\t\t\t\t<\/div>\n\t\t","protected":false},"excerpt":{"rendered":"<p>Les succes du PS Pour renforcer la Suisse sociale, nous avons besoin de succ\u00e8s en votation et de d\u00e9cisions progressistes au Parlement. C\u2019est ainsi que nous pourrons progresser ensemble\u2009: en [&hellip;]<\/p>\n","protected":false},"author":74,"featured_media":0,"parent":30422,"menu_order":1,"comment_status":"open","ping_status":"closed","template":"","meta":{"footnotes":""},"class_list":["post-97011","page","type-page","status-publish","hentry"],"_links":{"self":[{"href":"https:\/\/staging.sp-ps.ch\/fr\/wp-json\/wp\/v2\/pages\/97011","targetHints":{"allow":["GET"]}}],"collection":[{"href":"https:\/\/staging.sp-ps.ch\/fr\/wp-json\/wp\/v2\/pages"}],"about":[{"href":"https:\/\/staging.sp-ps.ch\/fr\/wp-json\/wp\/v2\/types\/page"}],"author":[{"embeddable":true,"href":"https:\/\/staging.sp-ps.ch\/fr\/wp-json\/wp\/v2\/users\/74"}],"replies":[{"embeddable":true,"href":"https:\/\/staging.sp-ps.ch\/fr\/wp-json\/wp\/v2\/comments?post=97011"}],"version-history":[{"count":104,"href":"https:\/\/staging.sp-ps.ch\/fr\/wp-json\/wp\/v2\/pages\/97011\/revisions"}],"predecessor-version":[{"id":180304,"href":"https:\/\/staging.sp-ps.ch\/fr\/wp-json\/wp\/v2\/pages\/97011\/revisions\/180304"}],"up":[{"embeddable":true,"href":"https:\/\/staging.sp-ps.ch\/fr\/wp-json\/wp\/v2\/pages\/30422"}],"wp:attachment":[{"href":"https:\/\/staging.sp-ps.ch\/fr\/wp-json\/wp\/v2\/media?parent=97011"}],"curies":[{"name":"wp","href":"https:\/\/api.w.org\/{rel}","templated":true}]}}