{"id":100988,"date":"2023-06-09T08:13:56","date_gmt":"2023-06-09T06:13:56","guid":{"rendered":"https:\/\/staging.sp-ps.ch\/?page_id=100988"},"modified":"2023-06-18T23:27:03","modified_gmt":"2023-06-18T21:27:03","slug":"imposte-e-finanze","status":"publish","type":"page","link":"https:\/\/staging.sp-ps.ch\/it\/cio-che-rappresentiamo\/soggetti-a-z\/imposte-e-finanze\/","title":{"rendered":"Imposte e finanze"},"content":{"rendered":"\t\t<div data-elementor-type=\"wp-page\" data-elementor-id=\"100988\" class=\"elementor elementor-100988 elementor-16743\" data-elementor-post-type=\"page\">\n\t\t\t\t\t\t<section class=\"elementor-section elementor-top-section elementor-element elementor-element-84e48be elementor-section-boxed elementor-section-height-default elementor-section-height-default\" data-id=\"84e48be\" data-element_type=\"section\" data-e-type=\"section\" data-settings=\"{&quot;jet_parallax_layout_list&quot;:[],&quot;background_background&quot;:&quot;classic&quot;}\">\n\t\t\t\t\t\t<div class=\"elementor-container elementor-column-gap-wide\">\n\t\t\t\t\t<div class=\"elementor-column elementor-col-100 elementor-top-column elementor-element elementor-element-8785caa\" data-id=\"8785caa\" data-element_type=\"column\" data-e-type=\"column\">\n\t\t\t<div class=\"elementor-widget-wrap elementor-element-populated\">\n\t\t\t\t\t\t<div class=\"elementor-element elementor-element-016fc48 elementor-widget elementor-widget-heading\" data-id=\"016fc48\" data-element_type=\"widget\" data-e-type=\"widget\" data-widget_type=\"heading.default\">\n\t\t\t\t<div class=\"elementor-widget-container\">\n\t\t\t\t\t<h1 class=\"elementor-heading-title elementor-size-default\">Imposte e finanze<\/h1>\t\t\t\t<\/div>\n\t\t\t\t<\/div>\n\t\t\t\t<div class=\"elementor-element elementor-element-1fa1f76 elementor-widget elementor-widget-jet-breadcrumbs\" data-id=\"1fa1f76\" data-element_type=\"widget\" data-e-type=\"widget\" data-widget_type=\"jet-breadcrumbs.default\">\n\t\t\t\t<div class=\"elementor-widget-container\">\n\t\t\t\t\t<div class=\"elementor-jet-breadcrumbs jet-blocks\">\n\t\t<div class=\"jet-breadcrumbs\">\n\t\t<div class=\"jet-breadcrumbs__content\">\n\t\t<div class=\"jet-breadcrumbs__wrap\">\n\t\t<\/div>\n\t\t<\/div>\n\t\t<\/div><\/div>\t\t\t\t<\/div>\n\t\t\t\t<\/div>\n\t\t\t\t<div class=\"elementor-element elementor-element-dc7c703 elementor-widget__width-initial elementor-widget elementor-widget-text-editor\" data-id=\"dc7c703\" data-element_type=\"widget\" data-e-type=\"widget\" data-widget_type=\"text-editor.default\">\n\t\t\t\t<div class=\"elementor-widget-container\">\n\t\t\t\t\t\t\t\t\t<p>Il PS si adopera per una societ\u00e0 equa e progressista, con pari opportunit\u00e0 per tutte le persone. A tal fine occorre uno Stato che abbia capacit\u00e0 di azione, oltre a disporre delle risorse e del gettito fiscale necessari per garantire la spesa pubblica.\u00a0<\/p>\t\t\t\t\t\t\t\t<\/div>\n\t\t\t\t<\/div>\n\t\t\t\t\t<\/div>\n\t\t<\/div>\n\t\t\t\t\t<\/div>\n\t\t<\/section>\n\t\t\t\t<section class=\"elementor-section elementor-top-section elementor-element elementor-element-8253aaa elementor-section-full_width elementor-section-height-min-height elementor-section-height-default elementor-section-items-middle\" data-id=\"8253aaa\" data-element_type=\"section\" data-e-type=\"section\" data-settings=\"{&quot;jet_parallax_layout_list&quot;:[]}\">\n\t\t\t\t\t\t<div class=\"elementor-container elementor-column-gap-no\">\n\t\t\t\t\t<div class=\"elementor-column elementor-col-100 elementor-top-column elementor-element elementor-element-ed5b4da\" data-id=\"ed5b4da\" data-element_type=\"column\" data-e-type=\"column\">\n\t\t\t<div class=\"elementor-widget-wrap elementor-element-populated\">\n\t\t\t\t\t\t<div class=\"elementor-element elementor-element-b20977b elementor-widget elementor-widget-image\" data-id=\"b20977b\" data-element_type=\"widget\" data-e-type=\"widget\" data-widget_type=\"image.default\">\n\t\t\t\t<div class=\"elementor-widget-container\">\n\t\t\t\t\t\t\t\t\t\t\t\t\t\t\t<img fetchpriority=\"high\" decoding=\"async\" width=\"2400\" height=\"1600\" src=\"https:\/\/staging.sp-ps.ch\/wp-content\/uploads\/2022\/06\/recha-oktaviani-h2aDKwigQeA-unsplash.jpg\" class=\"attachment-full size-full wp-image-14440\" alt=\"\" srcset=\"https:\/\/staging.sp-ps.ch\/wp-content\/uploads\/2022\/06\/recha-oktaviani-h2aDKwigQeA-unsplash.jpg 2400w, https:\/\/staging.sp-ps.ch\/wp-content\/uploads\/2022\/06\/recha-oktaviani-h2aDKwigQeA-unsplash-300x200.jpg 300w, https:\/\/staging.sp-ps.ch\/wp-content\/uploads\/2022\/06\/recha-oktaviani-h2aDKwigQeA-unsplash-1024x683.jpg 1024w, https:\/\/staging.sp-ps.ch\/wp-content\/uploads\/2022\/06\/recha-oktaviani-h2aDKwigQeA-unsplash-768x512.jpg 768w, https:\/\/staging.sp-ps.ch\/wp-content\/uploads\/2022\/06\/recha-oktaviani-h2aDKwigQeA-unsplash-1536x1024.jpg 1536w, https:\/\/staging.sp-ps.ch\/wp-content\/uploads\/2022\/06\/recha-oktaviani-h2aDKwigQeA-unsplash-2048x1365.jpg 2048w\" sizes=\"(max-width: 2400px) 100vw, 2400px\" \/>\t\t\t\t\t\t\t\t\t\t\t\t\t\t\t<\/div>\n\t\t\t\t<\/div>\n\t\t\t\t\t<\/div>\n\t\t<\/div>\n\t\t\t\t\t<\/div>\n\t\t<\/section>\n\t\t\t\t<section class=\"elementor-section elementor-top-section elementor-element elementor-element-5dff960 elementor-section-boxed elementor-section-height-default elementor-section-height-default\" data-id=\"5dff960\" data-element_type=\"section\" data-e-type=\"section\" data-settings=\"{&quot;jet_parallax_layout_list&quot;:[]}\">\n\t\t\t\t\t\t<div class=\"elementor-container elementor-column-gap-default\">\n\t\t\t\t\t<div class=\"elementor-column elementor-col-100 elementor-top-column elementor-element elementor-element-b46103d\" data-id=\"b46103d\" data-element_type=\"column\" data-e-type=\"column\">\n\t\t\t<div class=\"elementor-widget-wrap elementor-element-populated\">\n\t\t\t\t\t\t<div class=\"elementor-element elementor-element-8e74481 elementor-widget elementor-widget-spps_button_list\" data-id=\"8e74481\" data-element_type=\"widget\" data-e-type=\"widget\" data-widget_type=\"spps_button_list.default\">\n\t\t\t\t<div class=\"elementor-widget-container\">\n\t\t\t\t\t<div class=\"button-list-wrapper wrapper-spacing-default  \"><div class=\"button-list-title\"><h2>Imposte e finanze<\/h2><\/div><div class=\"button-list-container\"><div class=\"button-list-text\"><p>Il PS si adopera per una societ\u00e0 equa e progressista, con pari opportunit\u00e0 per tutte le persone. A tal fine occorre uno Stato che abbia capacit\u00e0 di azione e disponga delle risorse necessarie. Lo Stato ha il dovere di garantire la sicurezza sociale di cittadini e cittadine, mettendo a loro disposizione un\u2019offerta di formazione di alto livello qualitativo, buone infrastrutture del servizio pubblico e degli enti pubblici oppure realizzando un\u2019offerta culturale ben articolata. Il gettito fiscale permette di finanziare questa spesa pubblica.<\/p><p>Il PS richiede pertanto una maggiore equit\u00e0 fiscale.\u00a0 In concreto, ci\u00f2 significa una pressione fiscale equa per tutte le persone, secondo il principio della capacit\u00e0 economica. Equit\u00e0 fiscale vuol dire eliminare i privilegi degli interessi specifici, delle grandi aziende, degli investitori o degli speculatori. Il PS punta a instaurare un sistema fiscale equo, che contrasti il crescente divario tra ricchezza e povert\u00e0. L\u2019imposizione deve essere rafforzata l\u00ec dove si accumulano i patrimoni senza alcuna prestazione lavorativa, ossia eredit\u00e0, utili da capitale, da interessi e da sostanza immobiliare nonch\u00e9 transazioni finanziarie. Occorre abolire le elusioni fiscali, come l\u2019imposizione forfettaria, combattere i nuovi privilegi fiscali e in generale ridurre al minimo le deduzioni fiscali. Le differenze in materia di imposizione fiscale tra i diversi Cantoni sono cos\u00ec marcate da mettere a rischio la solidariet\u00e0 intercantonale e con essa la coesione nazionale: la concorrenza fiscale non ha vincitori, ma solo perdenti.<\/p><h3>\u00a0<\/h3><h3>Le nostre rivendicazioni:<\/h3><ul style ='list-style: none;'><li style =\"background-image:url('https:\/\/staging.sp-ps.ch\/wp-content\/plugins\/elementor\/assets\/images\/placeholder.png'); background-size:0px;\"><strong>Lotta ai nuovi privilegi fiscali,<\/strong> come l\u2019imposta sul tonnellaggio per le imprese dei settori della navigazione e delle materie prime.<\/li><li style =\"background-image:url('https:\/\/staging.sp-ps.ch\/wp-content\/plugins\/elementor\/assets\/images\/placeholder.png'); background-size:0px;\"><strong>Introduzione di una tassa sulle transazioni finanziarie coordinata a livello internazionale<\/strong>, che contribuisca a finanziare gli investimenti nei settori della ricerca e della formazione nonch\u00e9 la svolta energetica. Tale tassa servir\u00e0 anche a contenere le operazioni speculative improduttive.<\/li><li style =\"background-image:url('https:\/\/staging.sp-ps.ch\/wp-content\/plugins\/elementor\/assets\/images\/placeholder.png'); background-size:0px;\"><strong>Introduzione di un\u2019imposta progressista sugli utili da capitale<\/strong>, a correzione delle lacune impositive su plusvalenze, valori mobiliari e beni materiali. Il reddito da capitale deve essere pi\u00f9 tassato del reddito da lavoro.<\/li><li style =\"background-image:url('https:\/\/staging.sp-ps.ch\/wp-content\/plugins\/elementor\/assets\/images\/placeholder.png'); background-size:0px;\"><strong>Armonizzazione a livello nazionale del tasso d\u2019imposizione delle imprese<\/strong>. Ulteriore sviluppo dell\u2019imposizione minima dell\u2019OCSE per i gruppi di societ\u00e0. Equa distribuzione delle maggiori entrate.<\/li><li style =\"background-image:url('https:\/\/staging.sp-ps.ch\/wp-content\/plugins\/elementor\/assets\/images\/placeholder.png'); background-size:0px;\"><strong>La collaborazione svizzera allo sviluppo deve contribuire alla realizzazione di sistemi fiscali pi\u00f9 efficienti e trasparenti nei rispettivi Stati partner<\/strong>, che contrastino efficacemente l\u2019elusione fiscale. \u00c8 particolarmente urgente mettere in campo strategie efficaci nella lotta all\u2019elusione fiscale nel commercio delle materie prime.<\/li><li style =\"background-image:url('https:\/\/staging.sp-ps.ch\/wp-content\/plugins\/elementor\/assets\/images\/placeholder.png'); background-size:0px;\">La Svizzera \u00e8 chiamata a adottare tempestivamente provvedimenti a livello nazionale e internazionale, <strong>affinch\u00e9 le criptovalute non vengano utilizzate in maniera impropria per eludere le imposte, riciclare denaro e altri flussi finanziari illeciti<\/strong>.\u00a0<\/li><\/ul><\/div><\/div><\/div>\t\t\t\t<\/div>\n\t\t\t\t<\/div>\n\t\t\t\t\t<\/div>\n\t\t<\/div>\n\t\t\t\t\t<\/div>\n\t\t<\/section>\n\t\t\t\t<\/div>\n\t\t","protected":false},"excerpt":{"rendered":"<p>Imposte e finanze Il PS si adopera per una societ\u00e0 equa e progressista, con pari opportunit\u00e0 per tutte le persone. A tal fine occorre uno Stato che abbia capacit\u00e0 di [&hellip;]<\/p>\n","protected":false},"author":64,"featured_media":0,"parent":30634,"menu_order":13,"comment_status":"closed","ping_status":"closed","template":"","meta":{"footnotes":""},"class_list":["post-100988","page","type-page","status-publish","hentry"],"_links":{"self":[{"href":"https:\/\/staging.sp-ps.ch\/it\/wp-json\/wp\/v2\/pages\/100988","targetHints":{"allow":["GET"]}}],"collection":[{"href":"https:\/\/staging.sp-ps.ch\/it\/wp-json\/wp\/v2\/pages"}],"about":[{"href":"https:\/\/staging.sp-ps.ch\/it\/wp-json\/wp\/v2\/types\/page"}],"author":[{"embeddable":true,"href":"https:\/\/staging.sp-ps.ch\/it\/wp-json\/wp\/v2\/users\/64"}],"replies":[{"embeddable":true,"href":"https:\/\/staging.sp-ps.ch\/it\/wp-json\/wp\/v2\/comments?post=100988"}],"version-history":[{"count":12,"href":"https:\/\/staging.sp-ps.ch\/it\/wp-json\/wp\/v2\/pages\/100988\/revisions"}],"predecessor-version":[{"id":103189,"href":"https:\/\/staging.sp-ps.ch\/it\/wp-json\/wp\/v2\/pages\/100988\/revisions\/103189"}],"up":[{"embeddable":true,"href":"https:\/\/staging.sp-ps.ch\/it\/wp-json\/wp\/v2\/pages\/30634"}],"wp:attachment":[{"href":"https:\/\/staging.sp-ps.ch\/it\/wp-json\/wp\/v2\/media?parent=100988"}],"curies":[{"name":"wp","href":"https:\/\/api.w.org\/{rel}","templated":true}]}}