{"id":120905,"date":"2023-12-20T15:27:07","date_gmt":"2023-12-20T14:27:07","guid":{"rendered":"https:\/\/staging.sp-ps.ch\/informativa-sulla-privacy\/"},"modified":"2024-02-16T11:43:33","modified_gmt":"2024-02-16T10:43:33","slug":"informativa-sulla-privacy","status":"publish","type":"page","link":"https:\/\/staging.sp-ps.ch\/it\/informativa-sulla-privacy\/","title":{"rendered":"Informativa sulla privacy"},"content":{"rendered":"\t\t<div data-elementor-type=\"wp-post\" data-elementor-id=\"120905\" class=\"elementor elementor-120905 elementor-66965\" data-elementor-post-type=\"page\">\n\t\t\t\t\t\t<section class=\"elementor-section elementor-top-section elementor-element elementor-element-62f6b3a67ef02 elementor-section-boxed elementor-section-height-default elementor-section-height-default\" data-id=\"62f6b3a67ef02\" data-element_type=\"section\" data-e-type=\"section\" data-settings=\"{&quot;jet_parallax_layout_list&quot;:[],&quot;background_background&quot;:&quot;classic&quot;}\">\n\t\t\t\t\t\t<div class=\"elementor-container elementor-column-gap-wide\">\n\t\t\t\t\t<div class=\"elementor-column elementor-col-100 elementor-top-column elementor-element elementor-element-62f6b3a67ef03\" data-id=\"62f6b3a67ef03\" data-element_type=\"column\" data-e-type=\"column\">\n\t\t\t<div class=\"elementor-widget-wrap elementor-element-populated\">\n\t\t\t\t\t\t<div class=\"elementor-element elementor-element-62f6b3a67ee69 elementor-widget elementor-widget-heading\" data-id=\"62f6b3a67ee69\" data-element_type=\"widget\" data-e-type=\"widget\" data-widget_type=\"heading.default\">\n\t\t\t\t<div class=\"elementor-widget-container\">\n\t\t\t\t\t<h1 class=\"elementor-heading-title elementor-size-default\">Informativa sulla privacy del PS<\/h1>\t\t\t\t<\/div>\n\t\t\t\t<\/div>\n\t\t\t\t<div class=\"elementor-element elementor-element-62f6b3a67eee7 elementor-widget elementor-widget-jet-breadcrumbs\" data-id=\"62f6b3a67eee7\" data-element_type=\"widget\" data-e-type=\"widget\" data-widget_type=\"jet-breadcrumbs.default\">\n\t\t\t\t<div class=\"elementor-widget-container\">\n\t\t\t\t\t<div class=\"elementor-jet-breadcrumbs jet-blocks\">\n\t\t<div class=\"jet-breadcrumbs\">\n\t\t<div class=\"jet-breadcrumbs__content\">\n\t\t<div class=\"jet-breadcrumbs__wrap\">\n\t\t<\/div>\n\t\t<\/div>\n\t\t<\/div><\/div>\t\t\t\t<\/div>\n\t\t\t\t<\/div>\n\t\t\t\t\t<\/div>\n\t\t<\/div>\n\t\t\t\t\t<\/div>\n\t\t<\/section>\n\t\t\t\t<section class=\"elementor-section elementor-top-section elementor-element elementor-element-62f6b3a67ef06 elementor-section-boxed elementor-section-height-default elementor-section-height-default\" data-id=\"62f6b3a67ef06\" data-element_type=\"section\" data-e-type=\"section\" data-settings=\"{&quot;jet_parallax_layout_list&quot;:[]}\">\n\t\t\t\t\t\t<div class=\"elementor-container elementor-column-gap-default\">\n\t\t\t\t\t<div class=\"elementor-column elementor-col-100 elementor-top-column elementor-element elementor-element-62f6b3a67ef07\" data-id=\"62f6b3a67ef07\" data-element_type=\"column\" data-e-type=\"column\">\n\t\t\t<div class=\"elementor-widget-wrap elementor-element-populated\">\n\t\t\t\t\t\t<div class=\"elementor-element elementor-element-62f6b3a67ef08 elementor-widget elementor-widget-spacer\" data-id=\"62f6b3a67ef08\" data-element_type=\"widget\" data-e-type=\"widget\" data-widget_type=\"spacer.default\">\n\t\t\t\t<div class=\"elementor-widget-container\">\n\t\t\t\t\t\t\t<div class=\"elementor-spacer\">\n\t\t\t<div class=\"elementor-spacer-inner\"><\/div>\n\t\t<\/div>\n\t\t\t\t\t\t<\/div>\n\t\t\t\t<\/div>\n\t\t\t\t\t<\/div>\n\t\t<\/div>\n\t\t\t\t\t<\/div>\n\t\t<\/section>\n\t\t\t\t<section class=\"elementor-section elementor-top-section elementor-element elementor-element-62f6b3a67ef0c elementor-section-boxed elementor-section-height-default elementor-section-height-default\" data-id=\"62f6b3a67ef0c\" data-element_type=\"section\" data-e-type=\"section\" data-settings=\"{&quot;jet_parallax_layout_list&quot;:[]}\">\n\t\t\t\t\t\t<div class=\"elementor-container elementor-column-gap-no\">\n\t\t\t\t\t<div class=\"elementor-column elementor-col-100 elementor-top-column elementor-element elementor-element-62f6b3a67ef0d\" data-id=\"62f6b3a67ef0d\" data-element_type=\"column\" data-e-type=\"column\">\n\t\t\t<div class=\"elementor-widget-wrap elementor-element-populated\">\n\t\t\t\t\t\t<div class=\"elementor-element elementor-element-62f6b3a67b140 elementor-widget elementor-widget-text-editor\" data-id=\"62f6b3a67b140\" data-element_type=\"widget\" data-e-type=\"widget\" data-widget_type=\"text-editor.default\">\n\t\t\t\t<div class=\"elementor-widget-container\">\n\t\t\t\t\t\t\t\t\t<p>Ai sensi della Legge federale sulla protezione dei dati, le informazioni sulle opinioni e gli orientamenti politici delle persone costituiscono <strong>dati degni di particolare protezione<\/strong>. Le persone iscritte al PS e quelle simpatizzanti confidano nella massima importanza che diamo al trattamento sicuro, trasparente e conforme alla legge dei loro dati.\u00a0<\/p><ul><li><strong>Il PS assicura di non cedere in nessun caso dati a carattere personale a terzi<\/strong>, a meno che ci\u00f2 non sia prescritto per legge o sia necessario allo scopo previa autorizzazione dalla persona interessata (si veda pi\u00f9 avanti).<\/li><li><strong>Il PS garantisce il diritto all\u2019informazione<\/strong> su tutti i dati salvati relativi alla propria persona.<\/li><li><strong>Il PS garantisce il diritto alla cancellazione<\/strong> di tutti i dati salvati relativi alla propria persona. Sono esclusi i dati che la legge ci impone di conservare, ad es. i giustificativi di pagamento che devono essere conservati per dieci anni ai sensi del Codice delle obbligazioni.<\/li><li><strong>Il PS assicura il diritto alla rettifica<\/strong> di tutti i dati salvati relativi alla propria persona.<\/li><\/ul><p>Il salvataggio e l\u2019elaborazione dei dati a carattere personale presuppongono sempre l\u2019autorizzazione della persona. Questa autorizzazione pu\u00f2 essere concessa al PS attraverso svariati canali, ad esempio la partecipazione a una petizione, se ci\u00f2 viene espressamente indicato in quel contesto, oppure \u2013 secondo gli statuti del PS \u2013 l\u2019iscrizione al partito.<\/p><p>Al fine di tenere aggiornate le persone interessate e comunicare con loro, il PS utilizza diversi canali, tra cui lettere inviate per posta, e-mail o telefono. Il PS cancella i dati a carattere personale nel momento in cui non sono pi\u00f9 necessari allo scopo indicato nell\u2019autorizzazione oppure quando una persona revoca l\u2019autorizzazione al loro utilizzo.<\/p><p>Il PS \u00e8 costituito dal PS Svizzero, dai partiti cantonali, dalle sezioni e dagli organi menzionati negli Statuti.<br \/>Il PS collabora con offerenti terzi, per quanto possibile situati in Svizzera e, laddove necessario, trasmette loro dati a carattere personale. Collaboriamo tra gli altri con i seguenti offerenti:<\/p><ul><li>Tipografie: trasmissione di dati degli indirizzi dei e delle destinatari-e di invii postali.<\/li><li>Diversi fornitori di posta elettronica: per l\u2019invio delle newsletter attualmente ricorriamo a\u00a0<a href=\"https:\/\/mailchimp.com\/it\/\" target=\"_blank\" rel=\"noopener\">MailChimp<\/a>, un\u2019azienda che gestisce i propri server negli Stati Uniti. Il sistema MailChimp \u00e8 utilizzato da numerose organizzazioni \u2013 comprese organizzazioni politiche in Svizzera \u2013 ed \u00e8 leader di mercato nell\u2019invio di newsletter. MailChimp \u00e8 certificata da\u00a0<a href=\"https:\/\/www.privacyshield.gov\/Swiss-US-Privacy-Shield-FAQs\" target=\"_blank\" rel=\"noopener\">Swiss-U.S. Privacy Shield Framework<\/a>. Il PS Svizzero ha inoltre stipulato con MailChimp un \u201cData Processing Agreement\u201d (Accordo di trattamento dati). Maggiori informazioni riguardo a Mailchimp sono disponibili\u00a0<a href=\"https:\/\/mailchimp.com\/legal\/privacy\/\" target=\"_blank\" rel=\"noopener\">qui<\/a>.<\/li><li>Il nostro sito web \u00e8 protetto da <a href=\"https:\/\/www.cloudflare.com\/\">Cloudflare<\/a> dagli attacchi informatici DDoS. Questa societ\u00e0 statunitense detiene una quota di mercato dell&#8217;80% in questo settore. Una parte significativa del traffico Internet viene incanalata attraverso l&#8217;infrastruttura di Cloudflare. A causa del funzionamento di Internet, non ci sono garanzie sul percorso di una richiesta. Tutti gli operatori dell&#8217;infrastruttura che si trovano sul percorso di un pacchetto di dati possono generalmente tracciare quale indirizzo IP sta accedendo a quale server. Questo vale anche per Cloudflare. Tuttavia, Cloudflare <a href=\"https:\/\/www.cloudflare.com\/it-it\/trust-hub\/gdpr\/\">garantisce la conformit\u00e0 alle leggi svizzere ed europee sulla protezione dei dati<\/a>.<\/li><li><a href=\"https:\/\/www.raisenow.com\/\" target=\"_blank\" rel=\"noopener\">RaiseNow<\/a>\u00a0garantisce donazioni e pagamenti semplici e sicuri via Internet. La piattaforma per i pagamenti elettronici certificata \u00e8 stata sviluppata in particolare per le organizzazioni non a scopo di lucro e quelle umanitarie. Il PS rileva e tratta dati per l\u2019elaborazione delle donazioni, la cura delle relazioni con chi fa donazioni e per inviare loro informazioni sui progetti attuali. Gli istituti di credito coinvolti ricevono i dati solamente nella misura necessaria per lo svolgimento del pagamento.<\/li><li>Utilizziamo <a href=\"https:\/\/websms.ch\/\">WebSMS.ch<\/a>\u00a0per l\u2019invio di messaggi brevi.<\/li><li>Gestiamo dei database sulle piattaforme di \u201cTocco\u201d, \u201cANT Informatik\u201d e \u201cNine\u201d. Si tratta di fornitori svizzeri che gestiscono i loro server in Svizzera.<\/li><li>Al fine di poter creare gruppi target pi\u00f9 precisi per la promozione a pagamento utilizziamo &#8220;Facebook Pixel&#8221; per i siti web delle singole campagne. Al momento della visita sul sito web viene stabilita una connessione diretta con i server di Facebook e viene trasmessa l\u2019informazione della visita. Facebook assegna di seguito queste informazioni al vostro account personale di Facebook. \u201cFacebook Pixel\u201d viene utilizzato solo se l&#8217;utente acconsente all&#8217;uso dei cookie. Non trasmettiamo altri dati personali a Facebook. Informazioni sulla protezione dei dati di Facebook <a href=\"https:\/\/www.facebook.com\/privacy\/policy\/?entry_point=data_policy_redirect&amp;entry=0\">sono disponibili qui<\/a>.<\/li><\/ul><p>La lista degli offerenti terzi pu\u00f2 essere modificata dal PS in modo tacito qualora il nuovo offerente sia in grado di garantire una protezione dei dati maggiore o equivalente a quella assicurata dagli offerenti attuali. In ogni caso, il PS elabora e utilizza i dati a carattere personale unicamente per lo scopo da voi autorizzato.<\/p><p><strong>Questo sito web<\/strong><\/p><p>Come quasi tutti i siti web, il nostro server registra dati quali la versione del browser, la pagina visitata e l&#8217;indirizzo IP utilizzato.<br \/>Da questi dati non possiamo trarre alcuna conclusione sull\u2019identit\u00e0 della persona che ha visitato il nostro sito. I dati possono essere utilizzati per fornire e migliorare la funzionalit\u00e0 del nostro sito o, in caso di attacco digitale, possono essere resi disponibili alle autorit\u00e0 preposte all&#8217;applicazione della legge in conformit\u00e0 con la legislazione vigente.<\/p><p><strong>Cookies<\/strong><\/p><p>Per garantire la funzionalit\u00e0, il nostro sito web pu\u00f2 utilizzare dei cookie. A parte le eccezioni sopra menzionate, non utilizziamo cookie di terzi. Questo \u00e8 anche il motivo per cui sul nostro sito non troverete i soliti banner per accettare i cookie.<\/p><p><strong>Matomo<\/strong><\/p><p>Per la statistica dell\u2019utilizzo, su questo sito e su altri siti web del PS Svizzero viene adoperato il software di analisi \u201cMatomo\u201d. Da questi dati \u00e8 possibile creare e analizzare profili pseudonimizzati. A tale scopo vengono adoperato dei cookie. Le informazioni generate dai cookie non permettono l\u2019identificazione delle persone che visitano il sito web e non possono essere collegate ai dati a carattere personale pseudonimizzati.<br \/>Se non acconsente al salvataggio e all&#8217;analisi di questi dati della sua visita, pu\u00f2 opporsi in qualsiasi momento cliccando sotto. In questo caso, un cosiddetto cookie di opt-out verr\u00e0 memorizzato nel suo browser, il che significa che \u201cMatomo\u201d non raccoglier\u00e0 alcun dato di sessione.<br \/>In questo modo, ha la possibilit\u00e0 di evitare che le sue azioni vengano analizzate e collegate. Ci\u00f2 protegger\u00e0 la sua sfera privata, ma dall\u2019altra parte ci impedir\u00e0 di imparare dalle sue azioni e di migliorare la funzionalit\u00e0 del sito.<\/p><p>La sua visita al presente sito web viene attualmente registrato dallo strumento di analisi \u201cMatomo\u201d. Per evitarlo, crociare questa casella opt-out.<\/p><div id=\"matomo-opt-out\">\u00a0<\/div><p><script src=\"https:\/\/matomo.spschweiz.ch\/index.php?module=CoreAdminHome&#038;action=optOutJS&#038;div=matomo-opt-out&#038;language=it&#038;showIntro=1\"><\/script><\/p><p>L\u2019Impressum del nostro sito web si trova <a href=\"https:\/\/staging.sp-ps.ch\/fr\/impressum-3\/\">qui<\/a>.<\/p><p>Per domande riguardanti la presente policy sulla protezione dei dati scriveteci seguente indirizzo e-mail: <a href=\"mailto:protezione-dati@pssvizzero.ch\">protezione-dati@pssvizzero.ch<\/a>.<\/p>\t\t\t\t\t\t\t\t<\/div>\n\t\t\t\t<\/div>\n\t\t\t\t\t<\/div>\n\t\t<\/div>\n\t\t\t\t\t<\/div>\n\t\t<\/section>\n\t\t\t\t<\/div>\n\t\t","protected":false},"excerpt":{"rendered":"<p>Informativa sulla privacy del PS Ai sensi della Legge federale sulla protezione dei dati, le informazioni sulle opinioni e gli orientamenti politici delle persone costituiscono dati degni di particolare protezione. [&hellip;]<\/p>\n","protected":false},"author":1,"featured_media":0,"parent":0,"menu_order":0,"comment_status":"open","ping_status":"closed","template":"","meta":{"footnotes":""},"class_list":["post-120905","page","type-page","status-publish","hentry"],"_links":{"self":[{"href":"https:\/\/staging.sp-ps.ch\/it\/wp-json\/wp\/v2\/pages\/120905","targetHints":{"allow":["GET"]}}],"collection":[{"href":"https:\/\/staging.sp-ps.ch\/it\/wp-json\/wp\/v2\/pages"}],"about":[{"href":"https:\/\/staging.sp-ps.ch\/it\/wp-json\/wp\/v2\/types\/page"}],"author":[{"embeddable":true,"href":"https:\/\/staging.sp-ps.ch\/it\/wp-json\/wp\/v2\/users\/1"}],"replies":[{"embeddable":true,"href":"https:\/\/staging.sp-ps.ch\/it\/wp-json\/wp\/v2\/comments?post=120905"}],"version-history":[{"count":14,"href":"https:\/\/staging.sp-ps.ch\/it\/wp-json\/wp\/v2\/pages\/120905\/revisions"}],"predecessor-version":[{"id":124517,"href":"https:\/\/staging.sp-ps.ch\/it\/wp-json\/wp\/v2\/pages\/120905\/revisions\/124517"}],"wp:attachment":[{"href":"https:\/\/staging.sp-ps.ch\/it\/wp-json\/wp\/v2\/media?parent=120905"}],"curies":[{"name":"wp","href":"https:\/\/api.w.org\/{rel}","templated":true}]}}