{"id":128253,"date":"2024-03-28T10:38:47","date_gmt":"2024-03-28T09:38:47","guid":{"rendered":"https:\/\/staging.sp-ps.ch\/no-alliniziativa-per-la-vaccinazione-obbligatoria\/"},"modified":"2024-04-05T21:45:54","modified_gmt":"2024-04-05T19:45:54","slug":"no-alliniziativa-per-la-vaccinazione-obbligatoria","status":"publish","type":"page","link":"https:\/\/staging.sp-ps.ch\/it\/no-alliniziativa-per-la-vaccinazione-obbligatoria\/","title":{"rendered":"No all&#8217;iniziativa per la vaccinazione obbligatoria"},"content":{"rendered":"\t\t<div data-elementor-type=\"wp-page\" data-elementor-id=\"128253\" class=\"elementor elementor-128253 elementor-128154\" data-elementor-post-type=\"page\">\n\t\t\t\t\t\t<section class=\"elementor-section elementor-top-section elementor-element elementor-element-702c13f elementor-section-boxed elementor-section-height-default elementor-section-height-default\" data-id=\"702c13f\" data-element_type=\"section\" data-e-type=\"section\" data-settings=\"{&quot;jet_parallax_layout_list&quot;:[]}\">\n\t\t\t\t\t\t<div class=\"elementor-container elementor-column-gap-default\">\n\t\t\t\t\t<div class=\"elementor-column elementor-col-100 elementor-top-column elementor-element elementor-element-bd558d1\" data-id=\"bd558d1\" data-element_type=\"column\" data-e-type=\"column\">\n\t\t\t<div class=\"elementor-widget-wrap elementor-element-populated\">\n\t\t\t\t\t\t<div class=\"elementor-element elementor-element-f41ff37 elementor-widget elementor-widget-spps_button_list\" data-id=\"f41ff37\" data-element_type=\"widget\" data-e-type=\"widget\" data-widget_type=\"spps_button_list.default\">\n\t\t\t\t<div class=\"elementor-widget-container\">\n\t\t\t\t\t<div class=\"button-list-wrapper wrapper-spacing-default  \"><div class=\"button-list-title\"><h2>No all'iniziativa per la vaccinazione obbligatoria<\/h2><\/div><div class=\"button-list-container\"><div class=\"button-list-text\"><h3>\u00a0<\/h3>\n<h3><strong>Premessa<\/strong><\/h3>\n<p>Il virus SARS-CoV-2 ha determinato gran parte della vita sociale in Svizzera per due anni. Sono state adottate diverse misure, talvolta drastiche, per proteggere la popolazione dal virus ed evitare il sovraccarico degli ospedali. Anche il rapido sviluppo dei vaccini in tutto il mondo e la loro disponibilit\u00e0 per la popolazione hanno giocato un ruolo importante, poich\u00e9 la vaccinazione \u00e8 il mezzo pi\u00f9 efficace per proteggersi dalle malattie trasmissibili. Prima ancora che un vaccino fosse approvato in Svizzera, il Movimento Svizzero per la Libert\u00e0 ha lanciato l'iniziativa \"Per la libert\u00e0 e l'integrit\u00e0 fisica\" il 1\u00b0 dicembre 2020.<\/p>\n<p>Sia il Consiglio federale che il Consiglio nazionale hanno respinto l'iniziativa senza presentare un controprogetto. L'iniziativa ha ricevuto il sostegno solo del gruppo parlamentare dell'UDC.<\/p>\n<p>&nbsp;<\/p>\n<h3><strong>L\u2019iniziativa<\/strong><\/h3>\n<p>L'iniziativa chiede di aggiungere un nuovo paragrafo 2bis all'articolo 10 della Costituzione federale (diritto alla vita e alla libert\u00e0 personale). Questo stabilisce che gli interventi sull'integrit\u00e0 fisica o mentale di una persona richiedono il suo consenso. La persona interessata non pu\u00f2 essere penalizzata o subire svantaggi sociali o professionali a causa del rifiuto del consenso.<\/p>\n<p>&nbsp;<\/p>\n<h3><strong>Motivi<\/strong><strong> per <\/strong><strong>un<\/strong><strong> NO<\/strong><\/h3>\n<ul style ='list-style: none;'>\n<li style =\"background-image:url('https:\/\/staging.sp-ps.ch\/wp-content\/plugins\/elementor\/assets\/images\/placeholder.png'); background-size:0px;\">\n<h4><strong>Formulazione<\/strong><strong> troppo <\/strong><strong>generica<\/strong><\/h4>\n<\/li>\n<\/ul>\n<p style=\"padding-left: 40px;\">Il testo dell'iniziativa non menziona esplicitamente le vaccinazioni. In generale, l'iniziativa richiede il consenso della persona interessata per qualsiasi intervento statale sulla sua integrit\u00e0 fisica o mentale. L'iniziativa \u00e8 quindi non solo troppo ampia, ma anche inadatta. Inoltre, l'iniziativa colpisce in particolare il monopolio dello Stato sull'uso della forza (polizia, sistema penale e giudiziario, esercito, sistema di immigrazione e asilo, ecc.) In questo senso, l'iniziativa va ben oltre le vaccinazioni e crea quindi nuovi problemi e incertezza giuridica in diversi ambiti. Infine, limita eccessivamente il margine di manovra delle autorit\u00e0 nella lotta contro le pandemie.<\/p>\n<p>&nbsp;<\/p>\n<ul style ='list-style: none;'>\n<li style =\"background-image:url('https:\/\/staging.sp-ps.ch\/wp-content\/plugins\/elementor\/assets\/images\/placeholder.png'); background-size:0px;\">\n<h4><strong>Gi\u00e0 oggi vale: nessuna vaccinazione senza consenso<\/strong><\/h4>\n<\/li>\n<\/ul>\n<p style=\"padding-left: 40px;\">Gi\u00e0 oggi in Svizzera nessuno pu\u00f2 essere costretto a vaccinarsi contro la propria volont\u00e0. Per ogni vaccinazione \u00e8 necessario il consenso della persona interessata. Tuttavia, possono esserci conseguenze professionali o sociali per una persona che si rifiuta di essere vaccinata. Nel caso di chi lavora nel settore sanitario, ad esempio, si pu\u00f2 optare per il trasferimento in un altro reparto. Per combattere le epidemie, la legge sulle epidemie consente inoltre ai Cantoni o al Consiglio federale di dichiarare la vaccinazione obbligatoria per determinati gruppi di persone e per un periodo di tempo limitato. Questo vale se c'\u00e8 un rischio significativo e la popolazione non pu\u00f2 essere protetta con altre misure. Nella votazione sulla legge sulle epidemie del 2013, i votanti si sono espressi chiaramente a favore della possibilit\u00e0 di una vaccinazione obbligatoria limitata.<\/p>\n<p>&nbsp;<\/p>\n<p>&nbsp;<\/p>\n<p>&nbsp;<\/p>\n<\/div><\/div><\/div>\t\t\t\t<\/div>\n\t\t\t\t<\/div>\n\t\t\t\t\t<\/div>\n\t\t<\/div>\n\t\t\t\t\t<\/div>\n\t\t<\/section>\n\t\t\t\t<\/div>\n\t\t","protected":false},"excerpt":{"rendered":"<p>No all&#8217;iniziativa per la vaccinazione obbligatoria \u00a0 Premessa Il virus SARS-CoV-2 ha determinato gran parte della vita sociale in Svizzera per due anni. Sono state adottate diverse misure, talvolta drastiche, [&hellip;]<\/p>\n","protected":false},"author":64,"featured_media":0,"parent":0,"menu_order":0,"comment_status":"closed","ping_status":"closed","template":"","meta":{"footnotes":""},"class_list":["post-128253","page","type-page","status-publish","hentry"],"_links":{"self":[{"href":"https:\/\/staging.sp-ps.ch\/it\/wp-json\/wp\/v2\/pages\/128253","targetHints":{"allow":["GET"]}}],"collection":[{"href":"https:\/\/staging.sp-ps.ch\/it\/wp-json\/wp\/v2\/pages"}],"about":[{"href":"https:\/\/staging.sp-ps.ch\/it\/wp-json\/wp\/v2\/types\/page"}],"author":[{"embeddable":true,"href":"https:\/\/staging.sp-ps.ch\/it\/wp-json\/wp\/v2\/users\/64"}],"replies":[{"embeddable":true,"href":"https:\/\/staging.sp-ps.ch\/it\/wp-json\/wp\/v2\/comments?post=128253"}],"version-history":[{"count":7,"href":"https:\/\/staging.sp-ps.ch\/it\/wp-json\/wp\/v2\/pages\/128253\/revisions"}],"predecessor-version":[{"id":128278,"href":"https:\/\/staging.sp-ps.ch\/it\/wp-json\/wp\/v2\/pages\/128253\/revisions\/128278"}],"wp:attachment":[{"href":"https:\/\/staging.sp-ps.ch\/it\/wp-json\/wp\/v2\/media?parent=128253"}],"curies":[{"name":"wp","href":"https:\/\/api.w.org\/{rel}","templated":true}]}}