{"id":128512,"date":"2024-04-04T12:05:03","date_gmt":"2024-04-04T10:05:03","guid":{"rendered":"https:\/\/staging.sp-ps.ch\/no-alla-nebulosa-iniziativa-per-un-freno-ai-costi\/"},"modified":"2024-04-05T14:15:32","modified_gmt":"2024-04-05T12:15:32","slug":"no-alla-nebulosa-iniziativa-per-un-freno-ai-costi","status":"publish","type":"page","link":"https:\/\/staging.sp-ps.ch\/it\/no-alla-nebulosa-iniziativa-per-un-freno-ai-costi\/","title":{"rendered":"No alla nebulosa iniziativa per un freno ai costi"},"content":{"rendered":"\t\t<div data-elementor-type=\"wp-page\" data-elementor-id=\"128512\" class=\"elementor elementor-128512 elementor-128489\" data-elementor-post-type=\"page\">\n\t\t\t\t\t\t<section class=\"elementor-section elementor-top-section elementor-element elementor-element-75b79e4 elementor-section-boxed elementor-section-height-default elementor-section-height-default\" data-id=\"75b79e4\" data-element_type=\"section\" data-e-type=\"section\" data-settings=\"{&quot;jet_parallax_layout_list&quot;:[]}\">\n\t\t\t\t\t\t<div class=\"elementor-container elementor-column-gap-default\">\n\t\t\t\t\t<div class=\"elementor-column elementor-col-100 elementor-top-column elementor-element elementor-element-bbd06a6\" data-id=\"bbd06a6\" data-element_type=\"column\" data-e-type=\"column\">\n\t\t\t<div class=\"elementor-widget-wrap elementor-element-populated\">\n\t\t\t\t\t\t<div class=\"elementor-element elementor-element-9d8b3f7 elementor-widget elementor-widget-spps_button_list\" data-id=\"9d8b3f7\" data-element_type=\"widget\" data-e-type=\"widget\" data-widget_type=\"spps_button_list.default\">\n\t\t\t\t<div class=\"elementor-widget-container\">\n\t\t\t\t\t<div class=\"button-list-wrapper wrapper-spacing-default  \"><div class=\"button-list-title\"><h2>No alla nebulosa iniziativa per un freno ai costi<\/h2><\/div><div class=\"button-list-container\"><div class=\"button-list-text\"><p>&nbsp;<\/p>\n<p>L'iniziativa per un freno ai costi vuole che la spesa sanitaria venga ridotta quando questa aumenta pi\u00f9 velocemente della crescita economica. Tuttavia, l'iniziativa lascia al Parlamento la facolt\u00e0 di decidere dove e come effettuare i tagli. In tale sede, le lobby delle aziende farmaceutiche e degli assicuratori sanitari hanno una grande influenza. C'\u00e8 quindi il rischio che la riduzione dei costi non venga effettuata in ambiti sensati (ad esempio sul prezzo dei farmaci), ma che ci siano dei tagli alle prestazioni ai pazienti e nel settore della cura. Per questo motivo il 9 giugno \u00e8 necessario votare NO all'iniziativa sul freno ai costi.<\/p>\n<p>&nbsp;<\/p>\n<h3><strong>Quattro motivi per dire NO all\u2019iniziativa per un freno ai costi<\/strong><\/h3>\n<h4>1. L\u2019iniziativa porta a una sanit\u00e0 a due velocit\u00e0<\/h4>\n<p>L'iniziativa per un freno ai costi lascia aperta la questione dei tagli da apportare alla spesa sanitaria. In caso di voto favorevole, la decisione spetterebbe al Parlamento. Purtroppo, si \u00e8 visto in passato che le decisioni parlamentari dipendono spesso dall'influenza della lobby farmaceutica e delle compagnie di assicurazione sanitaria. Queste cerchie hanno impedito, ad esempio, che i prezzi dei farmaci in Svizzera diminuissero, anche se sono nettamente troppo alti rispetto ad altri Paesi.<\/p>\n<p>Il timore \u00e8 quindi che l'iniziativa per un freno ai costi porti a dei tagli nel settore della cura e per i pazienti con la sola assicurazione di base. Solo chi pu\u00f2 permettersi una costosa assicurazione complementare continuerebbe ad avere accesso a cure di alta qualit\u00e0 con tempi di attesa adeguati. Noi siamo contrari a un sistema sanitario a due velocit\u00e0.<\/p>\n<p>&nbsp;<\/p>\n<h4>2. Agire laddove \u00e8 necessario<\/h4>\n<p>Nel complesso, la Svizzera dispone di un eccellente sistema sanitario. \u00c8 chiaro che questo ha un costo. Ma \u00e8 altrettanto chiaro che nel sistema sanitario ci sono sprechi e profitti esagerati. Per questo motivo, il PS ha presentato gi\u00e0 nel settembre 2023 delle <a href=\"https:\/\/staging.sp-ps.ch\/wp-content\/uploads\/2023\/09\/230921_SP-Papier_Kostendaempfende-Massnahmen-im-Gesundheitswesen_F.pdf\">misure concrete<\/a> per contrastarli: \u00c8 necessario abbassare i prezzi dei farmaci, rafforzare la medicina di base con pi\u00f9 prevenzione, contrastare l'aumento dei costi dei medici specialisti e porre fine alla logica del profitto e alla pseudo-concorrenza nelle assicurazioni malattia. Tuttavia, la lobby farmaceutica e le compagnie di assicurazione malattia hanno finora impedito queste misure. L'iniziativa per un freno ai costi non risolve il problema, anzi rafforza il potere delle lobby.<\/p>\n<p>&nbsp;<\/p>\n<h4>3. La sanit\u00e0 non deve dipendere dalla congiuntura<\/h4>\n<p>L'iniziativa per un freno ai costi lega la spesa sanitaria allo sviluppo economico. Tuttavia, le malattie si manifestano pi\u00f9 frequentemente quando l'economia ha un andamento negativo. La disoccupazione, ad esempio, \u00e8 un grande rischio per la salute. L'iniziativa pone limiti pi\u00f9 severi alle cure sanitarie proprio nel momento in cui sono pi\u00f9 necessarie. Un sistema sanitario di qualit\u00e0 si basa sulle esigenze delle persone malate e non sulla congiuntura.<\/p>\n<p>&nbsp;<\/p>\n<h4>4. Ancora pi\u00f9 pressione sul personale sanitario<\/h4>\n<p>Durante la pandemia di coronavirus tutta la societ\u00e0 si \u00e8 resa conto dell'importanza del settore sanitario e del grande impegno del personale medico e sanitario. Poich\u00e9 queste persone non hanno una lobby a Berna, c'\u00e8 il rischio che l'iniziativa per un freno ai costi le colpisca in modo particolare. Ci\u00f2 aggraver\u00e0 la carenza di manodopera qualificata e porter\u00e0 a delle carenze nell'offerta.<\/p>\n<\/div><\/div><\/div>\t\t\t\t<\/div>\n\t\t\t\t<\/div>\n\t\t\t\t\t<\/div>\n\t\t<\/div>\n\t\t\t\t\t<\/div>\n\t\t<\/section>\n\t\t\t\t<\/div>\n\t\t","protected":false},"excerpt":{"rendered":"<p>No alla nebulosa iniziativa per un freno ai costi &nbsp; L&#8217;iniziativa per un freno ai costi vuole che la spesa sanitaria venga ridotta quando questa aumenta pi\u00f9 velocemente della crescita [&hellip;]<\/p>\n","protected":false},"author":76,"featured_media":0,"parent":0,"menu_order":0,"comment_status":"closed","ping_status":"closed","template":"","meta":{"footnotes":""},"class_list":["post-128512","page","type-page","status-publish","hentry"],"_links":{"self":[{"href":"https:\/\/staging.sp-ps.ch\/it\/wp-json\/wp\/v2\/pages\/128512","targetHints":{"allow":["GET"]}}],"collection":[{"href":"https:\/\/staging.sp-ps.ch\/it\/wp-json\/wp\/v2\/pages"}],"about":[{"href":"https:\/\/staging.sp-ps.ch\/it\/wp-json\/wp\/v2\/types\/page"}],"author":[{"embeddable":true,"href":"https:\/\/staging.sp-ps.ch\/it\/wp-json\/wp\/v2\/users\/76"}],"replies":[{"embeddable":true,"href":"https:\/\/staging.sp-ps.ch\/it\/wp-json\/wp\/v2\/comments?post=128512"}],"version-history":[{"count":3,"href":"https:\/\/staging.sp-ps.ch\/it\/wp-json\/wp\/v2\/pages\/128512\/revisions"}],"predecessor-version":[{"id":128517,"href":"https:\/\/staging.sp-ps.ch\/it\/wp-json\/wp\/v2\/pages\/128512\/revisions\/128517"}],"wp:attachment":[{"href":"https:\/\/staging.sp-ps.ch\/it\/wp-json\/wp\/v2\/media?parent=128512"}],"curies":[{"name":"wp","href":"https:\/\/api.w.org\/{rel}","templated":true}]}}