{"id":169998,"date":"2025-10-14T14:49:51","date_gmt":"2025-10-14T12:49:51","guid":{"rendered":"https:\/\/staging.sp-ps.ch\/?page_id=169998"},"modified":"2025-10-16T09:24:37","modified_gmt":"2025-10-16T07:24:37","slug":"si-alliniziativa-per-il-futuro","status":"publish","type":"page","link":"https:\/\/staging.sp-ps.ch\/it\/si-alliniziativa-per-il-futuro\/","title":{"rendered":"S\u00cc all\u2019Iniziativa per il Futuro"},"content":{"rendered":"\t\t<div data-elementor-type=\"wp-page\" data-elementor-id=\"169998\" class=\"elementor elementor-169998 elementor-169996\" data-elementor-post-type=\"page\">\n\t\t\t\t\t\t<section class=\"elementor-section elementor-top-section elementor-element elementor-element-35f82ac elementor-section-boxed elementor-section-height-default elementor-section-height-default\" data-id=\"35f82ac\" data-element_type=\"section\" data-e-type=\"section\" data-settings=\"{&quot;jet_parallax_layout_list&quot;:[],&quot;background_background&quot;:&quot;classic&quot;}\">\n\t\t\t\t\t\t\t<div class=\"elementor-background-overlay\"><\/div>\n\t\t\t\t\t\t\t<div class=\"elementor-container elementor-column-gap-default\">\n\t\t\t\t\t<div class=\"elementor-column elementor-col-100 elementor-top-column elementor-element elementor-element-274bc43\" data-id=\"274bc43\" data-element_type=\"column\" data-e-type=\"column\">\n\t\t\t<div class=\"elementor-widget-wrap elementor-element-populated\">\n\t\t\t\t\t\t<div class=\"elementor-element elementor-element-292f791 elementor-widget elementor-widget-spps_button_list\" data-id=\"292f791\" data-element_type=\"widget\" data-e-type=\"widget\" data-widget_type=\"spps_button_list.default\">\n\t\t\t\t<div class=\"elementor-widget-container\">\n\t\t\t\t\t<div class=\"button-list-wrapper   \"><div class=\"button-list-title\"><h2>S\u00cc all\u2019Iniziativa per il futuro<\/h2><\/div><div class=\"button-list-container\"><div class=\"button-list-text\"><p>La crisi climatica \u00e8 la sfida pi\u00f9 grande del nostro tempo. Mentre la maggior parte delle persone cerca di vivere in modo pi\u00f9 sostenibile e ridurre le proprie emissioni, i super ricchi continuano a produrre sempre pi\u00f9 gas serra. Con i loro investimenti miliardari, jet privati, yacht e mega ville, continuano a danneggiare il clima. Grazie all'Iniziativa per il futuro, le mega eredit\u00e0 superiori a 50 milioni di franchi saranno tassate in modo equo. In questo modo, ogni anno miliardi di franchi saranno destinati alla protezione del clima e allo stesso tempo si combatter\u00e0 l'estrema disparit\u00e0 di ricchezza.<\/p><h3><strong>Ecco perch\u00e9 diciamo S\u00cc:<\/strong><\/h3><ul style ='list-style: none;'><li style =\"background-image:url('https:\/\/staging.sp-ps.ch\/wp-content\/plugins\/elementor\/assets\/images\/placeholder.png'); background-size:0px;\"><strong>Chi fa danni deve pagarne le conseguenze: <\/strong>l'accumulo di ricchezze enormi va di pari passo con la distruzione del nostro clima. Chi ha guadagnato di pi\u00f9 e ha causato pi\u00f9 danni dovrebbe anche pagare una parte dei costi. Con un'imposta di successione a partire da 50 milioni di franchi, i super ricchi contribuiscono a un futuro vivibile.<\/li><li style =\"background-image:url('https:\/\/staging.sp-ps.ch\/wp-content\/plugins\/elementor\/assets\/images\/placeholder.png'); background-size:0px;\"><strong>Fermiamo le crescenti disuguaglianze: <\/strong>in vent'anni, il patrimonio delle 300 persone pi\u00f9 ricchi in Svizzera \u00e8 raddoppiato, superando gli 830 miliardi di franchi, mentre i salari della maggior parte della popolazione sono rimasti fermi. L'80% di questo patrimonio \u00e8 ereditato. Questa concentrazione estrema della ricchezza indebolisce il potere d'acquisto della popolazione. Con l'Iniziativa per il futuro possiamo frenare le disuguaglianze e rafforzare il potere d'acquisto.<\/li><li style =\"background-image:url('https:\/\/staging.sp-ps.ch\/wp-content\/plugins\/elementor\/assets\/images\/placeholder.png'); background-size:0px;\"><strong>Proteggere la democrazia:<\/strong> i super ricchi non solo danneggiano il clima, ma mettono anche a rischio la nostra democrazia. Persone come Elon Musk pensano che il mondo sia loro. Anche in Svizzera i super ricchi stanno accumulando sempre pi\u00f9 potere. Con una tassa sulle eredit\u00e0 di oltre 50 milioni di franchi, faremo in modo che questa concentrazione estrema di ricchezza e potere venga ridotta.<\/li><\/ul><\/div><\/div><\/div>\t\t\t\t<\/div>\n\t\t\t\t<\/div>\n\t\t\t\t<div class=\"elementor-element elementor-element-a2a621c elementor-widget elementor-widget-spacer\" data-id=\"a2a621c\" data-element_type=\"widget\" data-e-type=\"widget\" data-widget_type=\"spacer.default\">\n\t\t\t\t<div class=\"elementor-widget-container\">\n\t\t\t\t\t\t\t<div class=\"elementor-spacer\">\n\t\t\t<div class=\"elementor-spacer-inner\"><\/div>\n\t\t<\/div>\n\t\t\t\t\t\t<\/div>\n\t\t\t\t<\/div>\n\t\t\t\t\t<\/div>\n\t\t<\/div>\n\t\t\t\t\t<\/div>\n\t\t<\/section>\n\t\t\t\t<\/div>\n\t\t","protected":false},"excerpt":{"rendered":"<p>S\u00cc all\u2019Iniziativa per il futuro La crisi climatica \u00e8 la sfida pi\u00f9 grande del nostro tempo. Mentre la maggior parte delle persone cerca di vivere in modo pi\u00f9 sostenibile e [&hellip;]<\/p>\n","protected":false},"author":99,"featured_media":0,"parent":0,"menu_order":4,"comment_status":"closed","ping_status":"closed","template":"","meta":{"footnotes":""},"class_list":["post-169998","page","type-page","status-publish","hentry"],"_links":{"self":[{"href":"https:\/\/staging.sp-ps.ch\/it\/wp-json\/wp\/v2\/pages\/169998","targetHints":{"allow":["GET"]}}],"collection":[{"href":"https:\/\/staging.sp-ps.ch\/it\/wp-json\/wp\/v2\/pages"}],"about":[{"href":"https:\/\/staging.sp-ps.ch\/it\/wp-json\/wp\/v2\/types\/page"}],"author":[{"embeddable":true,"href":"https:\/\/staging.sp-ps.ch\/it\/wp-json\/wp\/v2\/users\/99"}],"replies":[{"embeddable":true,"href":"https:\/\/staging.sp-ps.ch\/it\/wp-json\/wp\/v2\/comments?post=169998"}],"version-history":[{"count":10,"href":"https:\/\/staging.sp-ps.ch\/it\/wp-json\/wp\/v2\/pages\/169998\/revisions"}],"predecessor-version":[{"id":170634,"href":"https:\/\/staging.sp-ps.ch\/it\/wp-json\/wp\/v2\/pages\/169998\/revisions\/170634"}],"wp:attachment":[{"href":"https:\/\/staging.sp-ps.ch\/it\/wp-json\/wp\/v2\/media?parent=169998"}],"curies":[{"name":"wp","href":"https:\/\/api.w.org\/{rel}","templated":true}]}}