{"id":174897,"date":"2025-12-16T16:27:21","date_gmt":"2025-12-16T15:27:21","guid":{"rendered":"https:\/\/staging.sp-ps.ch\/?page_id=174897"},"modified":"2025-12-16T16:33:00","modified_gmt":"2025-12-16T15:33:00","slug":"no-iniziativa-anti-ssr","status":"publish","type":"page","link":"https:\/\/staging.sp-ps.ch\/it\/no-iniziativa-anti-ssr\/","title":{"rendered":"NO all\u2019iniziativa anti-SSR"},"content":{"rendered":"\t\t<div data-elementor-type=\"wp-page\" data-elementor-id=\"174897\" class=\"elementor elementor-174897 elementor-174895\" data-elementor-post-type=\"page\">\n\t\t\t\t\t\t<section class=\"elementor-section elementor-top-section elementor-element elementor-element-7bc0a83 elementor-section-boxed elementor-section-height-default elementor-section-height-default\" data-id=\"7bc0a83\" data-element_type=\"section\" data-e-type=\"section\" data-settings=\"{&quot;jet_parallax_layout_list&quot;:[],&quot;background_background&quot;:&quot;classic&quot;}\">\n\t\t\t\t\t\t\t<div class=\"elementor-background-overlay\"><\/div>\n\t\t\t\t\t\t\t<div class=\"elementor-container elementor-column-gap-default\">\n\t\t\t\t\t<div class=\"elementor-column elementor-col-100 elementor-top-column elementor-element elementor-element-a2ba717\" data-id=\"a2ba717\" data-element_type=\"column\" data-e-type=\"column\">\n\t\t\t<div class=\"elementor-widget-wrap elementor-element-populated\">\n\t\t\t\t\t\t<div class=\"elementor-element elementor-element-d3461e1 elementor-widget__width-inherit elementor-widget elementor-widget-image\" data-id=\"d3461e1\" data-element_type=\"widget\" data-e-type=\"widget\" data-widget_type=\"image.default\">\n\t\t\t\t<div class=\"elementor-widget-container\">\n\t\t\t\t\t\t\t\t\t\t\t\t\t\t\t<img fetchpriority=\"high\" decoding=\"async\" width=\"800\" height=\"534\" src=\"https:\/\/staging.sp-ps.ch\/wp-content\/uploads\/2025\/12\/251210_SPS_Halbierungsinitiative_Visualisierung_F4_Strasse_IT_klein-min-1024x683.png\" class=\"attachment-large size-large wp-image-174956\" alt=\"\" srcset=\"https:\/\/staging.sp-ps.ch\/wp-content\/uploads\/2025\/12\/251210_SPS_Halbierungsinitiative_Visualisierung_F4_Strasse_IT_klein-min-1024x683.png 1024w, https:\/\/staging.sp-ps.ch\/wp-content\/uploads\/2025\/12\/251210_SPS_Halbierungsinitiative_Visualisierung_F4_Strasse_IT_klein-min-300x200.png 300w, https:\/\/staging.sp-ps.ch\/wp-content\/uploads\/2025\/12\/251210_SPS_Halbierungsinitiative_Visualisierung_F4_Strasse_IT_klein-min-768x512.png 768w, https:\/\/staging.sp-ps.ch\/wp-content\/uploads\/2025\/12\/251210_SPS_Halbierungsinitiative_Visualisierung_F4_Strasse_IT_klein-min-1536x1024.png 1536w, https:\/\/staging.sp-ps.ch\/wp-content\/uploads\/2025\/12\/251210_SPS_Halbierungsinitiative_Visualisierung_F4_Strasse_IT_klein-min-2048x1365.png 2048w\" sizes=\"(max-width: 800px) 100vw, 800px\" \/>\t\t\t\t\t\t\t\t\t\t\t\t\t\t\t<\/div>\n\t\t\t\t<\/div>\n\t\t\t\t\t<\/div>\n\t\t<\/div>\n\t\t\t\t\t<\/div>\n\t\t<\/section>\n\t\t\t\t<section class=\"elementor-section elementor-top-section elementor-element elementor-element-35f82ac elementor-section-boxed elementor-section-height-default elementor-section-height-default\" data-id=\"35f82ac\" data-element_type=\"section\" data-e-type=\"section\" data-settings=\"{&quot;jet_parallax_layout_list&quot;:[],&quot;background_background&quot;:&quot;classic&quot;}\">\n\t\t\t\t\t\t\t<div class=\"elementor-background-overlay\"><\/div>\n\t\t\t\t\t\t\t<div class=\"elementor-container elementor-column-gap-default\">\n\t\t\t\t\t<div class=\"elementor-column elementor-col-100 elementor-top-column elementor-element elementor-element-274bc43\" data-id=\"274bc43\" data-element_type=\"column\" data-e-type=\"column\">\n\t\t\t<div class=\"elementor-widget-wrap elementor-element-populated\">\n\t\t\t\t\t\t<div class=\"elementor-element elementor-element-292f791 elementor-widget elementor-widget-spps_button_list\" data-id=\"292f791\" data-element_type=\"widget\" data-e-type=\"widget\" data-widget_type=\"spps_button_list.default\">\n\t\t\t\t<div class=\"elementor-widget-container\">\n\t\t\t\t\t<div class=\"button-list-wrapper   \"><div class=\"button-list-title\"><h2>NO all\u2019iniziativa anti-SSR <\/h2><\/div><div class=\"button-list-container\"><div class=\"button-list-text\"><p>In Svizzera, Christoph Blocher ha acquistato i giornali gratis, mentre a livello internazionale Elon Musk e Mark Zuckerberg gestiscono le pi\u00f9 grandi piattaforme di social media con X e Meta. Il loro obiettivo \u00e8 chiaro: meno fatti indipendenti, pi\u00f9 propaganda mirata. Non sorprende quindi che l'UDC se la prenda con i media indipendenti con la sua iniziativa anti-SSR per imporre la sua agenda politica. In un'epoca in cui le forze conservatrici stanno guadagnando terreno in tutto il mondo e le fake news e la disinformazione si moltiplicano, i media indipendenti e di qualit\u00e0 sono indispensabili \u2013 soprattutto per una regione di minoranza linguistica come la Svizzera italiana. L'iniziativa anti-SSR mira invece a distruggere ci\u00f2.<\/p><p>\u00a0<\/p><h3>Ecco perch\u00e9 diciamo NO all'iniziativa anti-SSR:<\/h3><ul style ='list-style: none;'><li style =\"background-image:url('https:\/\/staging.sp-ps.ch\/wp-content\/plugins\/elementor\/assets\/images\/placeholder.png'); background-size:0px;\"><strong>Meno fatti, pi\u00f9 fake news: <\/strong>la SSR ci d\u00e0 ogni giorno notizie indipendenti e di qualit\u00e0. Se l'iniziativa passa, i tagli pesanti renderanno tutto questo impossibile. Il risultato? Un'influenza ancora pi\u00f9 grande per Elon Musk, Mark Zuckerberg e compagnia, che diffondono in modo mirato fake news e le loro idee conservatrici attraverso le loro piattaforme.<\/li><li style =\"background-image:url('https:\/\/staging.sp-ps.ch\/wp-content\/plugins\/elementor\/assets\/images\/placeholder.png'); background-size:0px;\"><strong>L'informazione indipendente \u00e8 pi\u00f9 importante che mai:<\/strong> le forze conservatrici stanno diventando pi\u00f9 forti e la democrazia \u00e8 sempre pi\u00f9 sotto pressione. I media indipendenti e di qualit\u00e0 sono la base per un'informazione affidabile. Se li indeboliamo, diamo ai miliardari e alle forze conservatrici il controllo dell'informazione. Non vogliamo una Svizzera in cui Christoph Blocher e i suoi scagnozzi decidono cosa viene detto nei media.<\/li><li style =\"background-image:url('https:\/\/staging.sp-ps.ch\/wp-content\/plugins\/elementor\/assets\/images\/placeholder.png'); background-size:0px;\"><strong>Contenuti senza pressioni da clic e pubblicit\u00e0:<\/strong> i media di qualit\u00e0 sono sempre pi\u00f9 sotto pressione. I contenuti veloci e sensazionalistici vengono premiati. Quello che non \u00abvende\u00bb scompare: l'informazione, l'intrattenimento, lo sport, la cultura e le produzioni svizzere sono a rischio. La SSR \u00e8 inoltre garante di un'offerta fatta dalla Svizzera italiana e per la Svizzera italiana. Senza di essa, eventi come l'Eurovision o gli Europei di calcio sarebbero accessibili solo tramite piattaforme private a prezzi esorbitanti. Se la SSR si indebolisce, saranno i grandi gruppi mediatici della Svizzera tedesca a prendere il sopravvento.<\/li><\/ul><\/div><\/div><\/div>\t\t\t\t<\/div>\n\t\t\t\t<\/div>\n\t\t\t\t<div class=\"elementor-element elementor-element-a2a621c elementor-widget elementor-widget-spacer\" data-id=\"a2a621c\" data-element_type=\"widget\" data-e-type=\"widget\" data-widget_type=\"spacer.default\">\n\t\t\t\t<div class=\"elementor-widget-container\">\n\t\t\t\t\t\t\t<div class=\"elementor-spacer\">\n\t\t\t<div class=\"elementor-spacer-inner\"><\/div>\n\t\t<\/div>\n\t\t\t\t\t\t<\/div>\n\t\t\t\t<\/div>\n\t\t\t\t\t<\/div>\n\t\t<\/div>\n\t\t\t\t\t<\/div>\n\t\t<\/section>\n\t\t\t\t<\/div>\n\t\t","protected":false},"excerpt":{"rendered":"<p>NO all\u2019iniziativa anti-SSR In Svizzera, Christoph Blocher ha acquistato i giornali gratis, mentre a livello internazionale Elon Musk e Mark Zuckerberg gestiscono le pi\u00f9 grandi piattaforme di social media con [&hellip;]<\/p>\n","protected":false},"author":83,"featured_media":174954,"parent":0,"menu_order":5,"comment_status":"closed","ping_status":"closed","template":"","meta":{"footnotes":""},"class_list":["post-174897","page","type-page","status-publish","has-post-thumbnail","hentry"],"_links":{"self":[{"href":"https:\/\/staging.sp-ps.ch\/it\/wp-json\/wp\/v2\/pages\/174897","targetHints":{"allow":["GET"]}}],"collection":[{"href":"https:\/\/staging.sp-ps.ch\/it\/wp-json\/wp\/v2\/pages"}],"about":[{"href":"https:\/\/staging.sp-ps.ch\/it\/wp-json\/wp\/v2\/types\/page"}],"author":[{"embeddable":true,"href":"https:\/\/staging.sp-ps.ch\/it\/wp-json\/wp\/v2\/users\/83"}],"replies":[{"embeddable":true,"href":"https:\/\/staging.sp-ps.ch\/it\/wp-json\/wp\/v2\/comments?post=174897"}],"version-history":[{"count":10,"href":"https:\/\/staging.sp-ps.ch\/it\/wp-json\/wp\/v2\/pages\/174897\/revisions"}],"predecessor-version":[{"id":174965,"href":"https:\/\/staging.sp-ps.ch\/it\/wp-json\/wp\/v2\/pages\/174897\/revisions\/174965"}],"wp:featuredmedia":[{"embeddable":true,"href":"https:\/\/staging.sp-ps.ch\/it\/wp-json\/wp\/v2\/media\/174954"}],"wp:attachment":[{"href":"https:\/\/staging.sp-ps.ch\/it\/wp-json\/wp\/v2\/media?parent=174897"}],"curies":[{"name":"wp","href":"https:\/\/api.w.org\/{rel}","templated":true}]}}