{"id":30563,"date":"2022-07-04T10:54:01","date_gmt":"2022-07-04T08:54:01","guid":{"rendered":"https:\/\/test.sp-ps.ch\/ambiente-clima-ed-energia\/"},"modified":"2023-07-12T10:49:27","modified_gmt":"2023-07-12T08:49:27","slug":"ambiente-clima-ed-energia","status":"publish","type":"page","link":"https:\/\/staging.sp-ps.ch\/it\/cio-che-rappresentiamo\/soggetti-a-z\/ambiente-clima-ed-energia\/","title":{"rendered":"Ambiente, clima ed energia"},"content":{"rendered":"\t\t<div data-elementor-type=\"wp-page\" data-elementor-id=\"30563\" class=\"elementor elementor-30563 elementor-3353\" data-elementor-post-type=\"page\">\n\t\t\t\t\t\t<section class=\"elementor-section elementor-top-section elementor-element elementor-element-8135b92 elementor-section-boxed elementor-section-height-default elementor-section-height-default\" data-id=\"8135b92\" data-element_type=\"section\" data-e-type=\"section\" data-settings=\"{&quot;jet_parallax_layout_list&quot;:[],&quot;background_background&quot;:&quot;classic&quot;}\">\n\t\t\t\t\t\t<div class=\"elementor-container elementor-column-gap-wide\">\n\t\t\t\t\t<div class=\"elementor-column elementor-col-100 elementor-top-column elementor-element elementor-element-c9347bb\" data-id=\"c9347bb\" data-element_type=\"column\" data-e-type=\"column\">\n\t\t\t<div class=\"elementor-widget-wrap elementor-element-populated\">\n\t\t\t\t\t\t<div class=\"elementor-element elementor-element-dae2281 elementor-widget elementor-widget-heading\" data-id=\"dae2281\" data-element_type=\"widget\" data-e-type=\"widget\" data-widget_type=\"heading.default\">\n\t\t\t\t<div class=\"elementor-widget-container\">\n\t\t\t\t\t<h1 class=\"elementor-heading-title elementor-size-default\">Clima, energia, ambiente e biodiversit\u00e0<\/h1>\t\t\t\t<\/div>\n\t\t\t\t<\/div>\n\t\t\t\t<div class=\"elementor-element elementor-element-f1daf39 elementor-widget elementor-widget-jet-breadcrumbs\" data-id=\"f1daf39\" data-element_type=\"widget\" data-e-type=\"widget\" data-widget_type=\"jet-breadcrumbs.default\">\n\t\t\t\t<div class=\"elementor-widget-container\">\n\t\t\t\t\t<div class=\"elementor-jet-breadcrumbs jet-blocks\">\n\t\t<div class=\"jet-breadcrumbs\">\n\t\t<div class=\"jet-breadcrumbs__content\">\n\t\t<div class=\"jet-breadcrumbs__wrap\">\n\t\t<\/div>\n\t\t<\/div>\n\t\t<\/div><\/div>\t\t\t\t<\/div>\n\t\t\t\t<\/div>\n\t\t\t\t<div class=\"elementor-element elementor-element-27817ef elementor-widget__width-initial elementor-widget elementor-widget-text-editor\" data-id=\"27817ef\" data-element_type=\"widget\" data-e-type=\"widget\" data-widget_type=\"text-editor.default\">\n\t\t\t\t<div class=\"elementor-widget-container\">\n\t\t\t\t\t\t\t\t\t<p>Un ambiente salubre e un clima sano rappresentano le nostre basi vitali. Spetta a noi averne cura anche per le prossime generazioni. Con l\u2019attuale politica energetica gli utili delle aziende multinazionali del comparto energetico sono alle stelle.<\/p>\t\t\t\t\t\t\t\t<\/div>\n\t\t\t\t<\/div>\n\t\t\t\t\t<\/div>\n\t\t<\/div>\n\t\t\t\t\t<\/div>\n\t\t<\/section>\n\t\t\t\t<section class=\"elementor-section elementor-top-section elementor-element elementor-element-92739f8 elementor-section-full_width elementor-section-height-min-height elementor-section-height-default elementor-section-items-middle\" data-id=\"92739f8\" data-element_type=\"section\" data-e-type=\"section\" data-settings=\"{&quot;jet_parallax_layout_list&quot;:[]}\">\n\t\t\t\t\t\t<div class=\"elementor-container elementor-column-gap-no\">\n\t\t\t\t\t<div class=\"elementor-column elementor-col-100 elementor-top-column elementor-element elementor-element-3fb794a\" data-id=\"3fb794a\" data-element_type=\"column\" data-e-type=\"column\">\n\t\t\t<div class=\"elementor-widget-wrap elementor-element-populated\">\n\t\t\t\t\t\t<div class=\"elementor-element elementor-element-699e1c7 elementor-widget elementor-widget-image\" data-id=\"699e1c7\" data-element_type=\"widget\" data-e-type=\"widget\" data-widget_type=\"image.default\">\n\t\t\t\t<div class=\"elementor-widget-container\">\n\t\t\t\t\t\t\t\t\t\t\t\t\t\t\t<img fetchpriority=\"high\" decoding=\"async\" width=\"1920\" height=\"1244\" src=\"https:\/\/staging.sp-ps.ch\/wp-content\/uploads\/2022\/02\/nicholas-doherty-pONBhDyOFoM-unsplash.jpg\" class=\"attachment-full size-full wp-image-1823\" alt=\"\" srcset=\"https:\/\/staging.sp-ps.ch\/wp-content\/uploads\/2022\/02\/nicholas-doherty-pONBhDyOFoM-unsplash.jpg 1920w, https:\/\/staging.sp-ps.ch\/wp-content\/uploads\/2022\/02\/nicholas-doherty-pONBhDyOFoM-unsplash-300x194.jpg 300w, https:\/\/staging.sp-ps.ch\/wp-content\/uploads\/2022\/02\/nicholas-doherty-pONBhDyOFoM-unsplash-1024x663.jpg 1024w, https:\/\/staging.sp-ps.ch\/wp-content\/uploads\/2022\/02\/nicholas-doherty-pONBhDyOFoM-unsplash-768x498.jpg 768w, https:\/\/staging.sp-ps.ch\/wp-content\/uploads\/2022\/02\/nicholas-doherty-pONBhDyOFoM-unsplash-1536x995.jpg 1536w\" sizes=\"(max-width: 1920px) 100vw, 1920px\" \/>\t\t\t\t\t\t\t\t\t\t\t\t\t\t\t<\/div>\n\t\t\t\t<\/div>\n\t\t\t\t\t<\/div>\n\t\t<\/div>\n\t\t\t\t\t<\/div>\n\t\t<\/section>\n\t\t\t\t<section class=\"elementor-section elementor-top-section elementor-element elementor-element-d1d806d elementor-section-boxed elementor-section-height-default elementor-section-height-default\" data-id=\"d1d806d\" data-element_type=\"section\" data-e-type=\"section\" data-settings=\"{&quot;jet_parallax_layout_list&quot;:[]}\">\n\t\t\t\t\t\t<div class=\"elementor-container elementor-column-gap-wide\">\n\t\t\t\t\t<div class=\"elementor-column elementor-col-100 elementor-top-column elementor-element elementor-element-767495a\" data-id=\"767495a\" data-element_type=\"column\" data-e-type=\"column\">\n\t\t\t<div class=\"elementor-widget-wrap elementor-element-populated\">\n\t\t\t\t\t\t<div class=\"elementor-element elementor-element-d796c7c elementor-widget elementor-widget-spps_title_text\" data-id=\"d796c7c\" data-element_type=\"widget\" data-e-type=\"widget\" data-widget_type=\"spps_title_text.default\">\n\t\t\t\t<div class=\"elementor-widget-container\">\n\t\t\t\t\t<div class=\"title-text-wrapper \"><div class=\"title-text-title\"><h2>Clima, energia, ambiente e biodiversit\u00e0<\/h2><\/div><div class=\"title-text-container\"><div class=\"title-text-text\"><p>Un ambiente salubre, un clima sano e acqua pulita rappresentano le nostre basi vitali. Spetta a noi averne cura anche per le future generazioni, affinch\u00e9 anche i nostri figli possano crescere in un ambiente incontaminato.<\/p><p>Con l\u2019attuale politica energetica gli utili delle aziende multinazionali del comparto energetico sono alle stelle. Questi utili da capogiro devono essere investiti sul nostro territorio in impianti di energia solare ed eolica, in pompe di calore e in edifici a energia positiva. Il passaggio alle energie rinnovabili non solo favorisce l\u2019ambiente e il clima, ma si traduce anche in creazione di valore e benessere per la Svizzera, attraverso nuovi posti di lavoro. Le energie rinnovabili nazionali indicano la strada verso la sicurezza degli approvvigionamenti indipendente dall\u2019estero.<\/p><p>La Svizzera, quale Paese ricco con un\u2019impronta ecologica (emissioni di CO2) molto importante, deve fare tutto il possibile per raggiungere gli obiettivi dell\u2019Accordo di Parigi.<\/p><p>La crisi della biodiversit\u00e0, che dobbiamo considerare con altrettanta seriet\u00e0, vi \u00e8 fortemente correlata. Questo aspetto deve essere tenuto presente sia nella pianificazione del territorio che nell\u2019incentivazione di nuove energie rinnovabili. Il diritto di ricorso delle associazioni in materia di protezione della natura e dell\u2019ambiente non deve essere compromesso.<\/p><h3>Le nostre rivendicazioni<\/h3><ul><li>Accelerare la decarbonizzazione dell\u2019economia e della piazza finanziaria contestualmente al massiccio e immediato potenziamento delle energie rinnovabili.<\/li><li>Investire ogni anno tra lo 0,5% e l\u20191% del prodotto interno lordo nel rinnovamento ecologico della Svizzera (Iniziativa per un fondo per il clima).<\/li><li>Rafforzare la biodiversit\u00e0 con misure a livello ambientale e di pianificazione del territorio.<\/li><li>L\u2019unica economia orientata al futuro \u00e8 quella circolare: la trasformazione economica deve dunque avvenire in tal senso.<\/li><\/ul><\/div><\/div><\/div>\t\t\t\t<\/div>\n\t\t\t\t<\/div>\n\t\t\t\t\t<\/div>\n\t\t<\/div>\n\t\t\t\t\t<\/div>\n\t\t<\/section>\n\t\t\t\t<section class=\"elementor-section elementor-top-section elementor-element elementor-element-d0cbf61 elementor-section-boxed elementor-section-height-default elementor-section-height-default\" data-id=\"d0cbf61\" data-element_type=\"section\" data-e-type=\"section\" data-settings=\"{&quot;jet_parallax_layout_list&quot;:[]}\">\n\t\t\t\t\t\t<div class=\"elementor-container elementor-column-gap-default\">\n\t\t\t\t\t<div class=\"elementor-column elementor-col-100 elementor-top-column elementor-element elementor-element-e24333d\" data-id=\"e24333d\" data-element_type=\"column\" data-e-type=\"column\">\n\t\t\t<div class=\"elementor-widget-wrap elementor-element-populated\">\n\t\t\t\t\t\t<div class=\"elementor-element elementor-element-71e1b08 elementor-widget elementor-widget-spps_call_to_action\" data-id=\"71e1b08\" data-element_type=\"widget\" data-e-type=\"widget\" data-widget_type=\"spps_call_to_action.default\">\n\t\t\t\t<div class=\"elementor-widget-container\">\n\t\t\t\t\t<div class=\"call-to-action-wrapper wrapper-spacing-default \" style=\"background:#E4002B\" ><div class=\"call-to-action-title\"><h2>Commissione tematica \u00abAmbiente, energia e pianificazione del territorio\u00bb<\/h2><\/div><div class=\"call-to-action-container\"><div class=\"call-to-action-text\"><p>Le commissioni tematiche sviluppano le conoscenze specifiche del partito. Esse coordinano e sostengono la politica del PS nelle principali aree tematiche politiche - a livello nazionale, cantonale e comunale.<\/p><p>Sei interessata\/-o a partecipare alla commissione tematica \u00abAmbiente, energia e pianificazione del territorio\u00bb?<\/p><\/div><div class=\"call-to-action-buttons call-to-action-buttons-left\"><div class=\"button-wrapper \"><a href=\"https:\/\/staging.sp-ps.ch\/it\/partito\/commissioni-tematiche\/ambiente-energia-e-pianificazione-del-territorio\/\"  target=\"_self\" class=\"button-link button-link-default\"  style='color:#E4002B' onMouseOver=\"this.style.color='white';this.style.background='#E4002B'\" onMouseOut=\"this.style.color='#E4002B';this.style.background='#EBEBEB'\">Pi\u00f9 informazioni sulla commissione tematica<\/a><\/div><\/div><\/div><\/div>\t\t\t\t<\/div>\n\t\t\t\t<\/div>\n\t\t\t\t\t<\/div>\n\t\t<\/div>\n\t\t\t\t\t<\/div>\n\t\t<\/section>\n\t\t\t\t<\/div>\n\t\t","protected":false},"excerpt":{"rendered":"<p>Clima, energia, ambiente e biodiversit\u00e0 Un ambiente salubre e un clima sano rappresentano le nostre basi vitali. Spetta a noi averne cura anche per le prossime generazioni. Con l\u2019attuale politica [&hellip;]<\/p>\n","protected":false},"author":1,"featured_media":0,"parent":30634,"menu_order":7,"comment_status":"closed","ping_status":"closed","template":"","meta":{"footnotes":""},"class_list":["post-30563","page","type-page","status-publish","hentry"],"_links":{"self":[{"href":"https:\/\/staging.sp-ps.ch\/it\/wp-json\/wp\/v2\/pages\/30563","targetHints":{"allow":["GET"]}}],"collection":[{"href":"https:\/\/staging.sp-ps.ch\/it\/wp-json\/wp\/v2\/pages"}],"about":[{"href":"https:\/\/staging.sp-ps.ch\/it\/wp-json\/wp\/v2\/types\/page"}],"author":[{"embeddable":true,"href":"https:\/\/staging.sp-ps.ch\/it\/wp-json\/wp\/v2\/users\/1"}],"replies":[{"embeddable":true,"href":"https:\/\/staging.sp-ps.ch\/it\/wp-json\/wp\/v2\/comments?post=30563"}],"version-history":[{"count":18,"href":"https:\/\/staging.sp-ps.ch\/it\/wp-json\/wp\/v2\/pages\/30563\/revisions"}],"predecessor-version":[{"id":106073,"href":"https:\/\/staging.sp-ps.ch\/it\/wp-json\/wp\/v2\/pages\/30563\/revisions\/106073"}],"up":[{"embeddable":true,"href":"https:\/\/staging.sp-ps.ch\/it\/wp-json\/wp\/v2\/pages\/30634"}],"wp:attachment":[{"href":"https:\/\/staging.sp-ps.ch\/it\/wp-json\/wp\/v2\/media?parent=30563"}],"curies":[{"name":"wp","href":"https:\/\/api.w.org\/{rel}","templated":true}]}}