{"id":60753,"date":"2022-08-11T14:30:02","date_gmt":"2022-08-11T12:30:02","guid":{"rendered":"https:\/\/test.sp-ps.ch\/partito\/ps-queer\/mitmachen\/"},"modified":"2022-08-27T14:42:33","modified_gmt":"2022-08-27T12:42:33","slug":"mitmachen","status":"publish","type":"page","link":"https:\/\/staging.sp-ps.ch\/it\/mitmachen\/","title":{"rendered":"Mitmachen"},"content":{"rendered":"\t\t<div data-elementor-type=\"wp-page\" data-elementor-id=\"60753\" class=\"elementor elementor-60753 elementor-60109\" data-elementor-post-type=\"page\">\n\t\t\t\t\t\t<section class=\"elementor-section elementor-top-section elementor-element elementor-element-e9e44d5 elementor-section-boxed elementor-section-height-default elementor-section-height-default\" data-id=\"e9e44d5\" data-element_type=\"section\" data-e-type=\"section\" data-settings=\"{&quot;jet_parallax_layout_list&quot;:[],&quot;background_background&quot;:&quot;classic&quot;}\">\n\t\t\t\t\t\t<div class=\"elementor-container elementor-column-gap-wide\">\n\t\t\t\t\t<div class=\"elementor-column elementor-col-100 elementor-top-column elementor-element elementor-element-caf60cf\" data-id=\"caf60cf\" data-element_type=\"column\" data-e-type=\"column\">\n\t\t\t<div class=\"elementor-widget-wrap elementor-element-populated\">\n\t\t\t\t\t\t<div class=\"elementor-element elementor-element-4b40d64 elementor-widget elementor-widget-heading\" data-id=\"4b40d64\" data-element_type=\"widget\" data-e-type=\"widget\" data-widget_type=\"heading.default\">\n\t\t\t\t<div class=\"elementor-widget-container\">\n\t\t\t\t\t<h1 class=\"elementor-heading-title elementor-size-default\">Mitmachen<\/h1>\t\t\t\t<\/div>\n\t\t\t\t<\/div>\n\t\t\t\t<div class=\"elementor-element elementor-element-fcc81e4 elementor-widget elementor-widget-jet-breadcrumbs\" data-id=\"fcc81e4\" data-element_type=\"widget\" data-e-type=\"widget\" data-widget_type=\"jet-breadcrumbs.default\">\n\t\t\t\t<div class=\"elementor-widget-container\">\n\t\t\t\t\t<div class=\"elementor-jet-breadcrumbs jet-blocks\">\n\t\t<div class=\"jet-breadcrumbs\">\n\t\t<div class=\"jet-breadcrumbs__content\">\n\t\t<div class=\"jet-breadcrumbs__wrap\">\n\t\t<\/div>\n\t\t<\/div>\n\t\t<\/div><\/div>\t\t\t\t<\/div>\n\t\t\t\t<\/div>\n\t\t\t\t<div class=\"elementor-element elementor-element-857e293 elementor-widget elementor-widget-text-editor\" data-id=\"857e293\" data-element_type=\"widget\" data-e-type=\"widget\" data-widget_type=\"text-editor.default\">\n\t\t\t\t<div class=\"elementor-widget-container\">\n\t\t\t\t\t\t\t\t\t<p>Die SP queer ist Teil der sozialdemokratischen Bewegung und Partei sowie Teil der LGBTQIA+-Bewegung in der Schweiz und international. Sie besteht aus verschiedenen Gremien und setzt sich aus Menschen unterschiedlichster sexuellen Orientierungen, Geschlechtsidentit\u00e4ten und Geschlechtsausdr\u00fccken zusammen. Wir engagieren uns innerhalb der sozialdemokratischen Partei sowie in der \u00d6ffentlichkeit f\u00fcr die Anliegen queerer Menschen.<\/p>\t\t\t\t\t\t\t\t<\/div>\n\t\t\t\t<\/div>\n\t\t\t\t\t<\/div>\n\t\t<\/div>\n\t\t\t\t\t<\/div>\n\t\t<\/section>\n\t\t\t\t<section class=\"elementor-section elementor-top-section elementor-element elementor-element-2c610d6 elementor-section-boxed elementor-section-height-default elementor-section-height-default\" data-id=\"2c610d6\" data-element_type=\"section\" data-e-type=\"section\" data-settings=\"{&quot;jet_parallax_layout_list&quot;:[]}\">\n\t\t\t\t\t\t<div class=\"elementor-container elementor-column-gap-wide\">\n\t\t\t\t\t<div class=\"elementor-column elementor-col-100 elementor-top-column elementor-element elementor-element-84dd22f\" data-id=\"84dd22f\" data-element_type=\"column\" data-e-type=\"column\">\n\t\t\t<div class=\"elementor-widget-wrap elementor-element-populated\">\n\t\t\t\t\t\t<div class=\"elementor-element elementor-element-4e33c2b elementor-widget elementor-widget-spps_title_text\" data-id=\"4e33c2b\" data-element_type=\"widget\" data-e-type=\"widget\" data-widget_type=\"spps_title_text.default\">\n\t\t\t\t<div class=\"elementor-widget-container\">\n\t\t\t\t\t<div class=\"title-text-wrapper wrapper-spacing-default\"><div class=\"title-text-title\"><h2>Jetzt SP-queer Mitglied werden<\/h2><\/div><div class=\"title-text-container\"><\/div><\/div>\t\t\t\t<\/div>\n\t\t\t\t<\/div>\n\t\t\t\t<div class=\"elementor-element elementor-element-792230b elementor-widget elementor-widget-wpforms\" data-id=\"792230b\" data-element_type=\"widget\" data-e-type=\"widget\" data-widget_type=\"wpforms.default\">\n\t\t\t\t<div class=\"elementor-widget-container\">\n\t\t\t\t\t<div class=\"wpforms-container wpforms-container-full\" id=\"wpforms-42291\"><form id=\"wpforms-form-42291\" class=\"wpforms-validate wpforms-form wpforms-ajax-form\" data-formid=\"42291\" method=\"post\" enctype=\"multipart\/form-data\" action=\"\/it\/wp-json\/wp\/v2\/pages\/60753\" data-token=\"0b38220e85cfda560bc788b2d46a8f07\" data-token-time=\"1776499719\"><noscript class=\"wpforms-error-noscript\">Abilita JavaScript nel browser per completare questo modulo.<\/noscript><div class=\"wpforms-field-container\"><div id=\"wpforms-42291-field_26-container\" class=\"wpforms-field wpforms-field-radio wpforms-conditional-trigger\" data-field-id=\"26\"><label class=\"wpforms-field-label\">Beitritt SP queer <span class=\"wpforms-required-label\">*<\/span><\/label><ul id=\"wpforms-42291-field_26\" class=\"wpforms-field-required\"><li class=\"choice-1 depth-1\"><input type=\"radio\" id=\"wpforms-42291-field_26_1\" name=\"wpforms[fields][26]\" value=\"Ich trete der SP queer (kostenlos) bei und bin bereits SP-Mitglied. \" required ><label class=\"wpforms-field-label-inline\" for=\"wpforms-42291-field_26_1\">Ich trete der SP queer (kostenlos) bei und bin bereits SP-Mitglied.<\/label><\/li><li class=\"choice-2 depth-1\"><input type=\"radio\" id=\"wpforms-42291-field_26_2\" name=\"wpforms[fields][26]\" value=\"Ich trete der SP queer und der SP bei (f\u00fcr die Mitgliedschaft bei der SP f\u00e4llt ein Mitgliederbeitrag an).\" required ><label class=\"wpforms-field-label-inline\" for=\"wpforms-42291-field_26_2\">Ich trete der SP queer und der SP bei (f\u00fcr die Mitgliedschaft bei der SP f\u00e4llt ein Mitgliederbeitrag an).<\/label><\/li><\/ul><\/div><div id=\"wpforms-42291-field_21-container\" class=\"wpforms-field wpforms-field-name wpforms-conditional-field wpforms-conditional-show\" data-field-id=\"21\" style=\"display:none;\"><label class=\"wpforms-field-label\" for=\"wpforms-42291-field_21\">SP-Sektion<\/label><input type=\"text\" id=\"wpforms-42291-field_21\" class=\"wpforms-field-large\" name=\"wpforms[fields][21]\" ><\/div><div id=\"wpforms-42291-field_2-container\" class=\"wpforms-field wpforms-field-name wpforms-one-half wpforms-first\" data-field-id=\"2\"><label class=\"wpforms-field-label\" for=\"wpforms-42291-field_2\">Vorname <span class=\"wpforms-required-label\">*<\/span><\/label><input type=\"text\" id=\"wpforms-42291-field_2\" class=\"wpforms-field-large wpforms-field-required\" name=\"wpforms[fields][2]\" required><\/div><div id=\"wpforms-42291-field_3-container\" class=\"wpforms-field wpforms-field-name wpforms-one-half\" data-field-id=\"3\"><label class=\"wpforms-field-label\" for=\"wpforms-42291-field_3\">Nachname <span class=\"wpforms-required-label\">*<\/span><\/label><input type=\"text\" id=\"wpforms-42291-field_3\" class=\"wpforms-field-large wpforms-field-required\" name=\"wpforms[fields][3]\" required><\/div><div id=\"wpforms-42291-field_23-container\" class=\"wpforms-field wpforms-field-text\" data-field-id=\"23\"><label class=\"wpforms-field-label\" for=\"wpforms-42291-field_23\">Strasse, Nr. <span class=\"wpforms-required-label\">*<\/span><\/label><input type=\"text\" id=\"wpforms-42291-field_23\" class=\"wpforms-field-large wpforms-field-required\" name=\"wpforms[fields][23]\" required><\/div><div id=\"wpforms-42291-field_24-container\" class=\"wpforms-field wpforms-field-text wpforms-one-third wpforms-first\" data-field-id=\"24\"><label class=\"wpforms-field-label\" for=\"wpforms-42291-field_24\">PLZ <span class=\"wpforms-required-label\">*<\/span><\/label><input type=\"text\" id=\"wpforms-42291-field_24\" class=\"wpforms-field-large wpforms-field-required\" name=\"wpforms[fields][24]\" required><\/div><div id=\"wpforms-42291-field_25-container\" class=\"wpforms-field wpforms-field-text wpforms-two-thirds\" data-field-id=\"25\"><label class=\"wpforms-field-label\" for=\"wpforms-42291-field_25\">Ort <span class=\"wpforms-required-label\">*<\/span><\/label><input type=\"text\" id=\"wpforms-42291-field_25\" class=\"wpforms-field-large wpforms-field-required\" name=\"wpforms[fields][25]\" required><\/div><div id=\"wpforms-42291-field_5-container\" class=\"wpforms-field wpforms-field-email\" data-field-id=\"5\"><label class=\"wpforms-field-label\" for=\"wpforms-42291-field_5\">E-Mail <span class=\"wpforms-required-label\">*<\/span><\/label><input type=\"email\" id=\"wpforms-42291-field_5\" class=\"wpforms-field-large wpforms-field-required\" name=\"wpforms[fields][5]\" spellcheck=\"false\" required><\/div><div id=\"wpforms-42291-field_9-container\" class=\"wpforms-field wpforms-field-phone\" data-field-id=\"9\"><label class=\"wpforms-field-label\" for=\"wpforms-42291-field_9\">Telefon<\/label><input type=\"tel\" id=\"wpforms-42291-field_9\" class=\"wpforms-field-large wpforms-smart-phone-field\" data-rule-smart-phone-field=\"true\" name=\"wpforms[fields][9]\" aria-label=\"Telefon\" ><\/div><div id=\"wpforms-42291-field_22-container\" class=\"wpforms-field wpforms-field-phone\" data-field-id=\"22\"><label class=\"wpforms-field-label\" for=\"wpforms-42291-field_22\">Mobiltelefon<\/label><input type=\"tel\" id=\"wpforms-42291-field_22\" class=\"wpforms-field-large wpforms-smart-phone-field\" data-rule-smart-phone-field=\"true\" name=\"wpforms[fields][22]\" aria-label=\"Mobiltelefon\" ><\/div><div id=\"wpforms-42291-field_29-container\" class=\"wpforms-field wpforms-field-text\" data-field-id=\"29\"><label class=\"wpforms-field-label\" for=\"wpforms-42291-field_29\">Geburtsdatum <span class=\"wpforms-required-label\">*<\/span><\/label><input type=\"text\" id=\"wpforms-42291-field_29\" class=\"wpforms-field-medium wpforms-field-required\" name=\"wpforms[fields][29]\" required><\/div><div id=\"wpforms-42291-field_16-container\" class=\"wpforms-field wpforms-field-textarea wpforms-full\" data-field-id=\"16\"><label class=\"wpforms-field-label\" for=\"wpforms-42291-field_16\">Bemerkungen<\/label><textarea id=\"wpforms-42291-field_16\" class=\"wpforms-field-large\" name=\"wpforms[fields][16]\" ><\/textarea><\/div><\/div><!-- .wpforms-field-container --><div class=\"wpforms-submit-container\" ><input type=\"hidden\" name=\"wpforms[id]\" value=\"42291\"><input type=\"hidden\" name=\"page_title\" value=\"\"><input type=\"hidden\" name=\"page_url\" value=\"https:\/\/staging.sp-ps.ch\/it\/wp-json\/wp\/v2\/pages\/60753\"><input type=\"hidden\" name=\"url_referer\" value=\"\"><button type=\"submit\" name=\"wpforms[submit]\" id=\"wpforms-submit-42291\" class=\"wpforms-submit\" data-alt-text=\"Senden\u2026\" data-submit-text=\"Absenden\" aria-live=\"assertive\" value=\"wpforms-submit\">Absenden<\/button><img decoding=\"async\" src=\"https:\/\/staging.sp-ps.ch\/wp-content\/plugins\/wpforms\/assets\/images\/submit-spin.svg\" class=\"wpforms-submit-spinner\" style=\"display: none;\" width=\"26\" height=\"26\" alt=\"Caricamento\"><\/div><\/form><\/div>  <!-- .wpforms-container -->\t\t\t\t<\/div>\n\t\t\t\t<\/div>\n\t\t\t\t<div class=\"elementor-element elementor-element-903ae62 elementor-widget elementor-widget-spps_call_to_action\" data-id=\"903ae62\" data-element_type=\"widget\" data-e-type=\"widget\" data-widget_type=\"spps_call_to_action.default\">\n\t\t\t\t<div class=\"elementor-widget-container\">\n\t\t\t\t\t<div class=\"call-to-action-wrapper wrapper-spacing-default \" style=\"background:#E4002B\" ><div class=\"call-to-action-title\"><h2>Jetzt die SP queer unterst\u00fctzen!<\/h2><\/div><div class=\"call-to-action-container\"><div class=\"call-to-action-text\"><p>Bist du bereits SP-Mitglied und f\u00fchlst dich angesprochen? Werde kostenlos Mitglied der SP queer.<\/p><\/div><div class=\"call-to-action-buttons call-to-action-buttons-left\"><\/div><\/div><\/div>\t\t\t\t<\/div>\n\t\t\t\t<\/div>\n\t\t\t\t\t<\/div>\n\t\t<\/div>\n\t\t\t\t\t<\/div>\n\t\t<\/section>\n\t\t\t\t<\/div>\n\t\t","protected":false},"excerpt":{"rendered":"<p>Mitmachen Die SP queer ist Teil der sozialdemokratischen Bewegung und Partei sowie Teil der LGBTQIA+-Bewegung in der Schweiz und international. Sie besteht aus verschiedenen Gremien und setzt sich aus Menschen [&hellip;]<\/p>\n","protected":false},"author":1,"featured_media":0,"parent":0,"menu_order":0,"comment_status":"closed","ping_status":"closed","template":"","meta":{"footnotes":""},"class_list":["post-60753","page","type-page","status-publish","hentry"],"_links":{"self":[{"href":"https:\/\/staging.sp-ps.ch\/it\/wp-json\/wp\/v2\/pages\/60753","targetHints":{"allow":["GET"]}}],"collection":[{"href":"https:\/\/staging.sp-ps.ch\/it\/wp-json\/wp\/v2\/pages"}],"about":[{"href":"https:\/\/staging.sp-ps.ch\/it\/wp-json\/wp\/v2\/types\/page"}],"author":[{"embeddable":true,"href":"https:\/\/staging.sp-ps.ch\/it\/wp-json\/wp\/v2\/users\/1"}],"replies":[{"embeddable":true,"href":"https:\/\/staging.sp-ps.ch\/it\/wp-json\/wp\/v2\/comments?post=60753"}],"version-history":[{"count":2,"href":"https:\/\/staging.sp-ps.ch\/it\/wp-json\/wp\/v2\/pages\/60753\/revisions"}],"predecessor-version":[{"id":60759,"href":"https:\/\/staging.sp-ps.ch\/it\/wp-json\/wp\/v2\/pages\/60753\/revisions\/60759"}],"wp:attachment":[{"href":"https:\/\/staging.sp-ps.ch\/it\/wp-json\/wp\/v2\/media?parent=60753"}],"curies":[{"name":"wp","href":"https:\/\/api.w.org\/{rel}","templated":true}]}}