{"id":72364,"date":"2014-09-28T00:00:00","date_gmt":"2014-09-27T22:00:00","guid":{"rendered":"https:\/\/test.sp-ps.ch\/donare\/die-werte-der-sp-schweiz-weitergeben-mit-einem-legat\/"},"modified":"2025-07-15T12:05:53","modified_gmt":"2025-07-15T10:05:53","slug":"tramandare-i-valori-del-ps-svizzero-con-uneredita","status":"publish","type":"page","link":"https:\/\/staging.sp-ps.ch\/it\/donare\/tramandare-i-valori-del-ps-svizzero-con-uneredita\/","title":{"rendered":"Tramandare i valori del PS Svizzero &#8211; con un&#8217;eredit\u00e0"},"content":{"rendered":"\t\t<div data-elementor-type=\"wp-post\" data-elementor-id=\"72364\" class=\"elementor elementor-72364 elementor-67183\" data-elementor-post-type=\"page\">\n\t\t\t\t\t\t<section class=\"elementor-section elementor-top-section elementor-element elementor-element-62f6b20c6cb1e elementor-section-boxed elementor-section-height-default elementor-section-height-default\" data-id=\"62f6b20c6cb1e\" data-element_type=\"section\" data-e-type=\"section\" data-settings=\"{&quot;jet_parallax_layout_list&quot;:[],&quot;background_background&quot;:&quot;classic&quot;}\">\n\t\t\t\t\t\t<div class=\"elementor-container elementor-column-gap-wide\">\n\t\t\t\t\t<div class=\"elementor-column elementor-col-100 elementor-top-column elementor-element elementor-element-62f6b20c6cb1f\" data-id=\"62f6b20c6cb1f\" data-element_type=\"column\" data-e-type=\"column\">\n\t\t\t<div class=\"elementor-widget-wrap elementor-element-populated\">\n\t\t\t\t\t\t<div class=\"elementor-element elementor-element-62f6b20c6caa1 elementor-widget elementor-widget-heading\" data-id=\"62f6b20c6caa1\" data-element_type=\"widget\" data-e-type=\"widget\" data-widget_type=\"heading.default\">\n\t\t\t\t<div class=\"elementor-widget-container\">\n\t\t\t\t\t<h1 class=\"elementor-heading-title elementor-size-default\">Tramandare i valori del PS Svizzero - con un'eredit\u00e0<\/h1>\t\t\t\t<\/div>\n\t\t\t\t<\/div>\n\t\t\t\t<div class=\"elementor-element elementor-element-62f6b20c6cb05 elementor-widget elementor-widget-jet-breadcrumbs\" data-id=\"62f6b20c6cb05\" data-element_type=\"widget\" data-e-type=\"widget\" data-widget_type=\"jet-breadcrumbs.default\">\n\t\t\t\t<div class=\"elementor-widget-container\">\n\t\t\t\t\t<div class=\"elementor-jet-breadcrumbs jet-blocks\">\n\t\t<div class=\"jet-breadcrumbs\">\n\t\t<div class=\"jet-breadcrumbs__content\">\n\t\t<div class=\"jet-breadcrumbs__wrap\">\n\t\t<\/div>\n\t\t<\/div>\n\t\t<\/div><\/div>\t\t\t\t<\/div>\n\t\t\t\t<\/div>\n\t\t\t\t<div class=\"elementor-element elementor-element-62f6b20c6cb1c elementor-widget__width-initial elementor-widget elementor-widget-text-editor\" data-id=\"62f6b20c6cb1c\" data-element_type=\"widget\" data-e-type=\"widget\" data-widget_type=\"text-editor.default\">\n\t\t\t\t<div class=\"elementor-widget-container\">\n\t\t\t\t\t\t\t\t\t<p>Coloro che organizzano per tempo le loro \u201cultime volont\u00e0\u201d agiscono in modo autodeterminato e si assumono la responsabilit\u00e0 &#8211; non solo per s\u00e9 stessi, ma anche per le persone vicine. Un testamento, un mandato precauzionale e le direttive del paziente sono modi per proteggere s\u00e9 stessi e i propri cari.<\/p>\t\t\t\t\t\t\t\t<\/div>\n\t\t\t\t<\/div>\n\t\t\t\t\t<\/div>\n\t\t<\/div>\n\t\t\t\t\t<\/div>\n\t\t<\/section>\n\t\t\t\t<section class=\"elementor-section elementor-top-section elementor-element elementor-element-284458b elementor-section-full_width elementor-section-height-min-height elementor-section-height-default elementor-section-items-middle\" data-id=\"284458b\" data-element_type=\"section\" data-e-type=\"section\" data-settings=\"{&quot;jet_parallax_layout_list&quot;:[]}\">\n\t\t\t\t\t\t<div class=\"elementor-container elementor-column-gap-no\">\n\t\t\t\t\t<div class=\"elementor-column elementor-col-100 elementor-top-column elementor-element elementor-element-50939d4\" data-id=\"50939d4\" data-element_type=\"column\" data-e-type=\"column\">\n\t\t\t<div class=\"elementor-widget-wrap elementor-element-populated\">\n\t\t\t\t\t\t<div class=\"elementor-element elementor-element-78052a0 elementor-widget elementor-widget-image\" data-id=\"78052a0\" data-element_type=\"widget\" data-e-type=\"widget\" data-widget_type=\"image.default\">\n\t\t\t\t<div class=\"elementor-widget-container\">\n\t\t\t\t\t\t\t\t\t\t\t\t\t\t\t<img fetchpriority=\"high\" decoding=\"async\" width=\"1920\" height=\"900\" src=\"https:\/\/staging.sp-ps.ch\/wp-content\/uploads\/2022\/08\/Testmentratgeber_Header_it.png\" class=\"attachment-full size-full wp-image-72495\" alt=\"\" srcset=\"https:\/\/staging.sp-ps.ch\/wp-content\/uploads\/2022\/08\/Testmentratgeber_Header_it.png 1920w, https:\/\/staging.sp-ps.ch\/wp-content\/uploads\/2022\/08\/Testmentratgeber_Header_it-300x141.png 300w, https:\/\/staging.sp-ps.ch\/wp-content\/uploads\/2022\/08\/Testmentratgeber_Header_it-1024x480.png 1024w, https:\/\/staging.sp-ps.ch\/wp-content\/uploads\/2022\/08\/Testmentratgeber_Header_it-768x360.png 768w, https:\/\/staging.sp-ps.ch\/wp-content\/uploads\/2022\/08\/Testmentratgeber_Header_it-1536x720.png 1536w\" sizes=\"(max-width: 1920px) 100vw, 1920px\" \/>\t\t\t\t\t\t\t\t\t\t\t\t\t\t\t<\/div>\n\t\t\t\t<\/div>\n\t\t\t\t\t<\/div>\n\t\t<\/div>\n\t\t\t\t\t<\/div>\n\t\t<\/section>\n\t\t\t\t<section class=\"elementor-section elementor-top-section elementor-element elementor-element-62f6b20c6cb26 elementor-section-boxed elementor-section-height-default elementor-section-height-default\" data-id=\"62f6b20c6cb26\" data-element_type=\"section\" data-e-type=\"section\" data-settings=\"{&quot;jet_parallax_layout_list&quot;:[]}\">\n\t\t\t\t\t\t<div class=\"elementor-container elementor-column-gap-wide\">\n\t\t\t\t\t<div class=\"elementor-column elementor-col-100 elementor-top-column elementor-element elementor-element-62f6b20c6cb27\" data-id=\"62f6b20c6cb27\" data-element_type=\"column\" data-e-type=\"column\">\n\t\t\t<div class=\"elementor-widget-wrap elementor-element-populated\">\n\t\t\t\t\t\t<div class=\"elementor-element elementor-element-e69e573 elementor-widget elementor-widget-spacer\" data-id=\"e69e573\" data-element_type=\"widget\" data-e-type=\"widget\" data-widget_type=\"spacer.default\">\n\t\t\t\t<div class=\"elementor-widget-container\">\n\t\t\t\t\t\t\t<div class=\"elementor-spacer\">\n\t\t\t<div class=\"elementor-spacer-inner\"><\/div>\n\t\t<\/div>\n\t\t\t\t\t\t<\/div>\n\t\t\t\t<\/div>\n\t\t\t\t<div class=\"elementor-element elementor-element-09e2d35 elementor-widget elementor-widget-text-editor\" data-id=\"09e2d35\" data-element_type=\"widget\" data-e-type=\"widget\" data-widget_type=\"text-editor.default\">\n\t\t\t\t<div class=\"elementor-widget-container\">\n\t\t\t\t\t\t\t\t\t<p>Mettendo per iscritto le proprie ultime volont\u00e0 in un testamento, la famiglia e gli amici possono essere presi in considerazione e ed \u00e8 possibile decidere cosa avverr\u00e0 con i propri beni dopo la morte. Con la cosiddetta &#8220;porzione disponibile&#8221;, organizzazioni come il PS, di cui si condividono i valori e i cui ideali sono stati importanti per tutta la vita, possono essere ulteriormente prese in considerazione.<\/p><p>Un mandato precauzionale e le direttive del paziente permettono di prendere delle disposizioni importanti in modo che parenti e amici sappiano qual \u00e8 la vostra volont\u00e0 nel caso in cui non siate pi\u00f9 in grado di esprimerla.<\/p><p>Questi sono tutti ottimi motivi per occuparsi per tempo delle vostre ultime volont\u00e0 &#8211; meglio oggi che domani. Potete scoprire come redigere un testamento, cosa deve essere incluso in un mandato precauzionale e a cosa pensare quando si scrivono le direttive del paziente nella nostra guida al testamento &#8220;Tramandare i propri valori&#8221;.<\/p><p>Ordinate oggi stesso gratuitamente e senza impegno la guida dal PS Svizzero.<\/p>\t\t\t\t\t\t\t\t<\/div>\n\t\t\t\t<\/div>\n\t\t\t\t<div class=\"elementor-element elementor-element-5a083b1 elementor-widget elementor-widget-spps_call_to_action\" data-id=\"5a083b1\" data-element_type=\"widget\" data-e-type=\"widget\" data-widget_type=\"spps_call_to_action.default\">\n\t\t\t\t<div class=\"elementor-widget-container\">\n\t\t\t\t\t<div class=\"call-to-action-wrapper  \" style=\"background:#E4002B\" ><div class=\"call-to-action-title\"><h2>Ordinare guida alla redazione del testamento<\/h2><\/div><div class=\"call-to-action-container\"><div class=\"call-to-action-text\">La nostra guida \u00abTramandare i propri valori\u00bb risponde alle domande frequenti riguardo al vostro testamento e indica come prendere in considerazione il PS in questo caso.<\/div><div class=\"call-to-action-buttons call-to-action-buttons-left\"><div class=\"button-wrapper \"><a href=\"https:\/\/staging.sp-ps.ch\/it\/donare\/tramandare-i-valori-del-ps-svizzero-con-uneredita\/ordinare-la-guida-al-testamento\/\"  target=\"_self\" class=\"button-link button-link-default\"  style='color:#E4002B' onMouseOver=\"this.style.color='white';this.style.background='#E4002B'\" onMouseOut=\"this.style.color='#E4002B';this.style.background='#EBEBEB'\">Ordinare ora<\/a><\/div><\/div><\/div><\/div>\t\t\t\t<\/div>\n\t\t\t\t<\/div>\n\t\t\t\t<div class=\"elementor-element elementor-element-62f6b20c68e32 elementor-widget elementor-widget-spps_button_list\" data-id=\"62f6b20c68e32\" data-element_type=\"widget\" data-e-type=\"widget\" data-widget_type=\"spps_button_list.default\">\n\t\t\t\t<div class=\"elementor-widget-container\">\n\t\t\t\t\t<div class=\"button-list-wrapper wrapper-spacing-small  \"><div class=\"button-list-title\"><h3>Ulteriori informazioni<\/h3><\/div><div class=\"button-list-container\"><div class=\"button-list-items\"><div class=\"button-list-item\"><\/div><div class=\"button-list-item\"><div class=\"button-wrapper \"><a href=\"https:\/\/staging.sp-ps.ch\/wp-content\/uploads\/2022\/08\/Flyer_IT-web.pdf\"  target=\"_self\" class=\"button-link button-link-download\" >Volantino della guida alla redazione del testamento<span class=\"button-media-date\">18.08.2022<\/span><\/a><\/div><\/div><\/div><\/div><\/div>\t\t\t\t<\/div>\n\t\t\t\t<\/div>\n\t\t\t\t<div class=\"elementor-element elementor-element-ab04662 elementor-widget elementor-widget-spps_person_grid\" data-id=\"ab04662\" data-element_type=\"widget\" data-e-type=\"widget\" data-widget_type=\"spps_person_grid.default\">\n\t\t\t\t<div class=\"elementor-widget-container\">\n\t\t\t\t\t<div class=\"button-list-wrapper wrapper-spacing-default\"><div class=\"button-list-title\"><h2>Contatto<\/h2><\/div><div class=\"button-list-container\"><div class=\"button-list-text\"><p>Regula-Sibylle Schweizer, responsabile della pianificazione patrimoniale, sar\u00e0 lieta di incontrarvi per un colloquoi personale.<\/p><\/div><div class=\"persons persons-grid-1\"><div class=\"persons-items\"><div class=\"persons-item\"><div class=\"person-container\"><div class=\"person-portrait\"><a href=\"https:\/\/staging.sp-ps.ch\/it\/person\/regula-sibylle-schweizer\/\"><img decoding=\"async\" src=\"https:\/\/staging.sp-ps.ch\/wp-content\/uploads\/2020\/09\/DSC_0887_quadratisch-600x600.jpg?v=1661332736\" alt=\"Regula-Sibylle Schweizer\" loading=\"lazy\"><\/a><\/div><div class=\"person-content\"><a href=\"https:\/\/staging.sp-ps.ch\/it\/person\/regula-sibylle-schweizer\/\" class=\"person-name\"><p><strong>Regula-Sibylle Schweizer<\/strong><\/p><\/a><p class=\"person-position\">Raccolta di fondi & responsabile pianificazione patrimoniale e Gruppo 2027<\/p><ul class=\"person-kontakt list-pills list-pills-grey\"><li><a href=\"tel:+41313296987\">+41 31 329 69 87<\/a><\/li><li><a href=\"mailto:regula.schweizer@spschweiz.ch\">E-Mail<\/a><\/li><\/ul><\/div><\/div><\/div><\/div><\/div><\/div><\/div>\t\t\t\t<\/div>\n\t\t\t\t<\/div>\n\t\t\t\t\t<\/div>\n\t\t<\/div>\n\t\t\t\t\t<\/div>\n\t\t<\/section>\n\t\t\t\t<\/div>\n\t\t","protected":false},"excerpt":{"rendered":"<p>Wer die letzten Dinge rechtzeitig regelt, handelt selbstbestimmt und \u00fcbernimmt Verantwortung \u2013 nicht nur f\u00fcr sich, sondern auch f\u00fcr Menschen, die einem nahestehen. Ein Testament, der Vorsorgeauftrag und die Patientenverf\u00fcgung sind M\u00f6glichkeiten, sich und seine N\u00e4chsten abzusichern.<\/p>\n","protected":false},"author":1,"featured_media":63625,"parent":30717,"menu_order":0,"comment_status":"open","ping_status":"closed","template":"","meta":{"footnotes":""},"class_list":["post-72364","page","type-page","status-publish","has-post-thumbnail","hentry"],"_links":{"self":[{"href":"https:\/\/staging.sp-ps.ch\/it\/wp-json\/wp\/v2\/pages\/72364","targetHints":{"allow":["GET"]}}],"collection":[{"href":"https:\/\/staging.sp-ps.ch\/it\/wp-json\/wp\/v2\/pages"}],"about":[{"href":"https:\/\/staging.sp-ps.ch\/it\/wp-json\/wp\/v2\/types\/page"}],"author":[{"embeddable":true,"href":"https:\/\/staging.sp-ps.ch\/it\/wp-json\/wp\/v2\/users\/1"}],"replies":[{"embeddable":true,"href":"https:\/\/staging.sp-ps.ch\/it\/wp-json\/wp\/v2\/comments?post=72364"}],"version-history":[{"count":40,"href":"https:\/\/staging.sp-ps.ch\/it\/wp-json\/wp\/v2\/pages\/72364\/revisions"}],"predecessor-version":[{"id":165318,"href":"https:\/\/staging.sp-ps.ch\/it\/wp-json\/wp\/v2\/pages\/72364\/revisions\/165318"}],"up":[{"embeddable":true,"href":"https:\/\/staging.sp-ps.ch\/it\/wp-json\/wp\/v2\/pages\/30717"}],"wp:featuredmedia":[{"embeddable":true,"href":"https:\/\/staging.sp-ps.ch\/it\/wp-json\/wp\/v2\/media\/63625"}],"wp:attachment":[{"href":"https:\/\/staging.sp-ps.ch\/it\/wp-json\/wp\/v2\/media?parent=72364"}],"curies":[{"name":"wp","href":"https:\/\/api.w.org\/{rel}","templated":true}]}}