{"id":77915,"date":"2022-08-30T10:34:58","date_gmt":"2022-08-30T08:34:58","guid":{"rendered":"https:\/\/staging.sp-ps.ch\/donare-fondo-per-il-clima\/"},"modified":"2023-06-29T14:27:22","modified_gmt":"2023-06-29T12:27:22","slug":"donare-fondo-per-il-clima","status":"publish","type":"page","link":"https:\/\/staging.sp-ps.ch\/it\/donare-fondo-per-il-clima\/","title":{"rendered":"Donare &#8211; fondo per il clima"},"content":{"rendered":"\t\t<div data-elementor-type=\"wp-page\" data-elementor-id=\"77915\" class=\"elementor elementor-77915 elementor-77780\" data-elementor-post-type=\"page\">\n\t\t\t\t\t\t<section class=\"elementor-section elementor-top-section elementor-element elementor-element-50159ac elementor-section-height-min-height elementor-section-items-top elementor-section-content-middle elementor-section-boxed elementor-section-height-default\" data-id=\"50159ac\" data-element_type=\"section\" data-e-type=\"section\" data-settings=\"{&quot;jet_parallax_layout_list&quot;:[],&quot;background_background&quot;:&quot;classic&quot;}\">\n\t\t\t\t\t\t\t<div class=\"elementor-background-overlay\"><\/div>\n\t\t\t\t\t\t\t<div class=\"elementor-container elementor-column-gap-no\">\n\t\t\t\t\t<div class=\"elementor-column elementor-col-100 elementor-top-column elementor-element elementor-element-39f8a62\" data-id=\"39f8a62\" data-element_type=\"column\" data-e-type=\"column\">\n\t\t\t<div class=\"elementor-widget-wrap elementor-element-populated\">\n\t\t\t\t\t\t<section class=\"elementor-section elementor-inner-section elementor-element elementor-element-960ded0 elementor-section-content-top elementor-section-boxed elementor-section-height-default elementor-section-height-default\" data-id=\"960ded0\" data-element_type=\"section\" data-e-type=\"section\" data-settings=\"{&quot;jet_parallax_layout_list&quot;:[],&quot;background_background&quot;:&quot;classic&quot;}\">\n\t\t\t\t\t\t<div class=\"elementor-container elementor-column-gap-wide\">\n\t\t\t\t\t<div class=\"elementor-column elementor-col-100 elementor-inner-column elementor-element elementor-element-2d5dbb5\" data-id=\"2d5dbb5\" data-element_type=\"column\" data-e-type=\"column\">\n\t\t\t<div class=\"elementor-widget-wrap elementor-element-populated\">\n\t\t\t\t\t\t<div class=\"elementor-element elementor-element-c0b13d3 elementor-widget elementor-widget-heading\" data-id=\"c0b13d3\" data-element_type=\"widget\" data-e-type=\"widget\" data-widget_type=\"heading.default\">\n\t\t\t\t<div class=\"elementor-widget-container\">\n\t\t\t\t\t<h1 class=\"elementor-heading-title elementor-size-default\"> PROTEGGERE IL CLIMA.<br \/> GARANTIRE L\u2019APPROVVIGIONAMENTO.<\/h1>\t\t\t\t<\/div>\n\t\t\t\t<\/div>\n\t\t\t\t\t<\/div>\n\t\t<\/div>\n\t\t\t\t\t<\/div>\n\t\t<\/section>\n\t\t\t\t\t<\/div>\n\t\t<\/div>\n\t\t\t\t\t<\/div>\n\t\t<\/section>\n\t\t\t\t<section class=\"elementor-section elementor-top-section elementor-element elementor-element-4c412c6 elementor-section-boxed elementor-section-height-default elementor-section-height-default\" data-id=\"4c412c6\" data-element_type=\"section\" data-e-type=\"section\" data-settings=\"{&quot;jet_parallax_layout_list&quot;:[],&quot;background_background&quot;:&quot;classic&quot;}\">\n\t\t\t\t\t\t<div class=\"elementor-container elementor-column-gap-wide\">\n\t\t\t\t\t<div class=\"elementor-column elementor-col-100 elementor-top-column elementor-element elementor-element-5302058\" data-id=\"5302058\" data-element_type=\"column\" data-e-type=\"column\" data-settings=\"{&quot;background_background&quot;:&quot;classic&quot;}\">\n\t\t\t<div class=\"elementor-widget-wrap elementor-element-populated\">\n\t\t\t\t\t\t<div class=\"elementor-element elementor-element-f213f1f elementor-widget elementor-widget-heading\" data-id=\"f213f1f\" data-element_type=\"widget\" data-e-type=\"widget\" data-widget_type=\"heading.default\">\n\t\t\t\t<div class=\"elementor-widget-container\">\n\t\t\t\t\t<h2 class=\"elementor-heading-title elementor-size-default\">Donare<\/h2>\t\t\t\t<\/div>\n\t\t\t\t<\/div>\n\t\t\t\t<div class=\"elementor-element elementor-element-ded9fc9 elementor-widget elementor-widget-text-editor\" data-id=\"ded9fc9\" data-element_type=\"widget\" data-e-type=\"widget\" data-widget_type=\"text-editor.default\">\n\t\t\t\t<div class=\"elementor-widget-container\">\n\t\t\t\t\t\t\t\t\t<p>Raccogliere le firme per un\u2019iniziativa comporta dei costi. Ci sostiene con una donazione?<\/p>\t\t\t\t\t\t\t\t<\/div>\n\t\t\t\t<\/div>\n\t\t\t\t<div class=\"elementor-element elementor-element-77ff201 elementor-widget elementor-widget-html\" data-id=\"77ff201\" data-element_type=\"widget\" data-e-type=\"widget\" data-widget_type=\"html.default\">\n\t\t\t\t<div class=\"elementor-widget-container\">\n\t\t\t\t\t<div class=\"rnw-widget-container\"><\/div>\r\n<script src=\"https:\/\/tamaro.raisenow.com\/sp-schweiz\/latest\/widget.js\"><\/script>\r\n<script>\r\n  window.rnw.tamaro.runWidget(\".rnw-widget-container\", {\r\n    \/***************Settings**************\/\r\n\r\n    \/\/ Sprache w\u00e4hlen (de,fr,it)\r\n    language: \"it\",\r\n\r\n    \/\/ Kampagnen-ID setzen (Projekt-UID aus Sextant)\r\n    purposeDetails: {\r\n      p1: {\r\n        stored_campaign_id: 30729253,\r\n      },\r\n    },\r\n\r\n    \/\/ Purpose (p1) in allen Sprachen hinterlegen\r\n    translations: {\r\n      de: {\r\n        purposes: {\r\n          p1: \"Klimafonds-Initiative\",\r\n        },\r\n        payment_methods: {\r\n          dd: \"Lastschriftenverfahren (LSV\/DD)\",\r\n        },\r\n        payment_form: {\r\n        datenschutz: '<\/br><\/br><\/br>Das Bundesgesetz \u00fcber die politischen Rechte (BPR) verbietet die Annahme von anonymen Spenden. Wir sind deshalb verpflichtet die Postadresse abzufragen. Mit deiner Spende erkl\u00e4rst du dich einverstanden, dass die SP dich auf dem Laufenden halten darf. Mehr dazu <a href=\"https:\/\/staging.sp-ps.ch\/datenschutz-policy\/\" target=\"_blank\">hier<\/a>.',\r\n      },\r\n        blocks: {\r\n          payment_amounts_and_intervals: {\r\n            payment_types: {\r\n              setup_recurring_payment:\r\n                \"Ich m\u00f6chte regelm\u00e4ssig spenden (Klima-Gruppe)\",\r\n            },\r\n          },\r\n        },\r\n      },\r\n      fr: {\r\n        purposes: {\r\n          p1: \"Initiative pour un fonds climat\",\r\n        },\r\n        payment_methods: {\r\n          dd: \"Recouvrement direct (LSV\/DD)\",\r\n        },\r\n        payment_form: {\r\n        datenschutz: '<\/br><\/br><\/br>La loi f\u00e9d\u00e9rale sur les droits politiques (LDP) interdit la r\u00e9ception de dons anonymes. Nous avons donc l\\'obligation de demander l\\'adresse postale. En faisant un don, vous acceptez que le PS vous tienne au courant de ses activit\u00e9s. En savoir plus <a href=\"https:\/\/staging.sp-ps.ch\/fr\/politique-de-protection-des-donnees\/\" target=\"_blank\">ici<\/a>.',\r\n      },\r\n        blocks: {\r\n          payment_amounts_and_intervals: {\r\n            payment_types: {\r\n              setup_recurring_payment:\r\n                \"Je souhaite mettre en place un paiement r\u00e9gulier (Groupe climat)\",\r\n            },\r\n          },\r\n        },\r\n      },\r\n      it: {\r\n        purposes: {\r\n          p1: \"Iniziativa per un fondo per il clima\",\r\n        },\r\n        payment_methods: {\r\n          dd: \"Addebito diretto (LSV\/DD)\",\r\n        },\r\n        payment_form: {\r\n        datenschutz: '<\/br><\/br><\/br>La Legge federale sui diritti politici (LDP) vieta l\\'accettazione di donazioni anonime. Siamo pertanto obbligati a richiedere l\\'indirizzo postale. Con la tua donazione accetti che il PS ti informi sulle sue attivit\u00e0. Maggiori informazioni <a href=\"https:\/\/staging.sp-ps.ch\/datenschutz-policy\/\" target=\"_blank\">qui<\/a>.',\r\n      },\r\n        blocks: {\r\n          payment_amounts_and_intervals: {\r\n            payment_types: {\r\n              setup_recurring_payment:\r\n                \"Voglio effettuare una donazione ricorrente (Gruppo clima)\",\r\n            },\r\n          },\r\n        },\r\n      },\r\n    },\r\n\r\n    \/\/ Standard-Betr\u00e4ge setzen\r\n    amounts: [\r\n      {\r\n        if: \"paymentType() == onetime\",\r\n        then: [40, 100, 200, 400],\r\n      },\r\n      {\r\n        if: \"recurringInterval() == monthly && paymentType() == recurring\",\r\n        then: [6, 12, 30, 60],\r\n      },\r\n      {\r\n        if: \"recurringInterval() == quarterly && paymentType() == recurring\",\r\n        then: [18, 36, 90, 180],\r\n      },\r\n      {\r\n        if: \"recurringInterval() == semestral && paymentType() == recurring\",\r\n        then: [36, 72, 180, 360],\r\n      },\r\n      {\r\n        if: \"recurringInterval() == yearly && paymentType() == recurring\",\r\n        then: [72, 144, 360, 720],\r\n      },\r\n    ],\r\n\r\n    \/\/ Regelm\u00e4ssige Spenden aktivieren (optional)\r\n    paymentTypes: [\"onetime\", \"recurring\"],\r\n\r\n    \/\/ Stored_hidden_parameter aktivieren und setzen (optional)\r\n    paymentFormPrefill: {\r\n      stored_customer_email_permission: true,\r\n      stored_customer_donation_receipt: true,\r\n      stored_customer_country: \"CH\",\r\n      stored_sxt_address_source: \"1008\",\r\n      stored_sxt_product_id: \"4101133\",\r\n      stored_customer_salutation: 'mx',\r\n      stored_customer_firstname: '[demovox_firstname]',\r\n      stored_customer_lastname: '[demovox_lastname]',\r\n\t\t  stored_customer_email: '[demovox_mail]',\r\n\t\t  stored_customer_street: '[demovox_street]',\r\n\t\t  stored_customer_street_number: '[demovox_street_no]',\r\n\t\t  stored_customer_zip_code: '[demovox_zip]',\r\n\t\t  stored_customer_city: '[demovox_city]',\r\n      \/\/stored_hidden_parameter: 'myValue',\r\n    },\r\n\r\n\t\/\/ Sonstige Konfigurationen (nur bei begr\u00fcndetem Bedarf anpassen)\r\n\ttestMode: false,\r\n\tdebug: false,\r\n\tpurposes: ['p1'],\r\n\tshowFields: {\r\n\t\t'stored_customer_email_permission': false,\r\n\t\t'stored_customer_donation_receipt': false,\r\n\t\t'stored_customer_birthdate': false\r\n\t},\r\n\tshowFooter: false,\r\n\tslots: {\r\n\t\tend: [{\r\n        \tcomponent: 'content',\r\n       \t\ttext_html: 'payment_form.datenschutz',\r\n\t\t}],\r\n\t},\r\n\t\/\/minimumCustomAmount: [15],\r\n\t\/\/allowCustomAmount: true,\r\n\t\/\/layout: 'list',\r\n})\r\n<\/script>\r\n\r\n<style>\r\n\t\/*Prim\u00e4rfarben anpassen (optional)*\/\r\n\t:root {\r\n\t\t--tamaro-primary-color: #E4002B;\r\n\t\t--tamaro-primary-color__hover: rgba(228,0,43,0.75);\r\n\t\t--tamaro-primary-bg-color: rgba(228,0,43,0.03);\r\n\t\t--tamaro-border-color: #b5b5b5;\r\n\t\t\/*font-size: inherit;*\/\r\n\t}      \r\n<\/style>\t\t\t\t<\/div>\n\t\t\t\t<\/div>\n\t\t\t\t\t<\/div>\n\t\t<\/div>\n\t\t\t\t\t<\/div>\n\t\t<\/section>\n\t\t\t\t<section class=\"elementor-section elementor-top-section elementor-element elementor-element-4eb9596 elementor-section-boxed elementor-section-height-default elementor-section-height-default\" data-id=\"4eb9596\" data-element_type=\"section\" data-e-type=\"section\" data-settings=\"{&quot;jet_parallax_layout_list&quot;:[],&quot;background_background&quot;:&quot;classic&quot;}\">\n\t\t\t\t\t\t<div class=\"elementor-container elementor-column-gap-no\">\n\t\t\t\t\t<div class=\"elementor-column elementor-col-100 elementor-top-column elementor-element elementor-element-956f3d5\" data-id=\"956f3d5\" data-element_type=\"column\" data-e-type=\"column\">\n\t\t\t<div class=\"elementor-widget-wrap elementor-element-populated\">\n\t\t\t\t\t\t<section class=\"elementor-section elementor-inner-section elementor-element elementor-element-770b3ee elementor-section-boxed elementor-section-height-default elementor-section-height-default\" data-id=\"770b3ee\" data-element_type=\"section\" data-e-type=\"section\" data-settings=\"{&quot;jet_parallax_layout_list&quot;:[]}\">\n\t\t\t\t\t\t<div class=\"elementor-container elementor-column-gap-wide\">\n\t\t\t\t\t<div class=\"elementor-column elementor-col-50 elementor-inner-column elementor-element elementor-element-356cb44\" data-id=\"356cb44\" data-element_type=\"column\" data-e-type=\"column\">\n\t\t\t<div class=\"elementor-widget-wrap elementor-element-populated\">\n\t\t\t\t\t\t<div class=\"elementor-element elementor-element-3b5adaa elementor-widget__width-auto elementor-widget elementor-widget-image\" data-id=\"3b5adaa\" data-element_type=\"widget\" data-e-type=\"widget\" data-widget_type=\"image.default\">\n\t\t\t\t<div class=\"elementor-widget-container\">\n\t\t\t\t\t\t\t\t\t\t\t\t\t\t\t\t<a href=\"https:\/\/staging.sp-ps.ch\/it\">\n\t\t\t\t\t\t\t<img decoding=\"async\" width=\"122\" height=\"130\" src=\"https:\/\/staging.sp-ps.ch\/wp-content\/uploads\/2022\/09\/logo_sp_ps_it_white.svg.svg\" class=\"attachment-large size-large wp-image-78334\" alt=\"\" \/>\t\t\t\t\t\t\t\t<\/a>\n\t\t\t\t\t\t\t\t\t\t\t\t\t\t\t<\/div>\n\t\t\t\t<\/div>\n\t\t\t\t<div class=\"elementor-element elementor-element-e511510 el-menu-language-switcher elementor-widget elementor-widget-shortcode\" data-id=\"e511510\" data-element_type=\"widget\" data-e-type=\"widget\" data-widget_type=\"shortcode.default\">\n\t\t\t\t<div class=\"elementor-widget-container\">\n\t\t\t\t\t\t\t<div class=\"elementor-shortcode\">\n<div role=\"navigation\" aria-label=\"Selettore lingua\" class=\"wpml-ls-statics-shortcode_actions wpml-ls wpml-ls-legacy-list-horizontal\">\n\t<ul><li class=\"wpml-ls-slot-shortcode_actions wpml-ls-item wpml-ls-item-de wpml-ls-first-item wpml-ls-item-legacy-list-horizontal\">\n\t\t\t\t<a href=\"https:\/\/staging.sp-ps.ch\/\" hreflang=\"de\" lang=\"de\" class=\"wpml-ls-link\" aria-label=\"Passa a DE\" title=\"Passa a DE\">\n\t\t\t\t\t<span class=\"wpml-ls-display\">DE<\/span><\/a>\n\t\t\t<\/li><li class=\"wpml-ls-slot-shortcode_actions wpml-ls-item wpml-ls-item-fr wpml-ls-item-legacy-list-horizontal\">\n\t\t\t\t<a href=\"https:\/\/staging.sp-ps.ch\/fr\/\" hreflang=\"fr\" lang=\"fr\" class=\"wpml-ls-link\" aria-label=\"Passa a FR\" title=\"Passa a FR\">\n\t\t\t\t\t<span class=\"wpml-ls-display\">FR<\/span><\/a>\n\t\t\t<\/li><li class=\"wpml-ls-slot-shortcode_actions wpml-ls-item wpml-ls-item-it wpml-ls-current-language wpml-ls-last-item wpml-ls-item-legacy-list-horizontal\">\n\t\t\t\t<a href=\"https:\/\/staging.sp-ps.ch\/it\/\" hreflang=\"it\" lang=\"it\" class=\"wpml-ls-link\" aria-current=\"page\" aria-label=\"Passa a IT\" title=\"Passa a IT\">\n\t\t\t\t\t<span class=\"wpml-ls-native\">IT<\/span><\/a>\n\t\t\t<\/li><\/ul>\n<\/div>\n<\/div>\n\t\t\t\t\t\t<\/div>\n\t\t\t\t<\/div>\n\t\t\t\t\t<\/div>\n\t\t<\/div>\n\t\t\t\t<div class=\"elementor-column elementor-col-50 elementor-inner-column elementor-element elementor-element-97d4e61\" data-id=\"97d4e61\" data-element_type=\"column\" data-e-type=\"column\">\n\t\t\t<div class=\"elementor-widget-wrap elementor-element-populated\">\n\t\t\t\t\t\t<div class=\"elementor-element elementor-element-ff744e1 elementor-shape-square e-grid-align-right elementor-grid-0 elementor-widget elementor-widget-social-icons\" data-id=\"ff744e1\" data-element_type=\"widget\" data-e-type=\"widget\" data-widget_type=\"social-icons.default\">\n\t\t\t\t<div class=\"elementor-widget-container\">\n\t\t\t\t\t\t\t<div class=\"elementor-social-icons-wrapper elementor-grid\" role=\"list\">\n\t\t\t\t\t\t\t<span class=\"elementor-grid-item\" role=\"listitem\">\n\t\t\t\t\t<a class=\"elementor-icon elementor-social-icon elementor-social-icon-facebook elementor-repeater-item-cc3e664\" href=\"https:\/\/www.facebook.com\/sharer\/sharer.php?u=https:\/\/klimafonds.spschweiz.ch\" target=\"_blank\">\n\t\t\t\t\t\t<span class=\"elementor-screen-only\">Facebook<\/span>\n\t\t\t\t\t\t<i aria-hidden=\"true\" class=\"fab fa-facebook\"><\/i>\t\t\t\t\t<\/a>\n\t\t\t\t<\/span>\n\t\t\t\t\t\t\t<span class=\"elementor-grid-item\" role=\"listitem\">\n\t\t\t\t\t<a class=\"elementor-icon elementor-social-icon elementor-social-icon-whatsapp elementor-repeater-item-089140d\" href=\"https:\/\/api.whatsapp.com\/send?text=Der%20Klimaschutz%20ist%20die%20gr%C3%B6sste%20Aufgabe%20unserer%20Generation.%20Diese%20Herausforderung%20k%C3%B6nnen%20wir%20nur%20mit%20einer%20gerechten%20und%20gemeinschaftlichen%20L%C3%B6sung%20richtig%20anpacken.%20Darum%20habe%20ich%20eben%20die%20Klimafonds-Initiative%20unterschrieben.%20Machst%20du%20auch%20mit%3Fhttps%3A%2F%2Fklimafonds.spschweiz.ch%2F\" target=\"_blank\">\n\t\t\t\t\t\t<span class=\"elementor-screen-only\">Whatsapp<\/span>\n\t\t\t\t\t\t<i aria-hidden=\"true\" class=\"fab fa-whatsapp\"><\/i>\t\t\t\t\t<\/a>\n\t\t\t\t<\/span>\n\t\t\t\t\t\t\t<span class=\"elementor-grid-item\" role=\"listitem\">\n\t\t\t\t\t<a class=\"elementor-icon elementor-social-icon elementor-social-icon-twitter elementor-repeater-item-58dc402\" href=\"https:\/\/twitter.com\/intent\/tweet?text=Der%20Klimaschutz%20ist%20die%20gr%C3%B6sste%20Aufgabe%20unserer%20Generation.%20Diese%20Herausforderung%20k%C3%B6nnen%20wir%20nur%20mit%20einer%20gerechten%20und%20gemeinschaftlichen%20L%C3%B6sung%20richtig%20anpacken.%20Darum%20habe%20ich%20eben%20die%20Klimafonds-Initiative%20unterschrieben.%20Machst%20du%20auch%20mit%3Fhttps%3A%2F%2Fklimafonds.spschweiz.ch%2F\" target=\"_blank\">\n\t\t\t\t\t\t<span class=\"elementor-screen-only\">Twitter<\/span>\n\t\t\t\t\t\t<i aria-hidden=\"true\" class=\"fab fa-twitter\"><\/i>\t\t\t\t\t<\/a>\n\t\t\t\t<\/span>\n\t\t\t\t\t<\/div>\n\t\t\t\t\t\t<\/div>\n\t\t\t\t<\/div>\n\t\t\t\t\t<\/div>\n\t\t<\/div>\n\t\t\t\t\t<\/div>\n\t\t<\/section>\n\t\t\t\t\t<\/div>\n\t\t<\/div>\n\t\t\t\t\t<\/div>\n\t\t<\/section>\n\t\t\t\t<\/div>\n\t\t","protected":false},"excerpt":{"rendered":"<p>PROTEGGERE IL CLIMA. GARANTIRE L\u2019APPROVVIGIONAMENTO. Donare Raccogliere le firme per un\u2019iniziativa comporta dei costi. Ci sostiene con una donazione? Facebook Whatsapp Twitter<\/p>\n","protected":false},"author":13,"featured_media":0,"parent":0,"menu_order":0,"comment_status":"closed","ping_status":"closed","template":"elementor_canvas","meta":{"footnotes":""},"class_list":["post-77915","page","type-page","status-publish","hentry"],"_links":{"self":[{"href":"https:\/\/staging.sp-ps.ch\/it\/wp-json\/wp\/v2\/pages\/77915","targetHints":{"allow":["GET"]}}],"collection":[{"href":"https:\/\/staging.sp-ps.ch\/it\/wp-json\/wp\/v2\/pages"}],"about":[{"href":"https:\/\/staging.sp-ps.ch\/it\/wp-json\/wp\/v2\/types\/page"}],"author":[{"embeddable":true,"href":"https:\/\/staging.sp-ps.ch\/it\/wp-json\/wp\/v2\/users\/13"}],"replies":[{"embeddable":true,"href":"https:\/\/staging.sp-ps.ch\/it\/wp-json\/wp\/v2\/comments?post=77915"}],"version-history":[{"count":23,"href":"https:\/\/staging.sp-ps.ch\/it\/wp-json\/wp\/v2\/pages\/77915\/revisions"}],"predecessor-version":[{"id":104232,"href":"https:\/\/staging.sp-ps.ch\/it\/wp-json\/wp\/v2\/pages\/77915\/revisions\/104232"}],"wp:attachment":[{"href":"https:\/\/staging.sp-ps.ch\/it\/wp-json\/wp\/v2\/media?parent=77915"}],"curies":[{"name":"wp","href":"https:\/\/api.w.org\/{rel}","templated":true}]}}