{"id":89002,"date":"2023-01-19T14:23:46","date_gmt":"2023-01-19T13:23:46","guid":{"rendered":"https:\/\/staging.sp-ps.ch\/?page_id=89002"},"modified":"2023-07-12T11:17:47","modified_gmt":"2023-07-12T09:17:47","slug":"politica-familiare","status":"publish","type":"page","link":"https:\/\/staging.sp-ps.ch\/it\/cio-che-rappresentiamo\/soggetti-a-z\/politica-familiare\/","title":{"rendered":"Politica familiare"},"content":{"rendered":"\t\t<div data-elementor-type=\"wp-page\" data-elementor-id=\"89002\" class=\"elementor elementor-89002 elementor-14444\" data-elementor-post-type=\"page\">\n\t\t\t\t\t\t<section class=\"elementor-section elementor-top-section elementor-element elementor-element-2923709 elementor-section-boxed elementor-section-height-default elementor-section-height-default\" data-id=\"2923709\" data-element_type=\"section\" data-e-type=\"section\" data-settings=\"{&quot;jet_parallax_layout_list&quot;:[],&quot;background_background&quot;:&quot;classic&quot;}\">\n\t\t\t\t\t\t<div class=\"elementor-container elementor-column-gap-wide\">\n\t\t\t\t\t<div class=\"elementor-column elementor-col-100 elementor-top-column elementor-element elementor-element-5931e9c\" data-id=\"5931e9c\" data-element_type=\"column\" data-e-type=\"column\">\n\t\t\t<div class=\"elementor-widget-wrap elementor-element-populated\">\n\t\t\t\t\t\t<div class=\"elementor-element elementor-element-9c8d920 elementor-widget elementor-widget-heading\" data-id=\"9c8d920\" data-element_type=\"widget\" data-e-type=\"widget\" data-widget_type=\"heading.default\">\n\t\t\t\t<div class=\"elementor-widget-container\">\n\t\t\t\t\t<h1 class=\"elementor-heading-title elementor-size-default\">Politica familiare<\/h1>\t\t\t\t<\/div>\n\t\t\t\t<\/div>\n\t\t\t\t<div class=\"elementor-element elementor-element-9f79e63 elementor-widget elementor-widget-jet-breadcrumbs\" data-id=\"9f79e63\" data-element_type=\"widget\" data-e-type=\"widget\" data-widget_type=\"jet-breadcrumbs.default\">\n\t\t\t\t<div class=\"elementor-widget-container\">\n\t\t\t\t\t<div class=\"elementor-jet-breadcrumbs jet-blocks\">\n\t\t<div class=\"jet-breadcrumbs\">\n\t\t<div class=\"jet-breadcrumbs__content\">\n\t\t<div class=\"jet-breadcrumbs__wrap\">\n\t\t<\/div>\n\t\t<\/div>\n\t\t<\/div><\/div>\t\t\t\t<\/div>\n\t\t\t\t<\/div>\n\t\t\t\t<div class=\"elementor-element elementor-element-0036a2b elementor-widget__width-initial elementor-widget elementor-widget-text-editor\" data-id=\"0036a2b\" data-element_type=\"widget\" data-e-type=\"widget\" data-widget_type=\"text-editor.default\">\n\t\t\t\t<div class=\"elementor-widget-container\">\n\t\t\t\t\t\t\t\t\t<p>Il PS punta a una politica familiare moderna e sociale&nbsp;che contempli la conciliabilit\u00e0 tra lavoro e famiglia, di fondamentale importanza tanto per i genitori quanto per l\u2019economia. Il PS si adopera per una buona offerta di servizi di custodia dei bambini complementare alla famiglia e di posti negli asili nido alla portata di tutte le persone.<\/p>\t\t\t\t\t\t\t\t<\/div>\n\t\t\t\t<\/div>\n\t\t\t\t\t<\/div>\n\t\t<\/div>\n\t\t\t\t\t<\/div>\n\t\t<\/section>\n\t\t\t\t<section class=\"elementor-section elementor-top-section elementor-element elementor-element-e254cbb elementor-section-full_width elementor-section-height-min-height elementor-section-height-default elementor-section-items-middle\" data-id=\"e254cbb\" data-element_type=\"section\" data-e-type=\"section\" data-settings=\"{&quot;jet_parallax_layout_list&quot;:[]}\">\n\t\t\t\t\t\t<div class=\"elementor-container elementor-column-gap-no\">\n\t\t\t\t\t<div class=\"elementor-column elementor-col-100 elementor-top-column elementor-element elementor-element-003081e\" data-id=\"003081e\" data-element_type=\"column\" data-e-type=\"column\">\n\t\t\t<div class=\"elementor-widget-wrap elementor-element-populated\">\n\t\t\t\t\t\t<div class=\"elementor-element elementor-element-3c7715b elementor-widget elementor-widget-image\" data-id=\"3c7715b\" data-element_type=\"widget\" data-e-type=\"widget\" data-widget_type=\"image.default\">\n\t\t\t\t<div class=\"elementor-widget-container\">\n\t\t\t\t\t\t\t\t\t\t\t\t\t\t\t<img fetchpriority=\"high\" decoding=\"async\" width=\"2400\" height=\"1600\" src=\"https:\/\/staging.sp-ps.ch\/wp-content\/uploads\/2022\/06\/kelli-mcclintock-wBgAVAGjzFg-unsplash-1.jpg\" class=\"attachment-full size-full wp-image-14452\" alt=\"\" srcset=\"https:\/\/staging.sp-ps.ch\/wp-content\/uploads\/2022\/06\/kelli-mcclintock-wBgAVAGjzFg-unsplash-1.jpg 2400w, https:\/\/staging.sp-ps.ch\/wp-content\/uploads\/2022\/06\/kelli-mcclintock-wBgAVAGjzFg-unsplash-1-300x200.jpg 300w, https:\/\/staging.sp-ps.ch\/wp-content\/uploads\/2022\/06\/kelli-mcclintock-wBgAVAGjzFg-unsplash-1-1024x683.jpg 1024w, https:\/\/staging.sp-ps.ch\/wp-content\/uploads\/2022\/06\/kelli-mcclintock-wBgAVAGjzFg-unsplash-1-768x512.jpg 768w, https:\/\/staging.sp-ps.ch\/wp-content\/uploads\/2022\/06\/kelli-mcclintock-wBgAVAGjzFg-unsplash-1-1536x1024.jpg 1536w, https:\/\/staging.sp-ps.ch\/wp-content\/uploads\/2022\/06\/kelli-mcclintock-wBgAVAGjzFg-unsplash-1-2048x1365.jpg 2048w\" sizes=\"(max-width: 2400px) 100vw, 2400px\" \/>\t\t\t\t\t\t\t\t\t\t\t\t\t\t\t<\/div>\n\t\t\t\t<\/div>\n\t\t\t\t\t<\/div>\n\t\t<\/div>\n\t\t\t\t\t<\/div>\n\t\t<\/section>\n\t\t\t\t<section class=\"elementor-section elementor-top-section elementor-element elementor-element-53d9cc3 elementor-section-boxed elementor-section-height-default elementor-section-height-default\" data-id=\"53d9cc3\" data-element_type=\"section\" data-e-type=\"section\" data-settings=\"{&quot;jet_parallax_layout_list&quot;:[]}\">\n\t\t\t\t\t\t<div class=\"elementor-container elementor-column-gap-wide\">\n\t\t\t\t\t<div class=\"elementor-column elementor-col-100 elementor-top-column elementor-element elementor-element-b56da2f\" data-id=\"b56da2f\" data-element_type=\"column\" data-e-type=\"column\">\n\t\t\t<div class=\"elementor-widget-wrap elementor-element-populated\">\n\t\t\t\t\t\t<div class=\"elementor-element elementor-element-ae2bce2 elementor-widget elementor-widget-spps_title_text\" data-id=\"ae2bce2\" data-element_type=\"widget\" data-e-type=\"widget\" data-widget_type=\"spps_title_text.default\">\n\t\t\t\t<div class=\"elementor-widget-container\">\n\t\t\t\t\t<div class=\"title-text-wrapper wrapper-spacing-default\"><div class=\"title-text-title\"><h2>Politica familiare<\/h2><\/div><div class=\"title-text-container\"><div class=\"title-text-text\"><p>Il PS punta a una politica familiare moderna e sociale che contempli la conciliabilit\u00e0 tra famiglia e professione, di fondamentale importanza tanto per i genitori quanto per l\u2019economia. Il PS si adopera per una buona offerta di servizi di custodia dei bambini complementare alla famiglia per tutti anzich\u00e9 per pochi. Nessuna coppia deve infatti trovarsi nella condizione di dover rinunciare a fare dei figli per motivi economici od organizzativi. Purtroppo i bambini continuano a essere le principali vittime della povert\u00e0 nel nostro Paese, in particolare in caso di famiglie monoparentali. Questo deve cambiare!\u00a0<\/p><h3>Il PS Svizzero chiede pertanto:<\/h3><ul><li>posti negli asili nido sufficienti per tutti e alla portata di tutti, di buona qualit\u00e0 e su tutto il territorio nazionale. Il costo di un posto all\u2019asilo nido non deve essere superiore al 10% del reddito dei genitori;<\/li><li>le famiglie con difficolt\u00e0 economiche devono essere sostenute meglio, affinch\u00e9 i figli non siano pi\u00f9 vittime della povert\u00e0. A tale proposito occorre una legge quadro nazionale;<\/li><li>in Svizzera serve infine un congedo parentale per tutti, che sia degno di questo nome. Il PS Svizzero chiede l\u2019introduzione di un congedo parentale di complessive 38 settimane.<\/li><\/ul><\/div><\/div><\/div>\t\t\t\t<\/div>\n\t\t\t\t<\/div>\n\t\t\t\t<div class=\"elementor-element elementor-element-e0f58bf elementor-widget elementor-widget-global elementor-global-29866 elementor-widget-spps_call_to_action\" data-id=\"e0f58bf\" data-element_type=\"widget\" data-e-type=\"widget\" data-widget_type=\"spps_call_to_action.default\">\n\t\t\t\t<div class=\"elementor-widget-container\">\n\t\t\t\t\t<div class=\"call-to-action-wrapper wrapper-spacing-default \" style=\"background:#E4002B\" ><div class=\"call-to-action-title\"><h2>Jetzt mitmachen!<\/h2><\/div><div class=\"call-to-action-container\"><div class=\"call-to-action-text\"><p>Werde noch heute Mitglied der SP Schweiz.<\/p><\/div><div class=\"call-to-action-buttons call-to-action-buttons-left\"><div class=\"button-wrapper \"><a href=\"https:\/\/staging.sp-ps.ch\/mitglied-werden\"  target=\"_blank\" class=\"button-link button-link-default\"  style='color:#E4002B' onMouseOver=\"this.style.color='white';this.style.background='#E4002B'\" onMouseOut=\"this.style.color='#E4002B';this.style.background='#EBEBEB'\">Weitere Infos<\/a><\/div><\/div><\/div><\/div>\t\t\t\t<\/div>\n\t\t\t\t<\/div>\n\t\t\t\t\t<\/div>\n\t\t<\/div>\n\t\t\t\t\t<\/div>\n\t\t<\/section>\n\t\t\t\t<\/div>\n\t\t","protected":false},"excerpt":{"rendered":"<p>Politica familiare Il PS punta a una politica familiare moderna e sociale&nbsp;che contempli la conciliabilit\u00e0 tra lavoro e famiglia, di fondamentale importanza tanto per i genitori quanto per l\u2019economia. Il [&hellip;]<\/p>\n","protected":false},"author":64,"featured_media":0,"parent":30634,"menu_order":3,"comment_status":"closed","ping_status":"closed","template":"","meta":{"footnotes":""},"class_list":["post-89002","page","type-page","status-publish","hentry"],"_links":{"self":[{"href":"https:\/\/staging.sp-ps.ch\/it\/wp-json\/wp\/v2\/pages\/89002","targetHints":{"allow":["GET"]}}],"collection":[{"href":"https:\/\/staging.sp-ps.ch\/it\/wp-json\/wp\/v2\/pages"}],"about":[{"href":"https:\/\/staging.sp-ps.ch\/it\/wp-json\/wp\/v2\/types\/page"}],"author":[{"embeddable":true,"href":"https:\/\/staging.sp-ps.ch\/it\/wp-json\/wp\/v2\/users\/64"}],"replies":[{"embeddable":true,"href":"https:\/\/staging.sp-ps.ch\/it\/wp-json\/wp\/v2\/comments?post=89002"}],"version-history":[{"count":10,"href":"https:\/\/staging.sp-ps.ch\/it\/wp-json\/wp\/v2\/pages\/89002\/revisions"}],"predecessor-version":[{"id":106131,"href":"https:\/\/staging.sp-ps.ch\/it\/wp-json\/wp\/v2\/pages\/89002\/revisions\/106131"}],"up":[{"embeddable":true,"href":"https:\/\/staging.sp-ps.ch\/it\/wp-json\/wp\/v2\/pages\/30634"}],"wp:attachment":[{"href":"https:\/\/staging.sp-ps.ch\/it\/wp-json\/wp\/v2\/media?parent=89002"}],"curies":[{"name":"wp","href":"https:\/\/api.w.org\/{rel}","templated":true}]}}