{"id":97071,"date":"2023-04-19T09:12:17","date_gmt":"2023-04-19T07:12:17","guid":{"rendered":"https:\/\/staging.sp-ps.ch\/donare\/die-erfolge-der-sp-in-der-aktuellen-legislatur\/"},"modified":"2026-03-16T09:38:53","modified_gmt":"2026-03-16T08:38:53","slug":"i-successi-del-ps-nellattuale-legislatura","status":"publish","type":"page","link":"https:\/\/staging.sp-ps.ch\/it\/donare\/i-successi-del-ps-nellattuale-legislatura\/","title":{"rendered":"I successi del PS nell&#8217;attuale legislatura"},"content":{"rendered":"\t\t<div data-elementor-type=\"wp-post\" data-elementor-id=\"97071\" class=\"elementor elementor-97071 elementor-97010\" data-elementor-post-type=\"page\">\n\t\t\t\t\t\t<section class=\"elementor-section elementor-top-section elementor-element elementor-element-62f6b11f03ee2 elementor-section-boxed elementor-section-height-default elementor-section-height-default\" data-id=\"62f6b11f03ee2\" data-element_type=\"section\" data-e-type=\"section\" data-settings=\"{&quot;jet_parallax_layout_list&quot;:[],&quot;background_background&quot;:&quot;classic&quot;}\">\n\t\t\t\t\t\t<div class=\"elementor-container elementor-column-gap-wide\">\n\t\t\t\t\t<div class=\"elementor-column elementor-col-100 elementor-top-column elementor-element elementor-element-62f6b11f03ee4\" data-id=\"62f6b11f03ee4\" data-element_type=\"column\" data-e-type=\"column\">\n\t\t\t<div class=\"elementor-widget-wrap elementor-element-populated\">\n\t\t\t\t\t\t<div class=\"elementor-element elementor-element-62f6b11f03e6b elementor-widget elementor-widget-heading\" data-id=\"62f6b11f03e6b\" data-element_type=\"widget\" data-e-type=\"widget\" data-widget_type=\"heading.default\">\n\t\t\t\t<div class=\"elementor-widget-container\">\n\t\t\t\t\t<h1 class=\"elementor-heading-title elementor-size-default\">I successi del PS<\/h1>\t\t\t\t<\/div>\n\t\t\t\t<\/div>\n\t\t\t\t<div class=\"elementor-element elementor-element-62f6b11f03ed0 elementor-widget elementor-widget-jet-breadcrumbs\" data-id=\"62f6b11f03ed0\" data-element_type=\"widget\" data-e-type=\"widget\" data-widget_type=\"jet-breadcrumbs.default\">\n\t\t\t\t<div class=\"elementor-widget-container\">\n\t\t\t\t\t<div class=\"elementor-jet-breadcrumbs jet-blocks\">\n\t\t<div class=\"jet-breadcrumbs\">\n\t\t<div class=\"jet-breadcrumbs__content\">\n\t\t<div class=\"jet-breadcrumbs__wrap\">\n\t\t<\/div>\n\t\t<\/div>\n\t\t<\/div><\/div>\t\t\t\t<\/div>\n\t\t\t\t<\/div>\n\t\t\t\t<div class=\"elementor-element elementor-element-d298702 elementor-widget__width-initial elementor-widget elementor-widget-text-editor\" data-id=\"d298702\" data-element_type=\"widget\" data-e-type=\"widget\" data-widget_type=\"text-editor.default\">\n\t\t\t\t<div class=\"elementor-widget-container\">\n\t\t\t\t\t\t\t\t\t<p>Per rafforzare la Svizzera solidale, abbiamo bisogno di successi alle urne e di decisioni progressive in Parlamento. Cos\u00ec che possiamo fare passi avanti nella protezione del clima e nella parit\u00e0 e rafforzare il potere d&#8217;acquisto.<\/p>\t\t\t\t\t\t\t\t<\/div>\n\t\t\t\t<\/div>\n\t\t\t\t\t<\/div>\n\t\t<\/div>\n\t\t\t\t\t<\/div>\n\t\t<\/section>\n\t\t\t\t<section class=\"elementor-section elementor-top-section elementor-element elementor-element-62f6b11f03ee6 elementor-section-boxed elementor-section-height-default elementor-section-height-default\" data-id=\"62f6b11f03ee6\" data-element_type=\"section\" data-e-type=\"section\" data-settings=\"{&quot;jet_parallax_layout_list&quot;:[]}\">\n\t\t\t\t\t\t<div class=\"elementor-container elementor-column-gap-wide\">\n\t\t\t\t\t<div class=\"elementor-column elementor-col-100 elementor-top-column elementor-element elementor-element-62f6b11f03ee7\" data-id=\"62f6b11f03ee7\" data-element_type=\"column\" data-e-type=\"column\">\n\t\t\t<div class=\"elementor-widget-wrap elementor-element-populated\">\n\t\t\t\t\t\t<div class=\"elementor-element elementor-element-890ad8a elementor-widget elementor-widget-spacer\" data-id=\"890ad8a\" data-element_type=\"widget\" data-e-type=\"widget\" data-widget_type=\"spacer.default\">\n\t\t\t\t<div class=\"elementor-widget-container\">\n\t\t\t\t\t\t\t<div class=\"elementor-spacer\">\n\t\t\t<div class=\"elementor-spacer-inner\"><\/div>\n\t\t<\/div>\n\t\t\t\t\t\t<\/div>\n\t\t\t\t<\/div>\n\t\t\t\t<div class=\"elementor-element elementor-element-77e9315 elementor-widget elementor-widget-spps_title_text\" data-id=\"77e9315\" data-element_type=\"widget\" data-e-type=\"widget\" data-widget_type=\"spps_title_text.default\">\n\t\t\t\t<div class=\"elementor-widget-container\">\n\t\t\t\t\t<div class=\"title-text-wrapper \"><div class=\"title-text-title\"><h2>Legislatura 2023-2027<\/h2><\/div><div class=\"title-text-container\"><\/div><\/div>\t\t\t\t<\/div>\n\t\t\t\t<\/div>\n\t\t\t\t<div class=\"elementor-element elementor-element-9bd7187 elementor-widget elementor-widget-accordion\" data-id=\"9bd7187\" data-element_type=\"widget\" data-e-type=\"widget\" data-widget_type=\"accordion.default\">\n\t\t\t\t<div class=\"elementor-widget-container\">\n\t\t\t\t\t\t\t<div class=\"elementor-accordion\">\n\t\t\t\t\t\t\t<div class=\"elementor-accordion-item\">\n\t\t\t\t\t<div id=\"elementor-tab-title-1631\" class=\"elementor-tab-title\" data-tab=\"1\" role=\"button\" aria-controls=\"elementor-tab-content-1631\" aria-expanded=\"false\">\n\t\t\t\t\t\t\t\t\t\t\t\t\t<span class=\"elementor-accordion-icon elementor-accordion-icon-left\" aria-hidden=\"true\">\n\t\t\t\t\t\t\t\t\t\t\t\t\t\t\t<span class=\"elementor-accordion-icon-closed\"><i class=\"fas fa-plus\"><\/i><\/span>\n\t\t\t\t\t\t\t\t<span class=\"elementor-accordion-icon-opened\"><i class=\"fas fa-minus\"><\/i><\/span>\n\t\t\t\t\t\t\t\t\t\t\t\t\t\t<\/span>\n\t\t\t\t\t\t\t\t\t\t\t\t<a class=\"elementor-accordion-title\" tabindex=\"0\">Alle urne:<\/a>\n\t\t\t\t\t<\/div>\n\t\t\t\t\t<div id=\"elementor-tab-content-1631\" class=\"elementor-tab-content elementor-clearfix\" data-tab=\"1\" role=\"region\" aria-labelledby=\"elementor-tab-title-1631\"><ul>\n \t<li><p>Il PS, insieme ai sindacati, \u00e8 stato ascoltato:\u00a0<strong>il 3 marzo 2024 circa il 58% dei votanti ha detto s\u00ec all\u2019iniziativa per una 13esima mensilit\u00e0 AVS.<\/strong> Per la prima volta nella storia, gli aventi diritto di voto hanno accettato un\u2019iniziativa in favore del rafforzamento dell\u2019AVS. La tredicesima, che sar\u00e0 versata a partire dal 2026, aiuter\u00e0 i pensionati a compensare la perdita di potere d\u2019acquisto. L\u2019iniziativa sulle pensioni (per l\u2019aumento automatico dell\u2019et\u00e0 di pensionamento), promossa dai Giovani liberali radicali, \u00e8 stata sonoramente bocciata sia dal Popolo sia dai Cantoni.<\/li>\n \t<li><p>Un ulteriore passo importante verso una maggiore protezione del clima e sicurezza dell&#8217;approvvigionamento: <strong>la legge per\u00a0l&#8217;elettricit\u00e0 prevede il rafforzamento su larga scala delle energie rinnovabili<\/strong>, in particolare dell&#8217;energia solare sugli edifici e sulle infrastrutture esistenti. La legge \u00e8 un passo importante per abbandonare definitivamente il petrolio e\u00a0il gas. <strong>Il 9 giugno 2024, l&#8217;elettorato\u00a0ha approvato in maniera chiara la legge per\u00a0l&#8217;elettricit\u00e0<\/strong>, sottolineando che bisogna continuare a\u00a0fare passi in avanti in materia di\u00a0protezione del clima.<\/li>\n \t<li><p><strong>Con oltre il 67% di voti contrari, la riforma LPP \u00e8 stata respinta il 22 settembre 2024. Questo \u201cno\u201d \u00e8 un successo per il potere d&#8217;acquisto della popolazione.<\/strong> L&#8217;elettorato non si \u00e8 fatto ingannare dalla campagna multimilionaria del centro-destra e dell&#8217;industria finanziaria e assicurativa.<\/li>\n \t<li><p><strong>Il NO del popolo svizzero all\u2019ampliamento delle autostrade \u00e8 un segnale chiaro in favore della protezione del clima e dei trasporti pubblici. <\/strong>Abbiamo ora le fondamenta per l\u2019urgente svolta dei trasporti, come previsto dall\u2019iniziativa del PS e dei Verdi sul fondo per il clima. Oltre che nei trasporti pubblici, bisogna investire anche nella mobilit\u00e0 lenta e in soluzioni multimodali per i trasporti.<\/li>\n \t<li><p>Altrettanto netto \u00e8 stato il NO della popolazione all\u2019indebolimento dei diritti dei locatari che ha <strong>bocciato i due relativi progetti sottoposti a votazione il 24 novembre 2024.<\/strong> Il PS continuer\u00e0 a lottare in difesa degli inquilini e delle inquiline e chiede l\u2019immediata introduzione di una moratoria sui prezzi degli affitti, l\u2019introduzione di un obbligo di verifica periodica della redditivit\u00e0 per i grandi operatori del mercato immobiliare e la promozione dell\u2019edilizia di utilit\u00e0 pubblica.<\/li>\n \t<li><p><strong>Il 28 settembre il popolo svizzero ha detto s\u00ec a un\u2019e-ID sicura, volontaria e rispettosa della privacy, gestita dal settore pubblico.<\/strong> \u00c8 una vittoria per i diritti fondamentali, il servizio pubblico e la sovranit\u00e0 digitale. La votazione dimostra anche che la protezione dei dati \u00e8 centrale: ora servono regolamentazioni chiare affinch\u00e9 le aziende tecnologiche come Meta, X o Google rispettino norme vincolanti.<\/li>\n \t<li><p><strong>L&#8217;8 marzo 2026 l&#8217;elettorato ha respinto molto chiaramente l\u2019iniziativa anti-SSR \u2013 un forte segnale a favore dei media indipendenti.<\/strong> Il PS si \u00e8 opposto con chiarezza al tentativo di ambienti di destra e libertari di indebolire la SSR sull&#8217;esempio di autocrati come Donald Trump. Insieme siamo riusciti a dimostrare che media indipendenti sono il fondamento di una democrazia funzionante e che sono particolarmente importanti proprio in un periodo in cui disinformazione e fake news sono in aumento.<\/li>\n<li><p><strong>L&#8217;8 marzo 2026 il popolo ha anche detto s\u00ec all\u2019imposizione individuale \u2013 un importante successo per la parit\u00e0 e una rivendicazione storica del PS.<\/strong> La penalizzazione fiscale del matrimonio \u00e8 finalmente superata. I secondi redditi, in particolare i salari lavorativi di molte donne, non saranno pi\u00f9 penalizzati fiscalmente. Il PS seguir\u00e0 da vicino l\u2019attuazione nei cantoni e si impegner\u00e0 affinch\u00e9 gli sgravi fiscali vadano alle persone con redditi bassi e medi \u2013 e non vengano sfruttati a vantaggio dei redditi pi\u00f9 elevati.<\/li>\n\n<\/ul>\n<\/div>\n\t\t\t\t<\/div>\n\t\t\t\t\t\t\t<div class=\"elementor-accordion-item\">\n\t\t\t\t\t<div id=\"elementor-tab-title-1632\" class=\"elementor-tab-title\" data-tab=\"2\" role=\"button\" aria-controls=\"elementor-tab-content-1632\" aria-expanded=\"false\">\n\t\t\t\t\t\t\t\t\t\t\t\t\t<span class=\"elementor-accordion-icon elementor-accordion-icon-left\" aria-hidden=\"true\">\n\t\t\t\t\t\t\t\t\t\t\t\t\t\t\t<span class=\"elementor-accordion-icon-closed\"><i class=\"fas fa-plus\"><\/i><\/span>\n\t\t\t\t\t\t\t\t<span class=\"elementor-accordion-icon-opened\"><i class=\"fas fa-minus\"><\/i><\/span>\n\t\t\t\t\t\t\t\t\t\t\t\t\t\t<\/span>\n\t\t\t\t\t\t\t\t\t\t\t\t<a class=\"elementor-accordion-title\" tabindex=\"0\">In Parlamento:<\/a>\n\t\t\t\t\t<\/div>\n\t\t\t\t\t<div id=\"elementor-tab-content-1632\" class=\"elementor-tab-content elementor-clearfix\" data-tab=\"2\" role=\"region\" aria-labelledby=\"elementor-tab-title-1632\"><ul><li><p>Con la cosiddetta <strong><em>tonnage tax<\/em><\/strong> (imposta sul tonnellaggio), il centro-destra voleva introdurre un nuovo privilegio fiscale per le compagnie di trasporto marittimo e i gruppi minerari come Glencore. Il PS aveva gi\u00e0 annunciato un referendum contro questo progetto di legge durante i lavori della commissione competente. Dopo la chiara sconfitta sulla 13\u00b0 mensilit\u00e0 AVS, i lobbisti delle organizzazioni imprenditoriali si sono spaventati: temendo un&#8217;altra sconfitta alle urne, hanno insabbiato il progetto.<\/p><\/li><\/ul><\/div>\n\t\t\t\t<\/div>\n\t\t\t\t\t\t\t\t<\/div>\n\t\t\t\t\t\t<\/div>\n\t\t\t\t<\/div>\n\t\t\t\t<div class=\"elementor-element elementor-element-9976706 elementor-widget elementor-widget-spacer\" data-id=\"9976706\" data-element_type=\"widget\" data-e-type=\"widget\" data-widget_type=\"spacer.default\">\n\t\t\t\t<div class=\"elementor-widget-container\">\n\t\t\t\t\t\t\t<div class=\"elementor-spacer\">\n\t\t\t<div class=\"elementor-spacer-inner\"><\/div>\n\t\t<\/div>\n\t\t\t\t\t\t<\/div>\n\t\t\t\t<\/div>\n\t\t\t\t<div class=\"elementor-element elementor-element-8202b7f elementor-widget elementor-widget-spps_title_text\" data-id=\"8202b7f\" data-element_type=\"widget\" data-e-type=\"widget\" data-widget_type=\"spps_title_text.default\">\n\t\t\t\t<div class=\"elementor-widget-container\">\n\t\t\t\t\t<div class=\"title-text-wrapper \"><div class=\"title-text-title\"><h2>Legislatura 2019-2023<\/h2><\/div><div class=\"title-text-container\"><div class=\"title-text-text\"><p>Nella legislatura 2019-2023, il PS Svizzero ha potuto festeggiare alcuni brillanti successi, alle urne come in Parlamento.<\/p><\/div><\/div><\/div>\t\t\t\t<\/div>\n\t\t\t\t<\/div>\n\t\t\t\t<div class=\"elementor-element elementor-element-a0c1807 elementor-widget elementor-widget-accordion\" data-id=\"a0c1807\" data-element_type=\"widget\" data-e-type=\"widget\" data-widget_type=\"accordion.default\">\n\t\t\t\t<div class=\"elementor-widget-container\">\n\t\t\t\t\t\t\t<div class=\"elementor-accordion\">\n\t\t\t\t\t\t\t<div class=\"elementor-accordion-item\">\n\t\t\t\t\t<div id=\"elementor-tab-title-1681\" class=\"elementor-tab-title\" data-tab=\"1\" role=\"button\" aria-controls=\"elementor-tab-content-1681\" aria-expanded=\"false\">\n\t\t\t\t\t\t\t\t\t\t\t\t\t<span class=\"elementor-accordion-icon elementor-accordion-icon-left\" aria-hidden=\"true\">\n\t\t\t\t\t\t\t\t\t\t\t\t\t\t\t<span class=\"elementor-accordion-icon-closed\"><i class=\"fas fa-plus\"><\/i><\/span>\n\t\t\t\t\t\t\t\t<span class=\"elementor-accordion-icon-opened\"><i class=\"fas fa-minus\"><\/i><\/span>\n\t\t\t\t\t\t\t\t\t\t\t\t\t\t<\/span>\n\t\t\t\t\t\t\t\t\t\t\t\t<a class=\"elementor-accordion-title\" tabindex=\"0\">Alle urne:<\/a>\n\t\t\t\t\t<\/div>\n\t\t\t\t\t<div id=\"elementor-tab-content-1681\" class=\"elementor-tab-content elementor-clearfix\" data-tab=\"1\" role=\"region\" aria-labelledby=\"elementor-tab-title-1681\"><ul>\n \t<li><p>il PS si \u00e8 intensamente impegnato in favore di un diritto matrimoniale moderno e della parit\u00e0 per le coppie omosessuali.\u00a0 E ha combattuto direttamente al fronte per migliorare le condizioni di lavoro nel settore delle cure. I risultati non si sono fatti attendere: il progetto <strong>Matrimonio per tutte e tutti <\/strong>e<strong> l\u2019iniziativa per cure infermieristiche forti <\/strong>sono stati accettati da una larga maggioranza dei votanti;<\/li>\n \t<li><p>inoltre, in cordata solitaria, il PS \u00e8 riuscito per ben tre volte a impedire modifiche di legge ad esclusivo favore dei grandi gruppi societari e dei manager strapagati, e a discapito del potere d\u2019acquisto della popolazione, gi\u00e0 sotto pressione. <strong>L\u2019imbroglio della deduzione per i figli<\/strong>, la <strong>fregatura della tassa di bollo<\/strong> e i <strong>progetti riguardanti l\u2019imposta preventiva <\/strong>sono stati tutti bocciati dal popolo.<\/li>\n \t<li><p>Grazie al PS, <strong>la legge sulla protezione del clima<\/strong> (controprogetto\u00a0all&#8217;iniziativa sui ghiacciai) \u00e8 stata adottata dalla popolazione a giugno 2023 con un chiaro S\u00cc. La popolazione ha detto chiaramente che vuole favorire\u00a0la protezione del clima con investimenti pubblici.<\/li>\n<\/ul><\/div>\n\t\t\t\t<\/div>\n\t\t\t\t\t\t\t<div class=\"elementor-accordion-item\">\n\t\t\t\t\t<div id=\"elementor-tab-title-1682\" class=\"elementor-tab-title\" data-tab=\"2\" role=\"button\" aria-controls=\"elementor-tab-content-1682\" aria-expanded=\"false\">\n\t\t\t\t\t\t\t\t\t\t\t\t\t<span class=\"elementor-accordion-icon elementor-accordion-icon-left\" aria-hidden=\"true\">\n\t\t\t\t\t\t\t\t\t\t\t\t\t\t\t<span class=\"elementor-accordion-icon-closed\"><i class=\"fas fa-plus\"><\/i><\/span>\n\t\t\t\t\t\t\t\t<span class=\"elementor-accordion-icon-opened\"><i class=\"fas fa-minus\"><\/i><\/span>\n\t\t\t\t\t\t\t\t\t\t\t\t\t\t<\/span>\n\t\t\t\t\t\t\t\t\t\t\t\t<a class=\"elementor-accordion-title\" tabindex=\"0\">In Parlamento:<\/a>\n\t\t\t\t\t<\/div>\n\t\t\t\t\t<div id=\"elementor-tab-content-1682\" class=\"elementor-tab-content elementor-clearfix\" data-tab=\"2\" role=\"region\" aria-labelledby=\"elementor-tab-title-1682\"><ul>\n \t<li><p>grazie al PS, sono state introdotte <strong>rendite ponte per i disoccupati anziani<\/strong>;<\/li>\n \t<li><p>il <strong>controprogetto all\u2019iniziativa del PS sulla trasparenza <\/strong>ha finalmente dotato la Svizzera di regole incisive a livello nazionale sulla trasparenza nel finanziamento dei partiti e delle campagne in vista delle elezioni e delle votazioni;<\/li>\n \t<li><p>nel contesto della <strong>pandemia di COVID-19<\/strong>, il PS si \u00e8 impegnato sin dall\u2019inizio insieme alle associazioni di categoria interessate, alle PMI e ai lavoratori indipendenti per trovare soluzioni adeguate che tutelassero al tempo stesso la salute della popolazione;<\/li>\n \t<li><p>grazie alla pressione esercitata dal PS, nella <strong>guerra di aggressione scatenata da Putin contro l\u2019Ucraina<\/strong> la Svizzera ha ripreso la maggior parte delle sanzioni adottate dall\u2019UE nei confronti della Russia;<\/li>\n \t<li><p>grazie al PS, con la <strong>legge sulla protezione del clima <\/strong>(controprogetto all\u2019iniziativa per i ghiacciai), la Confederazione ha stanziato 2 miliardi di franchi per promuovere la sostituzione delle energie fossili con energie rinnovabili;<\/li>\n \t<li><p>in seguito all\u2019adozione del controprogetto all\u2019<strong>iniziativa correttiva<\/strong>, la Svizzera non esporta pi\u00f9 armi in Paesi che violano sistematicamente e gravemente i diritti umani, come ad esempio l\u2019Arabia Saudita;<\/li>\n \t<li><p>grazie alla sua tenacia, il PS \u00e8 riuscito a far passare in Parlamento la revisione del diritto penale in materia di reati sessuali (bench\u00e9 soltanto la soluzione <strong>No significa no<\/strong>).<\/li>\n<\/ul><\/div>\n\t\t\t\t<\/div>\n\t\t\t\t\t\t\t\t<\/div>\n\t\t\t\t\t\t<\/div>\n\t\t\t\t<\/div>\n\t\t\t\t<div class=\"elementor-element elementor-element-4b54969 elementor-widget elementor-widget-image\" data-id=\"4b54969\" data-element_type=\"widget\" data-e-type=\"widget\" data-widget_type=\"image.default\">\n\t\t\t\t<div class=\"elementor-widget-container\">\n\t\t\t\t\t\t\t\t\t\t\t\t\t\t\t<img fetchpriority=\"high\" decoding=\"async\" width=\"800\" height=\"534\" src=\"https:\/\/staging.sp-ps.ch\/wp-content\/uploads\/2023\/04\/Verrechnungssteuer-1024x683.jpeg\" class=\"attachment-large size-large wp-image-97686\" alt=\"\" srcset=\"https:\/\/staging.sp-ps.ch\/wp-content\/uploads\/2023\/04\/Verrechnungssteuer-1024x683.jpeg 1024w, https:\/\/staging.sp-ps.ch\/wp-content\/uploads\/2023\/04\/Verrechnungssteuer-300x200.jpeg 300w, https:\/\/staging.sp-ps.ch\/wp-content\/uploads\/2023\/04\/Verrechnungssteuer-768x512.jpeg 768w, https:\/\/staging.sp-ps.ch\/wp-content\/uploads\/2023\/04\/Verrechnungssteuer-1536x1025.jpeg 1536w, https:\/\/staging.sp-ps.ch\/wp-content\/uploads\/2023\/04\/Verrechnungssteuer-2048x1367.jpeg 2048w\" sizes=\"(max-width: 800px) 100vw, 800px\" \/>\t\t\t\t\t\t\t\t\t\t\t\t\t\t\t<\/div>\n\t\t\t\t<\/div>\n\t\t\t\t<div class=\"elementor-element elementor-element-63580d9 elementor-widget elementor-widget-spacer\" data-id=\"63580d9\" data-element_type=\"widget\" data-e-type=\"widget\" data-widget_type=\"spacer.default\">\n\t\t\t\t<div class=\"elementor-widget-container\">\n\t\t\t\t\t\t\t<div class=\"elementor-spacer\">\n\t\t\t<div class=\"elementor-spacer-inner\"><\/div>\n\t\t<\/div>\n\t\t\t\t\t\t<\/div>\n\t\t\t\t<\/div>\n\t\t\t\t<div class=\"elementor-element elementor-element-b3a89f4 elementor-widget elementor-widget-spps_call_to_action\" data-id=\"b3a89f4\" data-element_type=\"widget\" data-e-type=\"widget\" data-widget_type=\"spps_call_to_action.default\">\n\t\t\t\t<div class=\"elementor-widget-container\">\n\t\t\t\t\t<div class=\"call-to-action-wrapper wrapper-spacing-default \" style=\"background:#E4002B\" ><div class=\"call-to-action-title\"><h2>Partecipare<\/h2><\/div><div class=\"call-to-action-container\"><div class=\"call-to-action-text\"><p>Il PS sta dalla parte di una Svizzera solidale. E se ha potuto ottenere tutti questi successi \u00e8 grazie al preziosissimo impegno dei suoi oltre 30 000 membri e al sostegno che riceve annualmente dalle nostre circa 40 000 donatrici e donatori. Queste persone sostengono la nostra politica. Vuole contribuire anche lei?<\/p><\/div><div class=\"call-to-action-buttons call-to-action-buttons-left\"><div class=\"button-wrapper \"><a href=\"https:\/\/aderire.sp-ps.ch\/\"  target=\"_self\" class=\"button-link button-link-default\"  style='color:#E4002B' onMouseOver=\"this.style.color='white';this.style.background='#E4002B'\" onMouseOut=\"this.style.color='#E4002B';this.style.background='#EBEBEB'\">Si iscriva ora al partito!<\/a><\/div><div class=\"button-wrapper \"><a href=\"https:\/\/staging.sp-ps.ch\/it\/donare\/\"  target=\"_self\" class=\"button-link button-link-default\"  style='color:#E4002B' onMouseOver=\"this.style.color='white';this.style.background='#E4002B'\" onMouseOut=\"this.style.color='#E4002B';this.style.background='#EBEBEB'\">Faccia ora una donazione!<\/a><\/div><\/div><\/div><\/div>\t\t\t\t<\/div>\n\t\t\t\t<\/div>\n\t\t\t\t\t<\/div>\n\t\t<\/div>\n\t\t\t\t\t<\/div>\n\t\t<\/section>\n\t\t\t\t<\/div>\n\t\t","protected":false},"excerpt":{"rendered":"<p>I successi del PS Per rafforzare la Svizzera solidale, abbiamo bisogno di successi alle urne e di decisioni progressive in Parlamento. Cos\u00ec che possiamo fare passi avanti nella protezione del [&hellip;]<\/p>\n","protected":false},"author":74,"featured_media":0,"parent":30717,"menu_order":1,"comment_status":"open","ping_status":"closed","template":"","meta":{"footnotes":""},"class_list":["post-97071","page","type-page","status-publish","hentry"],"_links":{"self":[{"href":"https:\/\/staging.sp-ps.ch\/it\/wp-json\/wp\/v2\/pages\/97071","targetHints":{"allow":["GET"]}}],"collection":[{"href":"https:\/\/staging.sp-ps.ch\/it\/wp-json\/wp\/v2\/pages"}],"about":[{"href":"https:\/\/staging.sp-ps.ch\/it\/wp-json\/wp\/v2\/types\/page"}],"author":[{"embeddable":true,"href":"https:\/\/staging.sp-ps.ch\/it\/wp-json\/wp\/v2\/users\/74"}],"replies":[{"embeddable":true,"href":"https:\/\/staging.sp-ps.ch\/it\/wp-json\/wp\/v2\/comments?post=97071"}],"version-history":[{"count":117,"href":"https:\/\/staging.sp-ps.ch\/it\/wp-json\/wp\/v2\/pages\/97071\/revisions"}],"predecessor-version":[{"id":180253,"href":"https:\/\/staging.sp-ps.ch\/it\/wp-json\/wp\/v2\/pages\/97071\/revisions\/180253"}],"up":[{"embeddable":true,"href":"https:\/\/staging.sp-ps.ch\/it\/wp-json\/wp\/v2\/pages\/30717"}],"wp:attachment":[{"href":"https:\/\/staging.sp-ps.ch\/it\/wp-json\/wp\/v2\/media?parent=97071"}],"curies":[{"name":"wp","href":"https:\/\/api.w.org\/{rel}","templated":true}]}}