{"id":98836,"date":"2023-05-17T13:34:59","date_gmt":"2023-05-17T11:34:59","guid":{"rendered":"https:\/\/staging.sp-ps.ch\/?page_id=98836"},"modified":"2023-07-12T11:16:32","modified_gmt":"2023-07-12T09:16:32","slug":"pace-e-sicurezza","status":"publish","type":"page","link":"https:\/\/staging.sp-ps.ch\/it\/cio-che-rappresentiamo\/soggetti-a-z\/pace-e-sicurezza\/","title":{"rendered":"Pace e sicurezza"},"content":{"rendered":"\t\t<div data-elementor-type=\"wp-page\" data-elementor-id=\"98836\" class=\"elementor elementor-98836 elementor-16688\" data-elementor-post-type=\"page\">\n\t\t\t\t\t\t<section class=\"elementor-section elementor-top-section elementor-element elementor-element-0120aab elementor-section-boxed elementor-section-height-default elementor-section-height-default\" data-id=\"0120aab\" data-element_type=\"section\" data-e-type=\"section\" data-settings=\"{&quot;jet_parallax_layout_list&quot;:[],&quot;background_background&quot;:&quot;classic&quot;}\">\n\t\t\t\t\t\t<div class=\"elementor-container elementor-column-gap-wide\">\n\t\t\t\t\t<div class=\"elementor-column elementor-col-100 elementor-top-column elementor-element elementor-element-bc9b01a\" data-id=\"bc9b01a\" data-element_type=\"column\" data-e-type=\"column\">\n\t\t\t<div class=\"elementor-widget-wrap elementor-element-populated\">\n\t\t\t\t\t\t<div class=\"elementor-element elementor-element-534982c elementor-widget elementor-widget-heading\" data-id=\"534982c\" data-element_type=\"widget\" data-e-type=\"widget\" data-widget_type=\"heading.default\">\n\t\t\t\t<div class=\"elementor-widget-container\">\n\t\t\t\t\t<h1 class=\"elementor-heading-title elementor-size-default\"> Pace e sicurezza<\/h1>\t\t\t\t<\/div>\n\t\t\t\t<\/div>\n\t\t\t\t<div class=\"elementor-element elementor-element-65a49fd elementor-widget elementor-widget-jet-breadcrumbs\" data-id=\"65a49fd\" data-element_type=\"widget\" data-e-type=\"widget\" data-widget_type=\"jet-breadcrumbs.default\">\n\t\t\t\t<div class=\"elementor-widget-container\">\n\t\t\t\t\t<div class=\"elementor-jet-breadcrumbs jet-blocks\">\n\t\t<div class=\"jet-breadcrumbs\">\n\t\t<div class=\"jet-breadcrumbs__content\">\n\t\t<div class=\"jet-breadcrumbs__wrap\">\n\t\t<\/div>\n\t\t<\/div>\n\t\t<\/div><\/div>\t\t\t\t<\/div>\n\t\t\t\t<\/div>\n\t\t\t\t<div class=\"elementor-element elementor-element-b7ee0a5 elementor-widget__width-initial elementor-widget elementor-widget-text-editor\" data-id=\"b7ee0a5\" data-element_type=\"widget\" data-e-type=\"widget\" data-widget_type=\"text-editor.default\">\n\t\t\t\t<div class=\"elementor-widget-container\">\n\t\t\t\t\t\t\t\t\t<p>L\u2019obiettivo della pace e della giustizia \u00e8 realizzabile soltanto a livello globale. Quale Paese maggiormente favorito dalla globalizzazione, la Svizzera deve assumersi le proprie responsabilit\u00e0 e contribuire a creare un ordine mondiale all\u2019insegna della giustizia e della pace.<\/p>\t\t\t\t\t\t\t\t<\/div>\n\t\t\t\t<\/div>\n\t\t\t\t\t<\/div>\n\t\t<\/div>\n\t\t\t\t\t<\/div>\n\t\t<\/section>\n\t\t\t\t<section class=\"elementor-section elementor-top-section elementor-element elementor-element-af885c0 elementor-section-full_width elementor-section-height-min-height elementor-section-height-default elementor-section-items-middle\" data-id=\"af885c0\" data-element_type=\"section\" data-e-type=\"section\" data-settings=\"{&quot;jet_parallax_layout_list&quot;:[]}\">\n\t\t\t\t\t\t<div class=\"elementor-container elementor-column-gap-no\">\n\t\t\t\t\t<div class=\"elementor-column elementor-col-100 elementor-top-column elementor-element elementor-element-7b129b9\" data-id=\"7b129b9\" data-element_type=\"column\" data-e-type=\"column\">\n\t\t\t<div class=\"elementor-widget-wrap elementor-element-populated\">\n\t\t\t\t\t\t<div class=\"elementor-element elementor-element-c1b105d elementor-widget elementor-widget-image\" data-id=\"c1b105d\" data-element_type=\"widget\" data-e-type=\"widget\" data-widget_type=\"image.default\">\n\t\t\t\t<div class=\"elementor-widget-container\">\n\t\t\t\t\t\t\t\t\t\t\t\t\t\t\t<img fetchpriority=\"high\" decoding=\"async\" width=\"1920\" height=\"1344\" src=\"https:\/\/staging.sp-ps.ch\/wp-content\/uploads\/2022\/06\/sunguk-kim-JhqBxsORuXA-unsplash.jpg\" class=\"attachment-full size-full wp-image-14414\" alt=\"\" srcset=\"https:\/\/staging.sp-ps.ch\/wp-content\/uploads\/2022\/06\/sunguk-kim-JhqBxsORuXA-unsplash.jpg 1920w, https:\/\/staging.sp-ps.ch\/wp-content\/uploads\/2022\/06\/sunguk-kim-JhqBxsORuXA-unsplash-300x210.jpg 300w, https:\/\/staging.sp-ps.ch\/wp-content\/uploads\/2022\/06\/sunguk-kim-JhqBxsORuXA-unsplash-1024x717.jpg 1024w, https:\/\/staging.sp-ps.ch\/wp-content\/uploads\/2022\/06\/sunguk-kim-JhqBxsORuXA-unsplash-768x538.jpg 768w, https:\/\/staging.sp-ps.ch\/wp-content\/uploads\/2022\/06\/sunguk-kim-JhqBxsORuXA-unsplash-1536x1075.jpg 1536w\" sizes=\"(max-width: 1920px) 100vw, 1920px\" \/>\t\t\t\t\t\t\t\t\t\t\t\t\t\t\t<\/div>\n\t\t\t\t<\/div>\n\t\t\t\t\t<\/div>\n\t\t<\/div>\n\t\t\t\t\t<\/div>\n\t\t<\/section>\n\t\t\t\t<section class=\"elementor-section elementor-top-section elementor-element elementor-element-53b9d08 elementor-section-boxed elementor-section-height-default elementor-section-height-default\" data-id=\"53b9d08\" data-element_type=\"section\" data-e-type=\"section\" data-settings=\"{&quot;jet_parallax_layout_list&quot;:[]}\">\n\t\t\t\t\t\t<div class=\"elementor-container elementor-column-gap-wide\">\n\t\t\t\t\t<div class=\"elementor-column elementor-col-100 elementor-top-column elementor-element elementor-element-b2c5ea1\" data-id=\"b2c5ea1\" data-element_type=\"column\" data-e-type=\"column\">\n\t\t\t<div class=\"elementor-widget-wrap elementor-element-populated\">\n\t\t\t\t\t\t<div class=\"elementor-element elementor-element-a00bb3b elementor-widget elementor-widget-spps_title_text\" data-id=\"a00bb3b\" data-element_type=\"widget\" data-e-type=\"widget\" data-widget_type=\"spps_title_text.default\">\n\t\t\t\t<div class=\"elementor-widget-container\">\n\t\t\t\t\t<div class=\"title-text-wrapper wrapper-spacing-default\"><div class=\"title-text-title\"><h2>Pace e sicurezza<\/h2><\/div><div class=\"title-text-container\"><div class=\"title-text-text\"><p>L\u2019obiettivo della pace e della giustizia \u00e8 realizzabile soltanto a livello globale. Quale Paese maggiormente favorito dalla globalizzazione, la Svizzera deve assumersi le proprie responsabilit\u00e0 e contribuire a creare un ordine mondiale all\u2019insegna della giustizia e della pace. La migliore protezione dai numerosi rischi consiste in uno sviluppo sociale ed economico equo, nonch\u00e9 in misure preventive che passano attraverso il promovimento della pace, il rafforzamento dei diritti umani, la protezione del clima, la rinuncia alle tecnologie pericolose, il disarmo, una legislazione severa in materia di armi e piani di previdenza medica. La stessa Svizzera ha bisogno di un esercito che possa reagire alle minacce concrete del XXI secolo globalizzato. Rispetto a quello attuale, dovr\u00e0 essere pi\u00f9 piccolo e pi\u00f9 efficiente per garantire maggiormente la sicurezza attraverso la cooperazione internazionale.<\/p><h3>Le nostre rivendicazioni:\u00a0<\/h3><ul><li>La Svizzera deve impegnarsi a livello multilaterale per un regime di pace stabile.<\/li><li>L\u2019esercito deve essere orientato verso le minacce reali e non verso quelle del secolo scorso.<\/li><li>L\u2019impegno della Svizzera a favore della cooperazione allo sviluppo, della promozione della pace e della protezione del clima deve essere potenziato.<\/li><li>La dipendenza energetica dai regimi autocratici deve essere ridotta, in quanto la politica di sicurezza \u00e8 correlata a quella energetica.<\/li><\/ul><\/div><\/div><\/div>\t\t\t\t<\/div>\n\t\t\t\t<\/div>\n\t\t\t\t\t<\/div>\n\t\t<\/div>\n\t\t\t\t\t<\/div>\n\t\t<\/section>\n\t\t\t\t<section class=\"elementor-section elementor-top-section elementor-element elementor-element-71e8719 elementor-section-boxed elementor-section-height-default elementor-section-height-default\" data-id=\"71e8719\" data-element_type=\"section\" data-e-type=\"section\" data-settings=\"{&quot;jet_parallax_layout_list&quot;:[]}\">\n\t\t\t\t\t\t<div class=\"elementor-container elementor-column-gap-default\">\n\t\t\t\t\t<div class=\"elementor-column elementor-col-100 elementor-top-column elementor-element elementor-element-a71fa09\" data-id=\"a71fa09\" data-element_type=\"column\" data-e-type=\"column\">\n\t\t\t<div class=\"elementor-widget-wrap elementor-element-populated\">\n\t\t\t\t\t\t<div class=\"elementor-element elementor-element-ac58395 elementor-widget elementor-widget-spps_call_to_action\" data-id=\"ac58395\" data-element_type=\"widget\" data-e-type=\"widget\" data-widget_type=\"spps_call_to_action.default\">\n\t\t\t\t<div class=\"elementor-widget-container\">\n\t\t\t\t\t<div class=\"call-to-action-wrapper wrapper-spacing-default \" style=\"background:#E4002B\" ><div class=\"call-to-action-title\"><h2>Commissione tematica \u00abPace e sicurezza\u00bb<\/h2><\/div><div class=\"call-to-action-container\"><div class=\"call-to-action-text\"><p>Le commissioni tematiche sviluppano le conoscenze specifiche del partito. Esse coordinano e sostengono la politica del PS nelle principali aree tematiche politiche - a livello nazionale, cantonale e comunale.<\/p><p>Sei interessata\/-o a partecipare alla commissione tematica \u00abPace e sicurezza\u00bb?<\/p><\/div><div class=\"call-to-action-buttons call-to-action-buttons-left\"><div class=\"button-wrapper \"><a href=\"https:\/\/staging.sp-ps.ch\/it\/partito\/commissioni-tematiche\/pace-e-sicurezza\/\"  target=\"_self\" class=\"button-link button-link-default\"  style='color:#E4002B' onMouseOver=\"this.style.color='white';this.style.background='#E4002B'\" onMouseOut=\"this.style.color='#E4002B';this.style.background='#EBEBEB'\">Pi\u00f9 informazioni sulla commissione tematica<\/a><\/div><\/div><\/div><\/div>\t\t\t\t<\/div>\n\t\t\t\t<\/div>\n\t\t\t\t\t<\/div>\n\t\t<\/div>\n\t\t\t\t\t<\/div>\n\t\t<\/section>\n\t\t\t\t<\/div>\n\t\t","protected":false},"excerpt":{"rendered":"<p>Pace e sicurezza L\u2019obiettivo della pace e della giustizia \u00e8 realizzabile soltanto a livello globale. Quale Paese maggiormente favorito dalla globalizzazione, la Svizzera deve assumersi le proprie responsabilit\u00e0 e contribuire [&hellip;]<\/p>\n","protected":false},"author":64,"featured_media":0,"parent":30634,"menu_order":5,"comment_status":"closed","ping_status":"closed","template":"","meta":{"footnotes":""},"class_list":["post-98836","page","type-page","status-publish","hentry"],"_links":{"self":[{"href":"https:\/\/staging.sp-ps.ch\/it\/wp-json\/wp\/v2\/pages\/98836","targetHints":{"allow":["GET"]}}],"collection":[{"href":"https:\/\/staging.sp-ps.ch\/it\/wp-json\/wp\/v2\/pages"}],"about":[{"href":"https:\/\/staging.sp-ps.ch\/it\/wp-json\/wp\/v2\/types\/page"}],"author":[{"embeddable":true,"href":"https:\/\/staging.sp-ps.ch\/it\/wp-json\/wp\/v2\/users\/64"}],"replies":[{"embeddable":true,"href":"https:\/\/staging.sp-ps.ch\/it\/wp-json\/wp\/v2\/comments?post=98836"}],"version-history":[{"count":17,"href":"https:\/\/staging.sp-ps.ch\/it\/wp-json\/wp\/v2\/pages\/98836\/revisions"}],"predecessor-version":[{"id":106124,"href":"https:\/\/staging.sp-ps.ch\/it\/wp-json\/wp\/v2\/pages\/98836\/revisions\/106124"}],"up":[{"embeddable":true,"href":"https:\/\/staging.sp-ps.ch\/it\/wp-json\/wp\/v2\/pages\/30634"}],"wp:attachment":[{"href":"https:\/\/staging.sp-ps.ch\/it\/wp-json\/wp\/v2\/media?parent=98836"}],"curies":[{"name":"wp","href":"https:\/\/api.w.org\/{rel}","templated":true}]}}