{"id":98839,"date":"2023-05-17T13:35:04","date_gmt":"2023-05-17T11:35:04","guid":{"rendered":"https:\/\/staging.sp-ps.ch\/?page_id=98839"},"modified":"2023-07-12T11:02:34","modified_gmt":"2023-07-12T09:02:34","slug":"trasporti-e-servizio-pubblico","status":"publish","type":"page","link":"https:\/\/staging.sp-ps.ch\/it\/cio-che-rappresentiamo\/soggetti-a-z\/trasporti-e-servizio-pubblico\/","title":{"rendered":"Trasporti e servizio pubblico"},"content":{"rendered":"\t\t<div data-elementor-type=\"wp-page\" data-elementor-id=\"98839\" class=\"elementor elementor-98839 elementor-15213\" data-elementor-post-type=\"page\">\n\t\t\t\t\t\t<section class=\"elementor-section elementor-top-section elementor-element elementor-element-bcfa352 elementor-section-boxed elementor-section-height-default elementor-section-height-default\" data-id=\"bcfa352\" data-element_type=\"section\" data-e-type=\"section\" data-settings=\"{&quot;jet_parallax_layout_list&quot;:[],&quot;background_background&quot;:&quot;classic&quot;}\">\n\t\t\t\t\t\t<div class=\"elementor-container elementor-column-gap-wide\">\n\t\t\t\t\t<div class=\"elementor-column elementor-col-100 elementor-top-column elementor-element elementor-element-98ed9db\" data-id=\"98ed9db\" data-element_type=\"column\" data-e-type=\"column\">\n\t\t\t<div class=\"elementor-widget-wrap elementor-element-populated\">\n\t\t\t\t\t\t<div class=\"elementor-element elementor-element-770795f elementor-widget elementor-widget-heading\" data-id=\"770795f\" data-element_type=\"widget\" data-e-type=\"widget\" data-widget_type=\"heading.default\">\n\t\t\t\t<div class=\"elementor-widget-container\">\n\t\t\t\t\t<h1 class=\"elementor-heading-title elementor-size-default\">Trasporti e servizio pubblico<\/h1>\t\t\t\t<\/div>\n\t\t\t\t<\/div>\n\t\t\t\t<div class=\"elementor-element elementor-element-fc9fef8 elementor-widget elementor-widget-jet-breadcrumbs\" data-id=\"fc9fef8\" data-element_type=\"widget\" data-e-type=\"widget\" data-widget_type=\"jet-breadcrumbs.default\">\n\t\t\t\t<div class=\"elementor-widget-container\">\n\t\t\t\t\t<div class=\"elementor-jet-breadcrumbs jet-blocks\">\n\t\t<div class=\"jet-breadcrumbs\">\n\t\t<div class=\"jet-breadcrumbs__content\">\n\t\t<div class=\"jet-breadcrumbs__wrap\">\n\t\t<\/div>\n\t\t<\/div>\n\t\t<\/div><\/div>\t\t\t\t<\/div>\n\t\t\t\t<\/div>\n\t\t\t\t<div class=\"elementor-element elementor-element-8867cb4 elementor-widget__width-initial elementor-widget elementor-widget-text-editor\" data-id=\"8867cb4\" data-element_type=\"widget\" data-e-type=\"widget\" data-widget_type=\"text-editor.default\">\n\t\t\t\t<div class=\"elementor-widget-container\">\n\t\t\t\t\t\t\t\t\t<p>Una politica dei trasporti rispettosa delle persone e dell\u2019ambiente deve contribuire a ridurre il traffico di autoveicoli, sia nelle citt\u00e0 che negli agglomerati. Il PS difende il servizio pubblico e chiede una maggiore mobilit\u00e0 lenta e pi\u00f9 trasporti pubblici.<\/p>\t\t\t\t\t\t\t\t<\/div>\n\t\t\t\t<\/div>\n\t\t\t\t\t<\/div>\n\t\t<\/div>\n\t\t\t\t\t<\/div>\n\t\t<\/section>\n\t\t\t\t<section class=\"elementor-section elementor-top-section elementor-element elementor-element-b5aa520 elementor-section-full_width elementor-section-height-min-height elementor-section-height-default elementor-section-items-middle\" data-id=\"b5aa520\" data-element_type=\"section\" data-e-type=\"section\" data-settings=\"{&quot;jet_parallax_layout_list&quot;:[]}\">\n\t\t\t\t\t\t<div class=\"elementor-container elementor-column-gap-no\">\n\t\t\t\t\t<div class=\"elementor-column elementor-col-100 elementor-top-column elementor-element elementor-element-dc2bf3c\" data-id=\"dc2bf3c\" data-element_type=\"column\" data-e-type=\"column\">\n\t\t\t<div class=\"elementor-widget-wrap elementor-element-populated\">\n\t\t\t\t\t\t<div class=\"elementor-element elementor-element-dc956f7 elementor-widget elementor-widget-image\" data-id=\"dc956f7\" data-element_type=\"widget\" data-e-type=\"widget\" data-widget_type=\"image.default\">\n\t\t\t\t<div class=\"elementor-widget-container\">\n\t\t\t\t\t\t\t\t\t\t\t\t\t\t\t<img fetchpriority=\"high\" decoding=\"async\" width=\"2400\" height=\"1725\" src=\"https:\/\/staging.sp-ps.ch\/wp-content\/uploads\/2022\/06\/kajetan-sumila-TTqaEMM_UOs-unsplash.jpg\" class=\"attachment-full size-full wp-image-15216\" alt=\"\" srcset=\"https:\/\/staging.sp-ps.ch\/wp-content\/uploads\/2022\/06\/kajetan-sumila-TTqaEMM_UOs-unsplash.jpg 2400w, https:\/\/staging.sp-ps.ch\/wp-content\/uploads\/2022\/06\/kajetan-sumila-TTqaEMM_UOs-unsplash-300x216.jpg 300w, https:\/\/staging.sp-ps.ch\/wp-content\/uploads\/2022\/06\/kajetan-sumila-TTqaEMM_UOs-unsplash-1024x736.jpg 1024w, https:\/\/staging.sp-ps.ch\/wp-content\/uploads\/2022\/06\/kajetan-sumila-TTqaEMM_UOs-unsplash-768x552.jpg 768w, https:\/\/staging.sp-ps.ch\/wp-content\/uploads\/2022\/06\/kajetan-sumila-TTqaEMM_UOs-unsplash-1536x1104.jpg 1536w, https:\/\/staging.sp-ps.ch\/wp-content\/uploads\/2022\/06\/kajetan-sumila-TTqaEMM_UOs-unsplash-2048x1472.jpg 2048w\" sizes=\"(max-width: 2400px) 100vw, 2400px\" \/>\t\t\t\t\t\t\t\t\t\t\t\t\t\t\t<\/div>\n\t\t\t\t<\/div>\n\t\t\t\t\t<\/div>\n\t\t<\/div>\n\t\t\t\t\t<\/div>\n\t\t<\/section>\n\t\t\t\t<section class=\"elementor-section elementor-top-section elementor-element elementor-element-29711fc elementor-section-boxed elementor-section-height-default elementor-section-height-default\" data-id=\"29711fc\" data-element_type=\"section\" data-e-type=\"section\" data-settings=\"{&quot;jet_parallax_layout_list&quot;:[]}\">\n\t\t\t\t\t\t<div class=\"elementor-container elementor-column-gap-wide\">\n\t\t\t\t\t<div class=\"elementor-column elementor-col-100 elementor-top-column elementor-element elementor-element-3189270\" data-id=\"3189270\" data-element_type=\"column\" data-e-type=\"column\">\n\t\t\t<div class=\"elementor-widget-wrap elementor-element-populated\">\n\t\t\t\t\t\t<div class=\"elementor-element elementor-element-6664b96 elementor-widget elementor-widget-spps_title_text\" data-id=\"6664b96\" data-element_type=\"widget\" data-e-type=\"widget\" data-widget_type=\"spps_title_text.default\">\n\t\t\t\t<div class=\"elementor-widget-container\">\n\t\t\t\t\t<div class=\"title-text-wrapper wrapper-spacing-default\"><div class=\"title-text-title\"><h2>Trasporti e servizio pubblico<\/h2><\/div><div class=\"title-text-container\"><div class=\"title-text-text\"><p>Una politica dei trasporti rispettosa delle persone e dell\u2019ambiente deve contribuire a ridurre il trasporto individuale motorizzato, sia nelle citt\u00e0 che negli agglomerati. Il trasporto deve essere ulteriormente dislocato su rotaia, incoraggiando inoltre gli spostamenti a piedi e in bicicletta. La manutenzione a lungo termine e l\u2019ampliamento della rete ferroviaria in funzione dei bisogni della popolazione hanno un peso fondamentale, sia in termini sociali che ambientali o economici, e devono rimanere presidio degli enti pubblici.<\/p><p>Rientra altres\u00ec nei compiti dello Stato garantire all\u2019intera popolazione del Paese un accesso capillare, affidabile e abbordabile alle infrastrutture, ai beni e ai servizi di base, in particolare nell\u2019ambito della sanit\u00e0, della comunicazione o dei trasporti pubblici. Tali infrastrutture essenziali devono appartenere a noi tutti e servire l\u2019interesse generale. Il servizio pubblico contribuisce alle pari opportunit\u00e0 all\u2019interno della popolazione ed \u00e8 importante per la solidariet\u00e0 nel nostro Paese.<\/p><h3><strong>Le nostre rivendicazioni:\u00a0<\/strong><\/h3><ul><li>Pi\u00f9 mobilit\u00e0 lenta! Affinch\u00e9 le piste pedonali e ciclabili siano brevi e sicure, bisogna creare nuove vie di comunicazione.<\/li><li>Pi\u00f9 trasporti pubblici! Affinch\u00e9 il passaggio da strada a rotaia sia possibile per tutti, \u00e8 necessario potenziare il trasporto pubblico.<\/li><li>Difendere e migliorare il servizio pubblico! \u00c8 la forza della Svizzera. Soltanto un servizio pubblico migliore assicura il servizio universale in tutte le regioni del Paese e nelle aree periferiche.\u00a0<\/li><\/ul><\/div><\/div><\/div>\t\t\t\t<\/div>\n\t\t\t\t<\/div>\n\t\t\t\t\t<\/div>\n\t\t<\/div>\n\t\t\t\t\t<\/div>\n\t\t<\/section>\n\t\t\t\t<section class=\"elementor-section elementor-top-section elementor-element elementor-element-55cad16 elementor-section-boxed elementor-section-height-default elementor-section-height-default\" data-id=\"55cad16\" data-element_type=\"section\" data-e-type=\"section\" data-settings=\"{&quot;jet_parallax_layout_list&quot;:[]}\">\n\t\t\t\t\t\t<div class=\"elementor-container elementor-column-gap-default\">\n\t\t\t\t\t<div class=\"elementor-column elementor-col-100 elementor-top-column elementor-element elementor-element-9e6d7d6\" data-id=\"9e6d7d6\" data-element_type=\"column\" data-e-type=\"column\">\n\t\t\t<div class=\"elementor-widget-wrap elementor-element-populated\">\n\t\t\t\t\t\t<div class=\"elementor-element elementor-element-23cc37a elementor-widget elementor-widget-spps_call_to_action\" data-id=\"23cc37a\" data-element_type=\"widget\" data-e-type=\"widget\" data-widget_type=\"spps_call_to_action.default\">\n\t\t\t\t<div class=\"elementor-widget-container\">\n\t\t\t\t\t<div class=\"call-to-action-wrapper wrapper-spacing-default \" style=\"background:#E4002B\" ><div class=\"call-to-action-title\"><h2>Commissione tematica \u00abTraffico e comunicazione\u00bb<\/h2><\/div><div class=\"call-to-action-container\"><div class=\"call-to-action-text\"><p>Le commissioni tematiche sviluppano le conoscenze specifiche del partito. Esse coordinano e sostengono la politica del PS nelle principali aree tematiche politiche - a livello nazionale, cantonale e comunale.<\/p><p>Sei interessata\/-o a partecipare alla commissione tematica \u00abTraffico e comunicazione\u00bb?<\/p><\/div><div class=\"call-to-action-buttons call-to-action-buttons-left\"><div class=\"button-wrapper \"><a href=\"https:\/\/staging.sp-ps.ch\/it\/partito\/commissioni-tematiche\/traffico-e-communicazione\/\"  target=\"_self\" class=\"button-link button-link-default\"  style='color:#E4002B' onMouseOver=\"this.style.color='white';this.style.background='#E4002B'\" onMouseOut=\"this.style.color='#E4002B';this.style.background='#EBEBEB'\">Pi\u00f9 informazioni sulla commissione tematica<\/a><\/div><\/div><\/div><\/div>\t\t\t\t<\/div>\n\t\t\t\t<\/div>\n\t\t\t\t\t<\/div>\n\t\t<\/div>\n\t\t\t\t\t<\/div>\n\t\t<\/section>\n\t\t\t\t<\/div>\n\t\t","protected":false},"excerpt":{"rendered":"<p>Trasporti e servizio pubblico Una politica dei trasporti rispettosa delle persone e dell\u2019ambiente deve contribuire a ridurre il traffico di autoveicoli, sia nelle citt\u00e0 che negli agglomerati. Il PS difende [&hellip;]<\/p>\n","protected":false},"author":64,"featured_media":0,"parent":30634,"menu_order":15,"comment_status":"closed","ping_status":"closed","template":"","meta":{"footnotes":""},"class_list":["post-98839","page","type-page","status-publish","hentry"],"_links":{"self":[{"href":"https:\/\/staging.sp-ps.ch\/it\/wp-json\/wp\/v2\/pages\/98839","targetHints":{"allow":["GET"]}}],"collection":[{"href":"https:\/\/staging.sp-ps.ch\/it\/wp-json\/wp\/v2\/pages"}],"about":[{"href":"https:\/\/staging.sp-ps.ch\/it\/wp-json\/wp\/v2\/types\/page"}],"author":[{"embeddable":true,"href":"https:\/\/staging.sp-ps.ch\/it\/wp-json\/wp\/v2\/users\/64"}],"replies":[{"embeddable":true,"href":"https:\/\/staging.sp-ps.ch\/it\/wp-json\/wp\/v2\/comments?post=98839"}],"version-history":[{"count":22,"href":"https:\/\/staging.sp-ps.ch\/it\/wp-json\/wp\/v2\/pages\/98839\/revisions"}],"predecessor-version":[{"id":106095,"href":"https:\/\/staging.sp-ps.ch\/it\/wp-json\/wp\/v2\/pages\/98839\/revisions\/106095"}],"up":[{"embeddable":true,"href":"https:\/\/staging.sp-ps.ch\/it\/wp-json\/wp\/v2\/pages\/30634"}],"wp:attachment":[{"href":"https:\/\/staging.sp-ps.ch\/it\/wp-json\/wp\/v2\/media?parent=98839"}],"curies":[{"name":"wp","href":"https:\/\/api.w.org\/{rel}","templated":true}]}}